{"id":58254,"date":"2025-11-23T07:48:05","date_gmt":"2025-11-23T00:48:05","guid":{"rendered":"https:\/\/trading.hhg.vn\/?post_type=product&#038;p=58254"},"modified":"2026-01-28T07:46:34","modified_gmt":"2026-01-28T00:46:34","slug":"bo-tron-sen-tam-tay-gat-don-am-tuong-ibox-universal-rebris-e-2","status":"publish","type":"product","link":"https:\/\/trading.hhg.vn\/en\/s\u1ea3n-ph\u1ea9m\/bo-tron-sen-tam-tay-gat-don-am-tuong-ibox-universal-rebris-e-2\/","title":{"rendered":"B\u1ed9 tr\u1ed9n sen t\u1eafm tay g\u1ea1t \u0111\u01a1n \u00e2m t\u01b0\u1eddng iBox universal Rebris E"},"content":{"rendered":"<p><img fetchpriority=\"high\" decoding=\"async\" class=\"alignnone wp-image-7559 aligncenter\" src=\"https:\/\/trading.hhg.vn\/wp-content\/uploads\/2026\/01\/Rebris-E.jpg\" alt=\"\" width=\"606\" height=\"454\" \/>Rebris E n\u1ed5i b\u1eadt v\u1edbi ng\u00f4n ng\u1eef thi\u1ebft k\u1ebf h\u00ecnh kh\u1ed1i g\u1ecdn g\u00e0ng, c\u00e1c \u0111\u01b0\u1eddng th\u1eb3ng r\u00f5 r\u00e0ng v\u00e0 t\u1ef7 l\u1ec7 c\u00e2n \u0111\u1ed1i, mang \u0111\u1ebfn di\u1ec7n m\u1ea1o hi\u1ec7n \u0111\u1ea1i, m\u1ea1nh m\u1ebd cho kh\u00f4ng gian ph\u00f2ng t\u1eafm. Tay g\u1ea1t m\u1ea3nh, th\u00e2n v\u00f2i ch\u1eafc ch\u1eafn c\u00f9ng c\u00e1c b\u1ec1 m\u1eb7t ph\u1eb3ng \u0111\u01b0\u1ee3c ho\u00e0n thi\u1ec7n tinh x\u1ea3o t\u1ea1o c\u1ea3m gi\u00e1c li\u1ec1n m\u1ea1ch v\u00e0 d\u1ee9t kho\u00e1t. Thi\u1ebft k\u1ebf t\u1ed1i gi\u1ea3n gi\u00fap Rebris E d\u1ec5 d\u00e0ng k\u1ebft h\u1ee3p v\u1edbi nhi\u1ec1u phong c\u00e1ch n\u1ed9i th\u1ea5t \u0111\u01b0\u01a1ng \u0111\u1ea1i.<\/p>\n<p>S\u1ea3n ph\u1ea9m \u0111\u01b0\u1ee3c ch\u1ebf t\u00e1c t\u1eeb \u0111\u1ed3ng thau ch\u1ea5t l\u01b0\u1ee3ng cao, ph\u1ee7 l\u1edbp m\u1ea1 Chrome b\u1ec1n b\u1ec9, ch\u1ed1ng \u0103n m\u00f2n v\u00e0 gi\u1eef \u0111\u1ed9 s\u00e1ng l\u00e2u d\u00e0i. B\u00ean trong l\u00e0 l\u00f5i tr\u1ed9n g\u1ed1m ch\u00ednh x\u00e1c, cho thao t\u00e1c \u0111i\u1ec1u khi\u1ec3n \u00eam \u00e1i v\u00e0 \u1ed5n \u0111\u1ecbnh theo th\u1eddi gian.<\/p>\n","protected":false},"excerpt":{"rendered":"<p>Mang n\u00e9t thanh l\u1ecbch t\u1ed1i gi\u1ea3n v\u00e0o kh\u00f4ng gian s\u1ed1ng, b\u1ed9 tr\u1ed9n sen t\u1eafm \u00e2m t\u01b0\u1eddng Rebris E k\u1ebft h\u1ee3p ho\u00e0n h\u1ea3o gi\u1eefa v\u1ebb \u0111\u1eb9p tinh t\u1ebf v\u00e0 c\u00f4ng n\u0103ng v\u01b0\u1ee3t tr\u1ed9i. Thi\u1ebft k\u1ebf tay g\u1ea1t \u0111\u01a1n m\u01b0\u1ee3t m\u00e0 \u1ea9n m\u00ecnh trong t\u01b0\u1eddng, t\u1ea1o n\u00ean m\u1eb7t ph\u1eb3ng li\u1ec1n l\u1ea1c, m\u1edf r\u1ed9ng t\u1ea7m nh\u00ecn v\u00e0 t\u0103ng th\u00eam v\u1ebb sang tr\u1ecdng. Tr\u1ea3i nghi\u1ec7m t\u1eafm tr\u1edf n\u00ean tuy\u1ec7t v\u1eddi h\u01a1n v\u1edbi d\u00f2ng n\u01b0\u1edbc \u00eam \u00e1i, \u0111\u01b0\u1ee3c \u0111i\u1ec1u khi\u1ec3n d\u1ec5 d\u00e0ng ch\u1ec9 b\u1eb1ng m\u1ed9t chuy\u1ec3n \u0111\u1ed9ng nh\u1eb9 nh\u00e0ng, mang \u0111\u1ebfn s\u1ef1 th\u01b0 th\u00e1i v\u00e0 ti\u1ec7n nghi \u0111\u1ec9nh cao m\u1ed7i ng\u00e0y.<\/p>\n","protected":false},"featured_media":58299,"comment_status":"open","ping_status":"closed","template":"","meta":{"_acf_changed":false},"product_cat":[846],"product_tag":[],"class_list":{"0":"post-58254","1":"product","2":"type-product","3":"status-publish","4":"has-post-thumbnail","6":"product_cat-bo-tron","7":"pa_mau-sac-chrome","8":"pa_mau-sac-den-mo","10":"first","11":"onbackorder","12":"shipping-taxable","13":"purchasable","14":"product-type-variable"},"acf":[],"featured_media_urls":{"thumbnail":["https:\/\/trading.hhg.vn\/wp-content\/uploads\/2025\/11\/154__hpr04446_tif-150x150.png",150,150,true],"medium":["https:\/\/trading.hhg.vn\/wp-content\/uploads\/2025\/11\/154__hpr04446_tif-263x300.png",263,300,true],"medium_large":["https:\/\/trading.hhg.vn\/wp-content\/uploads\/2025\/11\/154__hpr04446_tif-768x878.png",768,878,true],"large":["https:\/\/trading.hhg.vn\/wp-content\/uploads\/2025\/11\/154__hpr04446_tif-896x1024.png",896,1024,true],"1536x1536":["https:\/\/trading.hhg.vn\/wp-content\/uploads\/2025\/11\/154__hpr04446_tif.png",1260,1440,false],"2048x2048":["https:\/\/trading.hhg.vn\/wp-content\/uploads\/2025\/11\/154__hpr04446_tif.png",1260,1440,false],"woocommerce_thumbnail":["https:\/\/trading.hhg.vn\/wp-content\/uploads\/2025\/11\/154__hpr04446_tif-600x600.png",600,600,true],"woocommerce_single":["https:\/\/trading.hhg.vn\/wp-content\/uploads\/2025\/11\/154__hpr04446_tif-1200x1371.png",1200,1371,true],"woocommerce_gallery_thumbnail":["https:\/\/trading.hhg.vn\/wp-content\/uploads\/2025\/11\/154__hpr04446_tif-150x171.png",150,171,true],"portfolio_item-thumbnail":["https:\/\/trading.hhg.vn\/wp-content\/uploads\/2025\/11\/154__hpr04446_tif.png",350,400,false],"portfolio_item-thumbnail@2x":["https:\/\/trading.hhg.vn\/wp-content\/uploads\/2025\/11\/154__hpr04446_tif.png",700,800,false],"portfolio_item-masonry":["https:\/\/trading.hhg.vn\/wp-content\/uploads\/2025\/11\/154__hpr04446_tif.png",600,686,false],"portfolio_item-masonry@2x":["https:\/\/trading.hhg.vn\/wp-content\/uploads\/2025\/11\/154__hpr04446_tif.png",1200,1371,false],"portfolio_item-thumbnail_cinema":["https:\/\/trading.hhg.vn\/wp-content\/uploads\/2025\/11\/154__hpr04446_tif.png",293,335,false],"portfolio_item-thumbnail_portrait":["https:\/\/trading.hhg.vn\/wp-content\/uploads\/2025\/11\/154__hpr04446_tif.png",600,686,false],"portfolio_item-thumbnail_portrait@2x":["https:\/\/trading.hhg.vn\/wp-content\/uploads\/2025\/11\/154__hpr04446_tif.png",1200,1371,false],"portfolio_item-thumbnail_square":["https:\/\/trading.hhg.vn\/wp-content\/uploads\/2025\/11\/154__hpr04446_tif.png",700,800,false]},"_links":{"self":[{"href":"https:\/\/trading.hhg.vn\/en\/wp-json\/wp\/v2\/product\/58254","targetHints":{"allow":["GET"]}}],"collection":[{"href":"https:\/\/trading.hhg.vn\/en\/wp-json\/wp\/v2\/product"}],"about":[{"href":"https:\/\/trading.hhg.vn\/en\/wp-json\/wp\/v2\/types\/product"}],"replies":[{"embeddable":true,"href":"https:\/\/trading.hhg.vn\/en\/wp-json\/wp\/v2\/comments?post=58254"}],"version-history":[{"count":2,"href":"https:\/\/trading.hhg.vn\/en\/wp-json\/wp\/v2\/product\/58254\/revisions"}],"predecessor-version":[{"id":146973,"href":"https:\/\/trading.hhg.vn\/en\/wp-json\/wp\/v2\/product\/58254\/revisions\/146973"}],"wp:featuredmedia":[{"embeddable":true,"href":"https:\/\/trading.hhg.vn\/en\/wp-json\/wp\/v2\/media\/58299"}],"wp:attachment":[{"href":"https:\/\/trading.hhg.vn\/en\/wp-json\/wp\/v2\/media?parent=58254"}],"wp:term":[{"taxonomy":"product_cat","embeddable":true,"href":"https:\/\/trading.hhg.vn\/en\/wp-json\/wp\/v2\/product_cat?post=58254"},{"taxonomy":"product_tag","embeddable":true,"href":"https:\/\/trading.hhg.vn\/en\/wp-json\/wp\/v2\/product_tag?post=58254"}],"curies":[{"name":"wp","href":"https:\/\/api.w.org\/{rel}","templated":true}]}}