{"id":58660,"date":"2025-11-23T08:11:49","date_gmt":"2025-11-23T01:11:49","guid":{"rendered":"https:\/\/trading.hhg.vn\/product\/bon-cau-dat-san-sat-tuong-xa-ngang-dung-aquafall-flush-smartclean-elupura-s\/"},"modified":"2025-12-18T08:49:54","modified_gmt":"2025-12-18T01:49:54","slug":"bon-cau-dat-san-sat-tuong-xa-ngang-dung-aquafall-flush-smartclean-elupura-s","status":"publish","type":"product","link":"https:\/\/trading.hhg.vn\/en\/s\u1ea3n-ph\u1ea9m\/bon-cau-dat-san-sat-tuong-xa-ngang-dung-aquafall-flush-smartclean-elupura-s\/","title":{"rendered":"B\u1ed3n c\u1ea7u \u0111\u1eb7t s\u00e0n s\u00e1t t\u01b0\u1eddng x\u1ea3 ngang\/\u0111\u1ee9ng AquaFall Flush, SmartClean EluPura S"},"content":{"rendered":"<p><img fetchpriority=\"high\" decoding=\"async\" class=\"alignnone wp-image-7559 aligncenter\" src=\"http:\/\/trading.hhg.vn\/wp-content\/uploads\/2025\/11\/EluPura-.jpg\" alt=\"\" width=\"606\" height=\"454\" \/>B\u1ed3n c\u1ea7u kh\u00f4ng v\u00e0nh EluPura ho\u00e0n to\u00e0n ph\u00f9 h\u1ee3p v\u1edbi phong c\u00e1ch ph\u00f2ng t\u1eafm c\u1ee7a b\u1ea1n nh\u1edd thi\u1ebft k\u1ebf \u0111a n\u0103ng. S\u1ea3n ph\u1ea9m c\u00f3 hai phi\u00ean b\u1ea3n: tr\u00f2n v\u00e0 vu\u00f4ng m\u1ec1m. Nh\u1edd h\u00ecnh h\u1ecdc b\u00ean trong \u0111\u01b0\u1ee3c t\u1ed1i \u01b0u h\u00f3a, EluPura s\u1eed d\u1ee5ng n\u01b0\u1edbc hi\u1ec7u qu\u1ea3 (c\u1ea7n c\u00f3 b\u1ed3n x\u1ea3 ph\u00f9 h\u1ee3p), gi\u00fap ti\u1ebft ki\u1ec7m n\u01b0\u1edbc.<\/p>\n<p>B\u1ed3n c\u1ea7u \u0111\u01b0\u1ee3c thi\u1ebft k\u1ebf \u0111\u1ec3 d\u1ec5 d\u00e0ng v\u00e0 hi\u1ec7u qu\u1ea3 v\u1ec7 sinh . H\u01a1n n\u1eefa, t\u1ea5t c\u1ea3 c\u00e1c phi\u00ean b\u1ea3n s\u1ea3n ph\u1ea9m \u0111\u1ec1u c\u00f3 thi\u1ebft k\u1ebf n\u1ed9i th\u1ea5t t\u1ed1i \u01b0u, gi\u00fap x\u1ea3 n\u01b0\u1edbc hi\u1ec7u qu\u1ea3 ch\u1ec9 v\u1edbi 4,5 l\u00edt n\u01b0\u1edbc m\u1ed7i l\u1ea7n x\u1ea3 (c\u1ea7n b\u1ed3n c\u1ea7u ph\u00f9 h\u1ee3p). B\u1ed3n c\u1ea7u EluPura \u0111\u01b0\u1ee3c l\u00e0m b\u1eb1ng s\u1ee9 v\u1ec7 sinh b\u1ec1n b\u1ec9.<\/p>\n","protected":false},"excerpt":{"rendered":"<p>SmartClean EluPura S \u2013 s\u1ef1 k\u1ebft h\u1ee3p ho\u00e0n h\u1ea3o gi\u1eefa th\u1ea9m m\u1ef9 tinh t\u1ebf v\u00e0 c\u00f4ng n\u0103ng v\u01b0\u1ee3t tr\u1ed9i. V\u1edbi thi\u1ebft k\u1ebf \u0111\u1eb7t s\u00e0n s\u00e1t t\u01b0\u1eddng g\u1ecdn g\u00e0ng, chi\u1ebfc b\u1ed3n c\u1ea7u n\u00e0y t\u1ef1a nh\u01b0 m\u1ed9t t\u00e1c ph\u1ea9m \u0111i\u00eau kh\u1eafc \u0111\u01b0\u01a1ng \u0111\u1ea1i, h\u00f2a quy\u1ec7n tuy\u1ec7t v\u1eddi v\u00e0o m\u1ecdi kh\u00f4ng gian. C\u00f4ng ngh\u1ec7 x\u1ea3 AquaFall Flush ti\u00ean ti\u1ebfn mang \u0111\u1ebfn lu\u1ed3ng n\u01b0\u1edbc m\u1ea1nh m\u1ebd, cu\u1ed1n tr\u00f4i m\u1ecdi v\u1ebft b\u1ea9n m\u1ed9t c\u00e1ch \u00eam \u00e1i, \u0111\u1ea3m b\u1ea3o v\u1ec7 sinh t\u1ed1i \u01b0u v\u00e0 ti\u1ebft ki\u1ec7m n\u01b0\u1edbc hi\u1ec7u qu\u1ea3. Tr\u1ea3i nghi\u1ec7m s\u1ef1 tho\u1ea3i m\u00e1i tuy\u1ec7t \u0111\u1ed1i v\u00e0 kh\u00f4ng gian s\u1ed1ng \u0111\u1eb3ng c\u1ea5p c\u00f9ng SmartClean EluPura S, n\u01a1i m\u1ed7i kho\u1ea3nh kh\u1eafc \u0111\u1ec1u l\u00e0 t\u1eadn h\u01b0\u1edfng.<\/p>\n","protected":false},"featured_media":43485,"comment_status":"open","ping_status":"closed","template":"","meta":{"_acf_changed":false},"product_cat":[888],"product_tag":[],"class_list":{"0":"post-58660","1":"product","2":"type-product","3":"status-publish","4":"has-post-thumbnail","6":"product_cat-bon-cau-khoi","7":"pa_mau-sac-trang","9":"first","10":"instock","11":"shipping-taxable","12":"product-type-simple"},"acf":[],"featured_media_urls":{"thumbnail":["https:\/\/trading.hhg.vn\/wp-content\/uploads\/2025\/11\/154__hpr07498_tif-150x150.png",150,150,true],"medium":["https:\/\/trading.hhg.vn\/wp-content\/uploads\/2025\/11\/154__hpr07498_tif-262x300.png",262,300,true],"medium_large":["https:\/\/trading.hhg.vn\/wp-content\/uploads\/2025\/11\/154__hpr07498_tif-768x878.png",768,878,true],"large":["https:\/\/trading.hhg.vn\/wp-content\/uploads\/2025\/11\/154__hpr07498_tif-896x1024.png",896,1024,true],"1536x1536":["https:\/\/trading.hhg.vn\/wp-content\/uploads\/2025\/11\/154__hpr07498_tif-1344x1536.png",1344,1536,true],"2048x2048":["https:\/\/trading.hhg.vn\/wp-content\/uploads\/2025\/11\/154__hpr07498_tif.png",1377,1574,false],"woocommerce_thumbnail":["https:\/\/trading.hhg.vn\/wp-content\/uploads\/2025\/11\/154__hpr07498_tif-600x600.png",600,600,true],"woocommerce_single":["https:\/\/trading.hhg.vn\/wp-content\/uploads\/2025\/11\/154__hpr07498_tif-1200x1372.png",1200,1372,true],"woocommerce_gallery_thumbnail":["https:\/\/trading.hhg.vn\/wp-content\/uploads\/2025\/11\/154__hpr07498_tif-150x171.png",150,171,true],"portfolio_item-thumbnail":["https:\/\/trading.hhg.vn\/wp-content\/uploads\/2025\/11\/154__hpr07498_tif.png",350,400,false],"portfolio_item-thumbnail@2x":["https:\/\/trading.hhg.vn\/wp-content\/uploads\/2025\/11\/154__hpr07498_tif.png",700,800,false],"portfolio_item-masonry":["https:\/\/trading.hhg.vn\/wp-content\/uploads\/2025\/11\/154__hpr07498_tif.png",600,686,false],"portfolio_item-masonry@2x":["https:\/\/trading.hhg.vn\/wp-content\/uploads\/2025\/11\/154__hpr07498_tif.png",1200,1372,false],"portfolio_item-thumbnail_cinema":["https:\/\/trading.hhg.vn\/wp-content\/uploads\/2025\/11\/154__hpr07498_tif.png",293,335,false],"portfolio_item-thumbnail_portrait":["https:\/\/trading.hhg.vn\/wp-content\/uploads\/2025\/11\/154__hpr07498_tif.png",600,686,false],"portfolio_item-thumbnail_portrait@2x":["https:\/\/trading.hhg.vn\/wp-content\/uploads\/2025\/11\/154__hpr07498_tif.png",1200,1372,false],"portfolio_item-thumbnail_square":["https:\/\/trading.hhg.vn\/wp-content\/uploads\/2025\/11\/154__hpr07498_tif.png",700,800,false]},"_links":{"self":[{"href":"https:\/\/trading.hhg.vn\/en\/wp-json\/wp\/v2\/product\/58660","targetHints":{"allow":["GET"]}}],"collection":[{"href":"https:\/\/trading.hhg.vn\/en\/wp-json\/wp\/v2\/product"}],"about":[{"href":"https:\/\/trading.hhg.vn\/en\/wp-json\/wp\/v2\/types\/product"}],"replies":[{"embeddable":true,"href":"https:\/\/trading.hhg.vn\/en\/wp-json\/wp\/v2\/comments?post=58660"}],"version-history":[{"count":1,"href":"https:\/\/trading.hhg.vn\/en\/wp-json\/wp\/v2\/product\/58660\/revisions"}],"predecessor-version":[{"id":117408,"href":"https:\/\/trading.hhg.vn\/en\/wp-json\/wp\/v2\/product\/58660\/revisions\/117408"}],"wp:featuredmedia":[{"embeddable":true,"href":"https:\/\/trading.hhg.vn\/en\/wp-json\/wp\/v2\/media\/43485"}],"wp:attachment":[{"href":"https:\/\/trading.hhg.vn\/en\/wp-json\/wp\/v2\/media?parent=58660"}],"wp:term":[{"taxonomy":"product_cat","embeddable":true,"href":"https:\/\/trading.hhg.vn\/en\/wp-json\/wp\/v2\/product_cat?post=58660"},{"taxonomy":"product_tag","embeddable":true,"href":"https:\/\/trading.hhg.vn\/en\/wp-json\/wp\/v2\/product_tag?post=58660"}],"curies":[{"name":"wp","href":"https:\/\/api.w.org\/{rel}","templated":true}]}}