{"id":58663,"date":"2025-11-23T08:11:56","date_gmt":"2025-11-23T01:11:56","guid":{"rendered":"https:\/\/trading.hhg.vn\/product\/den-guong-led-500-50-cam-ung-dien-dung-xarita-e\/"},"modified":"2026-01-28T07:47:06","modified_gmt":"2026-01-28T00:47:06","slug":"den-guong-led-500-50-cam-ung-dien-dung-xarita-e","status":"publish","type":"product","link":"https:\/\/trading.hhg.vn\/en\/s\u1ea3n-ph\u1ea9m\/den-guong-led-500-50-cam-ung-dien-dung-xarita-e\/","title":{"rendered":"\u0110\u00e8n g\u01b0\u01a1ng LED 500\/50 c\u1ea3m \u1ee9ng \u0111i\u1ec7n dung Xarita E"},"content":{"rendered":"<p><img fetchpriority=\"high\" decoding=\"async\" class=\"alignnone wp-image-7559 aligncenter\" src=\"http:\/\/trading.hhg.vn\/wp-content\/uploads\/2025\/11\/xarita.png\" alt=\"\" width=\"606\" height=\"454\" \/>D\u00f2ng g\u01b0\u01a1ng hansgrohe Xarita l\u00e0 l\u1ef1a ch\u1ecdn tinh t\u1ebf d\u00e0nh cho ph\u00f2ng t\u1eafm hi\u1ec7n \u0111\u1ea1i, k\u1ebft h\u1ee3p gi\u1eefa thi\u1ebft k\u1ebf t\u1ed1i gi\u1ea3n v\u00e0 c\u00f4ng ngh\u1ec7 chi\u1ebfu s\u00e1ng cao c\u1ea5p. D\u1ec5 d\u00e0ng nh\u1eadn di\u1ec7n qua vi\u1ec1n khung 3D v\u1edbi \u0111\u00e8n LED bao quanh, Xarita hi\u1ec7n di\u1ec7n nh\u01b0 m\u1ed9t khung tranh thanh l\u1ecbch tr\u00ean t\u01b0\u1eddng, t\u1ea1o \u0111i\u1ec3m nh\u1ea5n n\u1ed5i b\u1eadt m\u00e0 v\u1eabn h\u00e0i h\u00f2a v\u1edbi kh\u00f4ng gian.<\/p>\n<p>G\u01b0\u01a1ng c\u00f3 hai ki\u1ec3u d\u00e1ng: phi\u00ean b\u1ea3n tr\u00f2n (S) v\u00e0 vu\u00f4ng (E), ph\u00f9 h\u1ee3p v\u1edbi nhi\u1ec1u phong c\u00e1ch n\u1ed9i th\u1ea5t kh\u00e1c nhau. T\u00edch h\u1ee3p c\u1ea3m bi\u1ebfn ch\u1ea1m ho\u1eb7c c\u1ea3m \u1ee9ng h\u1ed3ng ngo\u1ea1i \u0111\u1ec3 b\u1eadt\/t\u1eaft \u0111\u00e8n tr\u1ef1c ti\u1ebfp, l\u1ef1a ch\u1ecdn \u00e1nh s\u00e1ng t\u1eeb \u1ea5m sang l\u1ea1nh v\u00e0 c\u00f3 ch\u1ee9c n\u0103ng ch\u1ed1ng s\u01b0\u01a1ng m\u00f9 b\u1eb1ng h\u1ec7 th\u1ed1ng s\u01b0\u1edfi k\u00ednh.<\/p>\n<p>\u0110\u00e8n LED c\u1ee7a Xarita \u0111\u1ea1t tu\u1ed5i th\u1ecd cao, v\u1edbi th\u00e2n thi\u1ec7n m\u00f4i tr\u01b0\u1eddng; to\u00e0n b\u1ed9 k\u00ednh v\u00e0 linh ki\u1ec7n c\u00f3 th\u1ec3 t\u00e1i ch\u1ebf, \u0111\u1ea1t chu\u1ea9n IP44 ch\u1ed1ng n\u01b0\u1edbc. T\u1ed5ng th\u1ec3, Xarita kh\u00f4ng ch\u1ec9 l\u00e0 g\u01b0\u01a1ng m\u00e0 l\u00e0 \u201ctrung t\u00e2m \u00e1nh s\u00e1ng\u201d c\u1ee7a v\u00f9ng r\u1eeda m\u1eb7t, mang l\u1ea1i tr\u1ea3i nghi\u1ec7m s\u1eed d\u1ee5ng ti\u1ec7n nghi v\u00e0 th\u1ea9m m\u1ef9 v\u01b0\u1ee3t tr\u1ed9i.<\/p>\n","protected":false},"excerpt":{"rendered":"<p>\u0110\u00e8n g\u01b0\u01a1ng Xarita E l\u00e0 bi\u1ec3u t\u01b0\u1ee3ng c\u1ee7a s\u1ef1 tinh t\u1ebf, n\u01a1i thi\u1ebft k\u1ebf t\u1ed1i gi\u1ea3n h\u00f2a quy\u1ec7n c\u00f9ng c\u00f4ng ngh\u1ec7 hi\u1ec7n \u0111\u1ea1i. V\u1edbi c\u1ea3m \u1ee9ng \u0111i\u1ec7n dung nh\u1ea1y b\u00e9n, \u00e1nh s\u00e1ng LED d\u1ecbu nh\u1eb9 500\/50 lan t\u1ecfa, ki\u1ebfn t\u1ea1o kh\u00f4ng gian trang \u0111i\u1ec3m ho\u00e0n h\u1ea3o, n\u00e2ng niu t\u1eebng \u0111\u01b0\u1eddng n\u00e9t. Tr\u1ea3i nghi\u1ec7m s\u1ef1 ti\u1ec7n nghi v\u01b0\u1ee3t tr\u1ed9i v\u00e0 phong c\u00e1ch s\u1ed1ng \u0111\u1eb3ng c\u1ea5p m\u1ed7i ng\u00e0y.<\/p>\n","protected":false},"featured_media":58661,"comment_status":"open","ping_status":"closed","template":"","meta":{"_acf_changed":false},"product_cat":[857,77],"product_tag":[],"class_list":{"0":"post-58663","1":"product","2":"type-product","3":"status-publish","4":"has-post-thumbnail","6":"product_cat-guong","7":"product_cat-phu-kien-phong-tam","8":"pa_mau-sac-trang-mo","10":"first","11":"instock","12":"shipping-taxable","13":"product-type-simple"},"acf":[],"featured_media_urls":{"thumbnail":["https:\/\/trading.hhg.vn\/wp-content\/uploads\/2025\/11\/154__hpr05404_tif-150x150.png",150,150,true],"medium":["https:\/\/trading.hhg.vn\/wp-content\/uploads\/2025\/11\/154__hpr05404_tif-263x300.png",263,300,true],"medium_large":["https:\/\/trading.hhg.vn\/wp-content\/uploads\/2025\/11\/154__hpr05404_tif-768x878.png",768,878,true],"large":["https:\/\/trading.hhg.vn\/wp-content\/uploads\/2025\/11\/154__hpr05404_tif-896x1024.png",896,1024,true],"1536x1536":["https:\/\/trading.hhg.vn\/wp-content\/uploads\/2025\/11\/154__hpr05404_tif.png",1260,1440,false],"2048x2048":["https:\/\/trading.hhg.vn\/wp-content\/uploads\/2025\/11\/154__hpr05404_tif.png",1260,1440,false],"woocommerce_thumbnail":["https:\/\/trading.hhg.vn\/wp-content\/uploads\/2025\/11\/154__hpr05404_tif-600x600.png",600,600,true],"woocommerce_single":["https:\/\/trading.hhg.vn\/wp-content\/uploads\/2025\/11\/154__hpr05404_tif-1200x1371.png",1200,1371,true],"woocommerce_gallery_thumbnail":["https:\/\/trading.hhg.vn\/wp-content\/uploads\/2025\/11\/154__hpr05404_tif-150x171.png",150,171,true],"portfolio_item-thumbnail":["https:\/\/trading.hhg.vn\/wp-content\/uploads\/2025\/11\/154__hpr05404_tif.png",350,400,false],"portfolio_item-thumbnail@2x":["https:\/\/trading.hhg.vn\/wp-content\/uploads\/2025\/11\/154__hpr05404_tif.png",700,800,false],"portfolio_item-masonry":["https:\/\/trading.hhg.vn\/wp-content\/uploads\/2025\/11\/154__hpr05404_tif.png",600,686,false],"portfolio_item-masonry@2x":["https:\/\/trading.hhg.vn\/wp-content\/uploads\/2025\/11\/154__hpr05404_tif.png",1200,1371,false],"portfolio_item-thumbnail_cinema":["https:\/\/trading.hhg.vn\/wp-content\/uploads\/2025\/11\/154__hpr05404_tif.png",293,335,false],"portfolio_item-thumbnail_portrait":["https:\/\/trading.hhg.vn\/wp-content\/uploads\/2025\/11\/154__hpr05404_tif.png",600,686,false],"portfolio_item-thumbnail_portrait@2x":["https:\/\/trading.hhg.vn\/wp-content\/uploads\/2025\/11\/154__hpr05404_tif.png",1200,1371,false],"portfolio_item-thumbnail_square":["https:\/\/trading.hhg.vn\/wp-content\/uploads\/2025\/11\/154__hpr05404_tif.png",700,800,false]},"_links":{"self":[{"href":"https:\/\/trading.hhg.vn\/en\/wp-json\/wp\/v2\/product\/58663","targetHints":{"allow":["GET"]}}],"collection":[{"href":"https:\/\/trading.hhg.vn\/en\/wp-json\/wp\/v2\/product"}],"about":[{"href":"https:\/\/trading.hhg.vn\/en\/wp-json\/wp\/v2\/types\/product"}],"replies":[{"embeddable":true,"href":"https:\/\/trading.hhg.vn\/en\/wp-json\/wp\/v2\/comments?post=58663"}],"version-history":[{"count":1,"href":"https:\/\/trading.hhg.vn\/en\/wp-json\/wp\/v2\/product\/58663\/revisions"}],"predecessor-version":[{"id":117410,"href":"https:\/\/trading.hhg.vn\/en\/wp-json\/wp\/v2\/product\/58663\/revisions\/117410"}],"wp:featuredmedia":[{"embeddable":true,"href":"https:\/\/trading.hhg.vn\/en\/wp-json\/wp\/v2\/media\/58661"}],"wp:attachment":[{"href":"https:\/\/trading.hhg.vn\/en\/wp-json\/wp\/v2\/media?parent=58663"}],"wp:term":[{"taxonomy":"product_cat","embeddable":true,"href":"https:\/\/trading.hhg.vn\/en\/wp-json\/wp\/v2\/product_cat?post=58663"},{"taxonomy":"product_tag","embeddable":true,"href":"https:\/\/trading.hhg.vn\/en\/wp-json\/wp\/v2\/product_tag?post=58663"}],"curies":[{"name":"wp","href":"https:\/\/api.w.org\/{rel}","templated":true}]}}