{"id":59281,"date":"2025-11-23T08:23:11","date_gmt":"2025-11-23T01:23:11","guid":{"rendered":"https:\/\/trading.hhg.vn\/product\/voi-lavabo-rua-tay-tay-gat-don-70-kem-bo-xa-pop-up-axor-citterio-m\/"},"modified":"2026-01-28T07:49:39","modified_gmt":"2026-01-28T00:49:39","slug":"voi-lavabo-rua-tay-tay-gat-don-70-kem-bo-xa-pop-up-axor-citterio-m","status":"publish","type":"product","link":"https:\/\/trading.hhg.vn\/en\/s\u1ea3n-ph\u1ea9m\/voi-lavabo-rua-tay-tay-gat-don-70-kem-bo-xa-pop-up-axor-citterio-m\/","title":{"rendered":"V\u00f2i lavabo r\u1eeda tay tay g\u1ea1t \u0111\u01a1n 70 k\u00e8m b\u1ed9 x\u1ea3 pop-up AXOR Citterio M"},"content":{"rendered":"<p><img fetchpriority=\"high\" decoding=\"async\" class=\"alignnone wp-image-7559 aligncenter\" src=\"http:\/\/trading.hhg.vn\/wp-content\/uploads\/2025\/11\/AXOR-Citterio-M.jpg\" alt=\"\" width=\"606\" height=\"454\" \/>L\u1ea5y c\u1ea3m h\u1ee9ng t\u1eeb cu\u1ed9c s\u1ed1ng \u0111\u00f4 th\u1ecb hi\u1ec7n \u0111\u1ea1i, n\u01a1i kh\u00f4ng gian th\u01b0\u1eddng \u0111\u01b0\u1ee3c t\u1ed1i \u01b0u h\u00f3a, AXOR Citterio M \u0111\u1ecbnh h\u00ecnh m\u1ed9t phong c\u00e1ch th\u1ea9m m\u1ef9 mang \u0111\u1eadm n\u00e9t thanh l\u1ecbch v\u00e0 tinh t\u1ebf. \u0110\u01b0\u1ee3c thi\u1ebft k\u1ebf d\u00e0nh cho nh\u1eefng kh\u00f4ng gian nh\u1ecf g\u1ecdn, b\u1ed9 s\u01b0u t\u1eadp n\u1ed5i b\u1eadt v\u1edbi \u0111\u01b0\u1eddng n\u00e9t thanh m\u1ea3nh, t\u1ef7 l\u1ec7 tinh g\u1ecdn v\u00e0 c\u00e1c chi ti\u1ebft bo nh\u1eb9 \u0111\u1ea7y duy\u00ean d\u00e1ng.<\/p>\n<p>V\u1edbi v\u1ebb \u0111\u1eb9p tinh t\u1ebf v\u00e0 s\u1ef1 hi\u1ec7n di\u1ec7n nh\u1eb9 nh\u00e0ng, AXOR Citterio M d\u1ec5 th\u00edch \u1ee9ng, hi\u1ec7n \u0111\u1ea1i m\u00e0 v\u1eabn v\u01b0\u1ee3t th\u1eddi gian, AXOR Citterio M l\u00e0 s\u1ef1 b\u1ed5 sung ho\u00e0n h\u1ea3o cho m\u1ecdi phong c\u00e1ch thi\u1ebft k\u1ebf ph\u00f2ng t\u1eafm.AXOR Citterio M mang \u0111\u1ebfn c\u00e1c d\u00f2ng v\u00f2i ch\u1eadu m\u1ed9t tay g\u1ea1t, hai l\u1ed7 v\u00e0 ba l\u1ed7 v\u1edbi nhi\u1ec1u chi\u1ec1u cao v\u00e0 ki\u1ec3u d\u00e1ng kh\u00e1c nhau, bao g\u1ed3m c\u1ea3 c\u00e1c phi\u00ean b\u1ea3n g\u1eafn t\u01b0\u1eddng \u0111a d\u1ea1ng. B\u1ed9 s\u01b0u t\u1eadp cung c\u1ea5p t\u00f9y ch\u1ecdn v\u00f2i d\u1ea1ng g\u00f3c c\u1ea1nh, cong parabol ho\u1eb7c u\u1ed1n nghi\u00eang nh\u1eb9, c\u00f9ng nhi\u1ec1u ki\u1ec3u tay g\u1ea1t v\u00e0 m\u1eb7t \u1ed1p kh\u00e1c nhau.<\/p>\n","protected":false},"excerpt":{"rendered":"<p>V\u00f2i lavabo AXOR Citterio M l\u00e0 bi\u1ec3u t\u01b0\u1ee3ng c\u1ee7a s\u1ef1 tinh t\u1ebf v\u00e0 ti\u1ec7n nghi. Thi\u1ebft k\u1ebf tay g\u1ea1t \u0111\u01a1n 70 thanh l\u1ecbch, k\u1ebft h\u1ee3p ho\u00e0n h\u1ea3o v\u1edbi b\u1ed9 x\u1ea3 pop-up ti\u1ec7n l\u1ee3i, mang \u0111\u1ebfn tr\u1ea3i nghi\u1ec7m s\u1eed d\u1ee5ng m\u01b0\u1ee3t m\u00e0 v\u00e0 \u0111\u1eb3ng c\u1ea5p. M\u1ed7i \u0111\u01b0\u1eddng n\u00e9t \u0111\u1ec1u \u0111\u01b0\u1ee3c chau chu\u1ed1t t\u1ec9 m\u1ec9, kh\u00f4ng ch\u1ec9 t\u00f4 \u0111i\u1ec3m cho kh\u00f4ng gian ph\u00f2ng t\u1eafm m\u00e0 c\u00f2n n\u00e2ng t\u1ea7m phong c\u00e1ch s\u1ed1ng c\u1ee7a b\u1ea1n. \u0110\u00e2y kh\u00f4ng ch\u1ec9 l\u00e0 m\u1ed9t chi\u1ebfc v\u00f2i, m\u00e0 l\u00e0 m\u1ed9t t\u00e1c ph\u1ea9m ngh\u1ec7 thu\u1eadt, n\u01a1i c\u00f4ng n\u0103ng v\u00e0 v\u1ebb \u0111\u1eb9p giao h\u00f2a.<\/p>\n","protected":false},"featured_media":59279,"comment_status":"open","ping_status":"closed","template":"","meta":{"_acf_changed":false},"product_cat":[883],"product_tag":[],"class_list":{"0":"post-59281","1":"product","2":"type-product","3":"status-publish","4":"has-post-thumbnail","6":"product_cat-voi-chau-2","7":"pa_mau-sac-dong-bong","9":"first","10":"instock","11":"shipping-taxable","12":"purchasable","13":"product-type-simple"},"acf":[],"featured_media_urls":{"thumbnail":["https:\/\/trading.hhg.vn\/wp-content\/uploads\/2025\/11\/154__apr06796_tif-150x150.png",150,150,true],"medium":["https:\/\/trading.hhg.vn\/wp-content\/uploads\/2025\/11\/154__apr06796_tif-263x300.png",263,300,true],"medium_large":["https:\/\/trading.hhg.vn\/wp-content\/uploads\/2025\/11\/154__apr06796_tif-768x878.png",768,878,true],"large":["https:\/\/trading.hhg.vn\/wp-content\/uploads\/2025\/11\/154__apr06796_tif-896x1024.png",896,1024,true],"1536x1536":["https:\/\/trading.hhg.vn\/wp-content\/uploads\/2025\/11\/154__apr06796_tif.png",1260,1440,false],"2048x2048":["https:\/\/trading.hhg.vn\/wp-content\/uploads\/2025\/11\/154__apr06796_tif.png",1260,1440,false],"woocommerce_thumbnail":["https:\/\/trading.hhg.vn\/wp-content\/uploads\/2025\/11\/154__apr06796_tif-600x600.png",600,600,true],"woocommerce_single":["https:\/\/trading.hhg.vn\/wp-content\/uploads\/2025\/11\/154__apr06796_tif-1200x1371.png",1200,1371,true],"woocommerce_gallery_thumbnail":["https:\/\/trading.hhg.vn\/wp-content\/uploads\/2025\/11\/154__apr06796_tif-150x171.png",150,171,true],"portfolio_item-thumbnail":["https:\/\/trading.hhg.vn\/wp-content\/uploads\/2025\/11\/154__apr06796_tif.png",350,400,false],"portfolio_item-thumbnail@2x":["https:\/\/trading.hhg.vn\/wp-content\/uploads\/2025\/11\/154__apr06796_tif.png",700,800,false],"portfolio_item-masonry":["https:\/\/trading.hhg.vn\/wp-content\/uploads\/2025\/11\/154__apr06796_tif.png",600,686,false],"portfolio_item-masonry@2x":["https:\/\/trading.hhg.vn\/wp-content\/uploads\/2025\/11\/154__apr06796_tif.png",1200,1371,false],"portfolio_item-thumbnail_cinema":["https:\/\/trading.hhg.vn\/wp-content\/uploads\/2025\/11\/154__apr06796_tif.png",293,335,false],"portfolio_item-thumbnail_portrait":["https:\/\/trading.hhg.vn\/wp-content\/uploads\/2025\/11\/154__apr06796_tif.png",600,686,false],"portfolio_item-thumbnail_portrait@2x":["https:\/\/trading.hhg.vn\/wp-content\/uploads\/2025\/11\/154__apr06796_tif.png",1200,1371,false],"portfolio_item-thumbnail_square":["https:\/\/trading.hhg.vn\/wp-content\/uploads\/2025\/11\/154__apr06796_tif.png",700,800,false]},"_links":{"self":[{"href":"https:\/\/trading.hhg.vn\/en\/wp-json\/wp\/v2\/product\/59281","targetHints":{"allow":["GET"]}}],"collection":[{"href":"https:\/\/trading.hhg.vn\/en\/wp-json\/wp\/v2\/product"}],"about":[{"href":"https:\/\/trading.hhg.vn\/en\/wp-json\/wp\/v2\/types\/product"}],"replies":[{"embeddable":true,"href":"https:\/\/trading.hhg.vn\/en\/wp-json\/wp\/v2\/comments?post=59281"}],"version-history":[{"count":0,"href":"https:\/\/trading.hhg.vn\/en\/wp-json\/wp\/v2\/product\/59281\/revisions"}],"wp:featuredmedia":[{"embeddable":true,"href":"https:\/\/trading.hhg.vn\/en\/wp-json\/wp\/v2\/media\/59279"}],"wp:attachment":[{"href":"https:\/\/trading.hhg.vn\/en\/wp-json\/wp\/v2\/media?parent=59281"}],"wp:term":[{"taxonomy":"product_cat","embeddable":true,"href":"https:\/\/trading.hhg.vn\/en\/wp-json\/wp\/v2\/product_cat?post=59281"},{"taxonomy":"product_tag","embeddable":true,"href":"https:\/\/trading.hhg.vn\/en\/wp-json\/wp\/v2\/product_tag?post=59281"}],"curies":[{"name":"wp","href":"https:\/\/api.w.org\/{rel}","templated":true}]}}