{"id":59617,"date":"2025-11-23T08:30:35","date_gmt":"2025-11-23T01:30:35","guid":{"rendered":"https:\/\/trading.hhg.vn\/product\/bo-am-cho-sen-cay-axor-showercomposition\/"},"modified":"2026-01-28T07:39:46","modified_gmt":"2026-01-28T00:39:46","slug":"bo-am-cho-sen-cay-axor-showercomposition","status":"publish","type":"product","link":"https:\/\/trading.hhg.vn\/en\/s\u1ea3n-ph\u1ea9m\/bo-am-cho-sen-cay-axor-showercomposition\/","title":{"rendered":"B\u1ed9 \u00e2m cho sen c\u00e2y AXOR ShowerComposition"},"content":{"rendered":"<p><img fetchpriority=\"high\" decoding=\"async\" class=\"alignnone wp-image-7559 aligncenter\" src=\"http:\/\/trading.hhg.vn\/wp-content\/uploads\/2025\/11\/AXOR-ShowerComposition.jpg\" alt=\"\" width=\"606\" height=\"454\" \/>AXOR ShowerComposition mang \u0111\u1ebfn m\u1ed9t kh\u00e1i ni\u1ec7m m\u1edbi v\u1ec1 kh\u00f4ng gian t\u1eafm \u2013 n\u01a1i n\u01b0\u1edbc \u0111\u01b0\u1ee3c \u0111\u1ecbnh h\u00ecnh nh\u01b0 m\u1ed9t y\u1ebfu t\u1ed1 ki\u1ebfn tr\u00fac. Thi\u1ebft k\u1ebf theo tri\u1ebft l\u00fd \u201cArchitectural Clarity\u201d, d\u00f2ng s\u1ea3n ph\u1ea9m th\u1ec3 hi\u1ec7n ng\u00f4n ng\u1eef h\u00ecnh h\u1ecdc m\u1ea1nh m\u1ebd v\u1edbi \u0111\u01b0\u1eddng th\u1eb3ng, g\u00f3c vu\u00f4ng v\u00e0 b\u1ec1 m\u1eb7t ph\u1eb3ng m\u1ecbn, t\u1ea1o c\u1ea3m gi\u00e1c tr\u1eadt t\u1ef1, c\u00e2n b\u1eb1ng v\u00e0 hi\u1ec7n \u0111\u1ea1i.<\/p>\n<p>AXOR ShowerComposition t\u00edch h\u1ee3p c\u00e1c module \u0111i\u1ec1u khi\u1ec3n nhi\u1ec7t \u0111\u1ed9 v\u00e0 l\u01b0u l\u01b0\u1ee3ng t\u00e1ch bi\u1ec7t, mang l\u1ea1i s\u1ef1 ch\u00ednh x\u00e1c tuy\u1ec7t \u0111\u1ed1i trong thao t\u00e1c v\u00e0 c\u1ea3m gi\u00e1c v\u1eadn h\u00e0nh m\u01b0\u1ee3t m\u00e0. \u0110\u1ea7u sen tr\u1ea7n, sen tay v\u00e0 panel \u0111i\u1ec1u khi\u1ec3n \u0111\u01b0\u1ee3c s\u1eafp \u0111\u1eb7t theo b\u1ed1 c\u1ee5c m\u00f4-\u0111un linh ho\u1ea1t, cho ph\u00e9p thi\u1ebft k\u1ebf kh\u00f4ng gian t\u1eafm t\u00f9y ch\u1ec9nh theo c\u1ea5u tr\u00fac ki\u1ebfn tr\u00fac th\u1ef1c t\u1ebf.<\/p>\n","protected":false},"excerpt":{"rendered":"<p>AXOR ShowerComposition l\u00e0 hi\u1ec7n th\u00e2n c\u1ee7a s\u1ef1 tinh gi\u1ea3n \u0111\u1ec9nh cao, n\u01a1i t\u1eebng \u0111\u01b0\u1eddng n\u00e9t thi\u1ebft k\u1ebf \u0111\u1ec1u ph\u1ee5c v\u1ee5 c\u00f4ng n\u0103ng t\u1ed1i \u01b0u, ki\u1ebfn t\u1ea1o tr\u1ea3i nghi\u1ec7m t\u1eafm th\u01b0 th\u00e1i tuy\u1ec7t \u0111\u1ed1i. S\u1ef1 k\u1ebft h\u1ee3p ho\u00e0n h\u1ea3o gi\u1eefa v\u1ebb \u0111\u1eb9p thanh l\u1ecbch v\u00e0 kh\u1ea3 n\u0103ng v\u1eadn h\u00e0nh m\u01b0\u1ee3t m\u00e0, b\u1ed9 \u00e2m n\u00e0y mang \u0111\u1ebfn kh\u00f4ng gian spa c\u00e1 nh\u00e2n ngay t\u1ea1i nh\u00e0, bi\u1ebfn m\u1ed7i kho\u1ea3nh kh\u1eafc d\u01b0\u1edbi l\u00e0n n\u01b0\u1edbc th\u00e0nh nghi th\u1ee9c t\u00e1i t\u1ea1o n\u0103ng l\u01b0\u1ee3ng \u0111\u1ea7y c\u1ea3m h\u1ee9ng v\u00e0 sang tr\u1ecdng.<\/p>\n","protected":false},"featured_media":59615,"comment_status":"open","ping_status":"closed","template":"","meta":{"_acf_changed":false},"product_cat":[714],"product_tag":[],"class_list":{"0":"post-59617","1":"product","2":"type-product","3":"status-publish","4":"has-post-thumbnail","6":"product_cat-phu-kien-lap-dat","8":"first","9":"instock","10":"shipping-taxable","11":"purchasable","12":"product-type-simple"},"acf":[],"featured_media_urls":{"thumbnail":["https:\/\/trading.hhg.vn\/wp-content\/uploads\/2025\/11\/154__apr10355_tif-150x150.png",150,150,true],"medium":["https:\/\/trading.hhg.vn\/wp-content\/uploads\/2025\/11\/154__apr10355_tif-263x300.png",263,300,true],"medium_large":["https:\/\/trading.hhg.vn\/wp-content\/uploads\/2025\/11\/154__apr10355_tif-768x878.png",768,878,true],"large":["https:\/\/trading.hhg.vn\/wp-content\/uploads\/2025\/11\/154__apr10355_tif-896x1024.png",896,1024,true],"1536x1536":["https:\/\/trading.hhg.vn\/wp-content\/uploads\/2025\/11\/154__apr10355_tif.png",1260,1440,false],"2048x2048":["https:\/\/trading.hhg.vn\/wp-content\/uploads\/2025\/11\/154__apr10355_tif.png",1260,1440,false],"woocommerce_thumbnail":["https:\/\/trading.hhg.vn\/wp-content\/uploads\/2025\/11\/154__apr10355_tif-600x600.png",600,600,true],"woocommerce_single":["https:\/\/trading.hhg.vn\/wp-content\/uploads\/2025\/11\/154__apr10355_tif-1200x1371.png",1200,1371,true],"woocommerce_gallery_thumbnail":["https:\/\/trading.hhg.vn\/wp-content\/uploads\/2025\/11\/154__apr10355_tif-150x171.png",150,171,true],"portfolio_item-thumbnail":["https:\/\/trading.hhg.vn\/wp-content\/uploads\/2025\/11\/154__apr10355_tif.png",350,400,false],"portfolio_item-thumbnail@2x":["https:\/\/trading.hhg.vn\/wp-content\/uploads\/2025\/11\/154__apr10355_tif.png",700,800,false],"portfolio_item-masonry":["https:\/\/trading.hhg.vn\/wp-content\/uploads\/2025\/11\/154__apr10355_tif.png",600,686,false],"portfolio_item-masonry@2x":["https:\/\/trading.hhg.vn\/wp-content\/uploads\/2025\/11\/154__apr10355_tif.png",1200,1371,false],"portfolio_item-thumbnail_cinema":["https:\/\/trading.hhg.vn\/wp-content\/uploads\/2025\/11\/154__apr10355_tif.png",293,335,false],"portfolio_item-thumbnail_portrait":["https:\/\/trading.hhg.vn\/wp-content\/uploads\/2025\/11\/154__apr10355_tif.png",600,686,false],"portfolio_item-thumbnail_portrait@2x":["https:\/\/trading.hhg.vn\/wp-content\/uploads\/2025\/11\/154__apr10355_tif.png",1200,1371,false],"portfolio_item-thumbnail_square":["https:\/\/trading.hhg.vn\/wp-content\/uploads\/2025\/11\/154__apr10355_tif.png",700,800,false]},"_links":{"self":[{"href":"https:\/\/trading.hhg.vn\/en\/wp-json\/wp\/v2\/product\/59617","targetHints":{"allow":["GET"]}}],"collection":[{"href":"https:\/\/trading.hhg.vn\/en\/wp-json\/wp\/v2\/product"}],"about":[{"href":"https:\/\/trading.hhg.vn\/en\/wp-json\/wp\/v2\/types\/product"}],"replies":[{"embeddable":true,"href":"https:\/\/trading.hhg.vn\/en\/wp-json\/wp\/v2\/comments?post=59617"}],"version-history":[{"count":0,"href":"https:\/\/trading.hhg.vn\/en\/wp-json\/wp\/v2\/product\/59617\/revisions"}],"wp:featuredmedia":[{"embeddable":true,"href":"https:\/\/trading.hhg.vn\/en\/wp-json\/wp\/v2\/media\/59615"}],"wp:attachment":[{"href":"https:\/\/trading.hhg.vn\/en\/wp-json\/wp\/v2\/media?parent=59617"}],"wp:term":[{"taxonomy":"product_cat","embeddable":true,"href":"https:\/\/trading.hhg.vn\/en\/wp-json\/wp\/v2\/product_cat?post=59617"},{"taxonomy":"product_tag","embeddable":true,"href":"https:\/\/trading.hhg.vn\/en\/wp-json\/wp\/v2\/product_tag?post=59617"}],"curies":[{"name":"wp","href":"https:\/\/api.w.org\/{rel}","templated":true}]}}