{"id":6010,"date":"2025-01-08T08:54:57","date_gmt":"2025-01-08T01:54:57","guid":{"rendered":"https:\/\/trading.hhg.vn\/?post_type=product&#038;p=6010"},"modified":"2025-12-10T10:01:07","modified_gmt":"2025-12-10T03:01:07","slug":"wash-bowl-400-without-tap-hole-and-overflow","status":"publish","type":"product","link":"https:\/\/trading.hhg.vn\/en\/s\u1ea3n-ph\u1ea9m\/wash-bowl-400-without-tap-hole-and-overflow\/","title":{"rendered":"Wash bowl 400 without tap hole and overflow"},"content":{"rendered":"<p><img fetchpriority=\"high\" decoding=\"async\" class=\"aligncenter wp-image-6043 size-full\" src=\"http:\/\/trading.hhg.vn\/wp-content\/uploads\/2025\/01\/Artboard-17-2.jpg\" alt=\"\" width=\"618\" height=\"369\" srcset=\"https:\/\/trading.hhg.vn\/wp-content\/uploads\/2025\/01\/Artboard-17-2.jpg 618w, https:\/\/trading.hhg.vn\/wp-content\/uploads\/2025\/01\/Artboard-17-2-300x179.jpg 300w, https:\/\/trading.hhg.vn\/wp-content\/uploads\/2025\/01\/Artboard-17-2-150x90.jpg 150w\" sizes=\"(max-width: 618px) 100vw, 618px\" \/><\/p>\n<p>AXOR Suite Basins &amp; Bathtub l\u00e0 b\u1ed9 s\u01b0u t\u1eadp ch\u1eadu r\u1eeda v\u00e0 b\u1ed3n t\u1eafm cao c\u1ea5p, \u0111\u01b0\u1ee3c thi\u1ebft k\u1ebf b\u1edfi nh\u00e0 s\u00e1ng t\u1ea1o danh ti\u1ebfng Philippe Starck.<br \/>\nB\u1ed9 s\u01b0u t\u1eadp n\u00e0y mang \u0111\u1ebfn s\u1ef1 h\u00e0i h\u00f2a v\u00e0 c\u00e1 nh\u00e2n h\u00f3a cho kh\u00f4ng gian ph\u00f2ng t\u1eafm, v\u1edbi thi\u1ebft k\u1ebf thanh l\u1ecbch v\u00e0 c\u00e1c chi ti\u1ebft ho\u00e0n thi\u1ec7n \u0111\u1eb7c bi\u1ec7t. C\u00e1c s\u1ea3n ph\u1ea9m \u0111\u01b0\u1ee3c ch\u1ebf t\u00e1c t\u1eeb ch\u1ea5t li\u1ec7u SolidSurface, \u0111\u1ea3m b\u1ea3o \u0111\u1ed9 b\u1ec1n v\u00e0 tu\u1ed5i th\u1ecd cao, c\u00f9ng v\u1edbi c\u00e1c \u0111\u01b0\u1eddng cong m\u1ec1m m\u1ea1i v\u00e0 l\u00f2ng ch\u1eadu m\u1ecbn m\u00e0ng, t\u1ea1o n\u00ean v\u1ebb ngo\u00e0i hi\u1ec7n \u0111\u1ea1i v\u00e0 tinh t\u1ebf. Ngo\u00e0i ra, c\u00e1c y\u1ebfu t\u1ed1 ho\u00e0n thi\u1ec7n \u0111\u1eb7c bi\u1ec7t nh\u01b0 k\u1ec7 tr\u00ean b\u1ed3n t\u1eafm v\u00e0 b\u1ec1 m\u1eb7t bao quanh ch\u1eadu r\u1eeda cho ph\u00e9p ng\u01b0\u1eddi d\u00f9ng th\u1ec3 hi\u1ec7n c\u00e1 t\u00ednh ri\u00eang. AXOR Suite Basins &amp; Bathtub l\u00e0 bi\u1ec3u t\u01b0\u1ee3ng c\u1ee7a s\u1ef1 v\u0129nh c\u1eedu v\u00e0 thanh l\u1ecbch, mang \u0111\u1ebfn s\u1ef1 h\u00e0i h\u00f2a v\u00e0 c\u00e1 nh\u00e2n h\u00f3a cho b\u1ea5t k\u1ef3 kh\u00f4ng gian ph\u00f2ng t\u1eafm n\u00e0o.<\/p>\n","protected":false},"excerpt":{"rendered":"<p>Wash bowl 400 without tap hole and overflow l\u00e0 ch\u1eadu r\u1eeda h\u00ecnh tr\u00f2n, \u0111\u01b0\u1eddng k\u00ednh 400mm, kh\u00f4ng c\u00f3 l\u1ed7 g\u1eafn v\u00f2i v\u00e0 kh\u00f4ng c\u00f3 l\u1ed7 tho\u00e1t tr\u00e0n. Ch\u1eadu \u0111\u01b0\u1ee3c l\u00e0m t\u1eeb ch\u1ea5t li\u1ec7u SolidSurface, mang \u0111\u1ebfn v\u1ebb ngo\u00e0i sang tr\u1ecdng v\u00e0 hi\u1ec7n \u0111\u1ea1i. S\u1ea3n ph\u1ea9m ph\u00f9 h\u1ee3p \u0111\u1ec3 l\u1eafp \u0111\u1eb7t tr\u00ean m\u1eb7t b\u00e0n v\u00e0 k\u1ebft h\u1ee3p v\u1edbi c\u00e1c lo\u1ea1i v\u00f2i ch\u1eadu g\u1eafn t\u01b0\u1eddng, t\u1ea1o n\u00ean kh\u00f4ng gian ph\u00f2ng t\u1eafm tinh t\u1ebf v\u00e0 t\u1ed1i gi\u1ea3n.<\/p>\n","protected":false},"featured_media":6011,"comment_status":"open","ping_status":"closed","template":"","meta":{"_acf_changed":false},"product_cat":[69,71],"product_tag":[],"class_list":{"0":"post-6010","1":"product","2":"type-product","3":"status-publish","4":"has-post-thumbnail","6":"product_cat-phong-tam","7":"product_cat-chau","8":"pa_mau-sac-chrome","9":"pa_mau-sac-chrome-den-xuoc","10":"pa_mau-sac-den-mo","11":"pa_mau-sac-dong-thau-xuoc","12":"pa_mau-sac-dong-xuoc","13":"pa_mau-sac-niken-xuoc","14":"pa_mau-sac-chrome-den-bong","15":"pa_mau-sac-thep-khong-gi","16":"pa_mau-sac-vang-bong","17":"pa_mau-sac-vang-hong-bong","18":"pa_mau-sac-vang-hong-xuoc","19":"pa_mau-sac-vang-xuoc","20":"pa_mau-sac-niken-bong","22":"first","23":"instock","24":"featured","25":"shipping-taxable","26":"purchasable","27":"product-type-variable"},"acf":[],"featured_media_urls":{"thumbnail":["https:\/\/trading.hhg.vn\/wp-content\/uploads\/2025\/01\/000-4-150x150.jpg",150,150,true],"medium":["https:\/\/trading.hhg.vn\/wp-content\/uploads\/2025\/01\/000-4-263x300.jpg",263,300,true],"medium_large":["https:\/\/trading.hhg.vn\/wp-content\/uploads\/2025\/01\/000-4.jpg",400,457,false],"large":["https:\/\/trading.hhg.vn\/wp-content\/uploads\/2025\/01\/000-4.jpg",400,457,false],"1536x1536":["https:\/\/trading.hhg.vn\/wp-content\/uploads\/2025\/01\/000-4.jpg",400,457,false],"2048x2048":["https:\/\/trading.hhg.vn\/wp-content\/uploads\/2025\/01\/000-4.jpg",400,457,false],"woocommerce_thumbnail":["https:\/\/trading.hhg.vn\/wp-content\/uploads\/2025\/01\/000-4.jpg",400,457,false],"woocommerce_single":["https:\/\/trading.hhg.vn\/wp-content\/uploads\/2025\/01\/000-4.jpg",400,457,false],"woocommerce_gallery_thumbnail":["https:\/\/trading.hhg.vn\/wp-content\/uploads\/2025\/01\/000-4-150x171.jpg",150,171,true],"portfolio_item-thumbnail":["https:\/\/trading.hhg.vn\/wp-content\/uploads\/2025\/01\/000-4.jpg",350,400,false],"portfolio_item-thumbnail@2x":["https:\/\/trading.hhg.vn\/wp-content\/uploads\/2025\/01\/000-4.jpg",400,457,false],"portfolio_item-masonry":["https:\/\/trading.hhg.vn\/wp-content\/uploads\/2025\/01\/000-4.jpg",400,457,false],"portfolio_item-masonry@2x":["https:\/\/trading.hhg.vn\/wp-content\/uploads\/2025\/01\/000-4.jpg",400,457,false],"portfolio_item-thumbnail_cinema":["https:\/\/trading.hhg.vn\/wp-content\/uploads\/2025\/01\/000-4.jpg",293,335,false],"portfolio_item-thumbnail_portrait":["https:\/\/trading.hhg.vn\/wp-content\/uploads\/2025\/01\/000-4.jpg",400,457,false],"portfolio_item-thumbnail_portrait@2x":["https:\/\/trading.hhg.vn\/wp-content\/uploads\/2025\/01\/000-4.jpg",400,457,false],"portfolio_item-thumbnail_square":["https:\/\/trading.hhg.vn\/wp-content\/uploads\/2025\/01\/000-4.jpg",400,457,false]},"_links":{"self":[{"href":"https:\/\/trading.hhg.vn\/en\/wp-json\/wp\/v2\/product\/6010","targetHints":{"allow":["GET"]}}],"collection":[{"href":"https:\/\/trading.hhg.vn\/en\/wp-json\/wp\/v2\/product"}],"about":[{"href":"https:\/\/trading.hhg.vn\/en\/wp-json\/wp\/v2\/types\/product"}],"replies":[{"embeddable":true,"href":"https:\/\/trading.hhg.vn\/en\/wp-json\/wp\/v2\/comments?post=6010"}],"version-history":[{"count":1,"href":"https:\/\/trading.hhg.vn\/en\/wp-json\/wp\/v2\/product\/6010\/revisions"}],"predecessor-version":[{"id":6058,"href":"https:\/\/trading.hhg.vn\/en\/wp-json\/wp\/v2\/product\/6010\/revisions\/6058"}],"wp:featuredmedia":[{"embeddable":true,"href":"https:\/\/trading.hhg.vn\/en\/wp-json\/wp\/v2\/media\/6011"}],"wp:attachment":[{"href":"https:\/\/trading.hhg.vn\/en\/wp-json\/wp\/v2\/media?parent=6010"}],"wp:term":[{"taxonomy":"product_cat","embeddable":true,"href":"https:\/\/trading.hhg.vn\/en\/wp-json\/wp\/v2\/product_cat?post=6010"},{"taxonomy":"product_tag","embeddable":true,"href":"https:\/\/trading.hhg.vn\/en\/wp-json\/wp\/v2\/product_tag?post=6010"}],"curies":[{"name":"wp","href":"https:\/\/api.w.org\/{rel}","templated":true}]}}