{"id":6071,"date":"2025-01-08T09:20:31","date_gmt":"2025-01-08T02:20:31","guid":{"rendered":"https:\/\/trading.hhg.vn\/?post_type=product&#038;p=6071"},"modified":"2026-01-28T07:40:40","modified_gmt":"2026-01-28T00:40:40","slug":"thermostatic-module-select-680-100-for-concealed-installation-for-5-functions-diamond-cut","status":"publish","type":"product","link":"https:\/\/trading.hhg.vn\/en\/s\u1ea3n-ph\u1ea9m\/thermostatic-module-select-680-100-for-concealed-installation-for-5-functions-diamond-cut\/","title":{"rendered":"Thermostatic module Select 680\/100 for concealed installation for 5 functions &#8211; diamond cut"},"content":{"rendered":"<p><img fetchpriority=\"high\" decoding=\"async\" class=\"aligncenter wp-image-6086 size-full\" src=\"http:\/\/trading.hhg.vn\/wp-content\/uploads\/2025\/01\/Artboard-17-4.jpg\" alt=\"\" width=\"618\" height=\"369\" srcset=\"https:\/\/trading.hhg.vn\/wp-content\/uploads\/2025\/01\/Artboard-17-4.jpg 618w, https:\/\/trading.hhg.vn\/wp-content\/uploads\/2025\/01\/Artboard-17-4-300x179.jpg 300w, https:\/\/trading.hhg.vn\/wp-content\/uploads\/2025\/01\/Artboard-17-4-150x90.jpg 150w\" sizes=\"(max-width: 618px) 100vw, 618px\" \/><\/p>\n<p>D\u00f2ng AXOR Edge mang \u0111\u1ebfn m\u1ed9t tri\u1ebft l\u00fd thi\u1ebft k\u1ebf sang tr\u1ecdng, tinh t\u1ebf v\u00e0 \u0111\u1ea7y \u0111\u1ed9t ph\u00e1, k\u1ebft h\u1ee3p ho\u00e0n h\u1ea3o gi\u1eefa ngh\u1ec7 thu\u1eadt v\u00e0 c\u00f4ng ngh\u1ec7 hi\u1ec7n \u0111\u1ea1i. M\u1ed7i s\u1ea3n ph\u1ea9m trong d\u00f2ng AXOR Edge \u0111\u1ec1u \u0111\u01b0\u1ee3c ch\u1ebf t\u00e1c t\u1ec9 m\u1ec9, t\u1eadp trung v\u00e0o s\u1ef1 ho\u00e0n m\u1ef9 trong t\u1eebng chi ti\u1ebft. C\u00e1c v\u1eadt li\u1ec7u cao c\u1ea5p \u0111\u01b0\u1ee3c l\u1ef1a ch\u1ecdn k\u1ef9 c\u00e0ng v\u00e0 k\u1ebft h\u1ee3p v\u1edbi k\u1ef9 thu\u1eadt c\u1eaft kim c\u01b0\u01a1ng, gi\u00fap t\u1ea1o ra nh\u1eefng b\u1ec1 m\u1eb7t s\u1eafc s\u1ea3o, g\u00f3c c\u1ea1nh \u0111\u1ed9c \u0111\u00e1o, mang \u0111\u1ebfn m\u1ed9t v\u1ebb \u0111\u1eb9p \u1ea5n t\u01b0\u1ee3ng v\u00e0 kh\u00e1c bi\u1ec7t.<\/p>\n<p>V\u1edbi thi\u1ebft k\u1ebf m\u1ea1nh m\u1ebd, c\u00e1c \u0111\u01b0\u1eddng n\u00e9t tinh t\u1ebf v\u00e0 h\u00ecnh kh\u1ed1i ho\u00e0n h\u1ea3o, AXOR Edge kh\u00f4ng ch\u1ec9 l\u00e0 m\u1ed9t b\u1ed9 s\u01b0u t\u1eadp thi\u1ebft b\u1ecb ph\u00f2ng t\u1eafm m\u00e0 c\u00f2n l\u00e0 m\u1ed9t t\u00e1c ph\u1ea9m ngh\u1ec7 thu\u1eadt th\u1ef1c th\u1ee5. S\u1ef1 k\u1ebft h\u1ee3p gi\u1eefa c\u00e1c y\u1ebfu t\u1ed1 n\u00e0y t\u1ea1o n\u00ean m\u1ed9t phong c\u00e1ch v\u01b0\u1ee3t th\u1eddi gian, mang l\u1ea1i v\u1ebb \u0111\u1eb9p \u0111\u1eb3ng c\u1ea5p v\u00e0 s\u1ef1 sang tr\u1ecdng cho kh\u00f4ng gian s\u1ed1ng. D\u00f2ng s\u1ea3n ph\u1ea9m n\u00e0y kh\u00f4ng ch\u1ec9 ch\u00fa tr\u1ecdng v\u00e0o h\u00ecnh th\u1ee9c m\u00e0 c\u00f2n h\u01b0\u1edbng \u0111\u1ebfn vi\u1ec7c mang l\u1ea1i tr\u1ea3i nghi\u1ec7m t\u1eafm xa x\u1ec9, \u0111\u1ed9c nh\u1ea5t cho ng\u01b0\u1eddi s\u1eed d\u1ee5ng. M\u1ed7i chi ti\u1ebft c\u1ee7a AXOR Edge \u0111\u1ec1u nh\u1eb1m m\u1ee5c \u0111\u00edch t\u1ea1o \u0111i\u1ec3m nh\u1ea5n v\u00e0 n\u00e2ng cao gi\u00e1 tr\u1ecb th\u1ea9m m\u1ef9 cho ph\u00f2ng t\u1eafm, mang \u0111\u1ebfn m\u1ed9t kh\u00f4ng gian v\u1eeba hi\u1ec7n \u0111\u1ea1i, v\u1eeba l\u1ecbch l\u00e3m v\u00e0 \u0111\u1ea7y c\u1ea3m h\u1ee9ng.<\/p>\n","protected":false},"excerpt":{"rendered":"<p>Thermostatic module Select 680\/100 for concealed installation for 5 functions &#8211; diamond cut l\u00e0 module \u0111i\u1ec1u nhi\u1ec7t cao c\u1ea5p, thi\u1ebft k\u1ebf \u0111\u1ec3 l\u1eafp \u0111\u1eb7t \u00e2m t\u01b0\u1eddng v\u1edbi 5 ch\u1ee9c n\u0103ng. S\u1ea3n ph\u1ea9m cho ph\u00e9p \u0111i\u1ec1u khi\u1ec3n c\u00e1c ch\u1ebf \u0111\u1ed9 sen t\u1eafm, tay sen v\u00e0 c\u00e1c \u0111\u1ea7u ra kh\u00e1c th\u00f4ng qua n\u00fat Select d\u1ec5 d\u00e0ng. V\u1edbi t\u00ednh n\u0103ng \u0111i\u1ec1u ch\u1ec9nh nhi\u1ec7t \u0111\u1ed9 an to\u00e0n v\u00e0 gi\u1ea3m l\u01b0u l\u01b0\u1ee3ng n\u01b0\u1edbc, module n\u00e0y gi\u00fap ti\u1ebft ki\u1ec7m n\u0103ng l\u01b0\u1ee3ng v\u00e0 n\u01b0\u1edbc, \u0111\u1ed3ng th\u1eddi mang l\u1ea1i tr\u1ea3i nghi\u1ec7m t\u1eafm tho\u1ea3i m\u00e1i. Thi\u1ebft k\u1ebf c\u1eaft kim c\u01b0\u01a1ng c\u1ee7a s\u1ea3n ph\u1ea9m th\u00eam ph\u1ea7n sang tr\u1ecdng v\u00e0 hi\u1ec7n \u0111\u1ea1i.<\/p>\n","protected":false},"featured_media":6078,"comment_status":"open","ping_status":"closed","template":"","meta":{"_acf_changed":false},"product_cat":[69,451],"product_tag":[],"class_list":{"0":"post-6071","1":"product","2":"type-product","3":"status-publish","4":"has-post-thumbnail","6":"product_cat-phong-tam","7":"product_cat-bo-dieu-nhiet","8":"pa_mau-sac-chrome","9":"pa_mau-sac-vang-bong","10":"pa_mau-sac-vang-hong-bong","11":"pa_mau-sac-chrome-den-bong-en","13":"first","14":"instock","15":"shipping-taxable","16":"purchasable","17":"product-type-variable"},"acf":[],"featured_media_urls":{"thumbnail":["https:\/\/trading.hhg.vn\/wp-content\/uploads\/2025\/01\/990-5-150x150.jpg",150,150,true],"medium":["https:\/\/trading.hhg.vn\/wp-content\/uploads\/2025\/01\/990-5-263x300.jpg",263,300,true],"medium_large":["https:\/\/trading.hhg.vn\/wp-content\/uploads\/2025\/01\/990-5.jpg",400,457,false],"large":["https:\/\/trading.hhg.vn\/wp-content\/uploads\/2025\/01\/990-5.jpg",400,457,false],"1536x1536":["https:\/\/trading.hhg.vn\/wp-content\/uploads\/2025\/01\/990-5.jpg",400,457,false],"2048x2048":["https:\/\/trading.hhg.vn\/wp-content\/uploads\/2025\/01\/990-5.jpg",400,457,false],"woocommerce_thumbnail":["https:\/\/trading.hhg.vn\/wp-content\/uploads\/2025\/01\/990-5.jpg",400,457,false],"woocommerce_single":["https:\/\/trading.hhg.vn\/wp-content\/uploads\/2025\/01\/990-5.jpg",400,457,false],"woocommerce_gallery_thumbnail":["https:\/\/trading.hhg.vn\/wp-content\/uploads\/2025\/01\/990-5-150x171.jpg",150,171,true],"portfolio_item-thumbnail":["https:\/\/trading.hhg.vn\/wp-content\/uploads\/2025\/01\/990-5.jpg",350,400,false],"portfolio_item-thumbnail@2x":["https:\/\/trading.hhg.vn\/wp-content\/uploads\/2025\/01\/990-5.jpg",400,457,false],"portfolio_item-masonry":["https:\/\/trading.hhg.vn\/wp-content\/uploads\/2025\/01\/990-5.jpg",400,457,false],"portfolio_item-masonry@2x":["https:\/\/trading.hhg.vn\/wp-content\/uploads\/2025\/01\/990-5.jpg",400,457,false],"portfolio_item-thumbnail_cinema":["https:\/\/trading.hhg.vn\/wp-content\/uploads\/2025\/01\/990-5.jpg",293,335,false],"portfolio_item-thumbnail_portrait":["https:\/\/trading.hhg.vn\/wp-content\/uploads\/2025\/01\/990-5.jpg",400,457,false],"portfolio_item-thumbnail_portrait@2x":["https:\/\/trading.hhg.vn\/wp-content\/uploads\/2025\/01\/990-5.jpg",400,457,false],"portfolio_item-thumbnail_square":["https:\/\/trading.hhg.vn\/wp-content\/uploads\/2025\/01\/990-5.jpg",400,457,false]},"_links":{"self":[{"href":"https:\/\/trading.hhg.vn\/en\/wp-json\/wp\/v2\/product\/6071","targetHints":{"allow":["GET"]}}],"collection":[{"href":"https:\/\/trading.hhg.vn\/en\/wp-json\/wp\/v2\/product"}],"about":[{"href":"https:\/\/trading.hhg.vn\/en\/wp-json\/wp\/v2\/types\/product"}],"replies":[{"embeddable":true,"href":"https:\/\/trading.hhg.vn\/en\/wp-json\/wp\/v2\/comments?post=6071"}],"version-history":[{"count":1,"href":"https:\/\/trading.hhg.vn\/en\/wp-json\/wp\/v2\/product\/6071\/revisions"}],"predecessor-version":[{"id":6092,"href":"https:\/\/trading.hhg.vn\/en\/wp-json\/wp\/v2\/product\/6071\/revisions\/6092"}],"wp:featuredmedia":[{"embeddable":true,"href":"https:\/\/trading.hhg.vn\/en\/wp-json\/wp\/v2\/media\/6078"}],"wp:attachment":[{"href":"https:\/\/trading.hhg.vn\/en\/wp-json\/wp\/v2\/media?parent=6071"}],"wp:term":[{"taxonomy":"product_cat","embeddable":true,"href":"https:\/\/trading.hhg.vn\/en\/wp-json\/wp\/v2\/product_cat?post=6071"},{"taxonomy":"product_tag","embeddable":true,"href":"https:\/\/trading.hhg.vn\/en\/wp-json\/wp\/v2\/product_tag?post=6071"}],"curies":[{"name":"wp","href":"https:\/\/api.w.org\/{rel}","templated":true}]}}