{"id":6112,"date":"2025-01-08T09:52:09","date_gmt":"2025-01-08T02:52:09","guid":{"rendered":"https:\/\/trading.hhg.vn\/?post_type=product&#038;p=6112"},"modified":"2026-01-28T07:49:15","modified_gmt":"2026-01-28T00:49:15","slug":"grab-bar","status":"publish","type":"product","link":"https:\/\/trading.hhg.vn\/en\/s\u1ea3n-ph\u1ea9m\/grab-bar\/","title":{"rendered":"Grab bar"},"content":{"rendered":"<p><img fetchpriority=\"high\" decoding=\"async\" class=\"aligncenter wp-image-6143 size-full\" src=\"http:\/\/trading.hhg.vn\/wp-content\/uploads\/2025\/01\/Artboard-17-6.jpg\" alt=\"\" width=\"618\" height=\"369\" srcset=\"https:\/\/trading.hhg.vn\/wp-content\/uploads\/2025\/01\/Artboard-17-6.jpg 618w, https:\/\/trading.hhg.vn\/wp-content\/uploads\/2025\/01\/Artboard-17-6-300x179.jpg 300w, https:\/\/trading.hhg.vn\/wp-content\/uploads\/2025\/01\/Artboard-17-6-150x90.jpg 150w\" sizes=\"(max-width: 618px) 100vw, 618px\" \/><\/p>\n<p>D\u00f2ng s\u1ea3n ph\u1ea9m AXOR Universal Rectangular l\u00e0 b\u1ed9 s\u01b0u t\u1eadp ph\u1ee5 ki\u1ec7n ph\u00f2ng t\u1eafm cao c\u1ea5p, \u0111\u01b0\u1ee3c thi\u1ebft k\u1ebf v\u1edbi h\u00ecnh d\u1ea1ng h\u00ecnh ch\u1eef nh\u1eadt tinh t\u1ebf, mang \u0111\u1ebfn v\u1ebb \u0111\u1eb9p hi\u1ec7n \u0111\u1ea1i v\u00e0 sang tr\u1ecdng cho kh\u00f4ng gian ph\u00f2ng t\u1eafm.<br \/>\nT\u1ea5t c\u1ea3 c\u00e1c s\u1ea3n ph\u1ea9m trong b\u1ed9 s\u01b0u t\u1eadp AXOR Universal Rectangular \u0111\u1ec1u \u0111\u01b0\u1ee3c ch\u1ebf t\u00e1c t\u1eeb v\u1eadt li\u1ec7u kim lo\u1ea1i ch\u1ea5t l\u01b0\u1ee3ng cao, \u0111\u1ea3m b\u1ea3o \u0111\u1ed9 b\u1ec1n v\u00e0 kh\u1ea3 n\u0103ng ch\u1ed1ng \u0103n m\u00f2n. Ch\u00fang \u0111\u01b0\u1ee3c thi\u1ebft k\u1ebf \u0111\u1ec3 l\u1eafp \u0111\u1eb7t tr\u00ean t\u01b0\u1eddng v\u1edbi h\u1ec7 th\u1ed1ng l\u1eafp \u0111\u1eb7t \u00e2m t\u01b0\u1eddng, mang \u0111\u1ebfn v\u1ebb \u0111\u1eb9p li\u1ec1n m\u1ea1ch v\u00e0 hi\u1ec7n \u0111\u1ea1i cho ph\u00f2ng t\u1eafm. V\u1edbi thi\u1ebft k\u1ebf h\u00ecnh ch\u1eef nh\u1eadt tinh t\u1ebf, c\u00e1c ph\u1ee5 ki\u1ec7n n\u00e0y kh\u00f4ng ch\u1ec9 \u0111\u00e1p \u1ee9ng nhu c\u1ea7u s\u1eed d\u1ee5ng m\u00e0 c\u00f2n g\u00f3p ph\u1ea7n n\u00e2ng cao gi\u00e1 tr\u1ecb th\u1ea9m m\u1ef9 cho kh\u00f4ng gian ph\u00f2ng t\u1eafm c\u1ee7a b\u1ea1n.<\/p>\n","protected":false},"excerpt":{"rendered":"<p>Gi\u00e1 treo kh\u0103n t\u1eafm Axor l\u00e0 s\u1ea3n ph\u1ea9m l\u1eafp \u0111\u1eb7t tr\u00ean t\u01b0\u1eddng, \u0111\u01b0\u1ee3c l\u00e0m t\u1eeb kim lo\u1ea1i ch\u1ea5t l\u01b0\u1ee3ng cao, c\u00f3 chi\u1ec1u d\u00e0i 340 mm. Thi\u1ebft k\u1ebf c\u1ee7a gi\u00e1 treo kh\u0103n t\u1eafm n\u00e0y mang l\u1ea1i s\u1ef1 tinh t\u1ebf v\u00e0 sang tr\u1ecdng cho kh\u00f4ng gian ph\u00f2ng t\u1eafm, \u0111\u1ed3ng th\u1eddi \u0111\u1ea3m b\u1ea3o \u0111\u1ed9 b\u1ec1n cao. S\u1ea3n ph\u1ea9m \u0111i k\u00e8m v\u1edbi v\u1eadt li\u1ec7u l\u1eafp \u0111\u1eb7t v\u00e0 c\u00f3 khoan l\u1eafp \u00e2m t\u01b0\u1eddng, gi\u00fap t\u1ea1o n\u00ean v\u1ebb \u0111\u1eb9p li\u1ec1n m\u1ea1ch cho ph\u00f2ng t\u1eafm. Kho\u1ea3ng c\u00e1ch khoan l\u00e0 300 mm v\u00e0 \u0111\u01b0\u1eddng k\u00ednh l\u1ed7 khoan l\u00e0 6 mm, ph\u00f9 h\u1ee3p v\u1edbi nhu c\u1ea7u s\u1eed d\u1ee5ng trong ph\u00f2ng t\u1eafm.<\/p>\n","protected":false},"featured_media":6133,"comment_status":"open","ping_status":"closed","template":"","meta":{"_acf_changed":false},"product_cat":[77],"product_tag":[],"class_list":{"0":"post-6112","1":"product","2":"type-product","3":"status-publish","4":"has-post-thumbnail","6":"product_cat-phu-kien-phong-tam","7":"pa_mau-sac-chrome","8":"pa_mau-sac-chrome-den-xuoc","9":"pa_mau-sac-den-mo","10":"pa_mau-sac-dong-thau-xuoc","11":"pa_mau-sac-dong-xuoc","12":"pa_mau-sac-niken-xuoc","13":"pa_mau-sac-thep-khong-gi","14":"pa_mau-sac-vang-bong","15":"pa_mau-sac-vang-hong-bong","16":"pa_mau-sac-vang-hong-xuoc","17":"pa_mau-sac-vang-xuoc","18":"pa_mau-sac-chrome-den-bong-en","20":"first","21":"instock","22":"shipping-taxable","23":"purchasable","24":"product-type-variable"},"acf":[],"featured_media_urls":{"thumbnail":["https:\/\/trading.hhg.vn\/wp-content\/uploads\/2025\/01\/950-5-150x150.jpg",150,150,true],"medium":["https:\/\/trading.hhg.vn\/wp-content\/uploads\/2025\/01\/950-5-263x300.jpg",263,300,true],"medium_large":["https:\/\/trading.hhg.vn\/wp-content\/uploads\/2025\/01\/950-5.jpg",400,457,false],"large":["https:\/\/trading.hhg.vn\/wp-content\/uploads\/2025\/01\/950-5.jpg",400,457,false],"1536x1536":["https:\/\/trading.hhg.vn\/wp-content\/uploads\/2025\/01\/950-5.jpg",400,457,false],"2048x2048":["https:\/\/trading.hhg.vn\/wp-content\/uploads\/2025\/01\/950-5.jpg",400,457,false],"woocommerce_thumbnail":["https:\/\/trading.hhg.vn\/wp-content\/uploads\/2025\/01\/950-5.jpg",400,457,false],"woocommerce_single":["https:\/\/trading.hhg.vn\/wp-content\/uploads\/2025\/01\/950-5.jpg",400,457,false],"woocommerce_gallery_thumbnail":["https:\/\/trading.hhg.vn\/wp-content\/uploads\/2025\/01\/950-5-150x171.jpg",150,171,true],"portfolio_item-thumbnail":["https:\/\/trading.hhg.vn\/wp-content\/uploads\/2025\/01\/950-5.jpg",350,400,false],"portfolio_item-thumbnail@2x":["https:\/\/trading.hhg.vn\/wp-content\/uploads\/2025\/01\/950-5.jpg",400,457,false],"portfolio_item-masonry":["https:\/\/trading.hhg.vn\/wp-content\/uploads\/2025\/01\/950-5.jpg",400,457,false],"portfolio_item-masonry@2x":["https:\/\/trading.hhg.vn\/wp-content\/uploads\/2025\/01\/950-5.jpg",400,457,false],"portfolio_item-thumbnail_cinema":["https:\/\/trading.hhg.vn\/wp-content\/uploads\/2025\/01\/950-5.jpg",293,335,false],"portfolio_item-thumbnail_portrait":["https:\/\/trading.hhg.vn\/wp-content\/uploads\/2025\/01\/950-5.jpg",400,457,false],"portfolio_item-thumbnail_portrait@2x":["https:\/\/trading.hhg.vn\/wp-content\/uploads\/2025\/01\/950-5.jpg",400,457,false],"portfolio_item-thumbnail_square":["https:\/\/trading.hhg.vn\/wp-content\/uploads\/2025\/01\/950-5.jpg",400,457,false]},"_links":{"self":[{"href":"https:\/\/trading.hhg.vn\/en\/wp-json\/wp\/v2\/product\/6112","targetHints":{"allow":["GET"]}}],"collection":[{"href":"https:\/\/trading.hhg.vn\/en\/wp-json\/wp\/v2\/product"}],"about":[{"href":"https:\/\/trading.hhg.vn\/en\/wp-json\/wp\/v2\/types\/product"}],"replies":[{"embeddable":true,"href":"https:\/\/trading.hhg.vn\/en\/wp-json\/wp\/v2\/comments?post=6112"}],"version-history":[{"count":1,"href":"https:\/\/trading.hhg.vn\/en\/wp-json\/wp\/v2\/product\/6112\/revisions"}],"predecessor-version":[{"id":6157,"href":"https:\/\/trading.hhg.vn\/en\/wp-json\/wp\/v2\/product\/6112\/revisions\/6157"}],"wp:featuredmedia":[{"embeddable":true,"href":"https:\/\/trading.hhg.vn\/en\/wp-json\/wp\/v2\/media\/6133"}],"wp:attachment":[{"href":"https:\/\/trading.hhg.vn\/en\/wp-json\/wp\/v2\/media?parent=6112"}],"wp:term":[{"taxonomy":"product_cat","embeddable":true,"href":"https:\/\/trading.hhg.vn\/en\/wp-json\/wp\/v2\/product_cat?post=6112"},{"taxonomy":"product_tag","embeddable":true,"href":"https:\/\/trading.hhg.vn\/en\/wp-json\/wp\/v2\/product_tag?post=6112"}],"curies":[{"name":"wp","href":"https:\/\/api.w.org\/{rel}","templated":true}]}}