{"id":62502,"date":"2025-11-23T10:59:38","date_gmt":"2025-11-23T03:59:38","guid":{"rendered":"https:\/\/trading.hhg.vn\/?post_type=product&#038;p=62502"},"modified":"2026-01-14T12:56:00","modified_gmt":"2026-01-14T05:56:00","slug":"voi-sen-bon-tam-mot-tay-gat-lap-dat-noi-rebris-s","status":"publish","type":"product","link":"https:\/\/trading.hhg.vn\/en\/s\u1ea3n-ph\u1ea9m\/voi-sen-bon-tam-mot-tay-gat-lap-dat-noi-rebris-s\/","title":{"rendered":"V\u00f2i sen b\u1ed3n t\u1eafm m\u1ed9t tay g\u1ea1t l\u1eafp \u0111\u1eb7t n\u1ed5i Rebris S"},"content":{"rendered":"<p><img fetchpriority=\"high\" decoding=\"async\" class=\"alignnone wp-image-7559 aligncenter\" src=\"https:\/\/trading.hhg.vn\/wp-content\/uploads\/2026\/01\/Rebris-S.jpg\" alt=\"\" width=\"606\" height=\"454\" \/>Rebris S mang ng\u00f4n ng\u1eef thi\u1ebft k\u1ebf tr\u00f2n \u0111\u1eb7c tr\u01b0ng, v\u1edbi c\u00e1c \u0111\u01b0\u1eddng cong m\u01b0\u1ee3t m\u00e0 v\u00e0 t\u1ef7 l\u1ec7 h\u00e0i h\u00f2a, t\u1ea1o c\u1ea3m gi\u00e1c th\u00e2n thi\u1ec7n v\u00e0 hi\u1ec7n \u0111\u1ea1i cho kh\u00f4ng gian ph\u00f2ng t\u1eafm. Th\u00e2n v\u00f2i g\u1ecdn g\u00e0ng k\u1ebft h\u1ee3p tay g\u1ea1t thanh m\u1ea3nh gi\u00fap t\u1ed5ng th\u1ec3 nh\u1eb9 nh\u00e0ng nh\u01b0ng v\u1eabn ch\u1eafc ch\u1eafn. C\u00e1c b\u1ec1 m\u1eb7t \u0111\u01b0\u1ee3c x\u1eed l\u00fd li\u1ec1n m\u1ea1ch, h\u1ea1n ch\u1ebf chi ti\u1ebft th\u1eeba, ph\u1ea3n \u00e1nh r\u00f5 tri\u1ebft l\u00fd thi\u1ebft k\u1ebf t\u1ed1i gi\u1ea3n v\u00e0 d\u1ec5 s\u1eed d\u1ee5ng.<\/p>\n<p>Rebris S \u0111\u01b0\u1ee3c s\u1ea3n xu\u1ea5t t\u1eeb \u0111\u1ed3ng thau cao c\u1ea5p, ho\u00e0n thi\u1ec7n b\u1eb1ng l\u1edbp m\u1ea1 Chrome b\u1ec1n b\u1ec9, ch\u1ed1ng \u0103n m\u00f2n v\u00e0 d\u1ec5 v\u1ec7 sinh. L\u00f5i tr\u1ed9n g\u1ed1m ch\u1ea5t l\u01b0\u1ee3ng cao b\u00ean trong \u0111\u1ea3m b\u1ea3o \u0111i\u1ec1u khi\u1ec3n nhi\u1ec7t \u0111\u1ed9 v\u00e0 l\u01b0u l\u01b0\u1ee3ng n\u01b0\u1edbc ch\u00ednh x\u00e1c, v\u1eadn h\u00e0nh \u00eam \u00e1i trong th\u1eddi gian d\u00e0i.<\/p>\n","protected":false},"excerpt":{"rendered":"<p>V\u00f2i sen b\u1ed3n t\u1eafm Rebris S ki\u1ebfn t\u1ea1o kh\u00f4ng gian th\u01b0 th\u00e1i v\u1edbi thi\u1ebft k\u1ebf l\u1eafp \u0111\u1eb7t n\u1ed5i thanh l\u1ecbch, h\u00f2a quy\u1ec7n tinh t\u1ebf v\u00e0o m\u1ecdi phong c\u00e1ch ph\u00f2ng t\u1eafm. Tay g\u1ea1t m\u01b0\u1ee3t m\u00e0, d\u1ec5 d\u00e0ng \u0111i\u1ec1u ch\u1ec9nh l\u01b0u l\u01b0\u1ee3ng v\u00e0 nhi\u1ec7t \u0111\u1ed9, mang \u0111\u1ebfn tr\u1ea3i nghi\u1ec7m s\u1eed d\u1ee5ng tr\u1ef1c quan, ti\u1ec7n l\u1ee3i. D\u00f2ng n\u01b0\u1edbc \u00eam \u00e1i xoa d\u1ecbu m\u1ecdi gi\u00e1c quan, \u0111\u00e1nh th\u1ee9c c\u1ea3m h\u1ee9ng v\u00e0 t\u00e1i t\u1ea1o n\u0103ng l\u01b0\u1ee3ng cho nh\u1eefng kho\u1ea3nh kh\u1eafc th\u01b0 gi\u00e3n tuy\u1ec7t \u0111\u1ed1i. Rebris S kh\u00f4ng ch\u1ec9 l\u00e0 m\u1ed9t thi\u1ebft b\u1ecb, m\u00e0 l\u00e0 m\u1ed9t tuy\u00ean ng\u00f4n v\u1ec1 phong c\u00e1ch s\u1ed1ng, n\u00e2ng t\u1ea7m gi\u00e1 tr\u1ecb th\u1ea9m m\u1ef9 v\u00e0 c\u00f4ng n\u0103ng cho ng\u00f4i nh\u00e0 b\u1ea1n.<\/p>\n","protected":false},"featured_media":62608,"comment_status":"open","ping_status":"closed","template":"","meta":{"_acf_changed":false},"product_cat":[851],"product_tag":[],"class_list":{"0":"post-62502","1":"product","2":"type-product","3":"status-publish","4":"has-post-thumbnail","6":"product_cat-bo-tron-voi-xa-bon","7":"pa_mau-sac-chrome","8":"pa_mau-sac-den-mo","10":"first","11":"onbackorder","12":"shipping-taxable","13":"product-type-variable"},"acf":[],"featured_media_urls":{"thumbnail":["https:\/\/trading.hhg.vn\/wp-content\/uploads\/2025\/11\/154__hpr04455_tif-150x150.png",150,150,true],"medium":["https:\/\/trading.hhg.vn\/wp-content\/uploads\/2025\/11\/154__hpr04455_tif-262x300.png",262,300,true],"medium_large":["https:\/\/trading.hhg.vn\/wp-content\/uploads\/2025\/11\/154__hpr04455_tif-768x878.png",768,878,true],"large":["https:\/\/trading.hhg.vn\/wp-content\/uploads\/2025\/11\/154__hpr04455_tif-896x1024.png",896,1024,true],"1536x1536":["https:\/\/trading.hhg.vn\/wp-content\/uploads\/2025\/11\/154__hpr04455_tif-1344x1536.png",1344,1536,true],"2048x2048":["https:\/\/trading.hhg.vn\/wp-content\/uploads\/2025\/11\/154__hpr04455_tif.png",1440,1646,false],"woocommerce_thumbnail":["https:\/\/trading.hhg.vn\/wp-content\/uploads\/2025\/11\/154__hpr04455_tif-600x600.png",600,600,true],"woocommerce_single":["https:\/\/trading.hhg.vn\/wp-content\/uploads\/2025\/11\/154__hpr04455_tif-1200x1372.png",1200,1372,true],"woocommerce_gallery_thumbnail":["https:\/\/trading.hhg.vn\/wp-content\/uploads\/2025\/11\/154__hpr04455_tif-150x171.png",150,171,true],"portfolio_item-thumbnail":["https:\/\/trading.hhg.vn\/wp-content\/uploads\/2025\/11\/154__hpr04455_tif.png",350,400,false],"portfolio_item-thumbnail@2x":["https:\/\/trading.hhg.vn\/wp-content\/uploads\/2025\/11\/154__hpr04455_tif.png",700,800,false],"portfolio_item-masonry":["https:\/\/trading.hhg.vn\/wp-content\/uploads\/2025\/11\/154__hpr04455_tif.png",600,686,false],"portfolio_item-masonry@2x":["https:\/\/trading.hhg.vn\/wp-content\/uploads\/2025\/11\/154__hpr04455_tif.png",1200,1372,false],"portfolio_item-thumbnail_cinema":["https:\/\/trading.hhg.vn\/wp-content\/uploads\/2025\/11\/154__hpr04455_tif.png",293,335,false],"portfolio_item-thumbnail_portrait":["https:\/\/trading.hhg.vn\/wp-content\/uploads\/2025\/11\/154__hpr04455_tif.png",600,686,false],"portfolio_item-thumbnail_portrait@2x":["https:\/\/trading.hhg.vn\/wp-content\/uploads\/2025\/11\/154__hpr04455_tif.png",1200,1372,false],"portfolio_item-thumbnail_square":["https:\/\/trading.hhg.vn\/wp-content\/uploads\/2025\/11\/154__hpr04455_tif.png",700,800,false]},"_links":{"self":[{"href":"https:\/\/trading.hhg.vn\/en\/wp-json\/wp\/v2\/product\/62502","targetHints":{"allow":["GET"]}}],"collection":[{"href":"https:\/\/trading.hhg.vn\/en\/wp-json\/wp\/v2\/product"}],"about":[{"href":"https:\/\/trading.hhg.vn\/en\/wp-json\/wp\/v2\/types\/product"}],"replies":[{"embeddable":true,"href":"https:\/\/trading.hhg.vn\/en\/wp-json\/wp\/v2\/comments?post=62502"}],"version-history":[{"count":2,"href":"https:\/\/trading.hhg.vn\/en\/wp-json\/wp\/v2\/product\/62502\/revisions"}],"predecessor-version":[{"id":147049,"href":"https:\/\/trading.hhg.vn\/en\/wp-json\/wp\/v2\/product\/62502\/revisions\/147049"}],"wp:featuredmedia":[{"embeddable":true,"href":"https:\/\/trading.hhg.vn\/en\/wp-json\/wp\/v2\/media\/62608"}],"wp:attachment":[{"href":"https:\/\/trading.hhg.vn\/en\/wp-json\/wp\/v2\/media?parent=62502"}],"wp:term":[{"taxonomy":"product_cat","embeddable":true,"href":"https:\/\/trading.hhg.vn\/en\/wp-json\/wp\/v2\/product_cat?post=62502"},{"taxonomy":"product_tag","embeddable":true,"href":"https:\/\/trading.hhg.vn\/en\/wp-json\/wp\/v2\/product_tag?post=62502"}],"curies":[{"name":"wp","href":"https:\/\/api.w.org\/{rel}","templated":true}]}}