{"id":6283,"date":"2025-01-08T11:30:08","date_gmt":"2025-01-08T04:30:08","guid":{"rendered":"https:\/\/trading.hhg.vn\/?post_type=product&#038;p=6283"},"modified":"2026-01-28T07:45:09","modified_gmt":"2026-01-28T00:45:09","slug":"single-lever-basin-mixer-250-with-pin-handle-for-wash-bowls-with-waste-set","status":"publish","type":"product","link":"https:\/\/trading.hhg.vn\/en\/s\u1ea3n-ph\u1ea9m\/single-lever-basin-mixer-250-with-pin-handle-for-wash-bowls-with-waste-set\/","title":{"rendered":"Single lever basin mixer 250 with pin handle for wash bowls with waste set"},"content":{"rendered":"<p><img fetchpriority=\"high\" decoding=\"async\" class=\"aligncenter wp-image-6312 size-full\" src=\"http:\/\/trading.hhg.vn\/wp-content\/uploads\/2025\/01\/Artboard-15-11.jpg\" alt=\"\" width=\"700\" height=\"457\" srcset=\"https:\/\/trading.hhg.vn\/wp-content\/uploads\/2025\/01\/Artboard-15-11.jpg 700w, https:\/\/trading.hhg.vn\/wp-content\/uploads\/2025\/01\/Artboard-15-11-300x196.jpg 300w, https:\/\/trading.hhg.vn\/wp-content\/uploads\/2025\/01\/Artboard-15-11-150x98.jpg 150w\" sizes=\"(max-width: 700px) 100vw, 700px\" \/><\/p>\n<p>D\u00f2ng s\u1ea3n ph\u1ea9m AXOR Starck mang tri\u1ebft l\u00fd thi\u1ebft k\u1ebf t\u1ed1i gi\u1ea3n, t\u1eadp trung v\u00e0o t\u00ednh n\u0103ng v\u00e0 s\u1ef1 ti\u1ec7n d\u1ee5ng. \u0110\u01b0\u1ee3c s\u00e1ng t\u1ea1o b\u1edfi nh\u00e0 thi\u1ebft k\u1ebf Philippe Starck, s\u1ea3n ph\u1ea9m n\u00e0y n\u1ed5i b\u1eadt v\u1edbi nh\u1eefng h\u00ecnh d\u00e1ng thanh l\u1ecbch v\u00e0 nh\u1eefng \u0111\u01b0\u1eddng n\u00e9t \u0111\u01a1n gi\u1ea3n, t\u1ea1o n\u00ean m\u1ed9t phong c\u00e1ch hi\u1ec7n \u0111\u1ea1i nh\u01b0ng v\u1eabn \u1ea5m c\u00fang.<\/p>\n<p>M\u1ee5c ti\u00eau c\u1ee7a AXOR Starck l\u00e0 mang l\u1ea1i tr\u1ea3i nghi\u1ec7m s\u1eed d\u1ee5ng tuy\u1ec7t v\u1eddi th\u00f4ng qua thi\u1ebft k\u1ebf th\u00f4ng minh v\u00e0 d\u1ec5 d\u00e0ng t\u01b0\u01a1ng t\u00e1c. C\u00e1c s\u1ea3n ph\u1ea9m kh\u00f4ng ch\u1ec9 \u0111\u1ea3m b\u1ea3o t\u00ednh hi\u1ec7u qu\u1ea3 trong vi\u1ec7c s\u1eed d\u1ee5ng m\u00e0 c\u00f2n t\u1ea1o ra m\u1ed9t kh\u00f4ng gian s\u1ed1ng th\u00fa v\u1ecb v\u00e0 \u0111\u1ea7y c\u1ea3m h\u1ee9ng. Tri\u1ebft l\u00fd c\u1ee7a AXOR Starck l\u00e0 k\u1ebft h\u1ee3p ngh\u1ec7 thu\u1eadt v\u00e0 c\u00f4ng ngh\u1ec7, bi\u1ebfn nh\u1eefng thi\u1ebft b\u1ecb v\u1ec7 sinh th\u00e0nh nh\u1eefng t\u00e1c ph\u1ea9m ngh\u1ec7 thu\u1eadt, \u0111\u1ed3ng th\u1eddi \u0111\u00e1p \u1ee9ng nhu c\u1ea7u h\u00e0ng ng\u00e0y c\u1ee7a ng\u01b0\u1eddi d\u00f9ng m\u1ed9t c\u00e1ch ho\u00e0n h\u1ea3o.<\/p>\n","protected":false},"excerpt":{"rendered":"<p>V\u00f2i ch\u1eadu \u0111\u01a1n c\u1ea7n g\u1ea1t 250 v\u1edbi tay c\u1ea7m ghim cho ch\u1eadu r\u1eeda k\u00e8m b\u1ed9 x\u1ea3 l\u00e0 v\u00f2i ch\u1eadu thi\u1ebft k\u1ebf sang tr\u1ecdng v\u1edbi tay c\u1ea7m ghim d\u1ec5 s\u1eed d\u1ee5ng. V\u00f2i c\u00f3 chi\u1ec1u d\u00e0i 112 mm v\u00e0 chi\u1ec1u cao 250 mm, ph\u00f9 h\u1ee3p v\u1edbi c\u00e1c ch\u1eadu r\u1eeda. S\u1ea3n ph\u1ea9m cung c\u1ea5p tia n\u01b0\u1edbc th\u00f4ng th\u01b0\u1eddng v\u1edbi l\u01b0u l\u01b0\u1ee3ng t\u1ed1i \u0111a 5 l\u00edt\/ph\u00fat \u1edf \u00e1p su\u1ea5t 3 bar, gi\u00fap ti\u1ebft ki\u1ec7m n\u01b0\u1edbc. K\u00e8m theo b\u1ed9 x\u1ea3 kh\u00f4ng c\u00f3 ch\u1ee9c n\u0103ng \u0111\u00f3ng, ph\u00f9 h\u1ee3p v\u1edbi m\u00e1y n\u01b0\u1edbc n\u00f3ng d\u00f2ng ch\u1ea3y li\u00ean t\u1ee5c. V\u00f2i n\u00e0y s\u1eed d\u1ee5ng cartridge g\u1ed1m b\u1ec1n b\u1ec9, d\u1ec5 d\u00e0ng l\u1eafp \u0111\u1eb7t v\u1edbi k\u1ebft n\u1ed1i \u1ed1ng G \u215c.<\/p>\n","protected":false},"featured_media":6284,"comment_status":"open","ping_status":"closed","template":"","meta":{"_acf_changed":false},"product_cat":[69,70],"product_tag":[],"class_list":{"0":"post-6283","1":"product","2":"type-product","3":"status-publish","4":"has-post-thumbnail","6":"product_cat-phong-tam","7":"product_cat-khu-vuc-voi-chau","8":"pa_mau-sac-chrome","9":"pa_mau-sac-chrome-den-xuoc","10":"pa_mau-sac-dong-thau-xuoc","11":"pa_mau-sac-dong-xuoc","12":"pa_mau-sac-niken-xuoc","13":"pa_mau-sac-thep-khong-gi","14":"pa_mau-sac-vang-bong","15":"pa_mau-sac-vang-hong-bong","16":"pa_mau-sac-vang-hong-xuoc","17":"pa_mau-sac-vang-xuoc","18":"pa_mau-sac-chrome-bong","19":"pa_mau-sac-chrome-den-bong-en","20":"pa_mau-sac-niken-bong","22":"first","23":"instock","24":"shipping-taxable","25":"purchasable","26":"product-type-variable"},"acf":[],"featured_media_urls":{"thumbnail":["https:\/\/trading.hhg.vn\/wp-content\/uploads\/2025\/01\/140-10-150x150.jpg",150,150,true],"medium":["https:\/\/trading.hhg.vn\/wp-content\/uploads\/2025\/01\/140-10-263x300.jpg",263,300,true],"medium_large":["https:\/\/trading.hhg.vn\/wp-content\/uploads\/2025\/01\/140-10.jpg",400,457,false],"large":["https:\/\/trading.hhg.vn\/wp-content\/uploads\/2025\/01\/140-10.jpg",400,457,false],"1536x1536":["https:\/\/trading.hhg.vn\/wp-content\/uploads\/2025\/01\/140-10.jpg",400,457,false],"2048x2048":["https:\/\/trading.hhg.vn\/wp-content\/uploads\/2025\/01\/140-10.jpg",400,457,false],"woocommerce_thumbnail":["https:\/\/trading.hhg.vn\/wp-content\/uploads\/2025\/01\/140-10.jpg",400,457,false],"woocommerce_single":["https:\/\/trading.hhg.vn\/wp-content\/uploads\/2025\/01\/140-10.jpg",400,457,false],"woocommerce_gallery_thumbnail":["https:\/\/trading.hhg.vn\/wp-content\/uploads\/2025\/01\/140-10-150x171.jpg",150,171,true],"portfolio_item-thumbnail":["https:\/\/trading.hhg.vn\/wp-content\/uploads\/2025\/01\/140-10.jpg",350,400,false],"portfolio_item-thumbnail@2x":["https:\/\/trading.hhg.vn\/wp-content\/uploads\/2025\/01\/140-10.jpg",400,457,false],"portfolio_item-masonry":["https:\/\/trading.hhg.vn\/wp-content\/uploads\/2025\/01\/140-10.jpg",400,457,false],"portfolio_item-masonry@2x":["https:\/\/trading.hhg.vn\/wp-content\/uploads\/2025\/01\/140-10.jpg",400,457,false],"portfolio_item-thumbnail_cinema":["https:\/\/trading.hhg.vn\/wp-content\/uploads\/2025\/01\/140-10.jpg",293,335,false],"portfolio_item-thumbnail_portrait":["https:\/\/trading.hhg.vn\/wp-content\/uploads\/2025\/01\/140-10.jpg",400,457,false],"portfolio_item-thumbnail_portrait@2x":["https:\/\/trading.hhg.vn\/wp-content\/uploads\/2025\/01\/140-10.jpg",400,457,false],"portfolio_item-thumbnail_square":["https:\/\/trading.hhg.vn\/wp-content\/uploads\/2025\/01\/140-10.jpg",400,457,false]},"_links":{"self":[{"href":"https:\/\/trading.hhg.vn\/en\/wp-json\/wp\/v2\/product\/6283","targetHints":{"allow":["GET"]}}],"collection":[{"href":"https:\/\/trading.hhg.vn\/en\/wp-json\/wp\/v2\/product"}],"about":[{"href":"https:\/\/trading.hhg.vn\/en\/wp-json\/wp\/v2\/types\/product"}],"replies":[{"embeddable":true,"href":"https:\/\/trading.hhg.vn\/en\/wp-json\/wp\/v2\/comments?post=6283"}],"version-history":[{"count":1,"href":"https:\/\/trading.hhg.vn\/en\/wp-json\/wp\/v2\/product\/6283\/revisions"}],"predecessor-version":[{"id":6330,"href":"https:\/\/trading.hhg.vn\/en\/wp-json\/wp\/v2\/product\/6283\/revisions\/6330"}],"wp:featuredmedia":[{"embeddable":true,"href":"https:\/\/trading.hhg.vn\/en\/wp-json\/wp\/v2\/media\/6284"}],"wp:attachment":[{"href":"https:\/\/trading.hhg.vn\/en\/wp-json\/wp\/v2\/media?parent=6283"}],"wp:term":[{"taxonomy":"product_cat","embeddable":true,"href":"https:\/\/trading.hhg.vn\/en\/wp-json\/wp\/v2\/product_cat?post=6283"},{"taxonomy":"product_tag","embeddable":true,"href":"https:\/\/trading.hhg.vn\/en\/wp-json\/wp\/v2\/product_tag?post=6283"}],"curies":[{"name":"wp","href":"https:\/\/api.w.org\/{rel}","templated":true}]}}