{"id":63350,"date":"2025-11-23T13:10:44","date_gmt":"2025-11-23T06:10:44","guid":{"rendered":"https:\/\/trading.hhg.vn\/?post_type=product&#038;p=63350"},"modified":"2026-01-28T07:44:31","modified_gmt":"2026-01-28T00:44:31","slug":"voi-lavabo-tay-gat-gat-gu-90-cho-chau-rua-tay-kem-bo-xa-axor-citterio-e","status":"publish","type":"product","link":"https:\/\/trading.hhg.vn\/en\/s\u1ea3n-ph\u1ea9m\/voi-lavabo-tay-gat-gat-gu-90-cho-chau-rua-tay-kem-bo-xa-axor-citterio-e\/","title":{"rendered":"V\u00f2i lavabo tay g\u1ea1t g\u1eadt g\u00f9 90 cho ch\u1eadu r\u1eeda tay k\u00e8m b\u1ed9 x\u1ea3 AXOR Citterio E"},"content":{"rendered":"<p><img fetchpriority=\"high\" decoding=\"async\" class=\"alignnone wp-image-7559 aligncenter\" src=\"http:\/\/trading.hhg.vn\/wp-content\/uploads\/2025\/11\/AXOR-Citterio-E.jpg\" alt=\"\" width=\"606\" height=\"454\" \/>AXOR Citterio E l\u00e0 s\u1ef1 k\u1ebft h\u1ee3p h\u00e0i h\u00f2a gi\u1eefa hi\u1ec7n \u0111\u1ea1i v\u00e0 c\u1ed5 \u0111i\u1ec3n, m\u1ea1nh m\u1ebd v\u00e0 tinh t\u1ebf, th\u1ec3 hi\u1ec7n tri\u1ebft l\u00fd thi\u1ebft k\u1ebf c\u00e2n b\u1eb1ng c\u1ee7a Antonio Citterio. L\u00e0 b\u01b0\u1edbc ti\u1ebfn h\u00f3a t\u1eeb hai b\u1ed9 s\u01b0u t\u1eadp AXOR Citterio v\u00e0 Citterio M, d\u00f2ng s\u1ea3n ph\u1ea9m n\u00e0y ti\u1ebfp t\u1ee5c ng\u00f4n ng\u1eef thi\u1ebft k\u1ebf \u0111\u1eb7c tr\u01b0ng nh\u01b0ng \u0111\u01b0\u1ee3c tinh gi\u1ea3n v\u00e0 tinh x\u1ea3o h\u01a1n. Tay g\u1ea1t d\u1ea1ng pin hi\u1ec7n \u0111\u1ea1i mang \u0111\u1ebfn c\u1ea3m gi\u00e1c ch\u1ea1m nh\u1eb9 nh\u00e0ng, \u0111i\u1ec1u khi\u1ec3n m\u01b0\u1ee3t m\u00e0, th\u1ec3 hi\u1ec7n tr\u00ecnh \u0111\u1ed9 ch\u1ebf t\u00e1c chu\u1ea9n \u0110\u1ee9c.<\/p>\n<p>V\u1edbi nhi\u1ec1u t\u00f9y ch\u1ecdn l\u1eafp \u0111\u1eb7t linh ho\u1ea1t nh\u01b0 g\u1eafn t\u01b0\u1eddng, g\u1eafn s\u00e0n, g\u1eafn v\u00e0nh ho\u1eb7c \u00e2m t\u01b0\u1eddng, AXOR Citterio E d\u1ec5 d\u00e0ng ph\u00f9 h\u1ee3p v\u1edbi m\u1ecdi kh\u00f4ng gian ph\u00f2ng t\u1eafm. M\u1ed7i chi ti\u1ebft \u0111\u1ec1u \u0111\u01b0\u1ee3c ho\u00e0n thi\u1ec7n t\u1ec9 m\u1ec9, ph\u1ea3n \u00e1nh s\u1ef1 giao thoa gi\u1eefa c\u00f4ng ngh\u1ec7 ti\u00ean ti\u1ebfn v\u00e0 th\u1ee7 c\u00f4ng truy\u1ec1n th\u1ed1ng. V\u1ebb \u0111\u1eb9p c\u1ee7a Citterio E kh\u00f4ng ch\u1ec9 \u0111\u1ebfn t\u1eeb h\u00ecnh th\u1ee9c m\u00e0 c\u00f2n t\u1eeb tr\u1ea3i nghi\u1ec7m x\u00fac gi\u00e1c v\u00e0 c\u1ea3m x\u00fac tinh t\u1ebf, mang \u0111\u1ebfn \u0111\u1ecbnh ngh\u0129a tr\u1ecdn v\u1eb9n c\u1ee7a s\u1ef1 thanh l\u1ecbch \u0111\u01b0\u01a1ng \u0111\u1ea1i.<\/p>\n","protected":false},"excerpt":{"rendered":"<p>V\u00f2i lavabo AXOR Citterio E l\u00e0 tuy\u1ec7t t\u00e1c thi\u1ebft k\u1ebf mang \u0111\u1ebfn v\u1ebb \u0111\u1eb9p tinh t\u1ebf v\u00e0 sang tr\u1ecdng cho kh\u00f4ng gian ph\u00f2ng t\u1eafm c\u1ee7a b\u1ea1n. V\u1edbi c\u1ea7n g\u1ea1t linh ho\u1ea1t 90 \u0111\u1ed9, b\u1ea1n d\u1ec5 d\u00e0ng \u0111i\u1ec1u ch\u1ec9nh d\u00f2ng ch\u1ea3y v\u00e0 nhi\u1ec7t \u0111\u1ed9 n\u01b0\u1edbc theo \u00fd mu\u1ed1n, mang l\u1ea1i tr\u1ea3i nghi\u1ec7m s\u1eed d\u1ee5ng m\u01b0\u1ee3t m\u00e0 v\u00e0 tho\u1ea3i m\u00e1i. T\u1eebng \u0111\u01b0\u1eddng n\u00e9t \u0111\u01b0\u1ee3c ch\u1ebf t\u00e1c t\u1ec9 m\u1ec9, t\u00f4n vinh s\u1ef1 \u0111\u1eb3ng c\u1ea5p v\u00e0 ho\u00e0n h\u1ea3o trong t\u1eebng chi ti\u1ebft. AXOR Citterio E kh\u00f4ng ch\u1ec9 l\u00e0 m\u1ed9t chi\u1ebfc v\u00f2i, m\u00e0 c\u00f2n l\u00e0 \u0111i\u1ec3m nh\u1ea5n ngh\u1ec7 thu\u1eadt, kh\u1eb3ng \u0111\u1ecbnh phong c\u00e1ch s\u1ed1ng tinh t\u1ebf c\u1ee7a gia ch\u1ee7.<\/p>\n","protected":false},"featured_media":63575,"comment_status":"open","ping_status":"closed","template":"","meta":{"_acf_changed":false},"product_cat":[883],"product_tag":[],"class_list":{"0":"post-63350","1":"product","2":"type-product","3":"status-publish","4":"has-post-thumbnail","6":"product_cat-voi-chau-2","7":"pa_mau-sac-chrome","8":"pa_mau-sac-chrome-den-xuoc","9":"pa_mau-sac-dong-thau-xuoc","10":"pa_mau-sac-dong-xuoc","11":"pa_mau-sac-niken-xuoc","12":"pa_mau-sac-thep-khong-gi","13":"pa_mau-sac-vang-bong","14":"pa_mau-sac-vang-hong-bong","15":"pa_mau-sac-vang-hong-xuoc","16":"pa_mau-sac-vang-xuoc","17":"pa_mau-sac-chrome-den-bong-en","19":"first","20":"instock","21":"shipping-taxable","22":"purchasable","23":"product-type-variable"},"acf":[],"featured_media_urls":{"thumbnail":["https:\/\/trading.hhg.vn\/wp-content\/uploads\/2025\/11\/154__apa00564_tif-150x150.png",150,150,true],"medium":["https:\/\/trading.hhg.vn\/wp-content\/uploads\/2025\/11\/154__apa00564_tif-262x300.png",262,300,true],"medium_large":["https:\/\/trading.hhg.vn\/wp-content\/uploads\/2025\/11\/154__apa00564_tif-768x878.png",768,878,true],"large":["https:\/\/trading.hhg.vn\/wp-content\/uploads\/2025\/11\/154__apa00564_tif-896x1024.png",896,1024,true],"1536x1536":["https:\/\/trading.hhg.vn\/wp-content\/uploads\/2025\/11\/154__apa00564_tif.png",1301,1487,false],"2048x2048":["https:\/\/trading.hhg.vn\/wp-content\/uploads\/2025\/11\/154__apa00564_tif.png",1301,1487,false],"woocommerce_thumbnail":["https:\/\/trading.hhg.vn\/wp-content\/uploads\/2025\/11\/154__apa00564_tif-600x600.png",600,600,true],"woocommerce_single":["https:\/\/trading.hhg.vn\/wp-content\/uploads\/2025\/11\/154__apa00564_tif-1200x1372.png",1200,1372,true],"woocommerce_gallery_thumbnail":["https:\/\/trading.hhg.vn\/wp-content\/uploads\/2025\/11\/154__apa00564_tif-150x171.png",150,171,true],"portfolio_item-thumbnail":["https:\/\/trading.hhg.vn\/wp-content\/uploads\/2025\/11\/154__apa00564_tif.png",350,400,false],"portfolio_item-thumbnail@2x":["https:\/\/trading.hhg.vn\/wp-content\/uploads\/2025\/11\/154__apa00564_tif.png",700,800,false],"portfolio_item-masonry":["https:\/\/trading.hhg.vn\/wp-content\/uploads\/2025\/11\/154__apa00564_tif.png",600,686,false],"portfolio_item-masonry@2x":["https:\/\/trading.hhg.vn\/wp-content\/uploads\/2025\/11\/154__apa00564_tif.png",1200,1372,false],"portfolio_item-thumbnail_cinema":["https:\/\/trading.hhg.vn\/wp-content\/uploads\/2025\/11\/154__apa00564_tif.png",293,335,false],"portfolio_item-thumbnail_portrait":["https:\/\/trading.hhg.vn\/wp-content\/uploads\/2025\/11\/154__apa00564_tif.png",600,686,false],"portfolio_item-thumbnail_portrait@2x":["https:\/\/trading.hhg.vn\/wp-content\/uploads\/2025\/11\/154__apa00564_tif.png",1200,1372,false],"portfolio_item-thumbnail_square":["https:\/\/trading.hhg.vn\/wp-content\/uploads\/2025\/11\/154__apa00564_tif.png",700,800,false]},"_links":{"self":[{"href":"https:\/\/trading.hhg.vn\/en\/wp-json\/wp\/v2\/product\/63350","targetHints":{"allow":["GET"]}}],"collection":[{"href":"https:\/\/trading.hhg.vn\/en\/wp-json\/wp\/v2\/product"}],"about":[{"href":"https:\/\/trading.hhg.vn\/en\/wp-json\/wp\/v2\/types\/product"}],"replies":[{"embeddable":true,"href":"https:\/\/trading.hhg.vn\/en\/wp-json\/wp\/v2\/comments?post=63350"}],"version-history":[{"count":2,"href":"https:\/\/trading.hhg.vn\/en\/wp-json\/wp\/v2\/product\/63350\/revisions"}],"predecessor-version":[{"id":118687,"href":"https:\/\/trading.hhg.vn\/en\/wp-json\/wp\/v2\/product\/63350\/revisions\/118687"}],"wp:featuredmedia":[{"embeddable":true,"href":"https:\/\/trading.hhg.vn\/en\/wp-json\/wp\/v2\/media\/63575"}],"wp:attachment":[{"href":"https:\/\/trading.hhg.vn\/en\/wp-json\/wp\/v2\/media?parent=63350"}],"wp:term":[{"taxonomy":"product_cat","embeddable":true,"href":"https:\/\/trading.hhg.vn\/en\/wp-json\/wp\/v2\/product_cat?post=63350"},{"taxonomy":"product_tag","embeddable":true,"href":"https:\/\/trading.hhg.vn\/en\/wp-json\/wp\/v2\/product_tag?post=63350"}],"curies":[{"name":"wp","href":"https:\/\/api.w.org\/{rel}","templated":true}]}}