{"id":6356,"date":"2025-01-08T14:06:14","date_gmt":"2025-01-08T07:06:14","guid":{"rendered":"https:\/\/trading.hhg.vn\/?post_type=product&#038;p=6356"},"modified":"2025-01-08T14:38:14","modified_gmt":"2025-01-08T07:38:14","slug":"talis-m54-single-lever-kitchen-mixer-270-pull-out-spout-1jet","status":"publish","type":"product","link":"https:\/\/trading.hhg.vn\/en\/s\u1ea3n-ph\u1ea9m\/talis-m54-single-lever-kitchen-mixer-270-pull-out-spout-1jet\/","title":{"rendered":"Talis M54 Single lever kitchen mixer 270, pull-out spout, 1jet"},"content":{"rendered":"<p><img fetchpriority=\"high\" decoding=\"async\" class=\"aligncenter wp-image-6371 size-full\" src=\"http:\/\/trading.hhg.vn\/wp-content\/uploads\/2025\/01\/Artboard-9.jpg\" alt=\"\" width=\"700\" height=\"457\" srcset=\"https:\/\/trading.hhg.vn\/wp-content\/uploads\/2025\/01\/Artboard-9.jpg 700w, https:\/\/trading.hhg.vn\/wp-content\/uploads\/2025\/01\/Artboard-9-300x196.jpg 300w, https:\/\/trading.hhg.vn\/wp-content\/uploads\/2025\/01\/Artboard-9-150x98.jpg 150w\" sizes=\"(max-width: 700px) 100vw, 700px\" \/><\/p>\n<div class=\"flex max-w-full flex-col flex-grow\">\n<div class=\"min-h-8 text-message flex w-full flex-col items-end gap-2 whitespace-normal break-words text-start [.text-message+&amp;]:mt-5\" dir=\"auto\" data-message-author-role=\"assistant\" data-message-id=\"19172ddc-9f65-4e57-8f86-13648ca05c67\" data-message-model-slug=\"gpt-4o\">\n<div class=\"flex w-full flex-col gap-1 empty:hidden first:pt-[3px]\">\n<div class=\"markdown prose w-full break-words dark:prose-invert light\">\n<p>D\u00f2ng s\u1ea3n ph\u1ea9m Talis M54 c\u1ee7a Hansgrohe l\u00e0 b\u1ed9 s\u01b0u t\u1eadp v\u00f2i r\u1eeda b\u00e1t cao c\u1ea5p v\u1edbi thi\u1ebft k\u1ebf tinh t\u1ebf, hi\u1ec7n \u0111\u1ea1i, ph\u00f9 h\u1ee3p v\u1edbi kh\u00f4ng gian b\u1ebfp sang tr\u1ecdng. C\u00e1c s\u1ea3n ph\u1ea9m trong d\u00f2ng n\u00e0y n\u1ed5i b\u1eadt v\u1edbi thi\u1ebft k\u1ebf t\u1ed1i gi\u1ea3n, thanh l\u1ecbch, c\u00f3 t\u00f9y ch\u1ecdn h\u00ecnh ch\u1eef L ho\u1eb7c U, t\u1ea1o \u0111i\u1ec3m nh\u1ea5n cho kh\u00f4ng gian b\u1ebfp. Talis M54 cung c\u1ea5p t\u00ednh n\u0103ng linh ho\u1ea1t v\u1edbi v\u00f2i r\u00fat k\u00e9o d\u00e0i, kh\u1ea3 n\u0103ng xoay nhi\u1ec1u g\u00f3c kh\u00e1c nhau, gi\u00fap ng\u01b0\u1eddi d\u00f9ng d\u1ec5 d\u00e0ng thao t\u00e1c. S\u1ea3n ph\u1ea9m \u0111\u01b0\u1ee3c t\u00edch h\u1ee3p c\u00f4ng ngh\u1ec7 ti\u00ean ti\u1ebfn nh\u01b0 van g\u1ed1m b\u1ec1n b\u1ec9, h\u1ec7 th\u1ed1ng ti\u1ebft ki\u1ec7m n\u01b0\u1edbc, v\u00e0 ch\u1ed1ng ch\u1ea3y ng\u01b0\u1ee3c, \u0111\u1ea3m b\u1ea3o an to\u00e0n v\u00e0 hi\u1ec7u qu\u1ea3. Ch\u1ea5t li\u1ec7u cao c\u1ea5p v\u1edbi b\u1ec1 m\u1eb7t ho\u00e0n thi\u1ec7n s\u00e1ng b\u00f3ng, ch\u1ed1ng b\u00e1m b\u1ea9n, d\u1ec5 v\u1ec7 sinh, gi\u00fap Talis M54 v\u1eeba \u0111\u1eb9p m\u1eaft v\u1eeba b\u1ec1n b\u1ec9. D\u00f2ng s\u1ea3n ph\u1ea9m n\u00e0y c\u00f2n t\u01b0\u01a1ng th\u00edch v\u1edbi h\u1ec7 th\u1ed1ng n\u01b0\u1edbc n\u00f3ng t\u1ee9c th\u1eddi, mang l\u1ea1i tr\u1ea3i nghi\u1ec7m s\u1eed d\u1ee5ng t\u1ed1i \u01b0u cho kh\u00f4ng gian b\u1ebfp hi\u1ec7n \u0111\u1ea1i.<\/p>\n<\/div>\n<\/div>\n<\/div>\n<\/div>\n","protected":false},"excerpt":{"rendered":"<div class=\"flex max-w-full flex-col flex-grow\">\n<div class=\"min-h-8 text-message flex w-full flex-col items-end gap-2 whitespace-normal break-words text-start [.text-message+&amp;]:mt-5\" dir=\"auto\" data-message-author-role=\"assistant\" data-message-id=\"c2518240-bbe5-4275-afe9-54f25af6d2f3\" data-message-model-slug=\"gpt-4o\">\n<div class=\"flex w-full flex-col gap-1 empty:hidden first:pt-[3px]\">\n<div class=\"markdown prose w-full break-words dark:prose-invert light\">\n<p>Talis M54 Single lever kitchen mixer 270, pull-out spout, 1 jet l\u00e0 v\u00f2i r\u1eeda b\u00e1t cao c\u1ea5p v\u1edbi thi\u1ebft k\u1ebf hi\u1ec7n \u0111\u1ea1i, t\u00edch h\u1ee3p c\u1ea7n g\u1ea1t \u0111\u01a1n, c\u00f3 v\u00f2i r\u00fat linh ho\u1ea1t v\u00e0 d\u00f2ng ch\u1ea3y tia n\u01b0\u1edbc m\u1ea1nh m\u1ebd. S\u1ea3n ph\u1ea9m mang l\u1ea1i s\u1ef1 ti\u1ec7n nghi v\u1edbi kh\u1ea3 n\u0103ng xoay nhi\u1ec1u g\u00f3c, \u0111i\u1ec1u ch\u1ec9nh nhi\u1ec7t \u0111\u1ed9, v\u00e0 ph\u00f9 h\u1ee3p v\u1edbi h\u1ec7 th\u1ed1ng n\u01b0\u1edbc n\u00f3ng t\u1ee9c th\u1eddi, \u0111\u00e1p \u1ee9ng nhu c\u1ea7u s\u1eed d\u1ee5ng linh ho\u1ea1t trong kh\u00f4ng gian b\u1ebfp.<\/p>\n<\/div>\n<\/div>\n<\/div>\n<\/div>\n","protected":false},"featured_media":6357,"comment_status":"open","ping_status":"closed","template":"","meta":{"_acf_changed":false},"product_cat":[275,276],"product_tag":[],"class_list":{"0":"post-6356","1":"product","2":"type-product","3":"status-publish","4":"has-post-thumbnail","6":"product_cat-thiet-bi-nha-bep","7":"product_cat-voi-bep","8":"pa_mau-sac-chrome","9":"pa_mau-sac-chrome-den-xuoc","10":"pa_mau-sac-den-mo","11":"pa_mau-sac-thep-khong-gi","13":"first","14":"instock","15":"featured","16":"shipping-taxable","17":"purchasable","18":"product-type-variable"},"acf":[],"featured_media_urls":{"thumbnail":["https:\/\/trading.hhg.vn\/wp-content\/uploads\/2025\/01\/Artboard-1-2-150x150.jpg",150,150,true],"medium":["https:\/\/trading.hhg.vn\/wp-content\/uploads\/2025\/01\/Artboard-1-2-263x300.jpg",263,300,true],"medium_large":["https:\/\/trading.hhg.vn\/wp-content\/uploads\/2025\/01\/Artboard-1-2.jpg",400,457,false],"large":["https:\/\/trading.hhg.vn\/wp-content\/uploads\/2025\/01\/Artboard-1-2.jpg",400,457,false],"1536x1536":["https:\/\/trading.hhg.vn\/wp-content\/uploads\/2025\/01\/Artboard-1-2.jpg",400,457,false],"2048x2048":["https:\/\/trading.hhg.vn\/wp-content\/uploads\/2025\/01\/Artboard-1-2.jpg",400,457,false],"woocommerce_thumbnail":["https:\/\/trading.hhg.vn\/wp-content\/uploads\/2025\/01\/Artboard-1-2.jpg",400,457,false],"woocommerce_single":["https:\/\/trading.hhg.vn\/wp-content\/uploads\/2025\/01\/Artboard-1-2.jpg",400,457,false],"woocommerce_gallery_thumbnail":["https:\/\/trading.hhg.vn\/wp-content\/uploads\/2025\/01\/Artboard-1-2-150x171.jpg",150,171,true],"portfolio_item-thumbnail":["https:\/\/trading.hhg.vn\/wp-content\/uploads\/2025\/01\/Artboard-1-2.jpg",350,400,false],"portfolio_item-thumbnail@2x":["https:\/\/trading.hhg.vn\/wp-content\/uploads\/2025\/01\/Artboard-1-2.jpg",400,457,false],"portfolio_item-masonry":["https:\/\/trading.hhg.vn\/wp-content\/uploads\/2025\/01\/Artboard-1-2.jpg",400,457,false],"portfolio_item-masonry@2x":["https:\/\/trading.hhg.vn\/wp-content\/uploads\/2025\/01\/Artboard-1-2.jpg",400,457,false],"portfolio_item-thumbnail_cinema":["https:\/\/trading.hhg.vn\/wp-content\/uploads\/2025\/01\/Artboard-1-2.jpg",293,335,false],"portfolio_item-thumbnail_portrait":["https:\/\/trading.hhg.vn\/wp-content\/uploads\/2025\/01\/Artboard-1-2.jpg",400,457,false],"portfolio_item-thumbnail_portrait@2x":["https:\/\/trading.hhg.vn\/wp-content\/uploads\/2025\/01\/Artboard-1-2.jpg",400,457,false],"portfolio_item-thumbnail_square":["https:\/\/trading.hhg.vn\/wp-content\/uploads\/2025\/01\/Artboard-1-2.jpg",400,457,false]},"_links":{"self":[{"href":"https:\/\/trading.hhg.vn\/en\/wp-json\/wp\/v2\/product\/6356","targetHints":{"allow":["GET"]}}],"collection":[{"href":"https:\/\/trading.hhg.vn\/en\/wp-json\/wp\/v2\/product"}],"about":[{"href":"https:\/\/trading.hhg.vn\/en\/wp-json\/wp\/v2\/types\/product"}],"replies":[{"embeddable":true,"href":"https:\/\/trading.hhg.vn\/en\/wp-json\/wp\/v2\/comments?post=6356"}],"version-history":[{"count":1,"href":"https:\/\/trading.hhg.vn\/en\/wp-json\/wp\/v2\/product\/6356\/revisions"}],"predecessor-version":[{"id":6378,"href":"https:\/\/trading.hhg.vn\/en\/wp-json\/wp\/v2\/product\/6356\/revisions\/6378"}],"wp:featuredmedia":[{"embeddable":true,"href":"https:\/\/trading.hhg.vn\/en\/wp-json\/wp\/v2\/media\/6357"}],"wp:attachment":[{"href":"https:\/\/trading.hhg.vn\/en\/wp-json\/wp\/v2\/media?parent=6356"}],"wp:term":[{"taxonomy":"product_cat","embeddable":true,"href":"https:\/\/trading.hhg.vn\/en\/wp-json\/wp\/v2\/product_cat?post=6356"},{"taxonomy":"product_tag","embeddable":true,"href":"https:\/\/trading.hhg.vn\/en\/wp-json\/wp\/v2\/product_tag?post=6356"}],"curies":[{"name":"wp","href":"https:\/\/api.w.org\/{rel}","templated":true}]}}