{"id":65134,"date":"2025-11-23T15:08:15","date_gmt":"2025-11-23T08:08:15","guid":{"rendered":"https:\/\/trading.hhg.vn\/?post_type=product&#038;p=65134"},"modified":"2026-01-28T07:44:31","modified_gmt":"2026-01-28T00:44:31","slug":"bo-dieu-nhiet-sen-tam-300-gan-tuong-showertablet-select","status":"publish","type":"product","link":"https:\/\/trading.hhg.vn\/en\/s\u1ea3n-ph\u1ea9m\/bo-dieu-nhiet-sen-tam-300-gan-tuong-showertablet-select\/","title":{"rendered":"B\u1ed9 \u0111i\u1ec1u nhi\u1ec7t sen t\u1eafm 300 g\u1eafn t\u01b0\u1eddng ShowerTablet Select"},"content":{"rendered":"<p><img fetchpriority=\"high\" decoding=\"async\" class=\"alignnone wp-image-7559 aligncenter\" src=\"http:\/\/trading.hhg.vn\/wp-content\/uploads\/2025\/11\/showertablet.png\" alt=\"\" width=\"606\" height=\"454\" \/>D\u00f2ng s\u1ea3n ph\u1ea9m Hansgrohe\u202fShowerTablet l\u00e0 gi\u1ea3i ph\u00e1p van \u0111i\u1ec1u nhi\u1ec7t v\u00e0 l\u01b0u tr\u1eef hi\u1ec7n \u0111\u1ea1i d\u00e0nh cho ph\u00f2ng t\u1eafm, k\u1ebft h\u1ee3p khung \u0111i\u1ec1u khi\u1ec3n v\u1edbi k\u1ec7 \u0111\u1ef1ng ti\u1ec7n \u00edch. S\u1ea3n ph\u1ea9m cho ph\u00e9p l\u1eafp \u0111\u1eb7t n\u1ed5i tr\u00ean t\u01b0\u1eddng, v\u1edbi b\u1ec1 r\u1ed9ng l\u00ean \u0111\u1ebfn 600 mm mang l\u1ea1i kh\u00f4ng gian tho\u1ea3i m\u00e1i v\u00e0 g\u1ecdn g\u00e0ng.<\/p>\n<p>V\u1edbi c\u00f4ng ngh\u1ec7 t\u00edch h\u1ee3p nh\u01b0 n\u00fat b\u1ea5m Select gi\u00fap b\u1eadt\/t\u1eaft n\u01b0\u1edbc ho\u1eb7c chuy\u1ec3n ngu\u1ed3n \u0111\u1ea7u sen ch\u1ec9 v\u1edbi m\u1ed9t thao t\u00e1c nh\u1eb9. Ngo\u00e0i ra, thi\u1ebft b\u1ecb c\u00f2n trang b\u1ecb t\u00ednh n\u0103ng an to\u00e0n nh\u01b0 kh\u00f3a nhi\u1ec7t \u1edf 100 \u00b0C v\u00e0 c\u00f4ng ngh\u1ec7 CoolContact gi\u1eef b\u1ec1 m\u1eb7t v\u1ecf v\u00f2i lu\u00f4n m\u00e1t l\u1ea1nh khi s\u1eed d\u1ee5ng.<\/p>\n<p>L\u1edbp ho\u00e0n thi\u1ec7n ch\u1ea5t l\u01b0\u1ee3ng cao \u2013 t\u1eeb chrome ph\u1ea3n chi\u1ebfu \u0111\u1ebfn m\u00e0u tr\u1eafng-chrome t\u01b0\u01a1i m\u1edbi \u2013 c\u00f9ng k\u1ec7 k\u00ednh ch\u1ed1ng tr\u1ea7y gi\u00fap ShowerTablet kh\u00f4ng ch\u1ec9 ti\u1ec7n d\u1ee5ng m\u00e0 c\u00f2n l\u00e0 \u0111i\u1ec3m nh\u1ea5n th\u1ea9m m\u1ef9 cho ph\u00f2ng t\u1eafm hi\u1ec7n \u0111\u1ea1i.<\/p>\n","protected":false},"excerpt":{"rendered":"<p>Kh\u00e1m ph\u00e1 ShowerTablet Select 300 \u2013 thi\u1ebft b\u1ecb \u0111i\u1ec1u nhi\u1ec7t sen t\u1eafm g\u1eafn t\u01b0\u1eddng, n\u01a1i tinh hoa thi\u1ebft k\u1ebf g\u1eb7p g\u1ee1 c\u00f4ng n\u0103ng v\u01b0\u1ee3t tr\u1ed9i. M\u1ed7i \u0111\u01b0\u1eddng n\u00e9t \u0111\u1ec1u \u0111\u01b0\u1ee3c ch\u1ea1m kh\u1eafc t\u1ec9 m\u1ec9, t\u1ea1o n\u00ean v\u1ebb \u0111\u1eb9p sang tr\u1ecdng, n\u00e2ng t\u1ea7m kh\u00f4ng gian ph\u00f2ng t\u1eafm. V\u1edbi c\u00f4ng ngh\u1ec7 Select tr\u1ef1c quan, b\u1ea1n d\u1ec5 d\u00e0ng chuy\u1ec3n \u0111\u1ed5i ch\u1ebf \u0111\u1ed9 sen, \u0111i\u1ec1u ch\u1ec9nh nhi\u1ec7t \u0111\u1ed9 ch\u00ednh x\u00e1c \u0111\u1ebfn t\u1eebng \u0111\u1ed9 C, mang \u0111\u1ebfn tr\u1ea3i nghi\u1ec7m t\u1eafm th\u01b0 gi\u00e3n tuy\u1ec7t \u0111\u1ed1i, an to\u00e0n v\u00e0 c\u00e1 nh\u00e2n h\u00f3a. T\u1eadn h\u01b0\u1edfng kho\u1ea3nh kh\u1eafc th\u01b0 th\u00e1i, t\u00e1i t\u1ea1o n\u0103ng l\u01b0\u1ee3ng v\u1edbi s\u1ef1 k\u1ebft h\u1ee3p ho\u00e0n h\u1ea3o gi\u1eefa phong c\u00e1ch v\u00e0 ti\u1ec7n nghi.<\/p>\n","protected":false},"featured_media":66922,"comment_status":"open","ping_status":"closed","template":"","meta":{"_acf_changed":false},"product_cat":[847],"product_tag":[],"class_list":{"0":"post-65134","1":"product","2":"type-product","3":"status-publish","4":"has-post-thumbnail","6":"product_cat-bo-dieu-nhiet-2","7":"pa_mau-sac-chrome","8":"pa_mau-sac-trang","10":"first","11":"instock","12":"shipping-taxable","13":"purchasable","14":"product-type-variable"},"acf":[],"featured_media_urls":{"thumbnail":["https:\/\/trading.hhg.vn\/wp-content\/uploads\/2025\/11\/154__hpa01180_tif-150x150.png",150,150,true],"medium":["https:\/\/trading.hhg.vn\/wp-content\/uploads\/2025\/11\/154__hpa01180_tif-262x300.png",262,300,true],"medium_large":["https:\/\/trading.hhg.vn\/wp-content\/uploads\/2025\/11\/154__hpa01180_tif-768x878.png",768,878,true],"large":["https:\/\/trading.hhg.vn\/wp-content\/uploads\/2025\/11\/154__hpa01180_tif-896x1024.png",896,1024,true],"1536x1536":["https:\/\/trading.hhg.vn\/wp-content\/uploads\/2025\/11\/154__hpa01180_tif-1344x1536.png",1344,1536,true],"2048x2048":["https:\/\/trading.hhg.vn\/wp-content\/uploads\/2025\/11\/154__hpa01180_tif.png",1440,1646,false],"woocommerce_thumbnail":["https:\/\/trading.hhg.vn\/wp-content\/uploads\/2025\/11\/154__hpa01180_tif-600x600.png",600,600,true],"woocommerce_single":["https:\/\/trading.hhg.vn\/wp-content\/uploads\/2025\/11\/154__hpa01180_tif-1200x1372.png",1200,1372,true],"woocommerce_gallery_thumbnail":["https:\/\/trading.hhg.vn\/wp-content\/uploads\/2025\/11\/154__hpa01180_tif-150x171.png",150,171,true],"portfolio_item-thumbnail":["https:\/\/trading.hhg.vn\/wp-content\/uploads\/2025\/11\/154__hpa01180_tif.png",350,400,false],"portfolio_item-thumbnail@2x":["https:\/\/trading.hhg.vn\/wp-content\/uploads\/2025\/11\/154__hpa01180_tif.png",700,800,false],"portfolio_item-masonry":["https:\/\/trading.hhg.vn\/wp-content\/uploads\/2025\/11\/154__hpa01180_tif.png",600,686,false],"portfolio_item-masonry@2x":["https:\/\/trading.hhg.vn\/wp-content\/uploads\/2025\/11\/154__hpa01180_tif.png",1200,1372,false],"portfolio_item-thumbnail_cinema":["https:\/\/trading.hhg.vn\/wp-content\/uploads\/2025\/11\/154__hpa01180_tif.png",293,335,false],"portfolio_item-thumbnail_portrait":["https:\/\/trading.hhg.vn\/wp-content\/uploads\/2025\/11\/154__hpa01180_tif.png",600,686,false],"portfolio_item-thumbnail_portrait@2x":["https:\/\/trading.hhg.vn\/wp-content\/uploads\/2025\/11\/154__hpa01180_tif.png",1200,1372,false],"portfolio_item-thumbnail_square":["https:\/\/trading.hhg.vn\/wp-content\/uploads\/2025\/11\/154__hpa01180_tif.png",700,800,false]},"_links":{"self":[{"href":"https:\/\/trading.hhg.vn\/en\/wp-json\/wp\/v2\/product\/65134","targetHints":{"allow":["GET"]}}],"collection":[{"href":"https:\/\/trading.hhg.vn\/en\/wp-json\/wp\/v2\/product"}],"about":[{"href":"https:\/\/trading.hhg.vn\/en\/wp-json\/wp\/v2\/types\/product"}],"replies":[{"embeddable":true,"href":"https:\/\/trading.hhg.vn\/en\/wp-json\/wp\/v2\/comments?post=65134"}],"version-history":[{"count":2,"href":"https:\/\/trading.hhg.vn\/en\/wp-json\/wp\/v2\/product\/65134\/revisions"}],"predecessor-version":[{"id":117573,"href":"https:\/\/trading.hhg.vn\/en\/wp-json\/wp\/v2\/product\/65134\/revisions\/117573"}],"wp:featuredmedia":[{"embeddable":true,"href":"https:\/\/trading.hhg.vn\/en\/wp-json\/wp\/v2\/media\/66922"}],"wp:attachment":[{"href":"https:\/\/trading.hhg.vn\/en\/wp-json\/wp\/v2\/media?parent=65134"}],"wp:term":[{"taxonomy":"product_cat","embeddable":true,"href":"https:\/\/trading.hhg.vn\/en\/wp-json\/wp\/v2\/product_cat?post=65134"},{"taxonomy":"product_tag","embeddable":true,"href":"https:\/\/trading.hhg.vn\/en\/wp-json\/wp\/v2\/product_tag?post=65134"}],"curies":[{"name":"wp","href":"https:\/\/api.w.org\/{rel}","templated":true}]}}