{"id":6746,"date":"2025-01-16T09:28:08","date_gmt":"2025-01-16T02:28:08","guid":{"rendered":"https:\/\/trading.hhg.vn\/?post_type=product&#038;p=6746"},"modified":"2025-12-10T09:55:15","modified_gmt":"2025-12-10T02:55:15","slug":"hansgrohe-raindance-shower-panel-lift-180-2jet-for-exposed-installation","status":"publish","type":"product","link":"https:\/\/trading.hhg.vn\/en\/s\u1ea3n-ph\u1ea9m\/hansgrohe-raindance-shower-panel-lift-180-2jet-for-exposed-installation\/","title":{"rendered":"Hansgrohe Raindance Shower panel Lift 180 2jet for exposed installation"},"content":{"rendered":"<p><img fetchpriority=\"high\" decoding=\"async\" class=\"aligncenter wp-image-6757 size-full\" src=\"http:\/\/trading.hhg.vn\/wp-content\/uploads\/2025\/01\/Anh-mo-ta-dong-1.jpg\" alt=\"\" width=\"700\" height=\"457\" srcset=\"https:\/\/trading.hhg.vn\/wp-content\/uploads\/2025\/01\/Anh-mo-ta-dong-1.jpg 700w, https:\/\/trading.hhg.vn\/wp-content\/uploads\/2025\/01\/Anh-mo-ta-dong-1-300x196.jpg 300w, https:\/\/trading.hhg.vn\/wp-content\/uploads\/2025\/01\/Anh-mo-ta-dong-1-150x98.jpg 150w\" sizes=\"(max-width: 700px) 100vw, 700px\" \/><\/p>\n<p>D\u00f2ng s\u1ea3n ph\u1ea9m hansgrohe Raindance l\u00e0 b\u1ed9 s\u01b0u t\u1eadp sen t\u1eafm cao c\u1ea5p t\u1eeb th\u01b0\u01a1ng hi\u1ec7u \u0110\u1ee9c hansgrohe, n\u1ed5i b\u1eadt v\u1edbi thi\u1ebft k\u1ebf hi\u1ec7n \u0111\u1ea1i v\u00e0 c\u00f4ng ngh\u1ec7 ti\u00ean ti\u1ebfn. C\u00e1c s\u1ea3n ph\u1ea9m trong d\u00f2ng n\u00e0y, bao g\u1ed3m sen tay v\u00e0 b\u00e1t sen l\u1edbn, \u0111\u01b0\u1ee3c trang b\u1ecb \u0111\u0129a phun k\u00edch th\u01b0\u1edbc l\u1edbn, mang \u0111\u1ebfn tr\u1ea3i nghi\u1ec7m t\u1eafm r\u1ed9ng r\u00e3i v\u00e0 tho\u1ea3i m\u00e1i. C\u00f4ng ngh\u1ec7 AirPower tr\u1ed9n kh\u00f4ng kh\u00ed v\u00e0o d\u00f2ng n\u01b0\u1edbc, t\u1ea1o ra nh\u1eefng tia n\u01b0\u1edbc m\u1ec1m m\u1ea1i v\u00e0 ti\u1ebft ki\u1ec7m n\u01b0\u1edbc hi\u1ec7u qu\u1ea3. Ngo\u00e0i ra, t\u00ednh n\u0103ng QuickClean v\u1edbi c\u00e1c \u0111\u1ea7u phun silicone gi\u00fap d\u1ec5 d\u00e0ng lo\u1ea1i b\u1ecf c\u1eb7n v\u00f4i, duy tr\u00ec hi\u1ec7u su\u1ea5t phun n\u01b0\u1edbc \u1ed5n \u0111\u1ecbnh. \u0110\u1eb7c bi\u1ec7t, c\u00f4ng ngh\u1ec7 Select cho ph\u00e9p ng\u01b0\u1eddi d\u00f9ng chuy\u1ec3n \u0111\u1ed5i ch\u1ebf \u0111\u1ed9 phun ch\u1ec9 b\u1eb1ng m\u1ed9t n\u00fat b\u1ea5m, t\u0103ng c\u01b0\u1eddng s\u1ef1 ti\u1ec7n l\u1ee3i v\u00e0 tr\u1ea3i nghi\u1ec7m t\u1eafm th\u01b0 gi\u00e3n.<\/p>\n","protected":false},"excerpt":{"rendered":"<div class=\"flex max-w-full flex-col flex-grow\">\n<div class=\"min-h-8 text-message flex w-full flex-col items-end gap-2 whitespace-normal break-words text-start [.text-message+&amp;]:mt-5\" dir=\"auto\" data-message-author-role=\"assistant\" data-message-id=\"49dec8ed-6ac3-4cf2-9870-e8567963a284\" data-message-model-slug=\"gpt-4o\">\n<div class=\"flex w-full flex-col gap-1 empty:hidden first:pt-[3px]\">\n<div class=\"markdown prose w-full break-words dark:prose-invert light\">\n<p>Hansgrohe Raindance &#8211; Shower panel Lift 180 2jet l\u00e0 b\u1ed9 sen t\u1eafm cao c\u1ea5p v\u1edbi thi\u1ebft k\u1ebf hi\u1ec7n \u0111\u1ea1i, t\u00edch h\u1ee3p sen t\u1eafm v\u00e0 tay sen \u0111a ch\u1ee9c n\u0103ng. S\u1ea3n ph\u1ea9m c\u00f3 c\u00e1c ch\u1ebf \u0111\u1ed9 phun n\u01b0\u1edbc RainAir v\u00e0 RainFlow, mang \u0111\u1ebfn tr\u1ea3i nghi\u1ec7m t\u1eafm th\u01b0 gi\u00e3n v\u1edbi l\u01b0u l\u01b0\u1ee3ng n\u01b0\u1edbc m\u1ea1nh m\u1ebd. \u0110\u1eb7c bi\u1ec7t, t\u00ednh n\u0103ng b\u1ea3o v\u1ec7 ch\u1ed1ng b\u1ecfng v\u00e0 kh\u1ea3 n\u0103ng \u0111i\u1ec1u ch\u1ec9nh chi\u1ec1u cao gi\u00fap t\u0103ng c\u01b0\u1eddng s\u1ef1 an to\u00e0n v\u00e0 ti\u1ec7n l\u1ee3i khi s\u1eed d\u1ee5ng.<\/p>\n<\/div>\n<\/div>\n<\/div>\n<\/div>\n","protected":false},"featured_media":6747,"comment_status":"open","ping_status":"closed","template":"","meta":{"_acf_changed":false},"product_cat":[69,101],"product_tag":[],"class_list":{"0":"post-6746","1":"product","2":"type-product","3":"status-publish","4":"has-post-thumbnail","6":"product_cat-phong-tam","7":"product_cat-khu-vuc-sen-tam","8":"pa_mau-sac-satin-chrome","9":"pa_mau-sac-white-chrome","11":"first","12":"instock","13":"shipping-taxable","14":"purchasable","15":"product-type-variable"},"acf":[],"featured_media_urls":{"thumbnail":["https:\/\/trading.hhg.vn\/wp-content\/uploads\/2025\/01\/000-12-150x150.jpg",150,150,true],"medium":["https:\/\/trading.hhg.vn\/wp-content\/uploads\/2025\/01\/000-12-263x300.jpg",263,300,true],"medium_large":["https:\/\/trading.hhg.vn\/wp-content\/uploads\/2025\/01\/000-12.jpg",400,457,false],"large":["https:\/\/trading.hhg.vn\/wp-content\/uploads\/2025\/01\/000-12.jpg",400,457,false],"1536x1536":["https:\/\/trading.hhg.vn\/wp-content\/uploads\/2025\/01\/000-12.jpg",400,457,false],"2048x2048":["https:\/\/trading.hhg.vn\/wp-content\/uploads\/2025\/01\/000-12.jpg",400,457,false],"woocommerce_thumbnail":["https:\/\/trading.hhg.vn\/wp-content\/uploads\/2025\/01\/000-12.jpg",400,457,false],"woocommerce_single":["https:\/\/trading.hhg.vn\/wp-content\/uploads\/2025\/01\/000-12.jpg",400,457,false],"woocommerce_gallery_thumbnail":["https:\/\/trading.hhg.vn\/wp-content\/uploads\/2025\/01\/000-12-150x171.jpg",150,171,true],"portfolio_item-thumbnail":["https:\/\/trading.hhg.vn\/wp-content\/uploads\/2025\/01\/000-12.jpg",350,400,false],"portfolio_item-thumbnail@2x":["https:\/\/trading.hhg.vn\/wp-content\/uploads\/2025\/01\/000-12.jpg",400,457,false],"portfolio_item-masonry":["https:\/\/trading.hhg.vn\/wp-content\/uploads\/2025\/01\/000-12.jpg",400,457,false],"portfolio_item-masonry@2x":["https:\/\/trading.hhg.vn\/wp-content\/uploads\/2025\/01\/000-12.jpg",400,457,false],"portfolio_item-thumbnail_cinema":["https:\/\/trading.hhg.vn\/wp-content\/uploads\/2025\/01\/000-12.jpg",293,335,false],"portfolio_item-thumbnail_portrait":["https:\/\/trading.hhg.vn\/wp-content\/uploads\/2025\/01\/000-12.jpg",400,457,false],"portfolio_item-thumbnail_portrait@2x":["https:\/\/trading.hhg.vn\/wp-content\/uploads\/2025\/01\/000-12.jpg",400,457,false],"portfolio_item-thumbnail_square":["https:\/\/trading.hhg.vn\/wp-content\/uploads\/2025\/01\/000-12.jpg",400,457,false]},"_links":{"self":[{"href":"https:\/\/trading.hhg.vn\/en\/wp-json\/wp\/v2\/product\/6746","targetHints":{"allow":["GET"]}}],"collection":[{"href":"https:\/\/trading.hhg.vn\/en\/wp-json\/wp\/v2\/product"}],"about":[{"href":"https:\/\/trading.hhg.vn\/en\/wp-json\/wp\/v2\/types\/product"}],"replies":[{"embeddable":true,"href":"https:\/\/trading.hhg.vn\/en\/wp-json\/wp\/v2\/comments?post=6746"}],"version-history":[{"count":2,"href":"https:\/\/trading.hhg.vn\/en\/wp-json\/wp\/v2\/product\/6746\/revisions"}],"predecessor-version":[{"id":6784,"href":"https:\/\/trading.hhg.vn\/en\/wp-json\/wp\/v2\/product\/6746\/revisions\/6784"}],"wp:featuredmedia":[{"embeddable":true,"href":"https:\/\/trading.hhg.vn\/en\/wp-json\/wp\/v2\/media\/6747"}],"wp:attachment":[{"href":"https:\/\/trading.hhg.vn\/en\/wp-json\/wp\/v2\/media?parent=6746"}],"wp:term":[{"taxonomy":"product_cat","embeddable":true,"href":"https:\/\/trading.hhg.vn\/en\/wp-json\/wp\/v2\/product_cat?post=6746"},{"taxonomy":"product_tag","embeddable":true,"href":"https:\/\/trading.hhg.vn\/en\/wp-json\/wp\/v2\/product_tag?post=6746"}],"curies":[{"name":"wp","href":"https:\/\/api.w.org\/{rel}","templated":true}]}}