{"id":68987,"date":"2025-11-24T08:44:13","date_gmt":"2025-11-24T01:44:13","guid":{"rendered":"https:\/\/trading.hhg.vn\/?post_type=product&#038;p=68987"},"modified":"2026-01-28T07:46:44","modified_gmt":"2026-01-28T00:46:44","slug":"bo-dieu-nhiet-am-tuong-2-chuc-nang-ecostat-comfort-e","status":"publish","type":"product","link":"https:\/\/trading.hhg.vn\/en\/s\u1ea3n-ph\u1ea9m\/bo-dieu-nhiet-am-tuong-2-chuc-nang-ecostat-comfort-e\/","title":{"rendered":"B\u1ed9 \u0111i\u1ec1u nhi\u1ec7t \u00e2m t\u01b0\u1eddng 2 ch\u1ee9c n\u0103ng Ecostat Comfort E"},"content":{"rendered":"<p><img fetchpriority=\"high\" decoding=\"async\" class=\"alignnone wp-image-7559 aligncenter\" src=\"http:\/\/trading.hhg.vn\/wp-content\/uploads\/2025\/11\/Ecostat-Comfort.jpg\" alt=\"\" width=\"606\" height=\"454\" \/>Ecostat Comfort l\u00e0 d\u00f2ng b\u1ed9 tr\u1ed9n nhi\u1ec7t n\u1ed5i c\u1ee7a hansgrohe \u0111\u01b0\u1ee3c thi\u1ebft k\u1ebf \u0111\u1ec3 mang l\u1ea1i s\u1ef1 tho\u1ea3i m\u00e1i, an to\u00e0n v\u00e0 ti\u1ebft ki\u1ec7m t\u1ed1i \u01b0u trong ph\u00f2ng t\u1eafm. V\u1edbi c\u00f4ng ngh\u1ec7 \u0111i\u1ec1u ch\u1ec9nh nhi\u1ec7t t\u1ef1 \u0111\u1ed9ng, s\u1ea3n ph\u1ea9m gi\u00fap duy tr\u00ec nhi\u1ec7t \u0111\u1ed9 n\u01b0\u1edbc \u1ed5n \u0111\u1ecbnh, tr\u00e1nh t\u00ecnh tr\u1ea1ng thay \u0111\u1ed5i \u0111\u1ed9t ng\u1ed9t v\u00e0 ng\u0103n ng\u1eeba nguy c\u01a1 b\u1ecfng. N\u00fat SafetyStop \u1edf 40\u00b0C \u0111\u1ea3m b\u1ea3o an to\u00e0n tuy\u1ec7t \u0111\u1ed1i cho c\u1ea3 tr\u1ebb nh\u1ecf v\u00e0 ng\u01b0\u1eddi l\u1edbn tu\u1ed5i.<\/p>\n<p>C\u00f3 3 ki\u1ec3u d\u00e1ng ch\u00ednh: Ecostat Comfort Q thi\u1ebft k\u1ebf vu\u00f4ng v\u1ee9c hi\u1ec7n \u0111\u1ea1i; Ecostat Comfort S d\u00e1ng tr\u00f2n c\u1ed5 \u0111i\u1ec3n; Ecostat Comfort E bo g\u00f3c m\u1ec1m m\u1ea1i<\/p>\n","protected":false},"excerpt":{"rendered":"<p>Ecostat Comfort E bi\u1ebfn m\u1ecdi kho\u1ea3nh kh\u1eafc t\u1eafm th\u00e0nh tr\u1ea3i nghi\u1ec7m th\u0103ng hoa v\u1edbi thi\u1ebft k\u1ebf \u00e2m t\u01b0\u1eddng tinh t\u1ebf, t\u1ed1i gi\u1ea3n kh\u00f4ng ph\u00f4 tr\u01b0\u01a1ng. \u0110i\u1ec1u ch\u1ec9nh n\u01b0\u1edbc n\u00f3ng v\u00e0 l\u1ea1nh c\u00f9ng l\u00fac d\u1ec5 d\u00e0ng, chu\u1ea9n x\u00e1c \u0111\u1ebfn t\u1eebng \u0111\u1ed9 C, gi\u00fap b\u1ea1n lu\u00f4n t\u00ecm \u0111\u01b0\u1ee3c s\u1ef1 c\u00e2n b\u1eb1ng ho\u00e0n h\u1ea3o. Ch\u1ea5t li\u1ec7u cao c\u1ea5p v\u00e0 c\u00f4ng ngh\u1ec7 ti\u00ean ti\u1ebfn \u0111\u1ea3m b\u1ea3o v\u1eadn h\u00e0nh \u00eam \u00e1i, b\u1ec1n b\u1ec9, mang \u0111\u1ebfn s\u1ef1 ti\u1ec7n nghi v\u00e0 v\u1ebb \u0111\u1eb9p tr\u01b0\u1eddng t\u1ed3n cho kh\u00f4ng gian ph\u00f2ng t\u1eafm \u0111\u1eb3ng c\u1ea5p c\u1ee7a b\u1ea1n.<\/p>\n","protected":false},"featured_media":69404,"comment_status":"open","ping_status":"closed","template":"","meta":{"_acf_changed":false},"product_cat":[847],"product_tag":[],"class_list":{"0":"post-68987","1":"product","2":"type-product","3":"status-publish","4":"has-post-thumbnail","6":"product_cat-bo-dieu-nhiet-2","7":"pa_mau-sac-chrome","8":"pa_mau-sac-chrome-den-xuoc","9":"pa_mau-sac-den-mo","10":"pa_mau-sac-dong-xuoc","11":"pa_mau-sac-trang-mo","12":"pa_mau-sac-vang-bong","14":"first","15":"instock","16":"shipping-taxable","17":"product-type-variable"},"acf":[],"featured_media_urls":{"thumbnail":["https:\/\/trading.hhg.vn\/wp-content\/uploads\/2025\/11\/154__hpr07430_tif-150x150.png",150,150,true],"medium":["https:\/\/trading.hhg.vn\/wp-content\/uploads\/2025\/11\/154__hpr07430_tif-262x300.png",262,300,true],"medium_large":["https:\/\/trading.hhg.vn\/wp-content\/uploads\/2025\/11\/154__hpr07430_tif-768x878.png",768,878,true],"large":["https:\/\/trading.hhg.vn\/wp-content\/uploads\/2025\/11\/154__hpr07430_tif-896x1024.png",896,1024,true],"1536x1536":["https:\/\/trading.hhg.vn\/wp-content\/uploads\/2025\/11\/154__hpr07430_tif.png",1271,1453,false],"2048x2048":["https:\/\/trading.hhg.vn\/wp-content\/uploads\/2025\/11\/154__hpr07430_tif.png",1271,1453,false],"woocommerce_thumbnail":["https:\/\/trading.hhg.vn\/wp-content\/uploads\/2025\/11\/154__hpr07430_tif-600x600.png",600,600,true],"woocommerce_single":["https:\/\/trading.hhg.vn\/wp-content\/uploads\/2025\/11\/154__hpr07430_tif-1200x1372.png",1200,1372,true],"woocommerce_gallery_thumbnail":["https:\/\/trading.hhg.vn\/wp-content\/uploads\/2025\/11\/154__hpr07430_tif-150x171.png",150,171,true],"portfolio_item-thumbnail":["https:\/\/trading.hhg.vn\/wp-content\/uploads\/2025\/11\/154__hpr07430_tif.png",350,400,false],"portfolio_item-thumbnail@2x":["https:\/\/trading.hhg.vn\/wp-content\/uploads\/2025\/11\/154__hpr07430_tif.png",700,800,false],"portfolio_item-masonry":["https:\/\/trading.hhg.vn\/wp-content\/uploads\/2025\/11\/154__hpr07430_tif.png",600,686,false],"portfolio_item-masonry@2x":["https:\/\/trading.hhg.vn\/wp-content\/uploads\/2025\/11\/154__hpr07430_tif.png",1200,1372,false],"portfolio_item-thumbnail_cinema":["https:\/\/trading.hhg.vn\/wp-content\/uploads\/2025\/11\/154__hpr07430_tif.png",293,335,false],"portfolio_item-thumbnail_portrait":["https:\/\/trading.hhg.vn\/wp-content\/uploads\/2025\/11\/154__hpr07430_tif.png",600,686,false],"portfolio_item-thumbnail_portrait@2x":["https:\/\/trading.hhg.vn\/wp-content\/uploads\/2025\/11\/154__hpr07430_tif.png",1200,1372,false],"portfolio_item-thumbnail_square":["https:\/\/trading.hhg.vn\/wp-content\/uploads\/2025\/11\/154__hpr07430_tif.png",700,800,false]},"_links":{"self":[{"href":"https:\/\/trading.hhg.vn\/en\/wp-json\/wp\/v2\/product\/68987","targetHints":{"allow":["GET"]}}],"collection":[{"href":"https:\/\/trading.hhg.vn\/en\/wp-json\/wp\/v2\/product"}],"about":[{"href":"https:\/\/trading.hhg.vn\/en\/wp-json\/wp\/v2\/types\/product"}],"replies":[{"embeddable":true,"href":"https:\/\/trading.hhg.vn\/en\/wp-json\/wp\/v2\/comments?post=68987"}],"version-history":[{"count":2,"href":"https:\/\/trading.hhg.vn\/en\/wp-json\/wp\/v2\/product\/68987\/revisions"}],"predecessor-version":[{"id":117594,"href":"https:\/\/trading.hhg.vn\/en\/wp-json\/wp\/v2\/product\/68987\/revisions\/117594"}],"wp:featuredmedia":[{"embeddable":true,"href":"https:\/\/trading.hhg.vn\/en\/wp-json\/wp\/v2\/media\/69404"}],"wp:attachment":[{"href":"https:\/\/trading.hhg.vn\/en\/wp-json\/wp\/v2\/media?parent=68987"}],"wp:term":[{"taxonomy":"product_cat","embeddable":true,"href":"https:\/\/trading.hhg.vn\/en\/wp-json\/wp\/v2\/product_cat?post=68987"},{"taxonomy":"product_tag","embeddable":true,"href":"https:\/\/trading.hhg.vn\/en\/wp-json\/wp\/v2\/product_tag?post=68987"}],"curies":[{"name":"wp","href":"https:\/\/api.w.org\/{rel}","templated":true}]}}