{"id":6938,"date":"2025-04-09T15:41:46","date_gmt":"2025-04-09T08:41:46","guid":{"rendered":"https:\/\/trading.hhg.vn\/?post_type=product&#038;p=6938"},"modified":"2025-04-09T15:45:25","modified_gmt":"2025-04-09T08:45:25","slug":"chau-lavabo-geberit-smyle-square","status":"publish","type":"product","link":"https:\/\/trading.hhg.vn\/en\/s\u1ea3n-ph\u1ea9m\/chau-lavabo-geberit-smyle-square\/","title":{"rendered":"Ch\u1eadu lavabo Geberit Smyle Square"},"content":{"rendered":"<p><img fetchpriority=\"high\" decoding=\"async\" class=\"aligncenter wp-image-6947 size-full\" src=\"http:\/\/trading.hhg.vn\/wp-content\/uploads\/2025\/04\/Artboard-5-1.png\" alt=\"\" width=\"700\" height=\"457\" srcset=\"https:\/\/trading.hhg.vn\/wp-content\/uploads\/2025\/04\/Artboard-5-1.png 700w, https:\/\/trading.hhg.vn\/wp-content\/uploads\/2025\/04\/Artboard-5-1-300x196.png 300w, https:\/\/trading.hhg.vn\/wp-content\/uploads\/2025\/04\/Artboard-5-1-150x98.png 150w\" sizes=\"(max-width: 700px) 100vw, 700px\" \/><\/p>\n<p data-pm-slice=\"0 0 []\">\u200bD\u00f2ng s\u1ea3n ph\u1ea9m Geberit Smyle Square mang \u0111\u1ebfn thi\u1ebft k\u1ebf hi\u1ec7n \u0111\u1ea1i v\u00e0 tinh t\u1ebf, t\u1ea1o kh\u00f4ng gian ph\u00f2ng t\u1eafm th\u01b0 gi\u00e3n v\u00e0 h\u00e0i h\u00f2a. \u200bD\u00f2ng s\u1ea3n ph\u1ea9m Geberit Smyle Square t\u1eadp trung v\u00e0o c\u00e1c ch\u1eadu r\u1eeda h\u00ecnh ch\u1eef nh\u1eadt v\u1edbi thi\u1ebft k\u1ebf hi\u1ec7n \u0111\u1ea1i v\u00e0 t\u1ed1i gi\u1ea3n, ph\u00f9 h\u1ee3p cho nhi\u1ec1u kh\u00f4ng gian ph\u00f2ng t\u1eafm kh\u00e1c nhau. C\u00e1c ch\u1eadu r\u1eeda n\u00e0y \u0111\u01b0\u1ee3c l\u00e0m t\u1eeb s\u1ee9 v\u1ec7 sinh ch\u1ea5t l\u01b0\u1ee3ng cao, \u0111\u1ea3m b\u1ea3o \u0111\u1ed9 b\u1ec1n v\u00e0 d\u1ec5 d\u00e0ng v\u1ec7 sinh. Geberit cung c\u1ea5p nhi\u1ec1u k\u00edch th\u01b0\u1edbc ch\u1eadu r\u1eeda kh\u00e1c nhau, t\u1eeb 60&#215;48 cm \u0111\u1ebfn 120&#215;48 cm, \u0111\u00e1p \u1ee9ng \u0111a d\u1ea1ng nhu c\u1ea7u s\u1eed d\u1ee5ng. Ngo\u00e0i ra, d\u00f2ng s\u1ea3n ph\u1ea9m c\u00f2n c\u00f3 c\u00e1c b\u1ed3n c\u1ea7u treo t\u01b0\u1eddng v\u1edbi c\u00f4ng ngh\u1ec7 Rimfree, d\u1ec5 d\u00e0ng v\u1ec7 sinh v\u00e0 \u0111\u1ea3m b\u1ea3o v\u1ec7 sinh t\u1ed1i \u01b0u. Geberit Smyle Square cung c\u1ea5p nhi\u1ec1u t\u00f9y ch\u1ecdn k\u1ebft h\u1ee3p, cho ph\u00e9p t\u00f9y ch\u1ec9nh theo s\u1edf th\u00edch v\u00e0 nhu c\u1ea7u l\u01b0u tr\u1eef c\u1ee7a ng\u01b0\u1eddi d\u00f9ng. V\u1edbi s\u1ef1 k\u1ebft h\u1ee3p gi\u1eefa ch\u1ee9c n\u0103ng v\u00e0 th\u1ea9m m\u1ef9, Geberit Smyle Square l\u00e0 l\u1ef1a ch\u1ecdn l\u00fd t\u01b0\u1edfng cho nh\u1eefng ai t\u00ecm ki\u1ebfm gi\u1ea3i ph\u00e1p ph\u00f2ng t\u1eafm hi\u1ec7n \u0111\u1ea1i v\u00e0 ti\u1ec7n nghi<\/p>\n","protected":false},"excerpt":{"rendered":"<article class=\"text-token-text-primary w-full\" dir=\"auto\" data-testid=\"conversation-turn-22\" data-scroll-anchor=\"true\">\n<div class=\"text-base my-auto mx-auto py-5 [--thread-content-margin:--spacing(4)] @[37rem]:[--thread-content-margin:--spacing(6)] @[70rem]:[--thread-content-margin:--spacing(12)] px-(--thread-content-margin)\">\n<div class=\"[--thread-content-max-width:32rem] @[34rem]:[--thread-content-max-width:40rem] @[64rem]:[--thread-content-max-width:48rem] mx-auto flex max-w-(--thread-content-max-width) flex-1 text-base gap-4 md:gap-5 lg:gap-6 group\/turn-messages focus-visible:outline-hidden\" tabindex=\"-1\">\n<div class=\"group\/conversation-turn relative flex w-full min-w-0 flex-col agent-turn\">\n<div class=\"relative flex-col gap-1 md:gap-3\">\n<div class=\"flex max-w-full flex-col grow\">\n<div class=\"min-h-8 text-message relative flex w-full flex-col items-end gap-2 text-start break-words whitespace-normal [.text-message+&amp;]:mt-5\" dir=\"auto\" data-message-author-role=\"assistant\" data-message-id=\"6b4a48ce-bf81-4c8a-b84e-7759d2364ac7\" data-message-model-slug=\"gpt-4o\">\n<div class=\"flex w-full flex-col gap-1 empty:hidden first:pt-[3px]\">\n<div class=\"markdown prose dark:prose-invert w-full break-words light\">\n<p class=\"\" data-start=\"0\" data-end=\"613\">Ch\u1eadu r\u1eeda Geberit Smyle Square, m\u00e0u tr\u1eafng, mang thi\u1ebft k\u1ebf h\u00ecnh ch\u1eef nh\u1eadt hi\u1ec7n \u0111\u1ea1i v\u1edbi chi\u1ec1u d\u00e0i 750 mm v\u00e0 chi\u1ec1u cao 165 mm, ph\u00f9 h\u1ee3p cho nhi\u1ec1u kh\u00f4ng gian ph\u00f2ng t\u1eafm. \u0110\u01b0\u1ee3c l\u00e0m t\u1eeb s\u1ee9 tr\u00e1ng men cao c\u1ea5p, s\u1ea3n ph\u1ea9m c\u00f3 b\u1ec1 m\u1eb7t nh\u1eb5n b\u00f3ng, d\u1ec5 d\u00e0ng v\u1ec7 sinh v\u00e0 duy tr\u00ec \u0111\u1ed9 s\u00e1ng m\u1edbi trong th\u1eddi gian d\u00e0i. Thi\u1ebft k\u1ebf t\u1ed1i gi\u1ea3n v\u1edbi c\u00e1c \u0111\u01b0\u1eddng n\u00e9t vu\u00f4ng v\u1eafn mang l\u1ea1i v\u1ebb thanh l\u1ecbch v\u00e0 tinh t\u1ebf. Ch\u1eadu \u0111\u01b0\u1ee3c trang b\u1ecb l\u1ed7 tho\u00e1t tr\u00e0n (overflow) c\u00f3 th\u1ec3 nh\u00ecn th\u1ea5y, v\u1eeba \u0111\u1ea3m b\u1ea3o ch\u1ee9c n\u0103ng ch\u1ed1ng tr\u00e0n, v\u1eeba h\u00e0i h\u00f2a v\u1edbi t\u1ed5ng th\u1ec3 thi\u1ebft k\u1ebf. \u0110\u00e2y l\u00e0 l\u1ef1a ch\u1ecdn l\u00fd t\u01b0\u1edfng cho nh\u1eefng ai \u0111ang t\u00ecm ki\u1ebfm m\u1ed9t gi\u1ea3i ph\u00e1p ch\u1eadu r\u1eeda ti\u1ec7n nghi, b\u1ec1n b\u1ec9 v\u00e0 c\u00f3 t\u00ednh th\u1ea9m m\u1ef9 cao.<\/p>\n<\/div>\n<\/div>\n<\/div>\n<\/div>\n<\/div>\n<\/div>\n<\/div>\n<\/div>\n<\/article>\n","protected":false},"featured_media":6941,"comment_status":"open","ping_status":"closed","template":"","meta":{"_acf_changed":false},"product_cat":[69,71],"product_tag":[],"class_list":{"0":"post-6938","1":"product","2":"type-product","3":"status-publish","4":"has-post-thumbnail","6":"product_cat-phong-tam","7":"product_cat-chau","8":"pa_mau-sac-trang","10":"first","11":"instock","12":"shipping-taxable","13":"purchasable","14":"product-type-simple"},"acf":[],"featured_media_urls":{"thumbnail":["https:\/\/trading.hhg.vn\/wp-content\/uploads\/2025\/04\/Artboard-2-2-150x150.png",150,150,true],"medium":["https:\/\/trading.hhg.vn\/wp-content\/uploads\/2025\/04\/Artboard-2-2-263x300.png",263,300,true],"medium_large":["https:\/\/trading.hhg.vn\/wp-content\/uploads\/2025\/04\/Artboard-2-2.png",400,457,false],"large":["https:\/\/trading.hhg.vn\/wp-content\/uploads\/2025\/04\/Artboard-2-2.png",400,457,false],"1536x1536":["https:\/\/trading.hhg.vn\/wp-content\/uploads\/2025\/04\/Artboard-2-2.png",400,457,false],"2048x2048":["https:\/\/trading.hhg.vn\/wp-content\/uploads\/2025\/04\/Artboard-2-2.png",400,457,false],"woocommerce_thumbnail":["https:\/\/trading.hhg.vn\/wp-content\/uploads\/2025\/04\/Artboard-2-2.png",400,457,false],"woocommerce_single":["https:\/\/trading.hhg.vn\/wp-content\/uploads\/2025\/04\/Artboard-2-2.png",400,457,false],"woocommerce_gallery_thumbnail":["https:\/\/trading.hhg.vn\/wp-content\/uploads\/2025\/04\/Artboard-2-2-150x171.png",150,171,true],"portfolio_item-thumbnail":["https:\/\/trading.hhg.vn\/wp-content\/uploads\/2025\/04\/Artboard-2-2.png",350,400,false],"portfolio_item-thumbnail@2x":["https:\/\/trading.hhg.vn\/wp-content\/uploads\/2025\/04\/Artboard-2-2.png",400,457,false],"portfolio_item-masonry":["https:\/\/trading.hhg.vn\/wp-content\/uploads\/2025\/04\/Artboard-2-2.png",400,457,false],"portfolio_item-masonry@2x":["https:\/\/trading.hhg.vn\/wp-content\/uploads\/2025\/04\/Artboard-2-2.png",400,457,false],"portfolio_item-thumbnail_cinema":["https:\/\/trading.hhg.vn\/wp-content\/uploads\/2025\/04\/Artboard-2-2.png",293,335,false],"portfolio_item-thumbnail_portrait":["https:\/\/trading.hhg.vn\/wp-content\/uploads\/2025\/04\/Artboard-2-2.png",400,457,false],"portfolio_item-thumbnail_portrait@2x":["https:\/\/trading.hhg.vn\/wp-content\/uploads\/2025\/04\/Artboard-2-2.png",400,457,false],"portfolio_item-thumbnail_square":["https:\/\/trading.hhg.vn\/wp-content\/uploads\/2025\/04\/Artboard-2-2.png",400,457,false]},"_links":{"self":[{"href":"https:\/\/trading.hhg.vn\/en\/wp-json\/wp\/v2\/product\/6938","targetHints":{"allow":["GET"]}}],"collection":[{"href":"https:\/\/trading.hhg.vn\/en\/wp-json\/wp\/v2\/product"}],"about":[{"href":"https:\/\/trading.hhg.vn\/en\/wp-json\/wp\/v2\/types\/product"}],"replies":[{"embeddable":true,"href":"https:\/\/trading.hhg.vn\/en\/wp-json\/wp\/v2\/comments?post=6938"}],"version-history":[{"count":3,"href":"https:\/\/trading.hhg.vn\/en\/wp-json\/wp\/v2\/product\/6938\/revisions"}],"predecessor-version":[{"id":6963,"href":"https:\/\/trading.hhg.vn\/en\/wp-json\/wp\/v2\/product\/6938\/revisions\/6963"}],"wp:featuredmedia":[{"embeddable":true,"href":"https:\/\/trading.hhg.vn\/en\/wp-json\/wp\/v2\/media\/6941"}],"wp:attachment":[{"href":"https:\/\/trading.hhg.vn\/en\/wp-json\/wp\/v2\/media?parent=6938"}],"wp:term":[{"taxonomy":"product_cat","embeddable":true,"href":"https:\/\/trading.hhg.vn\/en\/wp-json\/wp\/v2\/product_cat?post=6938"},{"taxonomy":"product_tag","embeddable":true,"href":"https:\/\/trading.hhg.vn\/en\/wp-json\/wp\/v2\/product_tag?post=6938"}],"curies":[{"name":"wp","href":"https:\/\/api.w.org\/{rel}","templated":true}]}}