{"id":6967,"date":"2025-04-09T16:13:12","date_gmt":"2025-04-09T09:13:12","guid":{"rendered":"https:\/\/trading.hhg.vn\/?post_type=product&#038;p=6967"},"modified":"2025-04-09T16:22:19","modified_gmt":"2025-04-09T09:22:19","slug":"chau-lavabo-am-hinh-tron-geberit-variform","status":"publish","type":"product","link":"https:\/\/trading.hhg.vn\/en\/s\u1ea3n-ph\u1ea9m\/chau-lavabo-am-hinh-tron-geberit-variform\/","title":{"rendered":"Ch\u1eadu lavabo \u00e2m h\u00ecnh tr\u00f2n Geberit VariForm"},"content":{"rendered":"<p><img fetchpriority=\"high\" decoding=\"async\" class=\"aligncenter wp-image-6891 size-full\" src=\"http:\/\/trading.hhg.vn\/wp-content\/uploads\/2025\/04\/Artboard-5.png\" alt=\"\" width=\"700\" height=\"457\" srcset=\"https:\/\/trading.hhg.vn\/wp-content\/uploads\/2025\/04\/Artboard-5.png 700w, https:\/\/trading.hhg.vn\/wp-content\/uploads\/2025\/04\/Artboard-5-300x196.png 300w, https:\/\/trading.hhg.vn\/wp-content\/uploads\/2025\/04\/Artboard-5-150x98.png 150w\" sizes=\"(max-width: 700px) 100vw, 700px\" \/><\/p>\n<div class=\"wd-negative-gap elementor-element elementor-element-d5aba39 e-flex e-con-boxed e-con e-parent e-lazyloaded\" data-id=\"d5aba39\" data-element_type=\"container\" data-settings=\"{&quot;background_background&quot;:&quot;classic&quot;}\">\n<div class=\"e-con-inner\">\n<div class=\"wd-negative-gap elementor-element elementor-element-0d68bbe wd-sticky-offset-250 wd-sticky-container-yes e-flex e-con-boxed e-con e-child\" data-id=\"0d68bbe\" data-element_type=\"container\">\n<div class=\"e-con-inner\">\n<div class=\"elementor-element elementor-element-b9ff2ba wd-single-content elementor-widget elementor-widget-wd_single_product_content\" data-id=\"b9ff2ba\" data-element_type=\"widget\" data-widget_type=\"wd_single_product_content.default\">\n<div class=\"elementor-widget-container\">\n<p>&nbsp;<\/p>\n<p>D\u00f2ng s\u1ea3n ph\u1ea9m Geberit VariForm l\u00e0 b\u1ed9 s\u01b0u t\u1eadp ch\u1eadu r\u1eeda hi\u1ec7n \u0111\u1ea1i v\u1edbi thi\u1ebft k\u1ebf t\u1ed1i gi\u1ea3n, tinh t\u1ebf, ph\u00f9 h\u1ee3p v\u1edbi nhi\u1ec1u phong c\u00e1ch ph\u00f2ng t\u1eafm kh\u00e1c nhau. \u0110\u1eb7c tr\u01b0ng c\u1ee7a d\u00f2ng s\u1ea3n ph\u1ea9m n\u00e0y l\u00e0 s\u1ef1 \u0111a d\u1ea1ng v\u1ec1 h\u00ecnh d\u1ea1ng b\u1ed3n r\u1eeda \u2013 tr\u00f2n, b\u1ea7u d\u1ee5c, vu\u00f4ng v\u00e0 ch\u1eef nh\u1eadt \u2013 mang l\u1ea1i s\u1ef1 linh ho\u1ea1t trong thi\u1ebft k\u1ebf n\u1ed9i th\u1ea5t. C\u00e1c m\u1eabu ch\u1eadu \u0111\u01b0\u1ee3c chia th\u00e0nh nhi\u1ec1u ki\u1ec3u l\u1eafp \u0111\u1eb7t nh\u01b0: \u0111\u1eb7t b\u00e0n, b\u00e1n \u00e2m v\u00e0 \u00e2m b\u00e0n, \u0111\u00e1p \u1ee9ng nhi\u1ec1u nhu c\u1ea7u s\u1eed d\u1ee5ng kh\u00e1c nhau. V\u1edbi th\u00e0nh ch\u1eadu m\u1ecfng v\u00e0 vi\u1ec1n ch\u1eadu tinh g\u1ecdn, VariForm mang \u0111\u1ebfn v\u1ebb ngo\u00e0i thanh l\u1ecbch v\u00e0 \u0111\u01b0\u01a1ng \u0111\u1ea1i. Ch\u1ea5t li\u1ec7u s\u1ee9 cao c\u1ea5p kh\u00f4ng ch\u1ec9 b\u1ec1n b\u1ec9 m\u00e0 c\u00f2n d\u1ec5 v\u1ec7 sinh, duy tr\u00ec v\u1ebb s\u00e1ng b\u00f3ng theo th\u1eddi gian. D\u00f2ng s\u1ea3n ph\u1ea9m n\u00e0y \u0111\u01b0\u1ee3c ph\u00e1t tri\u1ec3n v\u1edbi ti\u00eau ch\u00ed k\u1ebft h\u1ee3p gi\u1eefa c\u00f4ng n\u0103ng s\u1eed d\u1ee5ng v\u00e0 th\u1ea9m m\u1ef9 t\u1ed1i \u01b0u, l\u00fd t\u01b0\u1edfng cho c\u1ea3 c\u00f4ng tr\u00ecnh d\u00e2n d\u1ee5ng l\u1eabn th\u01b0\u01a1ng m\u1ea1i.<\/p>\n<\/div>\n<\/div>\n<\/div>\n<\/div>\n<\/div>\n<\/div>\n","protected":false},"excerpt":{"rendered":"<p>Ch\u1eadu lavabo \u00e2m b\u00e0n h\u00ecnh tr\u00f2n Geberit VariForm l\u00e0 s\u1ef1 k\u1ebft h\u1ee3p h\u00e0i h\u00f2a gi\u1eefa thi\u1ebft k\u1ebf t\u1ed1i gi\u1ea3n v\u00e0 ch\u1ea5t l\u01b0\u1ee3ng cao c\u1ea5p. V\u1edbi \u0111\u01b0\u1eddng k\u00ednh 405 mm v\u00e0 chi\u1ec1u cao 180 mm, s\u1ea3n ph\u1ea9m mang \u0111\u1ebfn s\u1ef1 nh\u1ecf g\u1ecdn nh\u01b0ng v\u1eabn \u0111\u1ea3m b\u1ea3o ti\u1ec7n nghi trong s\u1eed d\u1ee5ng. Ch\u1eadu \u0111\u01b0\u1ee3c l\u00e0m t\u1eeb s\u1ee9 tr\u00e1ng men m\u00e0u tr\u1eafng, c\u00f3 \u0111\u1ed9 b\u1ec1n cao, ch\u1ed1ng b\u00e1m b\u1ea9n v\u00e0 d\u1ec5 d\u00e0ng v\u1ec7 sinh. Thi\u1ebft k\u1ebf kh\u00f4ng c\u00f3 l\u1ed7 g\u1eafn v\u00f2i (tap hole), ph\u00f9 h\u1ee3p cho c\u00e1c ki\u1ec3u l\u1eafp \u0111\u1eb7t v\u00f2i \u00e2m t\u01b0\u1eddng ho\u1eb7c tr\u00ean b\u00e0n, mang l\u1ea1i v\u1ebb ngo\u00e0i tinh t\u1ebf v\u00e0 hi\u1ec7n \u0111\u1ea1i. Ngo\u00e0i ra, ch\u1eadu c\u00f3 trang b\u1ecb l\u1ed7 tho\u00e1t tr\u00e0n (overflow) c\u00f3 th\u1ec3 nh\u00ecn th\u1ea5y, \u0111\u1ea3m b\u1ea3o an to\u00e0n v\u00e0 ti\u1ec7n d\u1ee5ng trong qu\u00e1 tr\u00ecnh s\u1eed d\u1ee5ng.<\/p>\n","protected":false},"featured_media":6985,"comment_status":"open","ping_status":"closed","template":"","meta":{"_acf_changed":false},"product_cat":[69,71],"product_tag":[],"class_list":{"0":"post-6967","1":"product","2":"type-product","3":"status-publish","4":"has-post-thumbnail","6":"product_cat-phong-tam","7":"product_cat-chau","8":"pa_mau-sac-trang","10":"first","11":"instock","12":"shipping-taxable","13":"purchasable","14":"product-type-simple"},"acf":[],"featured_media_urls":{"thumbnail":["https:\/\/trading.hhg.vn\/wp-content\/uploads\/2025\/04\/Artboard-1-3-150x150.png",150,150,true],"medium":["https:\/\/trading.hhg.vn\/wp-content\/uploads\/2025\/04\/Artboard-1-3-263x300.png",263,300,true],"medium_large":["https:\/\/trading.hhg.vn\/wp-content\/uploads\/2025\/04\/Artboard-1-3.png",400,457,false],"large":["https:\/\/trading.hhg.vn\/wp-content\/uploads\/2025\/04\/Artboard-1-3.png",400,457,false],"1536x1536":["https:\/\/trading.hhg.vn\/wp-content\/uploads\/2025\/04\/Artboard-1-3.png",400,457,false],"2048x2048":["https:\/\/trading.hhg.vn\/wp-content\/uploads\/2025\/04\/Artboard-1-3.png",400,457,false],"woocommerce_thumbnail":["https:\/\/trading.hhg.vn\/wp-content\/uploads\/2025\/04\/Artboard-1-3.png",400,457,false],"woocommerce_single":["https:\/\/trading.hhg.vn\/wp-content\/uploads\/2025\/04\/Artboard-1-3.png",400,457,false],"woocommerce_gallery_thumbnail":["https:\/\/trading.hhg.vn\/wp-content\/uploads\/2025\/04\/Artboard-1-3-150x171.png",150,171,true],"portfolio_item-thumbnail":["https:\/\/trading.hhg.vn\/wp-content\/uploads\/2025\/04\/Artboard-1-3.png",350,400,false],"portfolio_item-thumbnail@2x":["https:\/\/trading.hhg.vn\/wp-content\/uploads\/2025\/04\/Artboard-1-3.png",400,457,false],"portfolio_item-masonry":["https:\/\/trading.hhg.vn\/wp-content\/uploads\/2025\/04\/Artboard-1-3.png",400,457,false],"portfolio_item-masonry@2x":["https:\/\/trading.hhg.vn\/wp-content\/uploads\/2025\/04\/Artboard-1-3.png",400,457,false],"portfolio_item-thumbnail_cinema":["https:\/\/trading.hhg.vn\/wp-content\/uploads\/2025\/04\/Artboard-1-3.png",293,335,false],"portfolio_item-thumbnail_portrait":["https:\/\/trading.hhg.vn\/wp-content\/uploads\/2025\/04\/Artboard-1-3.png",400,457,false],"portfolio_item-thumbnail_portrait@2x":["https:\/\/trading.hhg.vn\/wp-content\/uploads\/2025\/04\/Artboard-1-3.png",400,457,false],"portfolio_item-thumbnail_square":["https:\/\/trading.hhg.vn\/wp-content\/uploads\/2025\/04\/Artboard-1-3.png",400,457,false]},"_links":{"self":[{"href":"https:\/\/trading.hhg.vn\/en\/wp-json\/wp\/v2\/product\/6967","targetHints":{"allow":["GET"]}}],"collection":[{"href":"https:\/\/trading.hhg.vn\/en\/wp-json\/wp\/v2\/product"}],"about":[{"href":"https:\/\/trading.hhg.vn\/en\/wp-json\/wp\/v2\/types\/product"}],"replies":[{"embeddable":true,"href":"https:\/\/trading.hhg.vn\/en\/wp-json\/wp\/v2\/comments?post=6967"}],"version-history":[{"count":3,"href":"https:\/\/trading.hhg.vn\/en\/wp-json\/wp\/v2\/product\/6967\/revisions"}],"predecessor-version":[{"id":6997,"href":"https:\/\/trading.hhg.vn\/en\/wp-json\/wp\/v2\/product\/6967\/revisions\/6997"}],"wp:featuredmedia":[{"embeddable":true,"href":"https:\/\/trading.hhg.vn\/en\/wp-json\/wp\/v2\/media\/6985"}],"wp:attachment":[{"href":"https:\/\/trading.hhg.vn\/en\/wp-json\/wp\/v2\/media?parent=6967"}],"wp:term":[{"taxonomy":"product_cat","embeddable":true,"href":"https:\/\/trading.hhg.vn\/en\/wp-json\/wp\/v2\/product_cat?post=6967"},{"taxonomy":"product_tag","embeddable":true,"href":"https:\/\/trading.hhg.vn\/en\/wp-json\/wp\/v2\/product_tag?post=6967"}],"curies":[{"name":"wp","href":"https:\/\/api.w.org\/{rel}","templated":true}]}}