{"id":6998,"date":"2025-04-09T16:19:04","date_gmt":"2025-04-09T09:19:04","guid":{"rendered":"https:\/\/trading.hhg.vn\/?post_type=product&#038;p=6998"},"modified":"2025-04-09T16:25:29","modified_gmt":"2025-04-09T09:25:29","slug":"thanh-treo-khan-kem-ke-dai-40-cm","status":"publish","type":"product","link":"https:\/\/trading.hhg.vn\/en\/s\u1ea3n-ph\u1ea9m\/thanh-treo-khan-kem-ke-dai-40-cm\/","title":{"rendered":"Thanh treo kh\u0103n k\u00e8m k\u1ec7, d\u00e0i 40 cm"},"content":{"rendered":"<p class=\"\" data-start=\"0\" data-end=\"164\">\u200b<img fetchpriority=\"high\" decoding=\"async\" class=\"aligncenter wp-image-6879 size-full\" src=\"http:\/\/trading.hhg.vn\/wp-content\/uploads\/2025\/04\/framce-Black.jpg\" alt=\"\" width=\"1916\" height=\"769\" srcset=\"https:\/\/trading.hhg.vn\/wp-content\/uploads\/2025\/04\/framce-Black.jpg 1916w, https:\/\/trading.hhg.vn\/wp-content\/uploads\/2025\/04\/framce-Black-300x120.jpg 300w, https:\/\/trading.hhg.vn\/wp-content\/uploads\/2025\/04\/framce-Black-1024x411.jpg 1024w, https:\/\/trading.hhg.vn\/wp-content\/uploads\/2025\/04\/framce-Black-768x308.jpg 768w, https:\/\/trading.hhg.vn\/wp-content\/uploads\/2025\/04\/framce-Black-1536x616.jpg 1536w, https:\/\/trading.hhg.vn\/wp-content\/uploads\/2025\/04\/framce-Black-1200x482.jpg 1200w, https:\/\/trading.hhg.vn\/wp-content\/uploads\/2025\/04\/framce-Black-150x60.jpg 150w\" sizes=\"(max-width: 1916px) 100vw, 1916px\" \/><\/p>\n<p class=\"\" data-start=\"40\" data-end=\"197\"><span class=\"relative -mx-px my-[-0.2rem] rounded-sm px-px py-[0.2rem]\">B\u1ed9 s\u01b0u t\u1eadp Geesa Frame l\u00e0 t\u1eadp h\u1ee3p c\u00e1c ph\u1ee5 ki\u1ec7n ph\u00f2ng t\u1eafm \u0111\u01b0\u1ee3c thi\u1ebft k\u1ebf th\u00f4ng minh v\u00e0 thanh l\u1ecbch, k\u1ebft h\u1ee3p nhi\u1ec1u ch\u1ee9c n\u0103ng trong m\u1ed9t s\u1ea3n ph\u1ea9m duy nh\u1ea5t.<\/span> <span class=\"relative -mx-px my-[-0.2rem] rounded-sm px-px py-[0.2rem]\">Nh\u1eefng ph\u1ee5 ki\u1ec7n n\u00e0y \u0111\u01b0\u1ee3c ch\u1ebf t\u1ea1o t\u1eeb v\u1eadt li\u1ec7u ch\u1ea5t l\u01b0\u1ee3ng cao v\u00e0 c\u00f3 kh\u1ea3 n\u0103ng t\u00e1i ch\u1ebf, mang \u0111\u1ebfn s\u1ef1 b\u1ec1n b\u1ec9 v\u00e0 phong c\u00e1ch cho kh\u00f4ng gian ph\u00f2ng t\u1eafm.<\/span> \u200b<\/p>\n<p class=\"\" data-start=\"199\" data-end=\"220\"><strong data-start=\"199\" data-end=\"220\">\u0110\u1eb7c \u0111i\u1ec3m n\u1ed5i b\u1eadt:<\/strong><\/p>\n<ul data-start=\"222\" data-end=\"603\">\n<li class=\"\" data-start=\"222\" data-end=\"332\">\n<p class=\"\" data-start=\"224\" data-end=\"332\"><strong data-start=\"224\" data-end=\"250\">Thi\u1ebft k\u1ebf \u0111a ch\u1ee9c n\u0103ng:<\/strong> <span class=\"relative -mx-px my-[-0.2rem] rounded-sm px-px py-[0.2rem]\">K\u1ebft h\u1ee3p nhi\u1ec1u ch\u1ee9c n\u0103ng trong m\u1ed9t ph\u1ee5 ki\u1ec7n, gi\u00fap t\u1ed1i \u01b0u h\u00f3a kh\u00f4ng gian v\u00e0 ti\u1ec7n \u00edch s\u1eed d\u1ee5ng.<\/span>\u200b<\/p>\n<\/li>\n<li class=\"\" data-start=\"334\" data-end=\"450\">\n<p class=\"\" data-start=\"336\" data-end=\"450\"><strong data-start=\"336\" data-end=\"368\">S\u1ef1 k\u1ebft h\u1ee3p v\u1eadt li\u1ec7u \u0111\u1ed9c \u0111\u00e1o:<\/strong> <span class=\"relative -mx-px my-[-0.2rem] rounded-sm px-px py-[0.2rem]\">S\u1ef1 k\u1ebft h\u1ee3p gi\u1eefa khung kim lo\u1ea1i m\u1ea1 chrome v\u00e0 c\u00e1c chi ti\u1ebft nh\u1ef1a m\u00e0u \u0111en ho\u1eb7c tr\u1eafng t\u1ea1o n\u00ean phong c\u00e1ch ri\u00eang bi\u1ec7t cho b\u1ed9 s\u01b0u t\u1eadp.<\/span>\u200b<\/p>\n<\/li>\n<li class=\"\" data-start=\"452\" data-end=\"603\">\n<p class=\"\" data-start=\"454\" data-end=\"603\"><strong data-start=\"454\" data-end=\"479\">Gi\u1ea3i th\u01b0\u1edfng thi\u1ebft k\u1ebf:<\/strong> <span class=\"relative -mx-px my-[-0.2rem] rounded-sm px-px py-[0.2rem]\">B\u1ed9 s\u01b0u t\u1eadp Frame \u0111\u00e3 \u0111\u01b0\u1ee3c trao gi\u1ea3i th\u01b0\u1edfng iF Design Award n\u0103m 2019, minh ch\u1ee9ng cho ch\u1ea5t l\u01b0\u1ee3ng v\u00e0 s\u1ef1 s\u00e1ng t\u1ea1o trong thi\u1ebft k\u1ebf.<\/span> \u200b<\/p>\n<\/li>\n<\/ul>\n<p class=\"\" data-start=\"605\" data-end=\"631\"><strong data-start=\"605\" data-end=\"631\">C\u00e1c phi\u00ean b\u1ea3n m\u00e0u s\u1eafc:<\/strong><\/p>\n<ol data-start=\"633\" data-end=\"1006\">\n<li class=\"\" data-start=\"633\" data-end=\"738\">\n<p class=\"\" data-start=\"636\" data-end=\"738\"><strong data-start=\"636\" data-end=\"652\">Frame Black:<\/strong> <span class=\"relative -mx-px my-[-0.2rem] rounded-sm px-px py-[0.2rem]\">Khung kim lo\u1ea1i v\u1edbi l\u1edbp ph\u1ee7 m\u00e0u \u0111en m\u1edd, k\u1ebft h\u1ee3p v\u1edbi c\u00e1c chi ti\u1ebft nh\u1ef1a \u0111en b\u1ec1n m\u00e0u, t\u1ea1o n\u00ean v\u1ebb \u0111\u1eb9p m\u1ea1nh m\u1ebd v\u00e0 hi\u1ec7n \u0111\u1ea1i.<\/span>\u200b<\/p>\n<\/li>\n<li class=\"\" data-start=\"740\" data-end=\"852\">\n<p class=\"\" data-start=\"743\" data-end=\"852\"><strong data-start=\"743\" data-end=\"766\">Frame Black\/Chrome:<\/strong> <span class=\"relative -mx-px my-[-0.2rem] rounded-sm px-px py-[0.2rem]\">S\u1ef1 k\u1ebft h\u1ee3p gi\u1eefa khung kim lo\u1ea1i m\u1ea1 chrome s\u00e1ng b\u00f3ng v\u00e0 c\u00e1c chi ti\u1ebft nh\u1ef1a \u0111en, mang \u0111\u1ebfn \u0111i\u1ec3m nh\u1ea5n \u0111\u1ed9c \u0111\u00e1o v\u00e0 phong c\u00e1ch cho kh\u00f4ng gian ph\u00f2ng t\u1eafm.<\/span>\u200b<\/p>\n<\/li>\n<li class=\"\" data-start=\"854\" data-end=\"1006\">\n<p class=\"\" data-start=\"857\" data-end=\"1006\"><strong data-start=\"857\" data-end=\"880\">Frame White\/Chrome:<\/strong> <span class=\"relative -mx-px my-[-0.2rem] rounded-sm px-px py-[0.2rem]\">C\u00e1c chi ti\u1ebft nh\u1ef1a m\u00e0u tr\u1eafng k\u1ebft h\u1ee3p v\u1edbi khung kim lo\u1ea1i m\u1ea1 chrome, t\u1ea1o n\u00ean s\u1ef1 tinh t\u1ebf v\u00e0 d\u1ec5 d\u00e0ng ph\u1ed1i h\u1ee3p v\u1edbi c\u00e1c thi\u1ebft b\u1ecb v\u1ec7 sinh m\u00e0u tr\u1eafng kh\u00e1c.<\/span><\/p>\n<\/li>\n<\/ol>\n","protected":false},"excerpt":{"rendered":"<p class=\"\" data-start=\"139\" data-end=\"561\"><strong data-start=\"139\" data-end=\"228\">Gi\u1ea3i ph\u00e1p l\u01b0u tr\u1eef tinh t\u1ebf v\u00e0 ti\u1ec7n l\u1ee3i v\u1edbi thi\u1ebft k\u1ebf 3-trong-1 hi\u1ec7n \u0111\u1ea1i t\u1eeb Geesa Frame.<\/strong> S\u1ea3n ph\u1ea9m t\u00edch h\u1ee3p k\u1ec7 \u0111\u1ec3 \u0111\u1ed3, b\u00ecnh \u0111\u1ef1ng x\u00e0 ph\u00f2ng v\u00e0 m\u00f3c treo kh\u0103n \u2013 t\u1ea5t c\u1ea3 trong m\u1ed9t thi\u1ebft k\u1ebf g\u1ecdn g\u00e0ng. B\u1ed9 s\u01b0u t\u1eadp Frame mang h\u01a1i h\u01b0\u1edbng thi\u1ebft k\u1ebf c\u00f4ng nghi\u1ec7p, k\u1ebft h\u1ee3p c\u00f9ng s\u1ef1 t\u1ed1i gi\u1ea3n tinh t\u1ebf, t\u1ea1o \u0111i\u1ec3m nh\u1ea5n cho kh\u00f4ng gian ph\u00f2ng t\u1eafm. Kh\u00f4ng c\u00f3 g\u00ec ng\u1ea1c nhi\u00ean khi s\u1ea3n ph\u1ea9m n\u00e0y \u0111\u00e3 vinh d\u1ef1 nh\u1eadn gi\u1ea3i th\u01b0\u1edfng thi\u1ebft k\u1ebf danh gi\u00e1 iF Design Award.<\/p>\n","protected":false},"featured_media":7011,"comment_status":"open","ping_status":"closed","template":"","meta":{"_acf_changed":false},"product_cat":[77,695,478],"product_tag":[],"class_list":{"0":"post-6998","1":"product","2":"type-product","3":"status-publish","4":"has-post-thumbnail","6":"product_cat-phu-kien-phong-tam","7":"product_cat-ke","8":"product_cat-thanh-treo-khan","9":"pa_mau-sac-black-chrome","10":"pa_mau-sac-den","11":"pa_mau-sac-white-chrome","13":"first","14":"instock","15":"shipping-taxable","16":"purchasable","17":"product-type-variable"},"acf":[],"featured_media_urls":{"thumbnail":["https:\/\/trading.hhg.vn\/wp-content\/uploads\/2025\/04\/Artboard-1-copy-100-3-150x150.jpg",150,150,true],"medium":["https:\/\/trading.hhg.vn\/wp-content\/uploads\/2025\/04\/Artboard-1-copy-100-3-263x300.jpg",263,300,true],"medium_large":["https:\/\/trading.hhg.vn\/wp-content\/uploads\/2025\/04\/Artboard-1-copy-100-3.jpg",701,800,false],"large":["https:\/\/trading.hhg.vn\/wp-content\/uploads\/2025\/04\/Artboard-1-copy-100-3.jpg",701,800,false],"1536x1536":["https:\/\/trading.hhg.vn\/wp-content\/uploads\/2025\/04\/Artboard-1-copy-100-3.jpg",701,800,false],"2048x2048":["https:\/\/trading.hhg.vn\/wp-content\/uploads\/2025\/04\/Artboard-1-copy-100-3.jpg",701,800,false],"woocommerce_thumbnail":["https:\/\/trading.hhg.vn\/wp-content\/uploads\/2025\/04\/Artboard-1-copy-100-3-600x600.jpg",600,600,true],"woocommerce_single":["https:\/\/trading.hhg.vn\/wp-content\/uploads\/2025\/04\/Artboard-1-copy-100-3.jpg",701,800,false],"woocommerce_gallery_thumbnail":["https:\/\/trading.hhg.vn\/wp-content\/uploads\/2025\/04\/Artboard-1-copy-100-3-150x171.jpg",150,171,true],"portfolio_item-thumbnail":["https:\/\/trading.hhg.vn\/wp-content\/uploads\/2025\/04\/Artboard-1-copy-100-3.jpg",351,400,false],"portfolio_item-thumbnail@2x":["https:\/\/trading.hhg.vn\/wp-content\/uploads\/2025\/04\/Artboard-1-copy-100-3.jpg",701,800,false],"portfolio_item-masonry":["https:\/\/trading.hhg.vn\/wp-content\/uploads\/2025\/04\/Artboard-1-copy-100-3.jpg",600,685,false],"portfolio_item-masonry@2x":["https:\/\/trading.hhg.vn\/wp-content\/uploads\/2025\/04\/Artboard-1-copy-100-3.jpg",701,800,false],"portfolio_item-thumbnail_cinema":["https:\/\/trading.hhg.vn\/wp-content\/uploads\/2025\/04\/Artboard-1-copy-100-3.jpg",294,335,false],"portfolio_item-thumbnail_portrait":["https:\/\/trading.hhg.vn\/wp-content\/uploads\/2025\/04\/Artboard-1-copy-100-3.jpg",600,685,false],"portfolio_item-thumbnail_portrait@2x":["https:\/\/trading.hhg.vn\/wp-content\/uploads\/2025\/04\/Artboard-1-copy-100-3.jpg",701,800,false],"portfolio_item-thumbnail_square":["https:\/\/trading.hhg.vn\/wp-content\/uploads\/2025\/04\/Artboard-1-copy-100-3.jpg",701,800,false]},"_links":{"self":[{"href":"https:\/\/trading.hhg.vn\/en\/wp-json\/wp\/v2\/product\/6998","targetHints":{"allow":["GET"]}}],"collection":[{"href":"https:\/\/trading.hhg.vn\/en\/wp-json\/wp\/v2\/product"}],"about":[{"href":"https:\/\/trading.hhg.vn\/en\/wp-json\/wp\/v2\/types\/product"}],"replies":[{"embeddable":true,"href":"https:\/\/trading.hhg.vn\/en\/wp-json\/wp\/v2\/comments?post=6998"}],"version-history":[{"count":1,"href":"https:\/\/trading.hhg.vn\/en\/wp-json\/wp\/v2\/product\/6998\/revisions"}],"predecessor-version":[{"id":7015,"href":"https:\/\/trading.hhg.vn\/en\/wp-json\/wp\/v2\/product\/6998\/revisions\/7015"}],"wp:featuredmedia":[{"embeddable":true,"href":"https:\/\/trading.hhg.vn\/en\/wp-json\/wp\/v2\/media\/7011"}],"wp:attachment":[{"href":"https:\/\/trading.hhg.vn\/en\/wp-json\/wp\/v2\/media?parent=6998"}],"wp:term":[{"taxonomy":"product_cat","embeddable":true,"href":"https:\/\/trading.hhg.vn\/en\/wp-json\/wp\/v2\/product_cat?post=6998"},{"taxonomy":"product_tag","embeddable":true,"href":"https:\/\/trading.hhg.vn\/en\/wp-json\/wp\/v2\/product_tag?post=6998"}],"curies":[{"name":"wp","href":"https:\/\/api.w.org\/{rel}","templated":true}]}}