{"id":70422,"date":"2025-11-24T10:03:10","date_gmt":"2025-11-24T03:03:10","guid":{"rendered":"https:\/\/trading.hhg.vn\/?post_type=product&#038;p=70422"},"modified":"2026-01-28T07:49:10","modified_gmt":"2026-01-28T00:49:10","slug":"phu-tung-mo-rong-5-mm-2","status":"publish","type":"product","link":"https:\/\/trading.hhg.vn\/en\/s\u1ea3n-ph\u1ea9m\/phu-tung-mo-rong-5-mm-2\/","title":{"rendered":"Ph\u1ee5 t\u00f9ng m\u1edf r\u1ed9ng 5 mm"},"content":{"rendered":"","protected":false},"excerpt":{"rendered":"<p>Mang \u0111\u1ebfn v\u1ebb \u0111\u1eb9p tinh t\u1ebf v\u00e0 ti\u1ec7n nghi v\u01b0\u1ee3t tr\u1ed9i, thi\u1ebft b\u1ecb n\u1ed9i th\u1ea5t c\u1ee7a ch\u00fang t\u00f4i l\u00e0 s\u1ef1 k\u1ebft h\u1ee3p ho\u00e0n h\u1ea3o gi\u1eefa th\u1ea9m m\u1ef9 v\u00e0 c\u00f4ng n\u0103ng. T\u1eebng \u0111\u01b0\u1eddng n\u00e9t \u0111\u01b0\u1ee3c chau chu\u1ed1t t\u1ec9 m\u1ec9, t\u1ea1o n\u00ean v\u1ebb sang tr\u1ecdng, hi\u1ec7n \u0111\u1ea1i, d\u1ec5 d\u00e0ng h\u00f2a quy\u1ec7n v\u00e0o m\u1ecdi kh\u00f4ng gian s\u1ed1ng. Tr\u1ea3i nghi\u1ec7m s\u1eed d\u1ee5ng \u0111\u01b0\u1ee3c n\u00e2ng t\u1ea7m v\u1edbi thi\u1ebft k\u1ebf th\u00f4ng minh, t\u1ed1i \u01b0u h\u00f3a m\u1ecdi thao t\u00e1c, mang l\u1ea1i s\u1ef1 tho\u1ea3i m\u00e1i v\u00e0 ti\u1ec7n l\u1ee3i t\u1ed1i \u0111a. \u0110\u00e2y kh\u00f4ng ch\u1ec9 l\u00e0 m\u1ed9t s\u1ea3n ph\u1ea9m, m\u00e0 l\u00e0 m\u1ed9t tuy\u00ean ng\u00f4n v\u1ec1 phong c\u00e1ch s\u1ed1ng \u0111\u1eb3ng c\u1ea5p, n\u01a1i s\u1ef1 tinh x\u1ea3o trong thi\u1ebft k\u1ebf v\u00e0 hi\u1ec7u qu\u1ea3 c\u00f4ng n\u0103ng \u0111\u1ed3ng \u0111i\u1ec7u ki\u1ebfn t\u1ea1o n\u00ean gi\u00e1 tr\u1ecb v\u01b0\u1ee3t th\u1eddi gian.<\/p>\n","protected":false},"featured_media":15414,"comment_status":"open","ping_status":"closed","template":"","meta":{"_acf_changed":false},"product_cat":[714],"product_tag":[],"class_list":{"0":"post-70422","1":"product","2":"type-product","3":"status-publish","4":"has-post-thumbnail","6":"product_cat-phu-kien-lap-dat","7":"pa_mau-sac-chrome","8":"pa_mau-sac-chrome-den-xuoc","9":"pa_mau-sac-den-mo","10":"pa_mau-sac-dong-xuoc","11":"pa_mau-sac-trang-mo","13":"first","14":"instock","15":"shipping-taxable","16":"purchasable","17":"product-type-variable"},"acf":[],"featured_media_urls":{"thumbnail":["https:\/\/trading.hhg.vn\/wp-content\/uploads\/2025\/11\/154__hpr06054_tif-150x150.png",150,150,true],"medium":["https:\/\/trading.hhg.vn\/wp-content\/uploads\/2025\/11\/154__hpr06054_tif-263x300.png",263,300,true],"medium_large":["https:\/\/trading.hhg.vn\/wp-content\/uploads\/2025\/11\/154__hpr06054_tif-768x877.png",768,877,true],"large":["https:\/\/trading.hhg.vn\/wp-content\/uploads\/2025\/11\/154__hpr06054_tif-896x1024.png",896,1024,true],"1536x1536":["https:\/\/trading.hhg.vn\/wp-content\/uploads\/2025\/11\/154__hpr06054_tif.png",1305,1491,false],"2048x2048":["https:\/\/trading.hhg.vn\/wp-content\/uploads\/2025\/11\/154__hpr06054_tif.png",1305,1491,false],"woocommerce_thumbnail":["https:\/\/trading.hhg.vn\/wp-content\/uploads\/2025\/11\/154__hpr06054_tif-600x600.png",600,600,true],"woocommerce_single":["https:\/\/trading.hhg.vn\/wp-content\/uploads\/2025\/11\/154__hpr06054_tif-1200x1371.png",1200,1371,true],"woocommerce_gallery_thumbnail":["https:\/\/trading.hhg.vn\/wp-content\/uploads\/2025\/11\/154__hpr06054_tif-150x171.png",150,171,true],"portfolio_item-thumbnail":["https:\/\/trading.hhg.vn\/wp-content\/uploads\/2025\/11\/154__hpr06054_tif.png",350,400,false],"portfolio_item-thumbnail@2x":["https:\/\/trading.hhg.vn\/wp-content\/uploads\/2025\/11\/154__hpr06054_tif.png",700,800,false],"portfolio_item-masonry":["https:\/\/trading.hhg.vn\/wp-content\/uploads\/2025\/11\/154__hpr06054_tif.png",600,686,false],"portfolio_item-masonry@2x":["https:\/\/trading.hhg.vn\/wp-content\/uploads\/2025\/11\/154__hpr06054_tif.png",1200,1371,false],"portfolio_item-thumbnail_cinema":["https:\/\/trading.hhg.vn\/wp-content\/uploads\/2025\/11\/154__hpr06054_tif.png",293,335,false],"portfolio_item-thumbnail_portrait":["https:\/\/trading.hhg.vn\/wp-content\/uploads\/2025\/11\/154__hpr06054_tif.png",600,686,false],"portfolio_item-thumbnail_portrait@2x":["https:\/\/trading.hhg.vn\/wp-content\/uploads\/2025\/11\/154__hpr06054_tif.png",1200,1371,false],"portfolio_item-thumbnail_square":["https:\/\/trading.hhg.vn\/wp-content\/uploads\/2025\/11\/154__hpr06054_tif.png",700,800,false]},"_links":{"self":[{"href":"https:\/\/trading.hhg.vn\/en\/wp-json\/wp\/v2\/product\/70422","targetHints":{"allow":["GET"]}}],"collection":[{"href":"https:\/\/trading.hhg.vn\/en\/wp-json\/wp\/v2\/product"}],"about":[{"href":"https:\/\/trading.hhg.vn\/en\/wp-json\/wp\/v2\/types\/product"}],"replies":[{"embeddable":true,"href":"https:\/\/trading.hhg.vn\/en\/wp-json\/wp\/v2\/comments?post=70422"}],"version-history":[{"count":1,"href":"https:\/\/trading.hhg.vn\/en\/wp-json\/wp\/v2\/product\/70422\/revisions"}],"predecessor-version":[{"id":70450,"href":"https:\/\/trading.hhg.vn\/en\/wp-json\/wp\/v2\/product\/70422\/revisions\/70450"}],"wp:featuredmedia":[{"embeddable":true,"href":"https:\/\/trading.hhg.vn\/en\/wp-json\/wp\/v2\/media\/15414"}],"wp:attachment":[{"href":"https:\/\/trading.hhg.vn\/en\/wp-json\/wp\/v2\/media?parent=70422"}],"wp:term":[{"taxonomy":"product_cat","embeddable":true,"href":"https:\/\/trading.hhg.vn\/en\/wp-json\/wp\/v2\/product_cat?post=70422"},{"taxonomy":"product_tag","embeddable":true,"href":"https:\/\/trading.hhg.vn\/en\/wp-json\/wp\/v2\/product_tag?post=70422"}],"curies":[{"name":"wp","href":"https:\/\/api.w.org\/{rel}","templated":true}]}}