{"id":7052,"date":"2025-04-15T14:50:26","date_gmt":"2025-04-15T07:50:26","guid":{"rendered":"https:\/\/trading.hhg.vn\/?post_type=product&#038;p=7052"},"modified":"2025-04-15T15:16:28","modified_gmt":"2025-04-15T08:16:28","slug":"thanh-treo-khan-geesa-nemox","status":"publish","type":"product","link":"https:\/\/trading.hhg.vn\/en\/s\u1ea3n-ph\u1ea9m\/thanh-treo-khan-geesa-nemox\/","title":{"rendered":"Thanh treo kh\u0103n Geesa Nemox 60cm"},"content":{"rendered":"<p data-start=\"0\" data-end=\"338\"><img decoding=\"async\" src=\"https:\/\/geesa.com\/getmedia\/84bf9462-5a9e-44ce-849f-2978204acbf2\/na_geesa_nemox_imm_Nemox-Brushed-Gold-3_Preview-(1).jpg?width=997&amp;height=383&amp;ext=.jpg\" \/><\/p>\n<p class=\"\" data-start=\"0\" data-end=\"338\">C\u00e1c \u0111\u01b0\u1eddng n\u00e9t bo tr\u00f2n: \u0111i\u1ec3m nh\u1ea5n hi\u1ec7n \u0111\u1ea1i v\u00e0 tinh t\u1ebf<br data-start=\"52\" data-end=\"55\" \/>B\u1ed9 s\u01b0u t\u1eadp Nemox th\u1ec3 hi\u1ec7n s\u1ef1 tinh gi\u1ea3n trong t\u1eebng chi ti\u1ebft \u2013 v\u1eeba mang t\u00ednh th\u1ea9m m\u1ef9, v\u1eeba \u0111\u1ea3m b\u1ea3o c\u00f4ng n\u0103ng. Nh\u1eefng \u0111\u01b0\u1eddng cong m\u1ec1m m\u1ea1i t\u1ea1o n\u00ean \u0111i\u1ec3m nh\u1ea5n hi\u1ec7n \u0111\u1ea1i, \u0111\u1ea7y phong c\u00e1ch nh\u01b0ng kh\u00f4ng ph\u00f4 tr\u01b0\u01a1ng, ph\u00f9 h\u1ee3p v\u1edbi nhi\u1ec1u kh\u00f4ng gian kh\u00e1c nhau. Kh\u00f4ng c\u1ea7u k\u1ef3, \u0111\u1ec1 cao tri\u1ebft l\u00fd &#8220;\u00edt l\u00e0 nhi\u1ec1u&#8221;.<\/p>\n<p class=\"\" data-start=\"340\" data-end=\"486\">B\u1ed9 ph\u1ee5 ki\u1ec7n \u0111\u1ea7y \u0111\u1ee7, \u0111a d\u1ea1ng v\u1ec1 ch\u1ea5t li\u1ec7u v\u00e0 m\u00e0u s\u1eafc: chrome s\u00e1ng b\u00f3ng, th\u00e9p kh\u00f4ng g\u1ec9 x\u01b0\u1edbc m\u1edd, \u0111en nh\u00e1m, \u0111en kim lo\u1ea1i x\u01b0\u1edbc v\u00e0 v\u00e0ng x\u01b0\u1edbc sang tr\u1ecdng.<\/p>\n","protected":false},"excerpt":{"rendered":"<p>\u0110\u01b0\u1eddng cong t\u01b0\u1ee3ng tr\u01b0ng cho s\u1ef1 m\u1ec1m m\u1ea1i, c\u00f2n c\u00e1c g\u00f3c c\u1ea1nh mang l\u1ea1i c\u1ea3m gi\u00e1c v\u1eefng ch\u1eafc. Ch\u00ednh nh\u1eefng chi ti\u1ebft nh\u1ecf tr\u00ean thanh treo kh\u0103n Geesa Nemox n\u00e0y l\u1ea1i khi\u1ebfn ng\u01b0\u1eddi d\u00f9ng kh\u00f4ng kh\u1ecfi tr\u1ea7m tr\u1ed3. \u0110\u00e2y l\u00e0 c\u00e1ch t\u1ea1o n\u00ean n\u00e9t tinh ngh\u1ecbch, th\u00fa v\u1ecb cho kh\u00f4ng gian ph\u00f2ng t\u1eafm. Thanh treo kh\u0103n b\u1ec1n b\u1ec9 theo th\u1eddi gian, g\u00f3p ph\u1ea7n gi\u1eef cho kh\u00f4ng gian lu\u00f4n s\u1ea1ch s\u1ebd v\u00e0 ng\u0103n n\u1eafp.<\/p>\n","protected":false},"featured_media":7060,"comment_status":"open","ping_status":"closed","template":"","meta":{"_acf_changed":false},"product_cat":[77,476],"product_tag":[],"class_list":{"0":"post-7052","1":"product","2":"type-product","3":"status-publish","4":"has-post-thumbnail","6":"product_cat-phu-kien-phong-tam","7":"product_cat-lo-giay","8":"pa_mau-sac-chrome","9":"pa_mau-sac-chrome-den-xuoc","10":"pa_mau-sac-vang-xuoc","11":"pa_mau-sac-den","13":"first","14":"instock","15":"shipping-taxable","16":"purchasable","17":"product-type-variable"},"acf":[],"featured_media_urls":{"thumbnail":["https:\/\/trading.hhg.vn\/wp-content\/uploads\/2025\/04\/Artboard-1-copy-6-1-150x150.png",150,150,true],"medium":["https:\/\/trading.hhg.vn\/wp-content\/uploads\/2025\/04\/Artboard-1-copy-6-1-263x300.png",263,300,true],"medium_large":["https:\/\/trading.hhg.vn\/wp-content\/uploads\/2025\/04\/Artboard-1-copy-6-1.png",701,801,false],"large":["https:\/\/trading.hhg.vn\/wp-content\/uploads\/2025\/04\/Artboard-1-copy-6-1.png",701,801,false],"1536x1536":["https:\/\/trading.hhg.vn\/wp-content\/uploads\/2025\/04\/Artboard-1-copy-6-1.png",701,801,false],"2048x2048":["https:\/\/trading.hhg.vn\/wp-content\/uploads\/2025\/04\/Artboard-1-copy-6-1.png",701,801,false],"woocommerce_thumbnail":["https:\/\/trading.hhg.vn\/wp-content\/uploads\/2025\/04\/Artboard-1-copy-6-1-600x600.png",600,600,true],"woocommerce_single":["https:\/\/trading.hhg.vn\/wp-content\/uploads\/2025\/04\/Artboard-1-copy-6-1.png",701,801,false],"woocommerce_gallery_thumbnail":["https:\/\/trading.hhg.vn\/wp-content\/uploads\/2025\/04\/Artboard-1-copy-6-1-150x171.png",150,171,true],"portfolio_item-thumbnail":["https:\/\/trading.hhg.vn\/wp-content\/uploads\/2025\/04\/Artboard-1-copy-6-1.png",350,400,false],"portfolio_item-thumbnail@2x":["https:\/\/trading.hhg.vn\/wp-content\/uploads\/2025\/04\/Artboard-1-copy-6-1.png",700,800,false],"portfolio_item-masonry":["https:\/\/trading.hhg.vn\/wp-content\/uploads\/2025\/04\/Artboard-1-copy-6-1.png",600,686,false],"portfolio_item-masonry@2x":["https:\/\/trading.hhg.vn\/wp-content\/uploads\/2025\/04\/Artboard-1-copy-6-1.png",701,801,false],"portfolio_item-thumbnail_cinema":["https:\/\/trading.hhg.vn\/wp-content\/uploads\/2025\/04\/Artboard-1-copy-6-1.png",293,335,false],"portfolio_item-thumbnail_portrait":["https:\/\/trading.hhg.vn\/wp-content\/uploads\/2025\/04\/Artboard-1-copy-6-1.png",600,686,false],"portfolio_item-thumbnail_portrait@2x":["https:\/\/trading.hhg.vn\/wp-content\/uploads\/2025\/04\/Artboard-1-copy-6-1.png",701,801,false],"portfolio_item-thumbnail_square":["https:\/\/trading.hhg.vn\/wp-content\/uploads\/2025\/04\/Artboard-1-copy-6-1.png",700,800,false]},"_links":{"self":[{"href":"https:\/\/trading.hhg.vn\/en\/wp-json\/wp\/v2\/product\/7052","targetHints":{"allow":["GET"]}}],"collection":[{"href":"https:\/\/trading.hhg.vn\/en\/wp-json\/wp\/v2\/product"}],"about":[{"href":"https:\/\/trading.hhg.vn\/en\/wp-json\/wp\/v2\/types\/product"}],"replies":[{"embeddable":true,"href":"https:\/\/trading.hhg.vn\/en\/wp-json\/wp\/v2\/comments?post=7052"}],"version-history":[{"count":2,"href":"https:\/\/trading.hhg.vn\/en\/wp-json\/wp\/v2\/product\/7052\/revisions"}],"predecessor-version":[{"id":7076,"href":"https:\/\/trading.hhg.vn\/en\/wp-json\/wp\/v2\/product\/7052\/revisions\/7076"}],"wp:featuredmedia":[{"embeddable":true,"href":"https:\/\/trading.hhg.vn\/en\/wp-json\/wp\/v2\/media\/7060"}],"wp:attachment":[{"href":"https:\/\/trading.hhg.vn\/en\/wp-json\/wp\/v2\/media?parent=7052"}],"wp:term":[{"taxonomy":"product_cat","embeddable":true,"href":"https:\/\/trading.hhg.vn\/en\/wp-json\/wp\/v2\/product_cat?post=7052"},{"taxonomy":"product_tag","embeddable":true,"href":"https:\/\/trading.hhg.vn\/en\/wp-json\/wp\/v2\/product_tag?post=7052"}],"curies":[{"name":"wp","href":"https:\/\/api.w.org\/{rel}","templated":true}]}}