{"id":7152,"date":"2025-04-18T10:43:17","date_gmt":"2025-04-18T03:43:17","guid":{"rendered":"https:\/\/trading.hhg.vn\/?post_type=product&#038;p=7152"},"modified":"2026-01-28T07:50:18","modified_gmt":"2026-01-28T00:50:18","slug":"bo-dieu-nhiet-select-670-90-am-tuong-5-chuc-nang","status":"publish","type":"product","link":"https:\/\/trading.hhg.vn\/en\/s\u1ea3n-ph\u1ea9m\/bo-dieu-nhiet-select-670-90-am-tuong-5-chuc-nang\/","title":{"rendered":"B\u1ed9 \u0111i\u1ec1u nhi\u1ec7t Select 670\/90 \u00e2m t\u01b0\u1eddng 5 ch\u1ee9c n\u0103ng"},"content":{"rendered":"<p><img fetchpriority=\"high\" decoding=\"async\" class=\"aligncenter wp-image-6068 size-full\" src=\"http:\/\/trading.hhg.vn\/wp-content\/uploads\/2025\/01\/Artboard-17-3.jpg\" alt=\"\" width=\"618\" height=\"369\" srcset=\"https:\/\/trading.hhg.vn\/wp-content\/uploads\/2025\/01\/Artboard-17-3.jpg 618w, https:\/\/trading.hhg.vn\/wp-content\/uploads\/2025\/01\/Artboard-17-3-300x179.jpg 300w, https:\/\/trading.hhg.vn\/wp-content\/uploads\/2025\/01\/Artboard-17-3-150x90.jpg 150w\" sizes=\"(max-width: 618px) 100vw, 618px\" \/><\/p>\n<p>AXOR ShowerSolutions l\u00e0 d\u00f2ng s\u1ea3n ph\u1ea9m sen t\u1eafm cao c\u1ea5p, mang \u0111\u1ebfn tr\u1ea3i nghi\u1ec7m t\u1eafm \u0111\u1eb3ng c\u1ea5p v\u1edbi thi\u1ebft k\u1ebf tinh t\u1ebf v\u00e0 c\u00f4ng ngh\u1ec7 ti\u00ean ti\u1ebfn. S\u1ea3n ph\u1ea9m bao g\u1ed3m c\u00e1c lo\u1ea1i \u0111\u1ea7u sen tr\u1ea7n v\u00e0 tay sen v\u1edbi nhi\u1ec1u ch\u1ebf \u0111\u1ed9 phun n\u01b0\u1edbc kh\u00e1c nhau nh\u01b0 PowderRain, Rain, MonoRain, \u0111\u00e1p \u1ee9ng \u0111a d\u1ea1ng nhu c\u1ea7u c\u1ee7a ng\u01b0\u1eddi d\u00f9ng. \u0110\u1eb7c bi\u1ec7t, c\u00f4ng ngh\u1ec7 AirPower tr\u1ed9n kh\u00f4ng kh\u00ed v\u00e0o n\u01b0\u1edbc, t\u1ea1o ra nh\u1eefng gi\u1ecdt n\u01b0\u1edbc nh\u1eb9 nh\u00e0ng, mang l\u1ea1i c\u1ea3m gi\u00e1c t\u1eafm th\u01b0 gi\u00e3n v\u00e0 ti\u1ebft ki\u1ec7m n\u01b0\u1edbc. AXOR ShowerSolutions kh\u00f4ng ch\u1ec9 ch\u00fa tr\u1ecdng \u0111\u1ebfn hi\u1ec7u su\u1ea5t m\u00e0 c\u00f2n \u0111\u1ea3m b\u1ea3o t\u00ednh th\u1ea9m m\u1ef9 cao, ph\u00f9 h\u1ee3p v\u1edbi nhi\u1ec1u phong c\u00e1ch ph\u00f2ng t\u1eafm hi\u1ec7n \u0111\u1ea1i.<\/p>\n","protected":false},"excerpt":{"rendered":"<p>Mang \u0111\u1ebfn tr\u1ea3i nghi\u1ec7m t\u1eafm \u0111\u1eb3ng c\u1ea5p v\u1edbi <strong data-start=\"203\" data-end=\"243\">b\u1ed9 \u0111i\u1ec1u nhi\u1ec7t Select 670\/90 \u00e2m t\u01b0\u1eddng<\/strong>, t\u00edch h\u1ee3p 5 ch\u1ee9c n\u0103ng \u0111i\u1ec1u khi\u1ec3n \u0111\u1ed9c l\u1eadp qua n\u00fat nh\u1ea5n Select hi\u1ec7n \u0111\u1ea1i. Thi\u1ebft k\u1ebf tinh g\u1ecdn, l\u1eafp \u00e2m t\u01b0\u1eddng gi\u00fap ti\u1ebft ki\u1ec7m kh\u00f4ng gian, cho ph\u00f2ng t\u1eafm th\u00eam sang tr\u1ecdng. H\u1ec7 th\u1ed1ng van nhi\u1ec7t \u1ed5n \u0111\u1ecbnh nhi\u1ec7t \u0111\u1ed9, an to\u00e0n v\u1edbi ch\u1ed1t gi\u1edbi h\u1ea1n 40\u00b0C v\u00e0 kh\u1ea3 n\u0103ng s\u1eed d\u1ee5ng \u0111\u1ed3ng th\u1eddi nhi\u1ec1u \u0111\u1ea7u ra. L\u1ef1a ch\u1ecdn ho\u00e0n h\u1ea3o cho kh\u00f4ng gian t\u1eafm ti\u1ec7n nghi v\u00e0 th\u1ea9m m\u1ef9.<\/p>\n","protected":false},"featured_media":7163,"comment_status":"open","ping_status":"closed","template":"","meta":{"_acf_changed":false},"product_cat":[69,451],"product_tag":[],"class_list":{"0":"post-7152","1":"product","2":"type-product","3":"status-publish","4":"has-post-thumbnail","6":"product_cat-phong-tam","7":"product_cat-bo-dieu-nhiet","8":"pa_mau-sac-chrome","9":"pa_mau-sac-chrome-den-xuoc","10":"pa_mau-sac-dong-thau-xuoc","11":"pa_mau-sac-dong-xuoc","12":"pa_mau-sac-niken-xuoc","13":"pa_mau-sac-thep-khong-gi","14":"pa_mau-sac-vang-bong","15":"pa_mau-sac-vang-hong-bong","16":"pa_mau-sac-vang-hong-xuoc","17":"pa_mau-sac-vang-xuoc","18":"pa_mau-sac-chrome-den-bong-en","20":"first","21":"instock","22":"featured","23":"shipping-taxable","24":"purchasable","25":"product-type-variable"},"acf":[],"featured_media_urls":{"thumbnail":["https:\/\/trading.hhg.vn\/wp-content\/uploads\/2025\/04\/Artboard-1-copy-6-100-7-150x150.jpg",150,150,true],"medium":["https:\/\/trading.hhg.vn\/wp-content\/uploads\/2025\/04\/Artboard-1-copy-6-100-7-263x300.jpg",263,300,true],"medium_large":["https:\/\/trading.hhg.vn\/wp-content\/uploads\/2025\/04\/Artboard-1-copy-6-100-7.jpg",701,800,false],"large":["https:\/\/trading.hhg.vn\/wp-content\/uploads\/2025\/04\/Artboard-1-copy-6-100-7.jpg",701,800,false],"1536x1536":["https:\/\/trading.hhg.vn\/wp-content\/uploads\/2025\/04\/Artboard-1-copy-6-100-7.jpg",701,800,false],"2048x2048":["https:\/\/trading.hhg.vn\/wp-content\/uploads\/2025\/04\/Artboard-1-copy-6-100-7.jpg",701,800,false],"woocommerce_thumbnail":["https:\/\/trading.hhg.vn\/wp-content\/uploads\/2025\/04\/Artboard-1-copy-6-100-7-600x600.jpg",600,600,true],"woocommerce_single":["https:\/\/trading.hhg.vn\/wp-content\/uploads\/2025\/04\/Artboard-1-copy-6-100-7.jpg",701,800,false],"woocommerce_gallery_thumbnail":["https:\/\/trading.hhg.vn\/wp-content\/uploads\/2025\/04\/Artboard-1-copy-6-100-7-150x171.jpg",150,171,true],"portfolio_item-thumbnail":["https:\/\/trading.hhg.vn\/wp-content\/uploads\/2025\/04\/Artboard-1-copy-6-100-7.jpg",351,400,false],"portfolio_item-thumbnail@2x":["https:\/\/trading.hhg.vn\/wp-content\/uploads\/2025\/04\/Artboard-1-copy-6-100-7.jpg",701,800,false],"portfolio_item-masonry":["https:\/\/trading.hhg.vn\/wp-content\/uploads\/2025\/04\/Artboard-1-copy-6-100-7.jpg",600,685,false],"portfolio_item-masonry@2x":["https:\/\/trading.hhg.vn\/wp-content\/uploads\/2025\/04\/Artboard-1-copy-6-100-7.jpg",701,800,false],"portfolio_item-thumbnail_cinema":["https:\/\/trading.hhg.vn\/wp-content\/uploads\/2025\/04\/Artboard-1-copy-6-100-7.jpg",294,335,false],"portfolio_item-thumbnail_portrait":["https:\/\/trading.hhg.vn\/wp-content\/uploads\/2025\/04\/Artboard-1-copy-6-100-7.jpg",600,685,false],"portfolio_item-thumbnail_portrait@2x":["https:\/\/trading.hhg.vn\/wp-content\/uploads\/2025\/04\/Artboard-1-copy-6-100-7.jpg",701,800,false],"portfolio_item-thumbnail_square":["https:\/\/trading.hhg.vn\/wp-content\/uploads\/2025\/04\/Artboard-1-copy-6-100-7.jpg",701,800,false]},"_links":{"self":[{"href":"https:\/\/trading.hhg.vn\/en\/wp-json\/wp\/v2\/product\/7152","targetHints":{"allow":["GET"]}}],"collection":[{"href":"https:\/\/trading.hhg.vn\/en\/wp-json\/wp\/v2\/product"}],"about":[{"href":"https:\/\/trading.hhg.vn\/en\/wp-json\/wp\/v2\/types\/product"}],"replies":[{"embeddable":true,"href":"https:\/\/trading.hhg.vn\/en\/wp-json\/wp\/v2\/comments?post=7152"}],"version-history":[{"count":3,"href":"https:\/\/trading.hhg.vn\/en\/wp-json\/wp\/v2\/product\/7152\/revisions"}],"predecessor-version":[{"id":7218,"href":"https:\/\/trading.hhg.vn\/en\/wp-json\/wp\/v2\/product\/7152\/revisions\/7218"}],"wp:featuredmedia":[{"embeddable":true,"href":"https:\/\/trading.hhg.vn\/en\/wp-json\/wp\/v2\/media\/7163"}],"wp:attachment":[{"href":"https:\/\/trading.hhg.vn\/en\/wp-json\/wp\/v2\/media?parent=7152"}],"wp:term":[{"taxonomy":"product_cat","embeddable":true,"href":"https:\/\/trading.hhg.vn\/en\/wp-json\/wp\/v2\/product_cat?post=7152"},{"taxonomy":"product_tag","embeddable":true,"href":"https:\/\/trading.hhg.vn\/en\/wp-json\/wp\/v2\/product_tag?post=7152"}],"curies":[{"name":"wp","href":"https:\/\/api.w.org\/{rel}","templated":true}]}}