{"id":7225,"date":"2025-04-18T13:53:51","date_gmt":"2025-04-18T06:53:51","guid":{"rendered":"https:\/\/trading.hhg.vn\/?post_type=product&#038;p=7225"},"modified":"2026-01-28T07:49:52","modified_gmt":"2026-01-28T00:49:52","slug":"bo-am-cho-showerheaven-1200-300-4-duong-nuoc","status":"publish","type":"product","link":"https:\/\/trading.hhg.vn\/en\/s\u1ea3n-ph\u1ea9m\/bo-am-cho-showerheaven-1200-300-4-duong-nuoc\/","title":{"rendered":"B\u1ed9 \u00e2m cho ShowerHeaven 1200\/300 4 \u0111\u01b0\u1eddng n\u01b0\u1edbc"},"content":{"rendered":"<h3 data-start=\"587\" data-end=\"645\"><img decoding=\"async\" src=\"https:\/\/assets.hansgrohe.com\/mam\/celum\/celum_assets\/153__ayg00054_eps.jpg\" \/><\/h3>\n<h3 class=\"\" data-start=\"587\" data-end=\"645\">B\u1ed9 \u00e2m cho <strong data-start=\"604\" data-end=\"621\">b\u1ed9 \u0111i\u1ec1u nhi\u1ec7t<\/strong> (Thermostatic module)<\/h3>\n<ul data-start=\"646\" data-end=\"1382\">\n<li class=\"\" data-start=\"646\" data-end=\"857\">\n<p class=\"\" data-start=\"648\" data-end=\"857\"><strong data-start=\"648\" data-end=\"670\">AXOR One Basic set<\/strong> cho b\u1ed9 \u0111i\u1ec1u nhi\u1ec7t 1\u20133 ch\u1ee9c n\u0103ng, cho ph\u00e9p s\u1eed d\u1ee5ng \u0111\u1ed3ng th\u1eddi nhi\u1ec1u \u0111\u1ea7u ra, \u0111i\u1ec1u khi\u1ec3n b\u1eb1ng paddle Select l\u1edbn, gi\u1ea3m l\u01b0u l\u01b0\u1ee3ng ~50% nh\u1edd Eco\u2011Function\u2026<\/p>\n<\/li>\n<li class=\"\" data-start=\"858\" data-end=\"1022\">\n<p class=\"\" data-start=\"860\" data-end=\"1022\"><strong data-start=\"860\" data-end=\"889\">AXOR Citterio\u00a0E Basic set<\/strong> cho b\u1ed9 \u0111i\u1ec1u nhi\u1ec7t 380\/120 (2 ho\u1eb7c 3 ch\u1ee9c n\u0103ng), \u0111\u1ed9 b\u1ec1n cao, thi\u1ebft k\u1ebf kim lo\u1ea1i m\u1ea1 sang tr\u1ecdng.<\/p>\n<\/li>\n<li class=\"\" data-start=\"1023\" data-end=\"1210\">\n<p class=\"\" data-start=\"1025\" data-end=\"1210\"><strong data-start=\"1025\" data-end=\"1045\">Select Basic set<\/strong> cho b\u1ed9 \u0111i\u1ec1u nhi\u1ec7t Select 2\u20135 ch\u1ee9c n\u0103ng, k\u00e8m n\u00fat nh\u1ea5n Select si\u00eau nh\u1ea1y, t\u00edch h\u1ee3p van ng\u1eaft v\u00e0 l\u00f5i \u0111i\u1ec1u nhi\u1ec7t, an to\u00e0n \u1edf 40 \u00b0C.<\/p>\n<\/li>\n<li class=\"\" data-start=\"1211\" data-end=\"1382\">\n<p class=\"\" data-start=\"1213\" data-end=\"1382\"><strong data-start=\"1213\" data-end=\"1247\">AXOR ShowerSolutions Basic set<\/strong> cho b\u1ed9 \u0111i\u1ec1u nhi\u1ec7t 120\/120 ho\u1eb7c 360\/120, \u0111a d\u1ea1ng c\u00f4ng su\u1ea5t, ph\u00f9 h\u1ee3p showerpipe ho\u1eb7c ShowerHeaven.<\/p>\n<\/li>\n<\/ul>\n","protected":false},"excerpt":{"rendered":"<p>B\u1ed9 \u00e2m \u00e2m t\u01b0\u1eddng 5 ch\u1ee9c n\u0103ng, k\u1ebft n\u1ed1i ren Rp\u00a0\u00be (DN15\/DN20), thi\u1ebft k\u1ebf l\u1eafp ngang v\u00e0 c\u00e1ch \u00e2m t\u1ed1i \u01b0u. \u0110\u1ed9 s\u00e2u l\u1eafp \u0111\u1eb7t linh ho\u1ea1t t\u1eeb 92\u00a0mm \u0111\u1ebfn 120\u00a0mm, mang \u0111\u1ebfn gi\u1ea3i ph\u00e1p \u1ea9n t\u01b0\u1eddng g\u1ecdn g\u00e0ng, v\u1eadn h\u00e0nh \u00eam \u00e1i v\u00e0 b\u1ec1n b\u1ec9.<\/p>\n","protected":false},"featured_media":7226,"comment_status":"open","ping_status":"closed","template":"","meta":{"_acf_changed":false},"product_cat":[713,69],"product_tag":[],"class_list":{"0":"post-7225","1":"product","2":"type-product","3":"status-publish","4":"has-post-thumbnail","6":"product_cat-bo-lap-dat-cho-sen-tam","7":"product_cat-phong-tam","9":"first","10":"instock","11":"shipping-taxable","12":"purchasable","13":"product-type-simple"},"acf":[],"featured_media_urls":{"thumbnail":["https:\/\/trading.hhg.vn\/wp-content\/uploads\/2025\/04\/Artboard-1-100-10-150x150.jpg",150,150,true],"medium":["https:\/\/trading.hhg.vn\/wp-content\/uploads\/2025\/04\/Artboard-1-100-10-263x300.jpg",263,300,true],"medium_large":["https:\/\/trading.hhg.vn\/wp-content\/uploads\/2025\/04\/Artboard-1-100-10.jpg",700,800,false],"large":["https:\/\/trading.hhg.vn\/wp-content\/uploads\/2025\/04\/Artboard-1-100-10.jpg",700,800,false],"1536x1536":["https:\/\/trading.hhg.vn\/wp-content\/uploads\/2025\/04\/Artboard-1-100-10.jpg",700,800,false],"2048x2048":["https:\/\/trading.hhg.vn\/wp-content\/uploads\/2025\/04\/Artboard-1-100-10.jpg",700,800,false],"woocommerce_thumbnail":["https:\/\/trading.hhg.vn\/wp-content\/uploads\/2025\/04\/Artboard-1-100-10-600x600.jpg",600,600,true],"woocommerce_single":["https:\/\/trading.hhg.vn\/wp-content\/uploads\/2025\/04\/Artboard-1-100-10.jpg",700,800,false],"woocommerce_gallery_thumbnail":["https:\/\/trading.hhg.vn\/wp-content\/uploads\/2025\/04\/Artboard-1-100-10-150x171.jpg",150,171,true],"portfolio_item-thumbnail":["https:\/\/trading.hhg.vn\/wp-content\/uploads\/2025\/04\/Artboard-1-100-10.jpg",350,400,false],"portfolio_item-thumbnail@2x":["https:\/\/trading.hhg.vn\/wp-content\/uploads\/2025\/04\/Artboard-1-100-10.jpg",700,800,false],"portfolio_item-masonry":["https:\/\/trading.hhg.vn\/wp-content\/uploads\/2025\/04\/Artboard-1-100-10.jpg",600,686,false],"portfolio_item-masonry@2x":["https:\/\/trading.hhg.vn\/wp-content\/uploads\/2025\/04\/Artboard-1-100-10.jpg",700,800,false],"portfolio_item-thumbnail_cinema":["https:\/\/trading.hhg.vn\/wp-content\/uploads\/2025\/04\/Artboard-1-100-10.jpg",293,335,false],"portfolio_item-thumbnail_portrait":["https:\/\/trading.hhg.vn\/wp-content\/uploads\/2025\/04\/Artboard-1-100-10.jpg",600,686,false],"portfolio_item-thumbnail_portrait@2x":["https:\/\/trading.hhg.vn\/wp-content\/uploads\/2025\/04\/Artboard-1-100-10.jpg",700,800,false],"portfolio_item-thumbnail_square":["https:\/\/trading.hhg.vn\/wp-content\/uploads\/2025\/04\/Artboard-1-100-10.jpg",700,800,false]},"_links":{"self":[{"href":"https:\/\/trading.hhg.vn\/en\/wp-json\/wp\/v2\/product\/7225","targetHints":{"allow":["GET"]}}],"collection":[{"href":"https:\/\/trading.hhg.vn\/en\/wp-json\/wp\/v2\/product"}],"about":[{"href":"https:\/\/trading.hhg.vn\/en\/wp-json\/wp\/v2\/types\/product"}],"replies":[{"embeddable":true,"href":"https:\/\/trading.hhg.vn\/en\/wp-json\/wp\/v2\/comments?post=7225"}],"version-history":[{"count":1,"href":"https:\/\/trading.hhg.vn\/en\/wp-json\/wp\/v2\/product\/7225\/revisions"}],"predecessor-version":[{"id":7228,"href":"https:\/\/trading.hhg.vn\/en\/wp-json\/wp\/v2\/product\/7225\/revisions\/7228"}],"wp:featuredmedia":[{"embeddable":true,"href":"https:\/\/trading.hhg.vn\/en\/wp-json\/wp\/v2\/media\/7226"}],"wp:attachment":[{"href":"https:\/\/trading.hhg.vn\/en\/wp-json\/wp\/v2\/media?parent=7225"}],"wp:term":[{"taxonomy":"product_cat","embeddable":true,"href":"https:\/\/trading.hhg.vn\/en\/wp-json\/wp\/v2\/product_cat?post=7225"},{"taxonomy":"product_tag","embeddable":true,"href":"https:\/\/trading.hhg.vn\/en\/wp-json\/wp\/v2\/product_tag?post=7225"}],"curies":[{"name":"wp","href":"https:\/\/api.w.org\/{rel}","templated":true}]}}