{"id":7229,"date":"2025-04-18T14:43:07","date_gmt":"2025-04-18T07:43:07","guid":{"rendered":"https:\/\/trading.hhg.vn\/?post_type=product&#038;p=7229"},"modified":"2025-04-18T14:50:12","modified_gmt":"2025-04-18T07:50:12","slug":"tu-lanh-am-tu-gorenje","status":"publish","type":"product","link":"https:\/\/trading.hhg.vn\/en\/s\u1ea3n-ph\u1ea9m\/tu-lanh-am-tu-gorenje\/","title":{"rendered":"T\u1ee7 l\u1ea1nh \u00e2m t\u1ee7 Gorenje"},"content":{"rendered":"<p><img fetchpriority=\"high\" decoding=\"async\" class=\"aligncenter wp-image-7240 size-full\" src=\"http:\/\/trading.hhg.vn\/wp-content\/uploads\/2025\/04\/tu-lanh-am-tu-gorenje-nrki5181lw.jpg\" alt=\"\" width=\"1800\" height=\"1200\" srcset=\"https:\/\/trading.hhg.vn\/wp-content\/uploads\/2025\/04\/tu-lanh-am-tu-gorenje-nrki5181lw.jpg 1800w, https:\/\/trading.hhg.vn\/wp-content\/uploads\/2025\/04\/tu-lanh-am-tu-gorenje-nrki5181lw-300x200.jpg 300w, https:\/\/trading.hhg.vn\/wp-content\/uploads\/2025\/04\/tu-lanh-am-tu-gorenje-nrki5181lw-1024x683.jpg 1024w, https:\/\/trading.hhg.vn\/wp-content\/uploads\/2025\/04\/tu-lanh-am-tu-gorenje-nrki5181lw-768x512.jpg 768w, https:\/\/trading.hhg.vn\/wp-content\/uploads\/2025\/04\/tu-lanh-am-tu-gorenje-nrki5181lw-1536x1024.jpg 1536w, https:\/\/trading.hhg.vn\/wp-content\/uploads\/2025\/04\/tu-lanh-am-tu-gorenje-nrki5181lw-1200x800.jpg 1200w, https:\/\/trading.hhg.vn\/wp-content\/uploads\/2025\/04\/tu-lanh-am-tu-gorenje-nrki5181lw-150x100.jpg 150w\" sizes=\"(max-width: 1800px) 100vw, 1800px\" \/><\/p>\n<p><span class=\"relative -mx-px my-[-0.2rem] rounded px-px py-[0.2rem] transition-colors duration-100 ease-in-out\">D\u00f2ng <strong data-start=\"5\" data-end=\"39\">t\u1ee7 l\u1ea1nh \u00e2m t\u1ee7 t\u00edch h\u1ee3p cao c\u1ea5p<\/strong> c\u1ee7a <strong data-start=\"44\" data-end=\"55\">Gorenje<\/strong> l\u00e0 s\u1ef1 k\u1ebft h\u1ee3p ho\u00e0n h\u1ea3o gi\u1eefa thi\u1ebft k\u1ebf tinh t\u1ebf, c\u00f4ng ngh\u1ec7 hi\u1ec7n \u0111\u1ea1i v\u00e0 hi\u1ec7u su\u1ea5t ti\u1ebft ki\u1ec7m n\u0103ng l\u01b0\u1ee3ng.<\/span> <span class=\"relative -mx-px my-[-0.2rem] rounded px-px py-[0.2rem] transition-colors duration-100 ease-in-out\">\u0110\u01b0\u1ee3c thi\u1ebft k\u1ebf \u0111\u1ec3 l\u1eafp \u0111\u1eb7t ch\u00ecm ho\u00e0n to\u00e0n v\u00e0o h\u1ec7 t\u1ee7 b\u1ebfp, nh\u1eefng s\u1ea3n ph\u1ea9m n\u00e0y mang l\u1ea1i v\u1ebb \u0111\u1eb9p li\u1ec1n m\u1ea1ch v\u00e0 sang tr\u1ecdng cho kh\u00f4ng gian b\u1ebfp hi\u1ec7n \u0111\u1ea1i.<\/span><\/p>\n","protected":false},"excerpt":{"rendered":"<p>T\u1ee7 l\u1ea1nh Gorenje NRKI4182A1 l\u00e0 d\u00f2ng <strong data-start=\"35\" data-end=\"61\">t\u1ee7 l\u1ea1nh \u00e2m t\u1ee7 t\u00edch h\u1ee3p<\/strong> (built-in fridge freezer) thu\u1ed9c ph\u00e2n kh\u00fac cao c\u1ea5p, thi\u1ebft k\u1ebf \u0111\u1ec3 l\u1eafp \u0111\u1eb7t ch\u00ecm ho\u00e0n to\u00e0n v\u00e0o h\u1ec7 t\u1ee7 b\u1ebfp, mang l\u1ea1i s\u1ef1 \u0111\u1ed3ng b\u1ed9 v\u00e0 tinh t\u1ebf cho kh\u00f4ng gian b\u1ebfp hi\u1ec7n \u0111\u1ea1i.<\/p>\n","protected":false},"featured_media":7230,"comment_status":"open","ping_status":"closed","template":"","meta":{"_acf_changed":false},"product_cat":[275,89],"product_tag":[],"class_list":{"0":"post-7229","1":"product","2":"type-product","3":"status-publish","4":"has-post-thumbnail","6":"product_cat-thiet-bi-nha-bep","7":"product_cat-tu-lanh","9":"first","10":"outofstock","11":"shipping-taxable","12":"product-type-simple"},"acf":[],"featured_media_urls":{"thumbnail":["https:\/\/trading.hhg.vn\/wp-content\/uploads\/2025\/04\/Artboard-1-100-11-150x150.jpg",150,150,true],"medium":["https:\/\/trading.hhg.vn\/wp-content\/uploads\/2025\/04\/Artboard-1-100-11-263x300.jpg",263,300,true],"medium_large":["https:\/\/trading.hhg.vn\/wp-content\/uploads\/2025\/04\/Artboard-1-100-11.jpg",700,800,false],"large":["https:\/\/trading.hhg.vn\/wp-content\/uploads\/2025\/04\/Artboard-1-100-11.jpg",700,800,false],"1536x1536":["https:\/\/trading.hhg.vn\/wp-content\/uploads\/2025\/04\/Artboard-1-100-11.jpg",700,800,false],"2048x2048":["https:\/\/trading.hhg.vn\/wp-content\/uploads\/2025\/04\/Artboard-1-100-11.jpg",700,800,false],"woocommerce_thumbnail":["https:\/\/trading.hhg.vn\/wp-content\/uploads\/2025\/04\/Artboard-1-100-11-600x600.jpg",600,600,true],"woocommerce_single":["https:\/\/trading.hhg.vn\/wp-content\/uploads\/2025\/04\/Artboard-1-100-11.jpg",700,800,false],"woocommerce_gallery_thumbnail":["https:\/\/trading.hhg.vn\/wp-content\/uploads\/2025\/04\/Artboard-1-100-11-150x171.jpg",150,171,true],"portfolio_item-thumbnail":["https:\/\/trading.hhg.vn\/wp-content\/uploads\/2025\/04\/Artboard-1-100-11.jpg",350,400,false],"portfolio_item-thumbnail@2x":["https:\/\/trading.hhg.vn\/wp-content\/uploads\/2025\/04\/Artboard-1-100-11.jpg",700,800,false],"portfolio_item-masonry":["https:\/\/trading.hhg.vn\/wp-content\/uploads\/2025\/04\/Artboard-1-100-11.jpg",600,686,false],"portfolio_item-masonry@2x":["https:\/\/trading.hhg.vn\/wp-content\/uploads\/2025\/04\/Artboard-1-100-11.jpg",700,800,false],"portfolio_item-thumbnail_cinema":["https:\/\/trading.hhg.vn\/wp-content\/uploads\/2025\/04\/Artboard-1-100-11.jpg",293,335,false],"portfolio_item-thumbnail_portrait":["https:\/\/trading.hhg.vn\/wp-content\/uploads\/2025\/04\/Artboard-1-100-11.jpg",600,686,false],"portfolio_item-thumbnail_portrait@2x":["https:\/\/trading.hhg.vn\/wp-content\/uploads\/2025\/04\/Artboard-1-100-11.jpg",700,800,false],"portfolio_item-thumbnail_square":["https:\/\/trading.hhg.vn\/wp-content\/uploads\/2025\/04\/Artboard-1-100-11.jpg",700,800,false]},"_links":{"self":[{"href":"https:\/\/trading.hhg.vn\/en\/wp-json\/wp\/v2\/product\/7229","targetHints":{"allow":["GET"]}}],"collection":[{"href":"https:\/\/trading.hhg.vn\/en\/wp-json\/wp\/v2\/product"}],"about":[{"href":"https:\/\/trading.hhg.vn\/en\/wp-json\/wp\/v2\/types\/product"}],"replies":[{"embeddable":true,"href":"https:\/\/trading.hhg.vn\/en\/wp-json\/wp\/v2\/comments?post=7229"}],"version-history":[{"count":4,"href":"https:\/\/trading.hhg.vn\/en\/wp-json\/wp\/v2\/product\/7229\/revisions"}],"predecessor-version":[{"id":7243,"href":"https:\/\/trading.hhg.vn\/en\/wp-json\/wp\/v2\/product\/7229\/revisions\/7243"}],"wp:featuredmedia":[{"embeddable":true,"href":"https:\/\/trading.hhg.vn\/en\/wp-json\/wp\/v2\/media\/7230"}],"wp:attachment":[{"href":"https:\/\/trading.hhg.vn\/en\/wp-json\/wp\/v2\/media?parent=7229"}],"wp:term":[{"taxonomy":"product_cat","embeddable":true,"href":"https:\/\/trading.hhg.vn\/en\/wp-json\/wp\/v2\/product_cat?post=7229"},{"taxonomy":"product_tag","embeddable":true,"href":"https:\/\/trading.hhg.vn\/en\/wp-json\/wp\/v2\/product_tag?post=7229"}],"curies":[{"name":"wp","href":"https:\/\/api.w.org\/{rel}","templated":true}]}}