{"id":7286,"date":"2025-04-23T13:35:36","date_gmt":"2025-04-23T06:35:36","guid":{"rendered":"https:\/\/trading.hhg.vn\/?post_type=product&#038;p=7286"},"modified":"2026-01-28T07:48:47","modified_gmt":"2026-01-28T00:48:47","slug":"voi-lavabo-tay-gat-don-130-voi-tay-gat-dang-pin-va-bo-xa-pop-up-axor-citterio-e","status":"publish","type":"product","link":"https:\/\/trading.hhg.vn\/en\/s\u1ea3n-ph\u1ea9m\/voi-lavabo-tay-gat-don-130-voi-tay-gat-dang-pin-va-bo-xa-pop-up-axor-citterio-e\/","title":{"rendered":"V\u00f2i lavabo tay g\u1ea1t \u0111\u01a1n 130 v\u1edbi tay g\u1ea1t d\u1ea1ng pin v\u00e0 b\u1ed9 x\u1ea3 pop-up AXOR Citterio E"},"content":{"rendered":"<p><img fetchpriority=\"high\" decoding=\"async\" class=\"aligncenter wp-image-7305 size-full\" src=\"http:\/\/trading.hhg.vn\/wp-content\/uploads\/2025\/04\/Artboard-5-3.png\" alt=\"\" width=\"700\" height=\"457\" srcset=\"https:\/\/trading.hhg.vn\/wp-content\/uploads\/2025\/04\/Artboard-5-3.png 700w, https:\/\/trading.hhg.vn\/wp-content\/uploads\/2025\/04\/Artboard-5-3-300x196.png 300w, https:\/\/trading.hhg.vn\/wp-content\/uploads\/2025\/04\/Artboard-5-3-150x98.png 150w\" sizes=\"(max-width: 700px) 100vw, 700px\" \/><\/p>\n<article class=\"text-token-text-primary w-full\" dir=\"auto\" data-testid=\"conversation-turn-6\" data-scroll-anchor=\"true\">\n<div class=\"text-base my-auto mx-auto py-5 [--thread-content-margin:--spacing(4)] @[37rem]:[--thread-content-margin:--spacing(6)] @[70rem]:[--thread-content-margin:--spacing(12)] px-(--thread-content-margin)\">\n<div class=\"[--thread-content-max-width:32rem] @[34rem]:[--thread-content-max-width:40rem] @[64rem]:[--thread-content-max-width:48rem] mx-auto flex max-w-(--thread-content-max-width) flex-1 text-base gap-4 md:gap-5 lg:gap-6 group\/turn-messages focus-visible:outline-hidden\" tabindex=\"-1\">\n<div class=\"group\/conversation-turn relative flex w-full min-w-0 flex-col agent-turn\">\n<div class=\"relative flex-col gap-1 md:gap-3\">\n<div class=\"flex max-w-full flex-col grow\">\n<div class=\"min-h-8 text-message relative flex w-full flex-col items-end gap-2 text-start break-words whitespace-normal [.text-message+&amp;]:mt-5\" dir=\"auto\" data-message-author-role=\"assistant\" data-message-id=\"feb15cfb-c57e-49da-8b5f-59a21637d888\" data-message-model-slug=\"gpt-4o\">\n<div class=\"flex w-full flex-col gap-1 empty:hidden first:pt-[3px]\">\n<div class=\"markdown prose dark:prose-invert w-full break-words light\">\n<p class=\"\" data-start=\"0\" data-end=\"1055\">D\u00f2ng s\u1ea3n ph\u1ea9m <strong data-start=\"14\" data-end=\"33\">AXOR Citterio E<\/strong> th\u1ec3 hi\u1ec7n tri\u1ebft l\u00fd thi\u1ebft k\u1ebf d\u1ef1a tr\u00ean s\u1ef1 h\u00e0i h\u00f2a c\u1ee7a nh\u1eefng c\u1eb7p \u0111\u1ed1i l\u1eadp \u2013 hi\u1ec7n \u0111\u1ea1i nh\u01b0ng c\u1ed5 \u0111i\u1ec3n, m\u1ea1nh m\u1ebd nh\u01b0ng tinh t\u1ebf, g\u00f3c c\u1ea1nh nh\u01b0ng uy\u1ec3n chuy\u1ec3n. \u0110\u00e2y l\u00e0 s\u1ef1 t\u1ed5ng h\u00f2a kh\u00e9o l\u00e9o gi\u1eefa c\u00f4ng ngh\u1ec7 ti\u00ean ti\u1ebfn v\u00e0 k\u1ef9 thu\u1eadt s\u1ea3n xu\u1ea5t truy\u1ec1n th\u1ed1ng, t\u1ea1o n\u00ean nh\u1eefng s\u1ea3n ph\u1ea9m mang v\u1ebb \u0111\u1eb9p v\u01b0\u1ee3t th\u1eddi gian. \u0110\u01b0\u1ee3c Antonio Citterio m\u00f4 t\u1ea3 nh\u01b0 m\u1ed9t s\u1ef1 ti\u1ebfn h\u00f3a li\u00ean t\u1ee5c t\u1eeb hai d\u00f2ng AXOR Citterio v\u00e0 Citterio M, AXOR Citterio E duy tr\u00ec ng\u00f4n ng\u1eef thi\u1ebft k\u1ebf \u0111\u1eb7c tr\u01b0ng nh\u01b0ng tinh gi\u1ea3n v\u00e0 tinh x\u1ea3o h\u01a1n. Tay g\u1ea1t d\u1ea1ng pin hi\u1ec7n \u0111\u1ea1i mang \u0111\u1ebfn c\u1ea3m gi\u00e1c ch\u1ea1m nh\u1eb9 nh\u00e0ng, \u0111i\u1ec1u khi\u1ec3n m\u01b0\u1ee3t m\u00e0 ngay c\u1ea3 trong c\u00e1c thi\u1ebft k\u1ebf nh\u1ecf g\u1ecdn. D\u00f2ng s\u1ea3n ph\u1ea9m cung c\u1ea5p s\u1ef1 linh ho\u1ea1t t\u1ed1i \u0111a v\u1edbi nhi\u1ec1u l\u1ef1a ch\u1ecdn l\u1eafp \u0111\u1eb7t: g\u1eafn t\u01b0\u1eddng, g\u1eafn s\u00e0n, g\u1eafn v\u00e0nh hay \u00e2m t\u01b0\u1eddng \u2013 t\u1ea5t c\u1ea3 \u0111\u1ec1u gi\u1eef v\u1eefng tinh th\u1ea7n thanh l\u1ecbch \u0111\u1eb7c tr\u01b0ng. V\u1ebb \u0111\u1eb9p c\u1ee7a AXOR Citterio E kh\u00f4ng ch\u1ec9 l\u00e0 th\u1ecb gi\u00e1c m\u00e0 c\u00f2n l\u00e0 c\u1ea3m x\u00fac, g\u1ee3i n\u00ean tr\u1ea3i nghi\u1ec7m s\u1eed d\u1ee5ng \u0111\u1ea7y c\u1ea3m h\u1ee9ng. \u0110\u00e2y l\u00e0 l\u1ef1a ch\u1ecdn l\u00fd t\u01b0\u1edfng cho nh\u1eefng ai t\u00ecm ki\u1ebfm s\u1ef1 c\u00e2n b\u1eb1ng tinh t\u1ebf gi\u1eefa truy\u1ec1n th\u1ed1ng v\u00e0 \u0111\u1ed5i m\u1edbi. AXOR Citterio E ch\u00ednh l\u00e0 \u0111\u1ecbnh ngh\u0129a c\u1ee7a s\u1ef1 thanh l\u1ecbch \u0111\u00edch th\u1ef1c.<\/p>\n<\/div>\n<\/div>\n<\/div>\n<\/div>\n<\/div>\n<\/div>\n<\/div>\n<\/div>\n<\/article>\n","protected":false},"excerpt":{"rendered":"<p>V\u00f2i lavabo tay g\u1ea1t \u0111\u01a1n 130 v\u1edbi tay g\u1ea1t d\u1ea1ng pin AXOR Citterio E k\u1ebft h\u1ee3p thi\u1ebft k\u1ebf thanh l\u1ecbch v\u00e0 hi\u1ec7u su\u1ea5t t\u1ed1i \u01b0u. V\u1edbi ComfortZone 130, \u0111\u1ed9 v\u01b0\u01a1n 143 mm v\u00e0 cao \u0111\u1ed9 mi\u1ec7ng v\u00f2i 126 mm, s\u1ea3n ph\u1ea9m mang l\u1ea1i kh\u00f4ng gian s\u1eed d\u1ee5ng tho\u1ea3i m\u00e1i. Ch\u1ebf \u0111\u1ed9 phun tia th\u1eb3ng gi\u00fap ti\u1ebft ki\u1ec7m n\u01b0\u1edbc v\u1edbi l\u01b0u l\u01b0\u1ee3ng t\u1ed1i \u0111a 5 l\u00edt\/ph\u00fat \u1edf 3 bar. Trang b\u1ecb van s\u1ee9 b\u1ec1n b\u1ec9, t\u01b0\u01a1ng th\u00edch v\u1edbi b\u00ecnh n\u01b0\u1edbc n\u00f3ng li\u00ean t\u1ee5c v\u00e0 \u0111i k\u00e8m b\u1ed9 x\u1ea3 pop-up G 1\u00bc ti\u1ec7n l\u1ee3i.<\/p>\n","protected":false},"featured_media":7297,"comment_status":"open","ping_status":"closed","template":"","meta":{"_acf_changed":false},"product_cat":[69,70],"product_tag":[],"class_list":{"0":"post-7286","1":"product","2":"type-product","3":"status-publish","4":"has-post-thumbnail","6":"product_cat-phong-tam","7":"product_cat-khu-vuc-voi-chau","8":"pa_mau-sac-chrome","9":"pa_mau-sac-chrome-den-xuoc","10":"pa_mau-sac-den-mo","11":"pa_mau-sac-dong-thau-xuoc","12":"pa_mau-sac-dong-xuoc","13":"pa_mau-sac-niken-xuoc","14":"pa_mau-sac-thep-khong-gi","15":"pa_mau-sac-vang-bong","16":"pa_mau-sac-vang-hong-bong","17":"pa_mau-sac-vang-hong-xuoc","18":"pa_mau-sac-vang-xuoc","19":"pa_mau-sac-chrome-den-bong-en","21":"first","22":"instock","23":"shipping-taxable","24":"purchasable","25":"product-type-variable"},"acf":[],"featured_media_urls":{"thumbnail":["https:\/\/trading.hhg.vn\/wp-content\/uploads\/2025\/04\/Artboard-1-8-150x150.png",150,150,true],"medium":["https:\/\/trading.hhg.vn\/wp-content\/uploads\/2025\/04\/Artboard-1-8-263x300.png",263,300,true],"medium_large":["https:\/\/trading.hhg.vn\/wp-content\/uploads\/2025\/04\/Artboard-1-8.png",400,457,false],"large":["https:\/\/trading.hhg.vn\/wp-content\/uploads\/2025\/04\/Artboard-1-8.png",400,457,false],"1536x1536":["https:\/\/trading.hhg.vn\/wp-content\/uploads\/2025\/04\/Artboard-1-8.png",400,457,false],"2048x2048":["https:\/\/trading.hhg.vn\/wp-content\/uploads\/2025\/04\/Artboard-1-8.png",400,457,false],"woocommerce_thumbnail":["https:\/\/trading.hhg.vn\/wp-content\/uploads\/2025\/04\/Artboard-1-8.png",400,457,false],"woocommerce_single":["https:\/\/trading.hhg.vn\/wp-content\/uploads\/2025\/04\/Artboard-1-8.png",400,457,false],"woocommerce_gallery_thumbnail":["https:\/\/trading.hhg.vn\/wp-content\/uploads\/2025\/04\/Artboard-1-8-150x171.png",150,171,true],"portfolio_item-thumbnail":["https:\/\/trading.hhg.vn\/wp-content\/uploads\/2025\/04\/Artboard-1-8.png",350,400,false],"portfolio_item-thumbnail@2x":["https:\/\/trading.hhg.vn\/wp-content\/uploads\/2025\/04\/Artboard-1-8.png",400,457,false],"portfolio_item-masonry":["https:\/\/trading.hhg.vn\/wp-content\/uploads\/2025\/04\/Artboard-1-8.png",400,457,false],"portfolio_item-masonry@2x":["https:\/\/trading.hhg.vn\/wp-content\/uploads\/2025\/04\/Artboard-1-8.png",400,457,false],"portfolio_item-thumbnail_cinema":["https:\/\/trading.hhg.vn\/wp-content\/uploads\/2025\/04\/Artboard-1-8.png",293,335,false],"portfolio_item-thumbnail_portrait":["https:\/\/trading.hhg.vn\/wp-content\/uploads\/2025\/04\/Artboard-1-8.png",400,457,false],"portfolio_item-thumbnail_portrait@2x":["https:\/\/trading.hhg.vn\/wp-content\/uploads\/2025\/04\/Artboard-1-8.png",400,457,false],"portfolio_item-thumbnail_square":["https:\/\/trading.hhg.vn\/wp-content\/uploads\/2025\/04\/Artboard-1-8.png",400,457,false]},"_links":{"self":[{"href":"https:\/\/trading.hhg.vn\/en\/wp-json\/wp\/v2\/product\/7286","targetHints":{"allow":["GET"]}}],"collection":[{"href":"https:\/\/trading.hhg.vn\/en\/wp-json\/wp\/v2\/product"}],"about":[{"href":"https:\/\/trading.hhg.vn\/en\/wp-json\/wp\/v2\/types\/product"}],"replies":[{"embeddable":true,"href":"https:\/\/trading.hhg.vn\/en\/wp-json\/wp\/v2\/comments?post=7286"}],"version-history":[{"count":1,"href":"https:\/\/trading.hhg.vn\/en\/wp-json\/wp\/v2\/product\/7286\/revisions"}],"predecessor-version":[{"id":7343,"href":"https:\/\/trading.hhg.vn\/en\/wp-json\/wp\/v2\/product\/7286\/revisions\/7343"}],"wp:featuredmedia":[{"embeddable":true,"href":"https:\/\/trading.hhg.vn\/en\/wp-json\/wp\/v2\/media\/7297"}],"wp:attachment":[{"href":"https:\/\/trading.hhg.vn\/en\/wp-json\/wp\/v2\/media?parent=7286"}],"wp:term":[{"taxonomy":"product_cat","embeddable":true,"href":"https:\/\/trading.hhg.vn\/en\/wp-json\/wp\/v2\/product_cat?post=7286"},{"taxonomy":"product_tag","embeddable":true,"href":"https:\/\/trading.hhg.vn\/en\/wp-json\/wp\/v2\/product_tag?post=7286"}],"curies":[{"name":"wp","href":"https:\/\/api.w.org\/{rel}","templated":true}]}}