{"id":73108,"date":"2025-11-24T12:30:53","date_gmt":"2025-11-24T05:30:53","guid":{"rendered":"https:\/\/trading.hhg.vn\/?post_type=product&#038;p=73108"},"modified":"2026-01-28T07:49:10","modified_gmt":"2026-01-28T00:49:10","slug":"tam-mat-che-hinh-vuong-bo-goc-1-lo","status":"publish","type":"product","link":"https:\/\/trading.hhg.vn\/en\/s\u1ea3n-ph\u1ea9m\/tam-mat-che-hinh-vuong-bo-goc-1-lo\/","title":{"rendered":"T\u1ea5m m\u1eb7t che h\u00ecnh vu\u00f4ng bo g\u00f3c 1 l\u1ed7"},"content":{"rendered":"","protected":false},"excerpt":{"rendered":"<p>Mang v\u1ebb \u0111\u1eb9p t\u1ed1i gi\u1ea3n c\u00f9ng c\u00f4ng n\u0103ng v\u01b0\u1ee3t tr\u1ed9i, t\u1ea5m m\u1eb7t che h\u00ecnh vu\u00f4ng bo g\u00f3c m\u1ed9t l\u1ed7 l\u00e0 \u0111i\u1ec3m nh\u1ea5n tinh t\u1ebf cho kh\u00f4ng gian s\u1ed1ng hi\u1ec7n \u0111\u1ea1i. Thi\u1ebft k\u1ebf li\u1ec1n m\u1ea1ch, lo\u1ea1i b\u1ecf chi ti\u1ebft th\u1eeba, t\u1ea1o n\u00ean s\u1ef1 thanh l\u1ecbch v\u00e0 sang tr\u1ecdng. \u0110\u01b0\u1ee3c ch\u1ebf t\u00e1c t\u1eeb v\u1eadt li\u1ec7u cao c\u1ea5p, s\u1ea3n ph\u1ea9m kh\u00f4ng ch\u1ec9 b\u1ec1n b\u1ec9 theo th\u1eddi gian m\u00e0 c\u00f2n mang l\u1ea1i c\u1ea3m gi\u00e1c m\u01b0\u1ee3t m\u00e0, d\u1ec5 ch\u1ecbu khi ch\u1ea1m v\u00e0o. S\u1ef1 ti\u1ec7n l\u1ee3i c\u1ee7a m\u1ed9t l\u1ed7 duy nh\u1ea5t gi\u00fap b\u1ea1n d\u1ec5 d\u00e0ng b\u1ed1 tr\u00ed, t\u1ea1o n\u00ean m\u1ed9t t\u1ed5ng th\u1ec3 h\u00e0i h\u00f2a v\u00e0 \u0111\u1ea7y phong c\u00e1ch, n\u00e2ng t\u1ea7m tr\u1ea3i nghi\u1ec7m s\u1ed1ng m\u1ed7i ng\u00e0y.<\/p>\n","protected":false},"featured_media":73159,"comment_status":"open","ping_status":"closed","template":"","meta":{"_acf_changed":false},"product_cat":[714],"product_tag":[],"class_list":{"0":"post-73108","1":"product","2":"type-product","3":"status-publish","4":"has-post-thumbnail","6":"product_cat-phu-kien-lap-dat","7":"pa_mau-sac-chrome","8":"pa_mau-sac-chrome-den-xuoc","9":"pa_mau-sac-dong-thau-xuoc","10":"pa_mau-sac-dong-xuoc","11":"pa_mau-sac-niken-xuoc","12":"pa_mau-sac-thep-khong-gi","13":"pa_mau-sac-vang-bong","14":"pa_mau-sac-vang-hong-bong","15":"pa_mau-sac-vang-hong-xuoc","16":"pa_mau-sac-vang-xuoc","17":"pa_mau-sac-chrome-bong","18":"pa_mau-sac-chrome-den-bong-en","19":"pa_mau-sac-chrome-xuoc","20":"pa_mau-sac-dong-bong","21":"pa_mau-sac-dong-thau-bong","22":"pa_mau-sac-niken-bong","24":"first","25":"instock","26":"shipping-taxable","27":"purchasable","28":"product-type-variable"},"acf":[],"featured_media_urls":{"thumbnail":["https:\/\/trading.hhg.vn\/wp-content\/uploads\/2025\/11\/154__apa00522_tif-150x150.png",150,150,true],"medium":["https:\/\/trading.hhg.vn\/wp-content\/uploads\/2025\/11\/154__apa00522_tif-263x300.png",263,300,true],"medium_large":["https:\/\/trading.hhg.vn\/wp-content\/uploads\/2025\/11\/154__apa00522_tif-768x878.png",768,878,true],"large":["https:\/\/trading.hhg.vn\/wp-content\/uploads\/2025\/11\/154__apa00522_tif-896x1024.png",896,1024,true],"1536x1536":["https:\/\/trading.hhg.vn\/wp-content\/uploads\/2025\/11\/154__apa00522_tif.png",1260,1440,false],"2048x2048":["https:\/\/trading.hhg.vn\/wp-content\/uploads\/2025\/11\/154__apa00522_tif.png",1260,1440,false],"woocommerce_thumbnail":["https:\/\/trading.hhg.vn\/wp-content\/uploads\/2025\/11\/154__apa00522_tif-600x600.png",600,600,true],"woocommerce_single":["https:\/\/trading.hhg.vn\/wp-content\/uploads\/2025\/11\/154__apa00522_tif-1200x1371.png",1200,1371,true],"woocommerce_gallery_thumbnail":["https:\/\/trading.hhg.vn\/wp-content\/uploads\/2025\/11\/154__apa00522_tif-150x171.png",150,171,true],"portfolio_item-thumbnail":["https:\/\/trading.hhg.vn\/wp-content\/uploads\/2025\/11\/154__apa00522_tif.png",350,400,false],"portfolio_item-thumbnail@2x":["https:\/\/trading.hhg.vn\/wp-content\/uploads\/2025\/11\/154__apa00522_tif.png",700,800,false],"portfolio_item-masonry":["https:\/\/trading.hhg.vn\/wp-content\/uploads\/2025\/11\/154__apa00522_tif.png",600,686,false],"portfolio_item-masonry@2x":["https:\/\/trading.hhg.vn\/wp-content\/uploads\/2025\/11\/154__apa00522_tif.png",1200,1371,false],"portfolio_item-thumbnail_cinema":["https:\/\/trading.hhg.vn\/wp-content\/uploads\/2025\/11\/154__apa00522_tif.png",293,335,false],"portfolio_item-thumbnail_portrait":["https:\/\/trading.hhg.vn\/wp-content\/uploads\/2025\/11\/154__apa00522_tif.png",600,686,false],"portfolio_item-thumbnail_portrait@2x":["https:\/\/trading.hhg.vn\/wp-content\/uploads\/2025\/11\/154__apa00522_tif.png",1200,1371,false],"portfolio_item-thumbnail_square":["https:\/\/trading.hhg.vn\/wp-content\/uploads\/2025\/11\/154__apa00522_tif.png",700,800,false]},"_links":{"self":[{"href":"https:\/\/trading.hhg.vn\/en\/wp-json\/wp\/v2\/product\/73108","targetHints":{"allow":["GET"]}}],"collection":[{"href":"https:\/\/trading.hhg.vn\/en\/wp-json\/wp\/v2\/product"}],"about":[{"href":"https:\/\/trading.hhg.vn\/en\/wp-json\/wp\/v2\/types\/product"}],"replies":[{"embeddable":true,"href":"https:\/\/trading.hhg.vn\/en\/wp-json\/wp\/v2\/comments?post=73108"}],"version-history":[{"count":1,"href":"https:\/\/trading.hhg.vn\/en\/wp-json\/wp\/v2\/product\/73108\/revisions"}],"predecessor-version":[{"id":73161,"href":"https:\/\/trading.hhg.vn\/en\/wp-json\/wp\/v2\/product\/73108\/revisions\/73161"}],"wp:featuredmedia":[{"embeddable":true,"href":"https:\/\/trading.hhg.vn\/en\/wp-json\/wp\/v2\/media\/73159"}],"wp:attachment":[{"href":"https:\/\/trading.hhg.vn\/en\/wp-json\/wp\/v2\/media?parent=73108"}],"wp:term":[{"taxonomy":"product_cat","embeddable":true,"href":"https:\/\/trading.hhg.vn\/en\/wp-json\/wp\/v2\/product_cat?post=73108"},{"taxonomy":"product_tag","embeddable":true,"href":"https:\/\/trading.hhg.vn\/en\/wp-json\/wp\/v2\/product_tag?post=73108"}],"curies":[{"name":"wp","href":"https:\/\/api.w.org\/{rel}","templated":true}]}}