{"id":7409,"date":"2025-06-25T14:18:55","date_gmt":"2025-06-25T07:18:55","guid":{"rendered":"https:\/\/trading.hhg.vn\/?post_type=product&#038;p=7409"},"modified":"2025-12-10T09:48:52","modified_gmt":"2025-12-10T02:48:52","slug":"axor-starck","status":"publish","type":"product","link":"https:\/\/trading.hhg.vn\/en\/s\u1ea3n-ph\u1ea9m\/axor-starck\/","title":{"rendered":"AXOR Starck"},"content":{"rendered":"<h3 data-start=\"163\" data-end=\"231\"><img fetchpriority=\"high\" decoding=\"async\" class=\"size-medium wp-image-7436 aligncenter\" src=\"http:\/\/trading.hhg.vn\/wp-content\/uploads\/2025\/06\/ax-10111000_4-300x300.jpg\" alt=\"\" width=\"300\" height=\"300\" srcset=\"https:\/\/trading.hhg.vn\/wp-content\/uploads\/2025\/06\/ax-10111000_4-300x300.jpg 300w, https:\/\/trading.hhg.vn\/wp-content\/uploads\/2025\/06\/ax-10111000_4-150x150.jpg 150w, https:\/\/trading.hhg.vn\/wp-content\/uploads\/2025\/06\/ax-10111000_4.jpg 570w\" sizes=\"(max-width: 300px) 100vw, 300px\" \/><\/h3>\n<h3 data-start=\"163\" data-end=\"231\"><strong data-start=\"167\" data-end=\"231\">AXOR Starck \u2013 Tinh gi\u1ea3n tuy\u1ec7t \u0111\u1ed1i, sang tr\u1ecdng v\u01b0\u1ee3t th\u1eddi gian<\/strong><\/h3>\n<p data-start=\"233\" data-end=\"581\">L\u1ea5y c\u1ea3m h\u1ee9ng t\u1eeb tri\u1ebft l\u00fd thi\u1ebft k\u1ebf t\u1ed1i gi\u1ea3n c\u1ee7a nh\u00e0 thi\u1ebft k\u1ebf l\u1eebng danh <strong data-start=\"303\" data-end=\"322\">Philippe Starck<\/strong>, d\u00f2ng s\u1ea3n ph\u1ea9m <strong data-start=\"338\" data-end=\"353\">AXOR Starck<\/strong> l\u00e0 s\u1ef1 k\u1ebft h\u1ee3p ho\u00e0n h\u1ea3o gi\u1eefa h\u00ecnh th\u1ee9c thu\u1ea7n khi\u1ebft v\u00e0 ch\u1ee9c n\u0103ng t\u1ed1i \u01b0u. V\u1edbi ng\u00f4n ng\u1eef thi\u1ebft k\u1ebf mang \u0111\u1eadm ch\u1ea5t ki\u1ebfn tr\u00fac \u2013 \u0111\u01a1n gi\u1ea3n, tinh g\u1ecdn nh\u01b0ng \u0111\u1ea7y m\u1ea1nh m\u1ebd \u2013 AXOR Starck mang \u0111\u1ebfn v\u1ebb \u0111\u1eb9p ki\u1ebfn tr\u00fac \u0111\u1eb7c tr\u01b0ng, ph\u00f9 h\u1ee3p v\u1edbi m\u1ecdi kh\u00f4ng gian ph\u00f2ng t\u1eafm cao c\u1ea5p. S\u1ea3n ph\u1ea9m \u0111\u01b0\u1ee3c ch\u1ebf t\u00e1c t\u1ea1i \u0110\u1ee9c v\u1edbi ch\u1ea5t l\u01b0\u1ee3ng ho\u00e0n thi\u1ec7n t\u1ec9 m\u1ec9, nhi\u1ec1u t\u00f9y ch\u1ecdn b\u1ec1 m\u1eb7t nh\u01b0 chrome s\u00e1ng b\u00f3ng, niken x\u01b0\u1edbc hay v\u00e0ng quang h\u1ecdc sang tr\u1ecdng. B\u00ean trong l\u00e0 c\u00f4ng ngh\u1ec7 ti\u00ean ti\u1ebfn nh\u01b0 l\u00f5i van g\u1ed1m b\u1ec1n b\u1ec9, h\u1ec7 th\u1ed1ng gi\u1edbi h\u1ea1n nhi\u1ec7t \u0111\u1ed9 an to\u00e0n, c\u00f9ng kh\u1ea3 n\u0103ng ti\u1ebft ki\u1ec7m n\u01b0\u1edbc v\u01b0\u1ee3t tr\u1ed9i nh\u1edd c\u00f4ng ngh\u1ec7 EcoSmart v\u00e0 AirPower \u2013 gi\u00fap gi\u1ea3m l\u01b0\u1ee3ng n\u01b0\u1edbc ti\u00eau th\u1ee5 xu\u1ed1ng ch\u1ec9 c\u00f2n 5 l\u00edt\/ph\u00fat m\u00e0 v\u1eabn \u0111\u1ea3m b\u1ea3o tr\u1ea3i nghi\u1ec7m tho\u1ea3i m\u00e1i. AXOR Starck kh\u00f4ng ch\u1ec9 l\u00e0 thi\u1ebft b\u1ecb v\u1ec7 sinh, m\u00e0 c\u00f2n l\u00e0 tuy\u00ean ng\u00f4n v\u1ec1 l\u1ed1i s\u1ed1ng hi\u1ec7n \u0111\u1ea1i, \u00fd th\u1ee9c v\u00e0 c\u00e1 t\u00ednh \u2013 d\u00e0nh cho nh\u1eefng ai y\u00eau th\u00edch s\u1ef1 \u0111\u01a1n gi\u1ea3n nh\u01b0ng kh\u00f4ng k\u00e9m ph\u1ea7n \u0111\u1eb3ng c\u1ea5p.<\/p>\n","protected":false},"excerpt":{"rendered":"<p>AXOR Starck 100 l\u00e0 m\u1eabu v\u00f2i ch\u1eadu r\u1eeda \u0111\u01a1n mang thi\u1ebft k\u1ebf t\u1ed1i gi\u1ea3n, tinh t\u1ebf theo phong c\u00e1ch \u0111\u1eb7c tr\u01b0ng c\u1ee7a Philippe Starck. S\u1ea3n ph\u1ea9m \u0111\u01b0\u1ee3c trang b\u1ecb tay g\u1ea1t \u0111\u00f2n b\u1ea9y ti\u1ec7n l\u1ee3i, t\u00edch h\u1ee3p b\u1ed9 x\u1ea3 b\u1eadt l\u00ean v\u00e0 c\u00f4ng ngh\u1ec7 ti\u1ebft ki\u1ec7m n\u01b0\u1edbc v\u1edbi l\u01b0u l\u01b0\u1ee3ng t\u1ed1i \u0111a 5 l\u00edt\/ph\u00fat. V\u1edbi chi\u1ec1u cao v\u00f2i 95 mm v\u00e0 chi\u1ec1u v\u01b0\u01a1n 103 mm, m\u1eabu v\u00f2i n\u00e0y ph\u00f9 h\u1ee3p ho\u00e0n h\u1ea3o cho c\u00e1c ch\u1eadu r\u1eeda ti\u00eau chu\u1ea9n, mang l\u1ea1i tr\u1ea3i nghi\u1ec7m s\u1eed d\u1ee5ng tho\u1ea3i m\u00e1i trong kh\u00f4ng gian ph\u00f2ng t\u1eafm cao c\u1ea5p.<\/p>\n","protected":false},"featured_media":7417,"comment_status":"open","ping_status":"closed","template":"","meta":{"_acf_changed":false},"product_cat":[69,70],"product_tag":[],"class_list":{"0":"post-7409","1":"product","2":"type-product","3":"status-publish","4":"has-post-thumbnail","6":"product_cat-phong-tam","7":"product_cat-khu-vuc-voi-chau","8":"pa_mau-sac-chrome","9":"pa_mau-sac-chrome-den-xuoc","10":"pa_mau-sac-dong-thau-xuoc","11":"pa_mau-sac-dong-xuoc","12":"pa_mau-sac-niken-xuoc","13":"pa_mau-sac-thep-khong-gi","14":"pa_mau-sac-vang-bong","15":"pa_mau-sac-vang-hong-bong","16":"pa_mau-sac-vang-hong-xuoc","17":"pa_mau-sac-vang-xuoc","18":"pa_mau-sac-chrome-den-bong-2","20":"first","21":"instock","22":"shipping-taxable","23":"purchasable","24":"product-type-variable"},"acf":[],"featured_media_urls":{"thumbnail":["https:\/\/trading.hhg.vn\/wp-content\/uploads\/2025\/06\/Artboard-4-1-150x150.png",150,150,true],"medium":["https:\/\/trading.hhg.vn\/wp-content\/uploads\/2025\/06\/Artboard-4-1-263x300.png",263,300,true],"medium_large":["https:\/\/trading.hhg.vn\/wp-content\/uploads\/2025\/06\/Artboard-4-1-768x878.png",768,878,true],"large":["https:\/\/trading.hhg.vn\/wp-content\/uploads\/2025\/06\/Artboard-4-1.png",827,945,false],"1536x1536":["https:\/\/trading.hhg.vn\/wp-content\/uploads\/2025\/06\/Artboard-4-1.png",827,945,false],"2048x2048":["https:\/\/trading.hhg.vn\/wp-content\/uploads\/2025\/06\/Artboard-4-1.png",827,945,false],"woocommerce_thumbnail":["https:\/\/trading.hhg.vn\/wp-content\/uploads\/2025\/06\/Artboard-4-1-600x600.png",600,600,true],"woocommerce_single":["https:\/\/trading.hhg.vn\/wp-content\/uploads\/2025\/06\/Artboard-4-1.png",827,945,false],"woocommerce_gallery_thumbnail":["https:\/\/trading.hhg.vn\/wp-content\/uploads\/2025\/06\/Artboard-4-1-150x171.png",150,171,true],"portfolio_item-thumbnail":["https:\/\/trading.hhg.vn\/wp-content\/uploads\/2025\/06\/Artboard-4-1.png",350,400,false],"portfolio_item-thumbnail@2x":["https:\/\/trading.hhg.vn\/wp-content\/uploads\/2025\/06\/Artboard-4-1.png",700,800,false],"portfolio_item-masonry":["https:\/\/trading.hhg.vn\/wp-content\/uploads\/2025\/06\/Artboard-4-1.png",600,686,false],"portfolio_item-masonry@2x":["https:\/\/trading.hhg.vn\/wp-content\/uploads\/2025\/06\/Artboard-4-1.png",827,945,false],"portfolio_item-thumbnail_cinema":["https:\/\/trading.hhg.vn\/wp-content\/uploads\/2025\/06\/Artboard-4-1.png",293,335,false],"portfolio_item-thumbnail_portrait":["https:\/\/trading.hhg.vn\/wp-content\/uploads\/2025\/06\/Artboard-4-1.png",600,686,false],"portfolio_item-thumbnail_portrait@2x":["https:\/\/trading.hhg.vn\/wp-content\/uploads\/2025\/06\/Artboard-4-1.png",827,945,false],"portfolio_item-thumbnail_square":["https:\/\/trading.hhg.vn\/wp-content\/uploads\/2025\/06\/Artboard-4-1.png",700,800,false]},"_links":{"self":[{"href":"https:\/\/trading.hhg.vn\/en\/wp-json\/wp\/v2\/product\/7409","targetHints":{"allow":["GET"]}}],"collection":[{"href":"https:\/\/trading.hhg.vn\/en\/wp-json\/wp\/v2\/product"}],"about":[{"href":"https:\/\/trading.hhg.vn\/en\/wp-json\/wp\/v2\/types\/product"}],"replies":[{"embeddable":true,"href":"https:\/\/trading.hhg.vn\/en\/wp-json\/wp\/v2\/comments?post=7409"}],"version-history":[{"count":4,"href":"https:\/\/trading.hhg.vn\/en\/wp-json\/wp\/v2\/product\/7409\/revisions"}],"predecessor-version":[{"id":7438,"href":"https:\/\/trading.hhg.vn\/en\/wp-json\/wp\/v2\/product\/7409\/revisions\/7438"}],"wp:featuredmedia":[{"embeddable":true,"href":"https:\/\/trading.hhg.vn\/en\/wp-json\/wp\/v2\/media\/7417"}],"wp:attachment":[{"href":"https:\/\/trading.hhg.vn\/en\/wp-json\/wp\/v2\/media?parent=7409"}],"wp:term":[{"taxonomy":"product_cat","embeddable":true,"href":"https:\/\/trading.hhg.vn\/en\/wp-json\/wp\/v2\/product_cat?post=7409"},{"taxonomy":"product_tag","embeddable":true,"href":"https:\/\/trading.hhg.vn\/en\/wp-json\/wp\/v2\/product_tag?post=7409"}],"curies":[{"name":"wp","href":"https:\/\/api.w.org\/{rel}","templated":true}]}}