{"id":74288,"date":"2025-11-24T15:32:25","date_gmt":"2025-11-24T08:32:25","guid":{"rendered":"https:\/\/trading.hhg.vn\/product\/chau-rua-tay-450-370-co-lo-voi-va-lo-thoat-tran-gladelake-s\/"},"modified":"2025-11-24T15:32:25","modified_gmt":"2025-11-24T08:32:25","slug":"chau-rua-tay-450-370-co-lo-voi-va-lo-thoat-tran-gladelake-s","status":"publish","type":"product","link":"https:\/\/trading.hhg.vn\/en\/s\u1ea3n-ph\u1ea9m\/chau-rua-tay-450-370-co-lo-voi-va-lo-thoat-tran-gladelake-s\/","title":{"rendered":"Ch\u1eadu r\u1eeda tay 450\/370 c\u00f3 l\u1ed7 v\u00f2i v\u00e0 l\u1ed7 tho\u00e1t tr\u00e0n GladeLake S"},"content":{"rendered":"","protected":false},"excerpt":{"rendered":"<p>GladeLake S th\u1ed5i l\u00e0n gi\u00f3 tinh t\u1ebf v\u00e0o kh\u00f4ng gian s\u1ed1ng v\u1edbi ch\u1eadu r\u1eeda tay thanh l\u1ecbch. Thi\u1ebft k\u1ebf 450\/370 t\u1ed1i \u01b0u m\u1ecdi g\u00f3c \u0111\u1ed9, h\u00f2a quy\u1ec7n ho\u00e0n h\u1ea3o gi\u1eefa \u0111\u01b0\u1eddng n\u00e9t hi\u1ec7n \u0111\u1ea1i v\u00e0 s\u1ef1 ti\u1ec7n d\u1ee5ng v\u01b0\u1ee3t tr\u1ed9i. L\u1ed7 v\u00f2i \u0111\u01b0\u1ee3c \u0111\u1ecbnh v\u1ecb t\u1ec9 m\u1ec9 c\u00f9ng l\u1ed7 tho\u00e1t tr\u00e0n th\u00f4ng minh \u0111\u1ea3m b\u1ea3o tr\u1ea3i nghi\u1ec7m s\u1eed d\u1ee5ng \u00eam \u00e1i, v\u1ec7 sinh d\u1ec5 d\u00e0ng v\u00e0 an to\u00e0n tuy\u1ec7t \u0111\u1ed1i. GladeLake S kh\u00f4ng ch\u1ec9 l\u00e0 thi\u1ebft b\u1ecb n\u1ed9i th\u1ea5t, m\u00e0 l\u00e0 \u0111i\u1ec3m nh\u1ea5n ngh\u1ec7 thu\u1eadt, n\u00e2ng t\u1ea7m phong c\u00e1ch s\u1ed1ng c\u1ee7a b\u1ea1n.<\/p>\n","protected":false},"featured_media":74286,"comment_status":"open","ping_status":"closed","template":"","meta":{"_acf_changed":false},"product_cat":[71],"product_tag":[],"class_list":{"0":"post-74288","1":"product","2":"type-product","3":"status-publish","4":"has-post-thumbnail","6":"product_cat-chau","7":"pa_mau-sac-trang","9":"first","10":"instock","11":"shipping-taxable","12":"product-type-simple"},"acf":[],"featured_media_urls":{"thumbnail":["https:\/\/trading.hhg.vn\/wp-content\/uploads\/2025\/11\/154__hpr06030_tif-150x150.png",150,150,true],"medium":["https:\/\/trading.hhg.vn\/wp-content\/uploads\/2025\/11\/154__hpr06030_tif-262x300.png",262,300,true],"medium_large":["https:\/\/trading.hhg.vn\/wp-content\/uploads\/2025\/11\/154__hpr06030_tif-768x878.png",768,878,true],"large":["https:\/\/trading.hhg.vn\/wp-content\/uploads\/2025\/11\/154__hpr06030_tif-896x1024.png",896,1024,true],"1536x1536":["https:\/\/trading.hhg.vn\/wp-content\/uploads\/2025\/11\/154__hpr06030_tif-1344x1536.png",1344,1536,true],"2048x2048":["https:\/\/trading.hhg.vn\/wp-content\/uploads\/2025\/11\/154__hpr06030_tif.png",1440,1646,false],"woocommerce_thumbnail":["https:\/\/trading.hhg.vn\/wp-content\/uploads\/2025\/11\/154__hpr06030_tif-600x600.png",600,600,true],"woocommerce_single":["https:\/\/trading.hhg.vn\/wp-content\/uploads\/2025\/11\/154__hpr06030_tif-1200x1372.png",1200,1372,true],"woocommerce_gallery_thumbnail":["https:\/\/trading.hhg.vn\/wp-content\/uploads\/2025\/11\/154__hpr06030_tif-150x171.png",150,171,true],"portfolio_item-thumbnail":["https:\/\/trading.hhg.vn\/wp-content\/uploads\/2025\/11\/154__hpr06030_tif.png",350,400,false],"portfolio_item-thumbnail@2x":["https:\/\/trading.hhg.vn\/wp-content\/uploads\/2025\/11\/154__hpr06030_tif.png",700,800,false],"portfolio_item-masonry":["https:\/\/trading.hhg.vn\/wp-content\/uploads\/2025\/11\/154__hpr06030_tif.png",600,686,false],"portfolio_item-masonry@2x":["https:\/\/trading.hhg.vn\/wp-content\/uploads\/2025\/11\/154__hpr06030_tif.png",1200,1372,false],"portfolio_item-thumbnail_cinema":["https:\/\/trading.hhg.vn\/wp-content\/uploads\/2025\/11\/154__hpr06030_tif.png",293,335,false],"portfolio_item-thumbnail_portrait":["https:\/\/trading.hhg.vn\/wp-content\/uploads\/2025\/11\/154__hpr06030_tif.png",600,686,false],"portfolio_item-thumbnail_portrait@2x":["https:\/\/trading.hhg.vn\/wp-content\/uploads\/2025\/11\/154__hpr06030_tif.png",1200,1372,false],"portfolio_item-thumbnail_square":["https:\/\/trading.hhg.vn\/wp-content\/uploads\/2025\/11\/154__hpr06030_tif.png",700,800,false]},"_links":{"self":[{"href":"https:\/\/trading.hhg.vn\/en\/wp-json\/wp\/v2\/product\/74288","targetHints":{"allow":["GET"]}}],"collection":[{"href":"https:\/\/trading.hhg.vn\/en\/wp-json\/wp\/v2\/product"}],"about":[{"href":"https:\/\/trading.hhg.vn\/en\/wp-json\/wp\/v2\/types\/product"}],"replies":[{"embeddable":true,"href":"https:\/\/trading.hhg.vn\/en\/wp-json\/wp\/v2\/comments?post=74288"}],"version-history":[{"count":0,"href":"https:\/\/trading.hhg.vn\/en\/wp-json\/wp\/v2\/product\/74288\/revisions"}],"wp:featuredmedia":[{"embeddable":true,"href":"https:\/\/trading.hhg.vn\/en\/wp-json\/wp\/v2\/media\/74286"}],"wp:attachment":[{"href":"https:\/\/trading.hhg.vn\/en\/wp-json\/wp\/v2\/media?parent=74288"}],"wp:term":[{"taxonomy":"product_cat","embeddable":true,"href":"https:\/\/trading.hhg.vn\/en\/wp-json\/wp\/v2\/product_cat?post=74288"},{"taxonomy":"product_tag","embeddable":true,"href":"https:\/\/trading.hhg.vn\/en\/wp-json\/wp\/v2\/product_tag?post=74288"}],"curies":[{"name":"wp","href":"https:\/\/api.w.org\/{rel}","templated":true}]}}