{"id":74296,"date":"2025-11-24T15:32:57","date_gmt":"2025-11-24T08:32:57","guid":{"rendered":"https:\/\/trading.hhg.vn\/product\/ro-dung-gan-tuong-wallstoris-planet-edition\/"},"modified":"2026-01-28T07:49:27","modified_gmt":"2026-01-28T00:49:27","slug":"ro-dung-gan-tuong-wallstoris-planet-edition","status":"publish","type":"product","link":"https:\/\/trading.hhg.vn\/en\/s\u1ea3n-ph\u1ea9m\/ro-dung-gan-tuong-wallstoris-planet-edition\/","title":{"rendered":"R\u1ed5 \u0111\u1ef1ng g\u1eafn t\u01b0\u1eddng WallStoris Planet Edition"},"content":{"rendered":"<p><img fetchpriority=\"high\" decoding=\"async\" class=\"alignnone wp-image-7559 aligncenter\" src=\"http:\/\/trading.hhg.vn\/wp-content\/uploads\/2025\/11\/wallstoris.png\" alt=\"\" width=\"606\" height=\"454\" \/>D\u00f2ng s\u1ea3n ph\u1ea9m Hansgrohe\u202fWallStoris mang \u0111\u1ebfn gi\u1ea3i ph\u00e1p l\u01b0u tr\u1eef linh ho\u1ea1t v\u00e0 tinh t\u1ebf cho ph\u00f2ng t\u1eafm hi\u1ec7n \u0111\u1ea1i. V\u1edbi h\u1ec7 th\u1ed1ng thanh g\u1eafn t\u01b0\u1eddng v\u00e0 c\u00e1c ph\u1ee5 ki\u1ec7n modular nh\u01b0 k\u1ec7, gi\u1ecf, m\u00f3c treo, b\u1ea1n c\u00f3 th\u1ec3 t\u1ea1o h\u01a1n 40.000 c\u00e1ch k\u1ebft h\u1ee3p kh\u00e1c nhau ph\u00f9 h\u1ee3p v\u1edbi kh\u00f4ng gian v\u00e0 nhu c\u1ea7u s\u1eed d\u1ee5ng.<\/p>\n<p>\u0110i\u1ec3m \u0111\u1eb7c bi\u1ec7t l\u00e0 h\u1ec7 th\u1ed1ng l\u1eafp \u0111\u1eb7t r\u1ea5t \u0111\u01a1n gi\u1ea3n \u2014 thanh ray c\u00f3 th\u1ec3 g\u1eafn d\u00e1n ho\u1eb7c b\u1eaft v\u00edt, \u00edt ho\u1eb7c kh\u00f4ng c\u1ea7n khoan t\u01b0\u1eddng, v\u00e0 c\u00e1c ph\u1ee5 ki\u1ec7n c\u00f3 th\u1ec3 th\u00e1o \u2013 l\u1eafp r\u1ea5t d\u1ec5 d\u00e0ng, di chuy\u1ec3n linh ho\u1ea1t, ph\u00f9 h\u1ee3p c\u1ea3 cho c\u0103n h\u1ed9 thu\u00ea.<\/p>\n<p>Ch\u1ea5t li\u1ec7u v\u00e0 m\u00e0u s\u1eafc c\u0169ng \u0111\u01b0\u1ee3c ch\u00fa tr\u1ecdng: WallStoris hi\u1ec7n c\u00f3 hai finish ti\u00eau chu\u1ea9n l\u00e0 Matte Black v\u00e0 Matte White, gi\u00fap d\u1ec5 ph\u1ed1i v\u1edbi c\u00e1c b\u1ed9 v\u00f2i sen, v\u00f2i lavabo hay n\u1ed9i th\u1ea5t ph\u00f2ng t\u1eafm kh\u00e1c.<\/p>\n","protected":false},"excerpt":{"rendered":"<p>R\u1ed5 \u0111\u1ef1ng g\u1eafn t\u01b0\u1eddng WallStoris Planet Edition \u0111\u1ecbnh h\u00ecnh l\u1ea1i kh\u00f4ng gian s\u1ed1ng v\u1edbi thi\u1ebft k\u1ebf t\u1ed1i gi\u1ea3n, tinh t\u1ebf, h\u00f2a quy\u1ec7n m\u1ecdi phong c\u00e1ch n\u1ed9i th\u1ea5t. T\u1eadn d\u1ee5ng t\u1ed1i \u0111a di\u1ec7n t\u00edch, s\u1ea3n ph\u1ea9m kh\u00f4ng ch\u1ec9 l\u00e0 gi\u1ea3i ph\u00e1p l\u01b0u tr\u1eef th\u00f4ng minh m\u00e0 c\u00f2n l\u00e0 \u0111i\u1ec3m nh\u1ea5n sang tr\u1ecdng, mang l\u1ea1i s\u1ef1 ti\u1ec7n nghi v\u00e0 ng\u0103n n\u1eafp ho\u00e0n h\u1ea3o. Ch\u1ea5t li\u1ec7u cao c\u1ea5p \u0111\u1ea3m b\u1ea3o \u0111\u1ed9 b\u1ec1n v\u01b0\u1ee3t th\u1eddi gian, d\u1ec5 d\u00e0ng l\u1eafp \u0111\u1eb7t v\u00e0 s\u1eed d\u1ee5ng, n\u00e2ng t\u1ea7m tr\u1ea3i nghi\u1ec7m s\u1ed1ng c\u1ee7a b\u1ea1n m\u1ed7i ng\u00e0y.<\/p>\n","protected":false},"featured_media":74294,"comment_status":"open","ping_status":"closed","template":"","meta":{"_acf_changed":false},"product_cat":[77],"product_tag":[],"class_list":{"0":"post-74296","1":"product","2":"type-product","3":"status-publish","4":"has-post-thumbnail","6":"product_cat-phu-kien-phong-tam","7":"pa_mau-sac-mau-cat","9":"first","10":"instock","11":"shipping-taxable","12":"purchasable","13":"product-type-simple"},"acf":[],"featured_media_urls":{"thumbnail":["https:\/\/trading.hhg.vn\/wp-content\/uploads\/2025\/11\/154__hpr06284_tif-150x150.png",150,150,true],"medium":["https:\/\/trading.hhg.vn\/wp-content\/uploads\/2025\/11\/154__hpr06284_tif-262x300.png",262,300,true],"medium_large":["https:\/\/trading.hhg.vn\/wp-content\/uploads\/2025\/11\/154__hpr06284_tif-768x878.png",768,878,true],"large":["https:\/\/trading.hhg.vn\/wp-content\/uploads\/2025\/11\/154__hpr06284_tif-896x1024.png",896,1024,true],"1536x1536":["https:\/\/trading.hhg.vn\/wp-content\/uploads\/2025\/11\/154__hpr06284_tif-1344x1536.png",1344,1536,true],"2048x2048":["https:\/\/trading.hhg.vn\/wp-content\/uploads\/2025\/11\/154__hpr06284_tif.png",1440,1646,false],"woocommerce_thumbnail":["https:\/\/trading.hhg.vn\/wp-content\/uploads\/2025\/11\/154__hpr06284_tif-600x600.png",600,600,true],"woocommerce_single":["https:\/\/trading.hhg.vn\/wp-content\/uploads\/2025\/11\/154__hpr06284_tif-1200x1372.png",1200,1372,true],"woocommerce_gallery_thumbnail":["https:\/\/trading.hhg.vn\/wp-content\/uploads\/2025\/11\/154__hpr06284_tif-150x171.png",150,171,true],"portfolio_item-thumbnail":["https:\/\/trading.hhg.vn\/wp-content\/uploads\/2025\/11\/154__hpr06284_tif.png",350,400,false],"portfolio_item-thumbnail@2x":["https:\/\/trading.hhg.vn\/wp-content\/uploads\/2025\/11\/154__hpr06284_tif.png",700,800,false],"portfolio_item-masonry":["https:\/\/trading.hhg.vn\/wp-content\/uploads\/2025\/11\/154__hpr06284_tif.png",600,686,false],"portfolio_item-masonry@2x":["https:\/\/trading.hhg.vn\/wp-content\/uploads\/2025\/11\/154__hpr06284_tif.png",1200,1372,false],"portfolio_item-thumbnail_cinema":["https:\/\/trading.hhg.vn\/wp-content\/uploads\/2025\/11\/154__hpr06284_tif.png",293,335,false],"portfolio_item-thumbnail_portrait":["https:\/\/trading.hhg.vn\/wp-content\/uploads\/2025\/11\/154__hpr06284_tif.png",600,686,false],"portfolio_item-thumbnail_portrait@2x":["https:\/\/trading.hhg.vn\/wp-content\/uploads\/2025\/11\/154__hpr06284_tif.png",1200,1372,false],"portfolio_item-thumbnail_square":["https:\/\/trading.hhg.vn\/wp-content\/uploads\/2025\/11\/154__hpr06284_tif.png",700,800,false]},"_links":{"self":[{"href":"https:\/\/trading.hhg.vn\/en\/wp-json\/wp\/v2\/product\/74296","targetHints":{"allow":["GET"]}}],"collection":[{"href":"https:\/\/trading.hhg.vn\/en\/wp-json\/wp\/v2\/product"}],"about":[{"href":"https:\/\/trading.hhg.vn\/en\/wp-json\/wp\/v2\/types\/product"}],"replies":[{"embeddable":true,"href":"https:\/\/trading.hhg.vn\/en\/wp-json\/wp\/v2\/comments?post=74296"}],"version-history":[{"count":0,"href":"https:\/\/trading.hhg.vn\/en\/wp-json\/wp\/v2\/product\/74296\/revisions"}],"wp:featuredmedia":[{"embeddable":true,"href":"https:\/\/trading.hhg.vn\/en\/wp-json\/wp\/v2\/media\/74294"}],"wp:attachment":[{"href":"https:\/\/trading.hhg.vn\/en\/wp-json\/wp\/v2\/media?parent=74296"}],"wp:term":[{"taxonomy":"product_cat","embeddable":true,"href":"https:\/\/trading.hhg.vn\/en\/wp-json\/wp\/v2\/product_cat?post=74296"},{"taxonomy":"product_tag","embeddable":true,"href":"https:\/\/trading.hhg.vn\/en\/wp-json\/wp\/v2\/product_tag?post=74296"}],"curies":[{"name":"wp","href":"https:\/\/api.w.org\/{rel}","templated":true}]}}