{"id":7481,"date":"2025-06-27T10:02:57","date_gmt":"2025-06-27T03:02:57","guid":{"rendered":"https:\/\/trading.hhg.vn\/?post_type=product&#038;p=7481"},"modified":"2026-01-28T07:45:06","modified_gmt":"2026-01-28T00:45:06","slug":"7481","status":"publish","type":"product","link":"https:\/\/trading.hhg.vn\/en\/s\u1ea3n-ph\u1ea9m\/7481\/","title":{"rendered":"V\u00f2i ch\u1eadu r\u1eeda \u0111\u01a1n 70 c\u00f3 b\u1ed9 x\u1ea3"},"content":{"rendered":"<p><img fetchpriority=\"high\" decoding=\"async\" class=\"size-medium wp-image-7493 aligncenter\" src=\"http:\/\/trading.hhg.vn\/wp-content\/uploads\/2025\/06\/Kallums-Bathrooms-AXOR-Starck-Classic-Tall-Basin-Tap-1500x1500-1-300x300.jpg\" alt=\"\" width=\"300\" height=\"300\" srcset=\"https:\/\/trading.hhg.vn\/wp-content\/uploads\/2025\/06\/Kallums-Bathrooms-AXOR-Starck-Classic-Tall-Basin-Tap-1500x1500-1-300x300.jpg 300w, https:\/\/trading.hhg.vn\/wp-content\/uploads\/2025\/06\/Kallums-Bathrooms-AXOR-Starck-Classic-Tall-Basin-Tap-1500x1500-1-1024x1024.jpg 1024w, https:\/\/trading.hhg.vn\/wp-content\/uploads\/2025\/06\/Kallums-Bathrooms-AXOR-Starck-Classic-Tall-Basin-Tap-1500x1500-1-150x150.jpg 150w, https:\/\/trading.hhg.vn\/wp-content\/uploads\/2025\/06\/Kallums-Bathrooms-AXOR-Starck-Classic-Tall-Basin-Tap-1500x1500-1-768x768.jpg 768w, https:\/\/trading.hhg.vn\/wp-content\/uploads\/2025\/06\/Kallums-Bathrooms-AXOR-Starck-Classic-Tall-Basin-Tap-1500x1500-1-600x600.jpg 600w, https:\/\/trading.hhg.vn\/wp-content\/uploads\/2025\/06\/Kallums-Bathrooms-AXOR-Starck-Classic-Tall-Basin-Tap-1500x1500-1-1200x1200.jpg 1200w, https:\/\/trading.hhg.vn\/wp-content\/uploads\/2025\/06\/Kallums-Bathrooms-AXOR-Starck-Classic-Tall-Basin-Tap-1500x1500-1.jpg 1500w\" sizes=\"(max-width: 300px) 100vw, 300px\" \/><\/p>\n<p>AXOR Starck Classic Single Lever Basin Mixer 70 with Waste Set l\u00e0 s\u1ef1 k\u1ebft h\u1ee3p ho\u00e0n h\u1ea3o gi\u1eefa thi\u1ebft k\u1ebf t\u1ed1i gi\u1ea3n mang t\u00ednh bi\u1ec3u t\u01b0\u1ee3ng c\u1ee7a Philippe Starck v\u00e0 hi\u1ec7u n\u0103ng s\u1eed d\u1ee5ng cao c\u1ea5p. V\u1edbi chi\u1ec1u cao v\u00f2i ComfortZone 70 v\u00e0 chi\u1ec1u d\u00e0i v\u00f2i 106 mm, s\u1ea3n ph\u1ea9m mang l\u1ea1i s\u1ef1 ti\u1ec7n l\u1ee3i trong s\u1eed d\u1ee5ng h\u1eb1ng ng\u00e0y. Tay g\u1ea1t d\u1ea1ng thanh gi\u00fap \u0111i\u1ec1u khi\u1ec3n d\u00f2ng ch\u1ea3y v\u00e0 nhi\u1ec7t \u0111\u1ed9 n\u01b0\u1edbc d\u1ec5 d\u00e0ng, trong khi l\u00f5i van s\u1ee9 cao c\u1ea5p \u0111\u1ea3m b\u1ea3o \u0111\u1ed9 b\u1ec1n v\u01b0\u1ee3t tr\u1ed9i. V\u00f2i \u0111\u01b0\u1ee3c trang b\u1ecb \u0111\u1ea7u x\u1ea3 tia n\u01b0\u1edbc th\u01b0\u1eddng v\u1edbi l\u01b0u l\u01b0\u1ee3ng t\u1ed1i \u0111a 5 l\u00edt\/ph\u00fat \u1edf \u00e1p su\u1ea5t 3 bar, gi\u00fap ti\u1ebft ki\u1ec7m n\u01b0\u1edbc hi\u1ec7u qu\u1ea3 m\u00e0 v\u1eabn \u0111\u1ea3m b\u1ea3o c\u1ea3m gi\u00e1c s\u1eed d\u1ee5ng tho\u1ea3i m\u00e1i. S\u1ea3n ph\u1ea9m \u0111i k\u00e8m b\u1ed9 x\u1ea3 kh\u00f4ng \u0111\u00f3ng v\u00e0 t\u01b0\u01a1ng th\u00edch v\u1edbi c\u00e1c h\u1ec7 th\u1ed1ng n\u01b0\u1edbc n\u00f3ng tr\u1ef1c ti\u1ebfp, l\u00e0 l\u1ef1a ch\u1ecdn l\u00fd t\u01b0\u1edfng cho kh\u00f4ng gian ph\u00f2ng t\u1eafm hi\u1ec7n \u0111\u1ea1i, sang tr\u1ecdng v\u00e0 \u0111\u1eadm ch\u1ea5t c\u00e1 nh\u00e2n.<\/p>\n","protected":false},"excerpt":{"rendered":"<p data-start=\"0\" data-end=\"66\"><strong data-start=\"0\" data-end=\"66\">AXOR Starck Classic \u2013 V\u00f2i ch\u1eadu lavabo tay g\u1ea1t \u0111\u01a1n 70 k\u00e8m b\u1ed9 x\u1ea3<\/strong><\/p>\n<p data-start=\"68\" data-end=\"601\" data-is-last-node=\"\" data-is-only-node=\"\">AXOR Starck Classic l\u00e0 s\u1ef1 k\u1ebft h\u1ee3p ho\u00e0n h\u1ea3o gi\u1eefa ngh\u1ec7 thu\u1eadt v\u00e0 c\u00f4ng n\u0103ng. V\u1edbi chi\u1ec1u cao ti\u1ec7n d\u1ee5ng ComfortZone 70, v\u00f2i ch\u1eadu ph\u00f9 h\u1ee3p cho nhi\u1ec1u lo\u1ea1i lavabo. Tay g\u1ea1t d\u1ea1ng thanh (pin handle) gi\u00fap \u0111i\u1ec1u khi\u1ec3n m\u01b0\u1ee3t m\u00e0, k\u1ebft h\u1ee3p l\u00f5i van s\u1ee9 b\u1ec1n b\u1ec9 v\u00e0 l\u01b0u l\u01b0\u1ee3ng n\u01b0\u1edbc ti\u1ebft ki\u1ec7m ch\u1ec9 5 l\u00edt\/ph\u00fat, l\u00fd t\u01b0\u1edfng cho c\u00e1c gi\u1ea3i ph\u00e1p ti\u1ebft ki\u1ec7m n\u0103ng l\u01b0\u1ee3ng. S\u1ea3n ph\u1ea9m \u0111i k\u00e8m b\u1ed9 x\u1ea3 kh\u00f4ng \u0111\u00f3ng v\u00e0 ph\u00f9 h\u1ee3p v\u1edbi b\u00ecnh n\u01b0\u1edbc n\u00f3ng tr\u1ef1c ti\u1ebfp \u2013 l\u1ef1a ch\u1ecdn l\u00fd t\u01b0\u1edfng cho kh\u00f4ng gian ph\u00f2ng t\u1eafm hi\u1ec7n \u0111\u1ea1i, sang tr\u1ecdng.<\/p>\n","protected":false},"featured_media":7501,"comment_status":"open","ping_status":"closed","template":"","meta":{"_acf_changed":false},"product_cat":[70,69],"product_tag":[719,718],"class_list":{"0":"post-7481","1":"product","2":"type-product","3":"status-publish","4":"has-post-thumbnail","6":"product_cat-khu-vuc-voi-chau","7":"product_cat-phong-tam","8":"product_tag-axor","9":"product_tag-axor-starck-classic","10":"pa_mau-sac-chrome","12":"first","13":"instock","14":"shipping-taxable","15":"purchasable","16":"product-type-variable"},"acf":[],"featured_media_urls":{"thumbnail":["https:\/\/trading.hhg.vn\/wp-content\/uploads\/2025\/06\/Artboard-4-3-150x150.png",150,150,true],"medium":["https:\/\/trading.hhg.vn\/wp-content\/uploads\/2025\/06\/Artboard-4-3-263x300.png",263,300,true],"medium_large":["https:\/\/trading.hhg.vn\/wp-content\/uploads\/2025\/06\/Artboard-4-3-768x878.png",768,878,true],"large":["https:\/\/trading.hhg.vn\/wp-content\/uploads\/2025\/06\/Artboard-4-3.png",827,945,false],"1536x1536":["https:\/\/trading.hhg.vn\/wp-content\/uploads\/2025\/06\/Artboard-4-3.png",827,945,false],"2048x2048":["https:\/\/trading.hhg.vn\/wp-content\/uploads\/2025\/06\/Artboard-4-3.png",827,945,false],"woocommerce_thumbnail":["https:\/\/trading.hhg.vn\/wp-content\/uploads\/2025\/06\/Artboard-4-3-600x600.png",600,600,true],"woocommerce_single":["https:\/\/trading.hhg.vn\/wp-content\/uploads\/2025\/06\/Artboard-4-3.png",827,945,false],"woocommerce_gallery_thumbnail":["https:\/\/trading.hhg.vn\/wp-content\/uploads\/2025\/06\/Artboard-4-3-150x171.png",150,171,true],"portfolio_item-thumbnail":["https:\/\/trading.hhg.vn\/wp-content\/uploads\/2025\/06\/Artboard-4-3.png",350,400,false],"portfolio_item-thumbnail@2x":["https:\/\/trading.hhg.vn\/wp-content\/uploads\/2025\/06\/Artboard-4-3.png",700,800,false],"portfolio_item-masonry":["https:\/\/trading.hhg.vn\/wp-content\/uploads\/2025\/06\/Artboard-4-3.png",600,686,false],"portfolio_item-masonry@2x":["https:\/\/trading.hhg.vn\/wp-content\/uploads\/2025\/06\/Artboard-4-3.png",827,945,false],"portfolio_item-thumbnail_cinema":["https:\/\/trading.hhg.vn\/wp-content\/uploads\/2025\/06\/Artboard-4-3.png",293,335,false],"portfolio_item-thumbnail_portrait":["https:\/\/trading.hhg.vn\/wp-content\/uploads\/2025\/06\/Artboard-4-3.png",600,686,false],"portfolio_item-thumbnail_portrait@2x":["https:\/\/trading.hhg.vn\/wp-content\/uploads\/2025\/06\/Artboard-4-3.png",827,945,false],"portfolio_item-thumbnail_square":["https:\/\/trading.hhg.vn\/wp-content\/uploads\/2025\/06\/Artboard-4-3.png",700,800,false]},"_links":{"self":[{"href":"https:\/\/trading.hhg.vn\/en\/wp-json\/wp\/v2\/product\/7481","targetHints":{"allow":["GET"]}}],"collection":[{"href":"https:\/\/trading.hhg.vn\/en\/wp-json\/wp\/v2\/product"}],"about":[{"href":"https:\/\/trading.hhg.vn\/en\/wp-json\/wp\/v2\/types\/product"}],"replies":[{"embeddable":true,"href":"https:\/\/trading.hhg.vn\/en\/wp-json\/wp\/v2\/comments?post=7481"}],"version-history":[{"count":4,"href":"https:\/\/trading.hhg.vn\/en\/wp-json\/wp\/v2\/product\/7481\/revisions"}],"predecessor-version":[{"id":7529,"href":"https:\/\/trading.hhg.vn\/en\/wp-json\/wp\/v2\/product\/7481\/revisions\/7529"}],"wp:featuredmedia":[{"embeddable":true,"href":"https:\/\/trading.hhg.vn\/en\/wp-json\/wp\/v2\/media\/7501"}],"wp:attachment":[{"href":"https:\/\/trading.hhg.vn\/en\/wp-json\/wp\/v2\/media?parent=7481"}],"wp:term":[{"taxonomy":"product_cat","embeddable":true,"href":"https:\/\/trading.hhg.vn\/en\/wp-json\/wp\/v2\/product_cat?post=7481"},{"taxonomy":"product_tag","embeddable":true,"href":"https:\/\/trading.hhg.vn\/en\/wp-json\/wp\/v2\/product_tag?post=7481"}],"curies":[{"name":"wp","href":"https:\/\/api.w.org\/{rel}","templated":true}]}}