{"id":7534,"date":"2025-07-11T08:56:35","date_gmt":"2025-07-11T01:56:35","guid":{"rendered":"https:\/\/trading.hhg.vn\/?post_type=product&#038;p=7534"},"modified":"2026-05-08T16:37:22","modified_gmt":"2026-05-08T09:37:22","slug":"bo-sen-tam-crometta-s-showerpipe-240-kem-bo-dieu-chinh-nhiet-do-showertablet-select-360","status":"publish","type":"product","link":"https:\/\/trading.hhg.vn\/en\/s\u1ea3n-ph\u1ea9m\/bo-sen-tam-crometta-s-showerpipe-240-kem-bo-dieu-chinh-nhiet-do-showertablet-select-360\/","title":{"rendered":"B\u1ed9 sen t\u1eafm Crometta S Showerpipe 240 k\u00e8m b\u1ed9 \u0111i\u1ec1u ch\u1ec9nh nhi\u1ec7t \u0111\u1ed9 ShowerTablet Select 360"},"content":{"rendered":"<p>\u0110\u01b0\u1ee3c thi\u1ebft k\u1ebf \u0111\u1ec3 mang l\u1ea1i tr\u1ea3i nghi\u1ec7m t\u1eafm th\u01b0 gi\u00e3n v\u00e0 s\u1ea3ng kho\u00e1i m\u1ed7i ng\u00e0y, Crometta S k\u1ebft h\u1ee3p ho\u00e0n h\u1ea3o gi\u1eefa thi\u1ebft k\u1ebf hi\u1ec7n \u0111\u1ea1i, c\u00f4ng ngh\u1ec7 ti\u00ean ti\u1ebfn v\u00e0 t\u00ednh n\u0103ng an to\u00e0n v\u01b0\u1ee3t tr\u1ed9i. C\u00e1c s\u1ea3n ph\u1ea9m trong d\u00f2ng Crometta S n\u1ed5i b\u1eadt v\u1edbi b\u00e1t sen tr\u1ea7n <b>Crometta S 240<\/b> \u0111\u01b0\u1eddng k\u00ednh l\u1edbn, t\u1ea1o ra d\u00f2ng phun m\u01b0a \u00eam \u00e1i, bao ph\u1ee7 to\u00e0n b\u1ed9 c\u01a1 th\u1ec3, gi\u00fap b\u1ea1n th\u01b0 gi\u00e3n t\u1ed1i \u0111a. \u0110i k\u00e8m l\u00e0 sen t\u1eafm c\u1ea7m tay \u0111a n\u0103ng v\u1edbi c\u00e1c ch\u1ebf \u0111\u1ed9 phun \u0111\u1ed9c \u0111\u00e1o nh\u01b0 <b>PowderRain<\/b> (phun s\u01b0\u01a1ng m\u1ecbn m\u00e0ng), <b>IntenseRain<\/b> (phun m\u1ea1nh m\u1ebd) v\u00e0 <b>Massage spray<\/b> (phun massage), cho ph\u00e9p b\u1ea1n t\u00f9y ch\u1ec9nh tr\u1ea3i nghi\u1ec7m t\u1eafm theo s\u1edf th\u00edch.<\/p>\n<p>\u0110\u1eb7c bi\u1ec7t, tr\u00e1i tim c\u1ee7a d\u00f2ng s\u1ea3n ph\u1ea9m n\u00e0y l\u00e0 <b>van \u0111i\u1ec1u nhi\u1ec7t ShowerTablet Select 360<\/b> v\u1edbi c\u00f4ng ngh\u1ec7 <b>CoolContact<\/b> \u0111\u1ed9c quy\u1ec1n, \u0111\u1ea3m b\u1ea3o b\u1ec1 m\u1eb7t van lu\u00f4n m\u00e1t l\u1ea1nh, an to\u00e0n tuy\u1ec7t \u0111\u1ed1i cho ng\u01b0\u1eddi s\u1eed d\u1ee5ng, \u0111\u1eb7c bi\u1ec7t l\u00e0 tr\u1ebb nh\u1ecf. Ch\u1ee9c n\u0103ng <b>SafetyStop<\/b> kh\u00f3a nhi\u1ec7t \u0111\u1ed9 t\u1ea1i 40\u00b0C gi\u00fap ng\u0103n ng\u1eeba nguy c\u01a1 b\u1ecfng n\u01b0\u1edbc n\u00f3ng.<\/p>\n<p><img fetchpriority=\"high\" decoding=\"async\" class=\"alignnone wp-image-7559 aligncenter\" src=\"http:\/\/trading.hhg.vn\/wp-content\/uploads\/2025\/07\/153__web-picture-thermostat_jpg-300x169.jpg\" alt=\"\" width=\"538\" height=\"303\" srcset=\"https:\/\/trading.hhg.vn\/wp-content\/uploads\/2025\/07\/153__web-picture-thermostat_jpg-300x169.jpg 300w, https:\/\/trading.hhg.vn\/wp-content\/uploads\/2025\/07\/153__web-picture-thermostat_jpg-1024x576.jpg 1024w, https:\/\/trading.hhg.vn\/wp-content\/uploads\/2025\/07\/153__web-picture-thermostat_jpg-768x432.jpg 768w, https:\/\/trading.hhg.vn\/wp-content\/uploads\/2025\/07\/153__web-picture-thermostat_jpg-150x84.jpg 150w, https:\/\/trading.hhg.vn\/wp-content\/uploads\/2025\/07\/153__web-picture-thermostat_jpg.jpg 1200w\" sizes=\"(max-width: 538px) 100vw, 538px\" \/><\/p>\n<p>&nbsp;<\/p>\n","protected":false},"excerpt":{"rendered":"<p>V\u1ebb ngo\u00e0i t\u01b0\u01a1i m\u1edbi c\u1ee7a Crometta s\u1ebd l\u00e0m h\u00e0i l\u00f2ng nh\u1eefng ng\u01b0\u1eddi y\u00eau th\u00edch ph\u00f2ng t\u1eafm hi\u1ec7n \u0111\u1ea1i v\u01b0\u1ee3t th\u1eddi gian. T\u1eadn h\u01b0\u1edfng tr\u1ea3i nghi\u1ec7m t\u1eafm tuy\u1ec7t v\u1eddi v\u1edbi m\u1ee9c gi\u00e1 ph\u1ea3i ch\u0103ng. T\u1eeb v\u00f2i sen c\u1ea7m tay \u0111\u1ebfn h\u1ec7 th\u1ed1ng v\u00f2i sen: d\u00f2ng s\u1ea3n ph\u1ea9m n\u00e0y r\u1ea5t \u0111\u01a1n gi\u1ea3n \u2013 v\u00e0 l\u00fd t\u01b0\u1edfng cho vi\u1ec7c c\u1ea3i t\u1ea1o nhanh ch\u00f3ng.<\/p>\n<ul>\n<li>V\u00f2i sen s\u1eed d\u1ee5ng \u00edt h\u01a1n t\u1edbi 60% n\u01b0\u1edbc so v\u1edbi c\u00e1c m\u1eabu th\u00f4ng th\u01b0\u1eddng, nh\u1edd \u0111\u00f3 c\u0169ng gi\u1ea3m chi ph\u00ed n\u0103ng l\u01b0\u1ee3ng.<\/li>\n<li>Thanh tr\u01b0\u1ee3t v\u00f2i sen Push c\u00f3 th\u1ec3 d\u1ec5 d\u00e0ng \u0111i\u1ec1u ch\u1ec9nh \u0111\u1ed9 cao mong mu\u1ed1n ch\u1ec9 b\u1eb1ng m\u1ed9t tay.<\/li>\n<li>L\u01b0u l\u01b0\u1ee3ng n\u01b0\u1edbc, v\u00f2i sen ho\u1eb7c lo\u1ea1i tia n\u01b0\u1edbc c\u00f3 th\u1ec3 d\u1ec5 d\u00e0ng \u0111i\u1ec1u ch\u1ec9nh ch\u1ec9 b\u1eb1ng m\u1ed9t n\u00fat b\u1ea5m.<\/li>\n<\/ul>\n","protected":false},"featured_media":7537,"comment_status":"open","ping_status":"closed","template":"","meta":{"_acf_changed":false},"product_cat":[69,101,70],"product_tag":[720,721],"class_list":{"0":"post-7534","1":"product","2":"type-product","3":"status-publish","4":"has-post-thumbnail","6":"product_cat-phong-tam","7":"product_cat-khu-vuc-sen-tam","8":"product_cat-khu-vuc-voi-chau","9":"product_tag-crometta-s-showerpipe","10":"product_tag-hansgrohe","11":"pa_mau-sac-chrome","12":"pa_mau-sac-den-mo","13":"pa_mau-sac-trang-mo","15":"first","16":"instock","17":"shipping-taxable","18":"purchasable","19":"product-type-variable"},"acf":[],"_links":{"self":[{"href":"https:\/\/trading.hhg.vn\/en\/wp-json\/wp\/v2\/product\/7534","targetHints":{"allow":["GET"]}}],"collection":[{"href":"https:\/\/trading.hhg.vn\/en\/wp-json\/wp\/v2\/product"}],"about":[{"href":"https:\/\/trading.hhg.vn\/en\/wp-json\/wp\/v2\/types\/product"}],"replies":[{"embeddable":true,"href":"https:\/\/trading.hhg.vn\/en\/wp-json\/wp\/v2\/comments?post=7534"}],"version-history":[{"count":8,"href":"https:\/\/trading.hhg.vn\/en\/wp-json\/wp\/v2\/product\/7534\/revisions"}],"predecessor-version":[{"id":8131,"href":"https:\/\/trading.hhg.vn\/en\/wp-json\/wp\/v2\/product\/7534\/revisions\/8131"}],"wp:featuredmedia":[{"embeddable":true,"href":"https:\/\/trading.hhg.vn\/en\/wp-json\/wp\/v2\/media\/7537"}],"wp:attachment":[{"href":"https:\/\/trading.hhg.vn\/en\/wp-json\/wp\/v2\/media?parent=7534"}],"wp:term":[{"taxonomy":"product_cat","embeddable":true,"href":"https:\/\/trading.hhg.vn\/en\/wp-json\/wp\/v2\/product_cat?post=7534"},{"taxonomy":"product_tag","embeddable":true,"href":"https:\/\/trading.hhg.vn\/en\/wp-json\/wp\/v2\/product_tag?post=7534"}],"curies":[{"name":"wp","href":"https:\/\/api.w.org\/{rel}","templated":true}]}}