{"id":7567,"date":"2025-07-11T13:27:35","date_gmt":"2025-07-11T06:27:35","guid":{"rendered":"https:\/\/trading.hhg.vn\/?post_type=product&#038;p=7567"},"modified":"2026-05-08T16:37:22","modified_gmt":"2026-05-08T09:37:22","slug":"bo-dieu-chinh-nhiet-do-phong-tam-showertablet-select-360-do-de-lap-dat-ngoai-troi","status":"publish","type":"product","link":"https:\/\/trading.hhg.vn\/en\/s\u1ea3n-ph\u1ea9m\/bo-dieu-chinh-nhiet-do-phong-tam-showertablet-select-360-do-de-lap-dat-ngoai-troi\/","title":{"rendered":"B\u1ed9 \u0111i\u1ec1u ch\u1ec9nh nhi\u1ec7t \u0111\u1ed9 ph\u00f2ng t\u1eafm ShowerTablet Select 360 \u0111\u1ed9 \u0111\u1ec3 l\u1eafp \u0111\u1eb7t ngo\u00e0i tr\u1eddi"},"content":{"rendered":"<p>Hansgrohe ShowerTablet Select Bath thermostat 360 l\u00e0 b\u1ed9 \u0111i\u1ec1u nhi\u1ec7t ph\u00f2ng t\u1eafm ShowerTablet Select 360 l\u1eafp \u0111\u1eb7t ngo\u00e0i tr\u1eddi l\u00e0 b\u1ed9 tr\u1ed9n nhi\u1ec7t \u0111\u01b0\u1ee3c thi\u1ebft k\u1ebf cho c\u1ea3 t\u1eafm v\u00f2i sen v\u00e0 t\u1eafm b\u1ed3n, v\u1edbi k\u1ec7 \u0111\u1ef1ng \u0111\u1ed3 v\u1ec7 sinh c\u00e1 nh\u00e2n ti\u1ec7n d\u1ee5ng v\u00e0 thi\u1ebft k\u1ebf t\u1ed1i gi\u1ea3n, tinh t\u1ebf. S\u1ea3n ph\u1ea9m \u0111\u01b0\u1ee3c trang b\u1ecb c\u00f4ng ngh\u1ec7 n\u00fat nh\u1ea5n Select cho ph\u00e9p d\u1ec5 d\u00e0ng b\u1eadt\/t\u1eaft hai \u1ed5 c\u1eafm, c\u00f9ng b\u1ed9 \u0111i\u1ec1u nhi\u1ec7t CoolContact gi\u00fap ng\u0103n ng\u1eeba t\u00ecnh tr\u1ea1ng qu\u00e1 nhi\u1ec7t. L\u1eafp \u0111\u1eb7t ngo\u00e0i tr\u1eddi cho ph\u00e9p d\u1ec5 d\u00e0ng l\u1eafp \u0111\u1eb7t tr\u00ean c\u00e1c k\u1ebft n\u1ed1i hi\u1ec7n c\u00f3.<\/p>\n<p>N\u1ed5i b\u1eadt v\u1edbi c\u00f4ng ngh\u1ec7 CoolContact, gi\u1eef cho b\u1ec1 m\u1eb7t b\u1ed9 \u0111i\u1ec1u nhi\u1ec7t lu\u00f4n m\u00e1t m\u1ebb, lo\u1ea1i b\u1ecf m\u1ecdi lo ng\u1ea1i v\u1ec1 b\u1ecfng r\u00e1t v\u00e0 t\u0103ng c\u01b0\u1eddng an to\u00e0n cho m\u1ecdi th\u00e0nh vi\u00ean trong gia \u0111\u00ecnh. Vi\u1ec7c ki\u1ec3m so\u00e1t n\u01b0\u1edbc tr\u1edf n\u00ean v\u00f4 c\u00f9ng d\u1ec5 d\u00e0ng v\u00e0 tr\u1ef1c quan nh\u1edd n\u00fat \u0111i\u1ec1u khi\u1ec3n Select th\u00f4ng<\/p>\n<p>&nbsp;<\/p>\n<p><img fetchpriority=\"high\" decoding=\"async\" class=\" wp-image-7593 aligncenter\" src=\"http:\/\/trading.hhg.vn\/wp-content\/uploads\/2025\/07\/Artboard-3-2-263x300.jpg\" alt=\"\" width=\"330\" height=\"376\" srcset=\"https:\/\/trading.hhg.vn\/wp-content\/uploads\/2025\/07\/Artboard-3-2-263x300.jpg 263w, https:\/\/trading.hhg.vn\/wp-content\/uploads\/2025\/07\/Artboard-3-2-768x878.jpg 768w, https:\/\/trading.hhg.vn\/wp-content\/uploads\/2025\/07\/Artboard-3-2-150x171.jpg 150w, https:\/\/trading.hhg.vn\/wp-content\/uploads\/2025\/07\/Artboard-3-2-400x457.jpg 400w, https:\/\/trading.hhg.vn\/wp-content\/uploads\/2025\/07\/Artboard-3-2-350x400.jpg 350w, https:\/\/trading.hhg.vn\/wp-content\/uploads\/2025\/07\/Artboard-3-2.jpg 827w\" sizes=\"(max-width: 330px) 100vw, 330px\" \/><\/p>\n","protected":false},"excerpt":{"rendered":"<ul>\n<li><b>An to\u00e0n h\u00e0ng \u0111\u1ea7u v\u1edbi CoolContact:<\/b> Kh\u00f4ng c\u00f2n lo l\u1eafng v\u1ecf b\u1ed9 tr\u1ed9n b\u1ecb n\u00f3ng. C\u00f4ng ngh\u1ec7 <b>CoolContact<\/b> gi\u1eef cho b\u1ec1 m\u1eb7t b\u1ed9 \u0111i\u1ec1u nhi\u1ec7t lu\u00f4n m\u00e1t m\u1ebb, c\u1ef1c k\u1ef3 an to\u00e0n cho c\u1ea3 gia \u0111\u00ecnh, \u0111\u1eb7c bi\u1ec7t l\u00e0 tr\u1ebb nh\u1ecf.<\/li>\n<li><b>\u0110i\u1ec1u khi\u1ec3n d\u1ec5 d\u00e0ng v\u1edbi n\u00fat Select:<\/b> Ch\u1ec9 c\u1ea7n m\u1ed9t ch\u1ea1m \u0111\u1ec3 ch\u1ecdn gi\u1eefa v\u00f2i sen c\u1ea7m tay v\u00e0 v\u00f2i b\u1ed3n t\u1eafm. Giao di\u1ec7n <b>Select<\/b> tr\u1ef1c quan, \u0111\u01a1n gi\u1ea3n, gi\u00fap tr\u1ea3i nghi\u1ec7m t\u1eafm c\u1ee7a b\u1ea1n tr\u1edf n\u00ean thu\u1eadn ti\u1ec7n h\u01a1n bao gi\u1edd h\u1ebft.<\/li>\n<li><b>Ki\u1ec3m so\u00e1t nhi\u1ec7t \u0111\u1ed9 ch\u00ednh x\u00e1c:<\/b> B\u1ed9 \u0111i\u1ec1u nhi\u1ec7t ch\u1ea5t l\u01b0\u1ee3ng cao v\u1edbi ch\u1ed1t an to\u00e0n \u1edf 40\u00b0C v\u00e0 kh\u1ea3 n\u0103ng \u0111i\u1ec1u ch\u1ec9nh gi\u1edbi h\u1ea1n nhi\u1ec7t \u0111\u1ed9, \u0111\u1ea3m b\u1ea3o d\u00f2ng n\u01b0\u1edbc lu\u00f4n \u1edf nhi\u1ec7t \u0111\u1ed9 mong mu\u1ed1n v\u00e0 an to\u00e0n t\u1ed1i \u0111a.<\/li>\n<\/ul>\n","protected":false},"featured_media":7575,"comment_status":"open","ping_status":"closed","template":"","meta":{"_acf_changed":false},"product_cat":[69,451],"product_tag":[],"class_list":{"0":"post-7567","1":"product","2":"type-product","3":"status-publish","4":"has-post-thumbnail","6":"product_cat-phong-tam","7":"product_cat-bo-dieu-nhiet","8":"pa_mau-sac-chrome","9":"pa_mau-sac-den-mo","10":"pa_mau-sac-trang-mo","12":"first","13":"instock","14":"featured","15":"shipping-taxable","16":"purchasable","17":"product-type-variable"},"acf":[],"_links":{"self":[{"href":"https:\/\/trading.hhg.vn\/en\/wp-json\/wp\/v2\/product\/7567","targetHints":{"allow":["GET"]}}],"collection":[{"href":"https:\/\/trading.hhg.vn\/en\/wp-json\/wp\/v2\/product"}],"about":[{"href":"https:\/\/trading.hhg.vn\/en\/wp-json\/wp\/v2\/types\/product"}],"replies":[{"embeddable":true,"href":"https:\/\/trading.hhg.vn\/en\/wp-json\/wp\/v2\/comments?post=7567"}],"version-history":[{"count":6,"href":"https:\/\/trading.hhg.vn\/en\/wp-json\/wp\/v2\/product\/7567\/revisions"}],"predecessor-version":[{"id":7598,"href":"https:\/\/trading.hhg.vn\/en\/wp-json\/wp\/v2\/product\/7567\/revisions\/7598"}],"wp:featuredmedia":[{"embeddable":true,"href":"https:\/\/trading.hhg.vn\/en\/wp-json\/wp\/v2\/media\/7575"}],"wp:attachment":[{"href":"https:\/\/trading.hhg.vn\/en\/wp-json\/wp\/v2\/media?parent=7567"}],"wp:term":[{"taxonomy":"product_cat","embeddable":true,"href":"https:\/\/trading.hhg.vn\/en\/wp-json\/wp\/v2\/product_cat?post=7567"},{"taxonomy":"product_tag","embeddable":true,"href":"https:\/\/trading.hhg.vn\/en\/wp-json\/wp\/v2\/product_tag?post=7567"}],"curies":[{"name":"wp","href":"https:\/\/api.w.org\/{rel}","templated":true}]}}