{"id":7600,"date":"2025-07-14T12:00:31","date_gmt":"2025-07-14T05:00:31","guid":{"rendered":"https:\/\/trading.hhg.vn\/?post_type=product&#038;p=7600"},"modified":"2026-01-28T07:44:41","modified_gmt":"2026-01-28T00:44:41","slug":"voi-sen-tren-cao-270-270-1-tia-co-tay-sen","status":"publish","type":"product","link":"https:\/\/trading.hhg.vn\/en\/s\u1ea3n-ph\u1ea9m\/voi-sen-tren-cao-270-270-1-tia-co-tay-sen\/","title":{"rendered":"V\u00f2i sen tr\u00ean cao 270\/270 1 tia c\u00f3 tay sen"},"content":{"rendered":"<p><img fetchpriority=\"high\" decoding=\"async\" class=\"wp-image-7608 aligncenter\" src=\"http:\/\/trading.hhg.vn\/wp-content\/uploads\/2025\/07\/test-300x179.jpg\" alt=\"\" width=\"617\" height=\"368\" srcset=\"https:\/\/trading.hhg.vn\/wp-content\/uploads\/2025\/07\/test-300x179.jpg 300w, https:\/\/trading.hhg.vn\/wp-content\/uploads\/2025\/07\/test-150x90.jpg 150w, https:\/\/trading.hhg.vn\/wp-content\/uploads\/2025\/07\/test.jpg 618w\" sizes=\"(max-width: 617px) 100vw, 617px\" \/><\/p>\n<p>V\u00f2i sen tr\u00ean cao 270\/270 1 tia c\u00f3 tay sen l\u00e0 m\u1ed9t ki\u1ec7t t\u00e1c thi\u1ebft k\u1ebf t\u1eeb b\u1ed9 s\u01b0u t\u1eadp AXOR Citterio C. V\u1edbi k\u00edch th\u01b0\u1edbc \u1ea5n t\u01b0\u1ee3ng 270x270mm, chi\u1ebfc v\u00f2i sen tr\u1ea7n n\u00e0y t\u1ea1o ra m\u1ed9t d\u00f2ng ch\u1ea3y n\u01b0\u1edbc r\u1ed9ng v\u00e0 m\u1ec1m m\u1ea1i, bao ph\u1ee7 to\u00e0n b\u1ed9 c\u01a1 th\u1ec3 b\u1ea1n trong nh\u1eefng h\u1ea1t m\u01b0a tinh khi\u1ebft.<\/p>\n<p>V\u1edbi ch\u1ebf \u0111\u1ed9 phun 1jet duy nh\u1ea5t \u0111\u01b0\u1ee3c tinh ch\u1ec9nh \u0111\u1ec3 l\u00e0m s\u1ea1ch s\u00e2u nh\u01b0ng c\u0169ng \u0111\u1ee7 nh\u1eb9 nh\u00e0ng \u0111\u1ec3 xoa d\u1ecbu gi\u00e1c quan, t\u00e1i hi\u1ec7n ch\u00e2n th\u1ef1c c\u1ea3m gi\u00e1c khoan kho\u00e1i c\u1ee7a m\u1ed9t c\u01a1n m\u01b0a t\u1ef1 nhi\u00ean. . C\u00e1c \u0111\u01b0\u1eddng n\u00e9t s\u1eafc s\u1ea3o, b\u1ec1 m\u1eb7t ho\u00e0n thi\u1ec7n ho\u00e0n h\u1ea3o v\u00e0 ch\u1ea5t li\u1ec7u cao c\u1ea5p kh\u00f4ng ch\u1ec9 l\u00e0m t\u0103ng t\u00ednh th\u1ea9m m\u1ef9 m\u00e0 c\u00f2n \u0111\u1ea3m b\u1ea3o \u0111\u1ed9 b\u1ec1n b\u1ec9 v\u01b0\u1ee3t th\u1eddi gian cho s\u1ea3n ph\u1ea9m. Tay sen \u0111i k\u00e8m \u0111\u01b0\u1ee3c thi\u1ebft k\u1ebf \u0111\u1ed3ng b\u1ed9, \u0111\u1ea3m b\u1ea3o s\u1ef1 ch\u1eafc ch\u1eafn v\u00e0 d\u1ec5 d\u00e0ng l\u1eafp \u0111\u1eb7t, ho\u00e0n thi\u1ec7n m\u1ed9t t\u1ed5ng th\u1ec3 sang tr\u1ecdng cho kh\u00f4ng gian ph\u00f2ng t\u1eafm c\u1ee7a b\u1ea1n.<\/p>\n","protected":false},"excerpt":{"rendered":"<p><b>AXOR Citterio C &#8211; Overhead shower 270\/270 1jet with shower arm<\/b> l\u00e0 s\u1ef1 k\u1ebft h\u1ee3p tinh t\u1ebf gi\u1eefa thi\u1ebft k\u1ebf sang tr\u1ecdng v\u00e0 tr\u1ea3i nghi\u1ec7m t\u1eafm th\u01b0 gi\u00e3n. V\u1edbi k\u00edch th\u01b0\u1edbc l\u1edbn 270x270mm, v\u00f2i sen tr\u1ea7n n\u00e0y mang \u0111\u1ebfn d\u00f2ng n\u01b0\u1edbc <b>ph\u1ee7 \u0111\u1ec1u, \u00eam \u00e1i nh\u01b0 m\u01b0a t\u1ef1 nhi\u00ean<\/b><\/p>\n","protected":false},"featured_media":7625,"comment_status":"open","ping_status":"closed","template":"","meta":{"_acf_changed":false},"product_cat":[69,101],"product_tag":[],"class_list":{"0":"post-7600","1":"product","2":"type-product","3":"status-publish","4":"has-post-thumbnail","6":"product_cat-phong-tam","7":"product_cat-khu-vuc-sen-tam","8":"pa_mau-sac-chrome","9":"pa_mau-sac-chrome-den-xuoc","10":"pa_mau-sac-den-mo","11":"pa_mau-sac-dong-thau-xuoc","12":"pa_mau-sac-dong-xuoc","13":"pa_mau-sac-niken-xuoc","14":"pa_mau-sac-thep-khong-gi","15":"pa_mau-sac-vang-bong","16":"pa_mau-sac-vang-hong-bong","17":"pa_mau-sac-vang-hong-xuoc","18":"pa_mau-sac-vang-xuoc","19":"pa_mau-sac-chrome-den-bong-en","21":"first","22":"instock","23":"shipping-taxable","24":"purchasable","25":"product-type-variable"},"acf":[],"featured_media_urls":{"thumbnail":["https:\/\/trading.hhg.vn\/wp-content\/uploads\/2025\/07\/Artboard-1-3-150x150.jpg",150,150,true],"medium":["https:\/\/trading.hhg.vn\/wp-content\/uploads\/2025\/07\/Artboard-1-3-263x300.jpg",263,300,true],"medium_large":["https:\/\/trading.hhg.vn\/wp-content\/uploads\/2025\/07\/Artboard-1-3-768x878.jpg",768,878,true],"large":["https:\/\/trading.hhg.vn\/wp-content\/uploads\/2025\/07\/Artboard-1-3.jpg",827,945,false],"1536x1536":["https:\/\/trading.hhg.vn\/wp-content\/uploads\/2025\/07\/Artboard-1-3.jpg",827,945,false],"2048x2048":["https:\/\/trading.hhg.vn\/wp-content\/uploads\/2025\/07\/Artboard-1-3.jpg",827,945,false],"woocommerce_thumbnail":["https:\/\/trading.hhg.vn\/wp-content\/uploads\/2025\/07\/Artboard-1-3-600x600.jpg",600,600,true],"woocommerce_single":["https:\/\/trading.hhg.vn\/wp-content\/uploads\/2025\/07\/Artboard-1-3.jpg",827,945,false],"woocommerce_gallery_thumbnail":["https:\/\/trading.hhg.vn\/wp-content\/uploads\/2025\/07\/Artboard-1-3-150x171.jpg",150,171,true],"portfolio_item-thumbnail":["https:\/\/trading.hhg.vn\/wp-content\/uploads\/2025\/07\/Artboard-1-3.jpg",350,400,false],"portfolio_item-thumbnail@2x":["https:\/\/trading.hhg.vn\/wp-content\/uploads\/2025\/07\/Artboard-1-3.jpg",700,800,false],"portfolio_item-masonry":["https:\/\/trading.hhg.vn\/wp-content\/uploads\/2025\/07\/Artboard-1-3.jpg",600,686,false],"portfolio_item-masonry@2x":["https:\/\/trading.hhg.vn\/wp-content\/uploads\/2025\/07\/Artboard-1-3.jpg",827,945,false],"portfolio_item-thumbnail_cinema":["https:\/\/trading.hhg.vn\/wp-content\/uploads\/2025\/07\/Artboard-1-3.jpg",293,335,false],"portfolio_item-thumbnail_portrait":["https:\/\/trading.hhg.vn\/wp-content\/uploads\/2025\/07\/Artboard-1-3.jpg",600,686,false],"portfolio_item-thumbnail_portrait@2x":["https:\/\/trading.hhg.vn\/wp-content\/uploads\/2025\/07\/Artboard-1-3.jpg",827,945,false],"portfolio_item-thumbnail_square":["https:\/\/trading.hhg.vn\/wp-content\/uploads\/2025\/07\/Artboard-1-3.jpg",700,800,false]},"_links":{"self":[{"href":"https:\/\/trading.hhg.vn\/en\/wp-json\/wp\/v2\/product\/7600","targetHints":{"allow":["GET"]}}],"collection":[{"href":"https:\/\/trading.hhg.vn\/en\/wp-json\/wp\/v2\/product"}],"about":[{"href":"https:\/\/trading.hhg.vn\/en\/wp-json\/wp\/v2\/types\/product"}],"replies":[{"embeddable":true,"href":"https:\/\/trading.hhg.vn\/en\/wp-json\/wp\/v2\/comments?post=7600"}],"version-history":[{"count":7,"href":"https:\/\/trading.hhg.vn\/en\/wp-json\/wp\/v2\/product\/7600\/revisions"}],"predecessor-version":[{"id":7659,"href":"https:\/\/trading.hhg.vn\/en\/wp-json\/wp\/v2\/product\/7600\/revisions\/7659"}],"wp:featuredmedia":[{"embeddable":true,"href":"https:\/\/trading.hhg.vn\/en\/wp-json\/wp\/v2\/media\/7625"}],"wp:attachment":[{"href":"https:\/\/trading.hhg.vn\/en\/wp-json\/wp\/v2\/media?parent=7600"}],"wp:term":[{"taxonomy":"product_cat","embeddable":true,"href":"https:\/\/trading.hhg.vn\/en\/wp-json\/wp\/v2\/product_cat?post=7600"},{"taxonomy":"product_tag","embeddable":true,"href":"https:\/\/trading.hhg.vn\/en\/wp-json\/wp\/v2\/product_tag?post=7600"}],"curies":[{"name":"wp","href":"https:\/\/api.w.org\/{rel}","templated":true}]}}