{"id":7660,"date":"2025-07-14T17:10:07","date_gmt":"2025-07-14T10:10:07","guid":{"rendered":"https:\/\/trading.hhg.vn\/?post_type=product&#038;p=7660"},"modified":"2026-01-28T07:43:36","modified_gmt":"2026-01-28T00:43:36","slug":"voi-chau-rua-don-lap-am-tuong-co-voi-195-mm-cat-khoi","status":"publish","type":"product","link":"https:\/\/trading.hhg.vn\/en\/s\u1ea3n-ph\u1ea9m\/voi-chau-rua-don-lap-am-tuong-co-voi-195-mm-cat-khoi\/","title":{"rendered":"V\u00f2i ch\u1eadu r\u1eeda \u0111\u01a1n l\u1eafp \u00e2m t\u01b0\u1eddng c\u00f3 v\u00f2i 195 mm &#8211; c\u1eaft kh\u1ed1i"},"content":{"rendered":"<p><img fetchpriority=\"high\" decoding=\"async\" class=\" wp-image-7687 aligncenter\" src=\"http:\/\/trading.hhg.vn\/wp-content\/uploads\/2025\/07\/Untitled-1-2-300x179.jpg\" alt=\"\" width=\"621\" height=\"371\" srcset=\"https:\/\/trading.hhg.vn\/wp-content\/uploads\/2025\/07\/Untitled-1-2-300x179.jpg 300w, https:\/\/trading.hhg.vn\/wp-content\/uploads\/2025\/07\/Untitled-1-2-150x90.jpg 150w, https:\/\/trading.hhg.vn\/wp-content\/uploads\/2025\/07\/Untitled-1-2.jpg 618w\" sizes=\"(max-width: 621px) 100vw, 621px\" \/><\/p>\n<p>V\u00f2i ch\u1eadu r\u1eeda <b>AXOR Citterio C &#8211; Single lever basin mixer<\/b> l\u00e0 s\u1ef1 k\u1ebft h\u1ee3p tinh t\u1ebf gi\u1eefa thi\u1ebft k\u1ebf \u0111\u1ed9c \u0111\u00e1o v\u00e0 c\u00f4ng n\u0103ng v\u01b0\u1ee3t tr\u1ed9i. \u0110\u01b0\u1ee3c thi\u1ebft k\u1ebf \u0111\u1ec3 <b>l\u1eafp \u0111\u1eb7t \u00e2m t\u01b0\u1eddng<\/b>, s\u1ea3n ph\u1ea9m n\u00e0y gi\u00fap kh\u00f4ng gian ch\u1eadu r\u1eeda tr\u1edf n\u00ean th\u00f4ng tho\u00e1ng, g\u1ecdn g\u00e0ng v\u00e0 sang tr\u1ecdng h\u01a1n.<\/p>\n<p>S\u1ea3n ph\u1ea9m s\u1eed d\u1ee5ng <b>tay g\u1ea1t \u0111\u01a1n<\/b> cho ph\u00e9p \u0111i\u1ec1u ch\u1ec9nh l\u01b0u l\u01b0\u1ee3ng v\u00e0 nhi\u1ec7t \u0111\u1ed9 n\u01b0\u1edbc m\u1ed9t c\u00e1ch d\u1ec5 d\u00e0ng, m\u01b0\u1ee3t m\u00e0 ch\u1ec9 b\u1eb1ng m\u1ed9t tay. B\u00ean trong l\u00e0 <b>l\u00f5i s\u1ee9 (ceramic cartridge)<\/b> cao c\u1ea5p, \u0111\u1ea3m b\u1ea3o ho\u1ea1t \u0111\u1ed9ng b\u1ec1n b\u1ec9, ch\u1ed1ng r\u00f2 r\u1ec9 v\u00e0 duy tr\u00ec hi\u1ec7u su\u1ea5t theo th\u1eddi gian. \u0110\u1eb7c bi\u1ec7t, v\u1edbi <b>l\u01b0u l\u01b0\u1ee3ng n\u01b0\u1edbc t\u1ed1i \u0111a ch\u1ec9 5 l\u00edt\/ph\u00fat t\u1ea1i \u00e1p l\u1ef1c 3 bar<\/b>, chi\u1ebfc v\u00f2i n\u00e0y kh\u00f4ng ch\u1ec9 mang \u0111\u1ebfn tr\u1ea3i nghi\u1ec7m ti\u1ec7n nghi m\u00e0 c\u00f2n g\u00f3p ph\u1ea7n <b>ti\u1ebft ki\u1ec7m n\u01b0\u1edbc hi\u1ec7u qu\u1ea3.\u00a0<\/b><\/p>\n<p>&nbsp;<\/p>\n","protected":false},"excerpt":{"rendered":"<p><b>AXOR Citterio C &#8211; Single lever basin mixer<\/b> v\u1edbi thi\u1ebft k\u1ebf \u00e2m t\u01b0\u1eddng v\u00e0 v\u00f2i d\u00e0i 195mm mang \u0111\u1ebfn v\u1ebb \u0111\u1eb9p t\u1ed1i gi\u1ea3n, sang tr\u1ecdng cho kh\u00f4ng gian ch\u1eadu r\u1eeda c\u1ee7a b\u1ea1n. S\u1edf h\u1eefu thi\u1ebft k\u1ebf v\u1edbi thao t\u00e1c \u0111i\u1ec1u khi\u1ec3n m\u1ed9t tay g\u1ea1t m\u01b0\u1ee3t m\u00e0, bi\u1ebfn s\u1ea3n ph\u1ea9m n\u00e0y th\u00e0nh \u0111i\u1ec3m nh\u1ea5n tinh t\u1ebf v\u00e0 hi\u1ec7n \u0111\u1ea1i, \u0111\u1ed3ng th\u1eddi ti\u1ebft ki\u1ec7m n\u01b0\u1edbc hi\u1ec7u qu\u1ea3 v\u1edbi l\u01b0u l\u01b0\u1ee3ng 5 l\u00edt\/ph\u00fat.<\/p>\n","protected":false},"featured_media":7673,"comment_status":"open","ping_status":"closed","template":"","meta":{"_acf_changed":false},"product_cat":[27,695,696,69,70],"product_tag":[],"class_list":{"0":"post-7660","1":"product","2":"type-product","3":"status-publish","4":"has-post-thumbnail","6":"product_cat-accessories","7":"product_cat-ke","8":"product_cat-thung-rac","9":"product_cat-phong-tam","10":"product_cat-khu-vuc-voi-chau","11":"pa_mau-sac-chrome","12":"pa_mau-sac-chrome-den-xuoc","13":"pa_mau-sac-den-mo","14":"pa_mau-sac-dong-thau-xuoc","15":"pa_mau-sac-dong-xuoc","16":"pa_mau-sac-niken-xuoc","17":"pa_mau-sac-thep-khong-gi","18":"pa_mau-sac-vang-bong","19":"pa_mau-sac-vang-hong-bong","20":"pa_mau-sac-vang-hong-xuoc","21":"pa_mau-sac-vang-xuoc","22":"pa_mau-sac-chrome-den-bong-en","24":"first","25":"instock","26":"shipping-taxable","27":"purchasable","28":"product-type-variable"},"acf":[],"featured_media_urls":{"thumbnail":["https:\/\/trading.hhg.vn\/wp-content\/uploads\/2025\/07\/Artboard-3-14-150x150.jpg",150,150,true],"medium":["https:\/\/trading.hhg.vn\/wp-content\/uploads\/2025\/07\/Artboard-3-14-263x300.jpg",263,300,true],"medium_large":["https:\/\/trading.hhg.vn\/wp-content\/uploads\/2025\/07\/Artboard-3-14-768x878.jpg",768,878,true],"large":["https:\/\/trading.hhg.vn\/wp-content\/uploads\/2025\/07\/Artboard-3-14.jpg",827,945,false],"1536x1536":["https:\/\/trading.hhg.vn\/wp-content\/uploads\/2025\/07\/Artboard-3-14.jpg",827,945,false],"2048x2048":["https:\/\/trading.hhg.vn\/wp-content\/uploads\/2025\/07\/Artboard-3-14.jpg",827,945,false],"woocommerce_thumbnail":["https:\/\/trading.hhg.vn\/wp-content\/uploads\/2025\/07\/Artboard-3-14-600x600.jpg",600,600,true],"woocommerce_single":["https:\/\/trading.hhg.vn\/wp-content\/uploads\/2025\/07\/Artboard-3-14.jpg",827,945,false],"woocommerce_gallery_thumbnail":["https:\/\/trading.hhg.vn\/wp-content\/uploads\/2025\/07\/Artboard-3-14-150x171.jpg",150,171,true],"portfolio_item-thumbnail":["https:\/\/trading.hhg.vn\/wp-content\/uploads\/2025\/07\/Artboard-3-14.jpg",350,400,false],"portfolio_item-thumbnail@2x":["https:\/\/trading.hhg.vn\/wp-content\/uploads\/2025\/07\/Artboard-3-14.jpg",700,800,false],"portfolio_item-masonry":["https:\/\/trading.hhg.vn\/wp-content\/uploads\/2025\/07\/Artboard-3-14.jpg",600,686,false],"portfolio_item-masonry@2x":["https:\/\/trading.hhg.vn\/wp-content\/uploads\/2025\/07\/Artboard-3-14.jpg",827,945,false],"portfolio_item-thumbnail_cinema":["https:\/\/trading.hhg.vn\/wp-content\/uploads\/2025\/07\/Artboard-3-14.jpg",293,335,false],"portfolio_item-thumbnail_portrait":["https:\/\/trading.hhg.vn\/wp-content\/uploads\/2025\/07\/Artboard-3-14.jpg",600,686,false],"portfolio_item-thumbnail_portrait@2x":["https:\/\/trading.hhg.vn\/wp-content\/uploads\/2025\/07\/Artboard-3-14.jpg",827,945,false],"portfolio_item-thumbnail_square":["https:\/\/trading.hhg.vn\/wp-content\/uploads\/2025\/07\/Artboard-3-14.jpg",700,800,false]},"_links":{"self":[{"href":"https:\/\/trading.hhg.vn\/en\/wp-json\/wp\/v2\/product\/7660","targetHints":{"allow":["GET"]}}],"collection":[{"href":"https:\/\/trading.hhg.vn\/en\/wp-json\/wp\/v2\/product"}],"about":[{"href":"https:\/\/trading.hhg.vn\/en\/wp-json\/wp\/v2\/types\/product"}],"replies":[{"embeddable":true,"href":"https:\/\/trading.hhg.vn\/en\/wp-json\/wp\/v2\/comments?post=7660"}],"version-history":[{"count":5,"href":"https:\/\/trading.hhg.vn\/en\/wp-json\/wp\/v2\/product\/7660\/revisions"}],"predecessor-version":[{"id":7713,"href":"https:\/\/trading.hhg.vn\/en\/wp-json\/wp\/v2\/product\/7660\/revisions\/7713"}],"wp:featuredmedia":[{"embeddable":true,"href":"https:\/\/trading.hhg.vn\/en\/wp-json\/wp\/v2\/media\/7673"}],"wp:attachment":[{"href":"https:\/\/trading.hhg.vn\/en\/wp-json\/wp\/v2\/media?parent=7660"}],"wp:term":[{"taxonomy":"product_cat","embeddable":true,"href":"https:\/\/trading.hhg.vn\/en\/wp-json\/wp\/v2\/product_cat?post=7660"},{"taxonomy":"product_tag","embeddable":true,"href":"https:\/\/trading.hhg.vn\/en\/wp-json\/wp\/v2\/product_tag?post=7660"}],"curies":[{"name":"wp","href":"https:\/\/api.w.org\/{rel}","templated":true}]}}