{"id":7714,"date":"2025-07-15T14:39:18","date_gmt":"2025-07-15T07:39:18","guid":{"rendered":"https:\/\/trading.hhg.vn\/?post_type=product&#038;p=7714"},"modified":"2026-01-28T07:41:49","modified_gmt":"2026-01-28T00:41:49","slug":"voi-lavabo-mot-tay-gat-125-coolstart-kem-bo-xa-nhan-thiet-ke-khoi-lap-phuong","status":"publish","type":"product","link":"https:\/\/trading.hhg.vn\/en\/s\u1ea3n-ph\u1ea9m\/voi-lavabo-mot-tay-gat-125-coolstart-kem-bo-xa-nhan-thiet-ke-khoi-lap-phuong\/","title":{"rendered":"V\u00f2i lavabo m\u1ed9t tay g\u1ea1t 125 CoolStart k\u00e8m b\u1ed9 x\u1ea3 nh\u1ea5n &#8211; thi\u1ebft k\u1ebf kh\u1ed1i l\u1eadp ph\u01b0\u01a1ng"},"content":{"rendered":"<p><img fetchpriority=\"high\" decoding=\"async\" class=\"alignnone wp-image-7715 aligncenter\" src=\"http:\/\/trading.hhg.vn\/wp-content\/uploads\/2025\/07\/Untitled-1-3-300x158.jpg\" alt=\"\" width=\"675\" height=\"355\" srcset=\"https:\/\/trading.hhg.vn\/wp-content\/uploads\/2025\/07\/Untitled-1-3-300x158.jpg 300w, https:\/\/trading.hhg.vn\/wp-content\/uploads\/2025\/07\/Untitled-1-3-1024x538.jpg 1024w, https:\/\/trading.hhg.vn\/wp-content\/uploads\/2025\/07\/Untitled-1-3-768x403.jpg 768w, https:\/\/trading.hhg.vn\/wp-content\/uploads\/2025\/07\/Untitled-1-3-150x79.jpg 150w, https:\/\/trading.hhg.vn\/wp-content\/uploads\/2025\/07\/Untitled-1-3.jpg 1200w\" sizes=\"(max-width: 675px) 100vw, 675px\" \/><\/p>\n<p>AXOR Citterio C l\u00e0 s\u1ef1 t\u00e1i \u0111\u1ecbnh ngh\u0129a v\u00f2i lavabo cho kh\u00f4ng gian ph\u00f2ng t\u1eafm hi\u1ec7n \u0111\u1ea1i: thanh m\u1ea3nh, tinh t\u1ebf v\u00e0 \u0111\u1ea7y c\u1ea3m h\u1ee9ng. V\u1edbi thi\u1ebft k\u1ebf t\u1ed1i gi\u1ea3n, \u0111\u01b0\u1eddng n\u00e9t m\u1ec1m m\u1ea1i v\u00e0 h\u00ecnh d\u00e1ng g\u1ee3i c\u1ea3m, chi\u1ebfc v\u00f2i n\u00e0y kh\u00f4ng ch\u1ec9 l\u00e0 m\u1ed9t s\u1ea3n ph\u1ea9m m\u00e0 c\u00f2n l\u00e0 m\u1ed9t t\u00e1c ph\u1ea9m ngh\u1ec7 thu\u1eadt.<\/p>\n<p>\u0110i\u1ec3m nh\u1ea5n \u0111\u1eb7c tr\u01b0ng l\u00e0 \u0111\u01b0\u1eddng v\u00e1t tinh x\u1ea3o bao quanh \u0111\u1ea7u v\u00f2i v\u00e0 tay g\u1ea1t, t\u1ea1o n\u00ean v\u1ebb \u0111\u1eb9p \u0111\u1ed3ng nh\u1ea5t cho to\u00e0n b\u1ed9 b\u1ed9 s\u01b0u t\u1eadp. N\u1ed5i b\u1eadt nh\u01b0ng kh\u00f4ng khoa tr\u01b0\u01a1ng, AXOR Citterio C d\u1ec5 d\u00e0ng h\u00f2a quy\u1ec7n v\u00e0o m\u1ecdi phong c\u00e1ch ph\u00f2ng t\u1eafm.<\/p>\n<p>\u0110\u1ec3 c\u00e1 nh\u00e2n h\u00f3a t\u1ed1i \u0111a, tay g\u1ea1t c\u00f3 s\u1eb5n v\u1edbi h\u1ecda ti\u1ebft c\u1eaft kh\u1ed1i vu\u00f4ng \u0111\u1ed9c \u0111\u00e1o c\u00f9ng nhi\u1ec1u t\u00f9y ch\u1ecdn v\u00e2n b\u1ec1 m\u1eb7t v\u00e0 m\u00e0u s\u1eafc AXOR FinishPlus, gi\u00fap b\u1ea1n t\u1ea1o n\u00ean d\u1ea5u \u1ea5n ri\u00eang bi\u1ec7t cho kh\u00f4ng gian c\u1ee7a m\u00ecnh.<\/p>\n","protected":false},"excerpt":{"rendered":"<p>N\u00e2ng t\u1ea7m kh\u00f4ng gian ph\u00f2ng t\u1eafm c\u1ee7a b\u1ea1n v\u1edbi V\u00f2i ch\u1eadu r\u1eeda m\u1ed9t tay g\u1ea1t Axor Citterio C. V\u00f2i ch\u1eadu r\u1eeda Axor Citterio C n\u1ed5i b\u1eadt v\u1edbi thi\u1ebft k\u1ebf m\u1ed9t tay g\u1ea1t ti\u1ec7n l\u1ee3i, cho ph\u00e9p b\u1ea1n \u0111i\u1ec1u ch\u1ec9nh l\u01b0u l\u01b0\u1ee3ng v\u00e0 nhi\u1ec7t \u0111\u1ed9 n\u01b0\u1edbc d\u1ec5 d\u00e0ng.<\/p>\n<p>C\u00f4ng ngh\u1ec7 CoolStart, gi\u00fap b\u1ea1n ch\u1ec9 s\u1eed d\u1ee5ng n\u01b0\u1edbc l\u1ea1nh khi v\u00f2i \u1edf v\u1ecb tr\u00ed gi\u1eefa, t\u1eeb \u0111\u00f3 ti\u1ebft ki\u1ec7m n\u0103ng l\u01b0\u1ee3ng \u0111\u00e1ng k\u1ec3.<\/p>\n<p>S\u1ea3n ph\u1ea9m c\u00f2n \u0111i k\u00e8m b\u1ed9 x\u1ea3 nh\u1ea5n ti\u1ec7n l\u1ee3i, d\u1ec5 d\u00e0ng thao t\u00e1c. Ki\u1ec3u d\u00e1ng c\u1eaft kh\u1ed1i vu\u00f4ng m\u1ea1nh m\u1ebd v\u00e0 tinh t\u1ebf c\u1ee7a d\u00f2ng Axor Citterio C s\u1ebd l\u00e0 \u0111i\u1ec3m nh\u1ea5n \u0111\u1eb3ng c\u1ea5p cho m\u1ecdi kh\u00f4ng gian ph\u00f2ng t\u1eafm \u0111\u01b0\u01a1ng \u0111\u1ea1i.<\/p>\n","protected":false},"featured_media":7756,"comment_status":"open","ping_status":"closed","template":"","meta":{"_acf_changed":false},"product_cat":[696,69,70],"product_tag":[],"class_list":{"0":"post-7714","1":"product","2":"type-product","3":"status-publish","4":"has-post-thumbnail","6":"product_cat-thung-rac","7":"product_cat-phong-tam","8":"product_cat-khu-vuc-voi-chau","9":"pa_mau-sac-chrome","10":"pa_mau-sac-chrome-den-xuoc","11":"pa_mau-sac-den-mo","12":"pa_mau-sac-dong-thau-xuoc","13":"pa_mau-sac-dong-xuoc","14":"pa_mau-sac-niken-xuoc","15":"pa_mau-sac-thep-khong-gi","16":"pa_mau-sac-vang-bong","17":"pa_mau-sac-vang-hong-bong","18":"pa_mau-sac-vang-hong-xuoc","19":"pa_mau-sac-vang-xuoc","20":"pa_mau-sac-chrome-den-bong-en","22":"first","23":"instock","24":"shipping-taxable","25":"purchasable","26":"product-type-variable"},"acf":[],"featured_media_urls":{"thumbnail":["https:\/\/trading.hhg.vn\/wp-content\/uploads\/2025\/07\/Artboard-1-5-150x150.jpg",150,150,true],"medium":["https:\/\/trading.hhg.vn\/wp-content\/uploads\/2025\/07\/Artboard-1-5-263x300.jpg",263,300,true],"medium_large":["https:\/\/trading.hhg.vn\/wp-content\/uploads\/2025\/07\/Artboard-1-5-768x878.jpg",768,878,true],"large":["https:\/\/trading.hhg.vn\/wp-content\/uploads\/2025\/07\/Artboard-1-5.jpg",827,945,false],"1536x1536":["https:\/\/trading.hhg.vn\/wp-content\/uploads\/2025\/07\/Artboard-1-5.jpg",827,945,false],"2048x2048":["https:\/\/trading.hhg.vn\/wp-content\/uploads\/2025\/07\/Artboard-1-5.jpg",827,945,false],"woocommerce_thumbnail":["https:\/\/trading.hhg.vn\/wp-content\/uploads\/2025\/07\/Artboard-1-5-600x600.jpg",600,600,true],"woocommerce_single":["https:\/\/trading.hhg.vn\/wp-content\/uploads\/2025\/07\/Artboard-1-5.jpg",827,945,false],"woocommerce_gallery_thumbnail":["https:\/\/trading.hhg.vn\/wp-content\/uploads\/2025\/07\/Artboard-1-5-150x171.jpg",150,171,true],"portfolio_item-thumbnail":["https:\/\/trading.hhg.vn\/wp-content\/uploads\/2025\/07\/Artboard-1-5.jpg",350,400,false],"portfolio_item-thumbnail@2x":["https:\/\/trading.hhg.vn\/wp-content\/uploads\/2025\/07\/Artboard-1-5.jpg",700,800,false],"portfolio_item-masonry":["https:\/\/trading.hhg.vn\/wp-content\/uploads\/2025\/07\/Artboard-1-5.jpg",600,686,false],"portfolio_item-masonry@2x":["https:\/\/trading.hhg.vn\/wp-content\/uploads\/2025\/07\/Artboard-1-5.jpg",827,945,false],"portfolio_item-thumbnail_cinema":["https:\/\/trading.hhg.vn\/wp-content\/uploads\/2025\/07\/Artboard-1-5.jpg",293,335,false],"portfolio_item-thumbnail_portrait":["https:\/\/trading.hhg.vn\/wp-content\/uploads\/2025\/07\/Artboard-1-5.jpg",600,686,false],"portfolio_item-thumbnail_portrait@2x":["https:\/\/trading.hhg.vn\/wp-content\/uploads\/2025\/07\/Artboard-1-5.jpg",827,945,false],"portfolio_item-thumbnail_square":["https:\/\/trading.hhg.vn\/wp-content\/uploads\/2025\/07\/Artboard-1-5.jpg",700,800,false]},"_links":{"self":[{"href":"https:\/\/trading.hhg.vn\/en\/wp-json\/wp\/v2\/product\/7714","targetHints":{"allow":["GET"]}}],"collection":[{"href":"https:\/\/trading.hhg.vn\/en\/wp-json\/wp\/v2\/product"}],"about":[{"href":"https:\/\/trading.hhg.vn\/en\/wp-json\/wp\/v2\/types\/product"}],"replies":[{"embeddable":true,"href":"https:\/\/trading.hhg.vn\/en\/wp-json\/wp\/v2\/comments?post=7714"}],"version-history":[{"count":6,"href":"https:\/\/trading.hhg.vn\/en\/wp-json\/wp\/v2\/product\/7714\/revisions"}],"predecessor-version":[{"id":7768,"href":"https:\/\/trading.hhg.vn\/en\/wp-json\/wp\/v2\/product\/7714\/revisions\/7768"}],"wp:featuredmedia":[{"embeddable":true,"href":"https:\/\/trading.hhg.vn\/en\/wp-json\/wp\/v2\/media\/7756"}],"wp:attachment":[{"href":"https:\/\/trading.hhg.vn\/en\/wp-json\/wp\/v2\/media?parent=7714"}],"wp:term":[{"taxonomy":"product_cat","embeddable":true,"href":"https:\/\/trading.hhg.vn\/en\/wp-json\/wp\/v2\/product_cat?post=7714"},{"taxonomy":"product_tag","embeddable":true,"href":"https:\/\/trading.hhg.vn\/en\/wp-json\/wp\/v2\/product_tag?post=7714"}],"curies":[{"name":"wp","href":"https:\/\/api.w.org\/{rel}","templated":true}]}}