{"id":77453,"date":"2025-11-26T12:51:28","date_gmt":"2025-11-26T05:51:28","guid":{"rendered":"https:\/\/trading.hhg.vn\/?post_type=product&#038;p=77453"},"modified":"2026-01-28T07:42:20","modified_gmt":"2026-01-28T00:42:20","slug":"sen-tay-ve-sinh-1-duong-nuoc-e-ecosmart-dung-cho-nuoc-lanh-kem-gia-do-va-day-sen-125-cm-bidette","status":"publish","type":"product","link":"https:\/\/trading.hhg.vn\/en\/s\u1ea3n-ph\u1ea9m\/sen-tay-ve-sinh-1-duong-nuoc-e-ecosmart-dung-cho-nuoc-lanh-kem-gia-do-va-day-sen-125-cm-bidette\/","title":{"rendered":"Sen tay v\u1ec7 sinh 1 \u0111\u01b0\u1eddng n\u01b0\u1edbc E EcoSmart d\u00f9ng cho n\u01b0\u1edbc l\u1ea1nh k\u00e8m gi\u00e1 \u0111\u1ee1 v\u00e0 d\u00e2y sen 125 cm Bidette"},"content":{"rendered":"","protected":false},"excerpt":{"rendered":"<p>Kh\u00e1m ph\u00e1 Sen tay v\u1ec7 sinh E EcoSmart \u2013 s\u1ef1 k\u1ebft h\u1ee3p ho\u00e0n h\u1ea3o gi\u1eefa tinh t\u1ebf v\u00e0 ti\u1ec7n nghi. V\u1edbi thi\u1ebft k\u1ebf t\u1ed1i gi\u1ea3n, sang tr\u1ecdng, sen tay n\u00e0y kh\u00f4ng ch\u1ec9 l\u00e0 v\u1eadt d\u1ee5ng v\u1ec7 sinh m\u00e0 c\u00f2n l\u00e0 \u0111i\u1ec3m nh\u1ea5n th\u1ea9m m\u1ef9 cho kh\u00f4ng gian ph\u00f2ng t\u1eafm. C\u00f4ng n\u0103ng \u01b0u vi\u1ec7t c\u00f9ng d\u00e2y sen 125cm v\u00e0 gi\u00e1 \u0111\u1ee1 ti\u1ec7n l\u1ee3i, EcoSmart mang \u0111\u1ebfn tr\u1ea3i nghi\u1ec7m s\u1eed d\u1ee5ng \u00eam \u00e1i, d\u1ec5 ch\u1ecbu, kh\u1eb3ng \u0111\u1ecbnh phong c\u00e1ch s\u1ed1ng \u0111\u1eb3ng c\u1ea5p v\u00e0 tinh t\u1ebf c\u1ee7a b\u1ea1n.<\/p>\n","protected":false},"featured_media":77493,"comment_status":"open","ping_status":"closed","template":"","meta":{"_acf_changed":false},"product_cat":[870],"product_tag":[],"class_list":{"0":"post-77453","1":"product","2":"type-product","3":"status-publish","4":"has-post-thumbnail","6":"product_cat-tieu-nu","7":"pa_mau-sac-chrome","8":"pa_mau-sac-chrome-den-xuoc","9":"pa_mau-sac-den-mo","10":"pa_mau-sac-dong-xuoc","11":"pa_mau-sac-trang-mo","12":"pa_mau-sac-vang-bong","14":"first","15":"instock","16":"shipping-taxable","17":"purchasable","18":"product-type-variable"},"acf":[],"featured_media_urls":{"thumbnail":["https:\/\/trading.hhg.vn\/wp-content\/uploads\/2025\/11\/154__hpr04538_tif-150x150.png",150,150,true],"medium":["https:\/\/trading.hhg.vn\/wp-content\/uploads\/2025\/11\/154__hpr04538_tif-263x300.png",263,300,true],"medium_large":["https:\/\/trading.hhg.vn\/wp-content\/uploads\/2025\/11\/154__hpr04538_tif-768x878.png",768,878,true],"large":["https:\/\/trading.hhg.vn\/wp-content\/uploads\/2025\/11\/154__hpr04538_tif-896x1024.png",896,1024,true],"1536x1536":["https:\/\/trading.hhg.vn\/wp-content\/uploads\/2025\/11\/154__hpr04538_tif.png",1260,1440,false],"2048x2048":["https:\/\/trading.hhg.vn\/wp-content\/uploads\/2025\/11\/154__hpr04538_tif.png",1260,1440,false],"woocommerce_thumbnail":["https:\/\/trading.hhg.vn\/wp-content\/uploads\/2025\/11\/154__hpr04538_tif-600x600.png",600,600,true],"woocommerce_single":["https:\/\/trading.hhg.vn\/wp-content\/uploads\/2025\/11\/154__hpr04538_tif-1200x1371.png",1200,1371,true],"woocommerce_gallery_thumbnail":["https:\/\/trading.hhg.vn\/wp-content\/uploads\/2025\/11\/154__hpr04538_tif-150x171.png",150,171,true],"portfolio_item-thumbnail":["https:\/\/trading.hhg.vn\/wp-content\/uploads\/2025\/11\/154__hpr04538_tif.png",350,400,false],"portfolio_item-thumbnail@2x":["https:\/\/trading.hhg.vn\/wp-content\/uploads\/2025\/11\/154__hpr04538_tif.png",700,800,false],"portfolio_item-masonry":["https:\/\/trading.hhg.vn\/wp-content\/uploads\/2025\/11\/154__hpr04538_tif.png",600,686,false],"portfolio_item-masonry@2x":["https:\/\/trading.hhg.vn\/wp-content\/uploads\/2025\/11\/154__hpr04538_tif.png",1200,1371,false],"portfolio_item-thumbnail_cinema":["https:\/\/trading.hhg.vn\/wp-content\/uploads\/2025\/11\/154__hpr04538_tif.png",293,335,false],"portfolio_item-thumbnail_portrait":["https:\/\/trading.hhg.vn\/wp-content\/uploads\/2025\/11\/154__hpr04538_tif.png",600,686,false],"portfolio_item-thumbnail_portrait@2x":["https:\/\/trading.hhg.vn\/wp-content\/uploads\/2025\/11\/154__hpr04538_tif.png",1200,1371,false],"portfolio_item-thumbnail_square":["https:\/\/trading.hhg.vn\/wp-content\/uploads\/2025\/11\/154__hpr04538_tif.png",700,800,false]},"_links":{"self":[{"href":"https:\/\/trading.hhg.vn\/en\/wp-json\/wp\/v2\/product\/77453","targetHints":{"allow":["GET"]}}],"collection":[{"href":"https:\/\/trading.hhg.vn\/en\/wp-json\/wp\/v2\/product"}],"about":[{"href":"https:\/\/trading.hhg.vn\/en\/wp-json\/wp\/v2\/types\/product"}],"replies":[{"embeddable":true,"href":"https:\/\/trading.hhg.vn\/en\/wp-json\/wp\/v2\/comments?post=77453"}],"version-history":[{"count":2,"href":"https:\/\/trading.hhg.vn\/en\/wp-json\/wp\/v2\/product\/77453\/revisions"}],"predecessor-version":[{"id":117406,"href":"https:\/\/trading.hhg.vn\/en\/wp-json\/wp\/v2\/product\/77453\/revisions\/117406"}],"wp:featuredmedia":[{"embeddable":true,"href":"https:\/\/trading.hhg.vn\/en\/wp-json\/wp\/v2\/media\/77493"}],"wp:attachment":[{"href":"https:\/\/trading.hhg.vn\/en\/wp-json\/wp\/v2\/media?parent=77453"}],"wp:term":[{"taxonomy":"product_cat","embeddable":true,"href":"https:\/\/trading.hhg.vn\/en\/wp-json\/wp\/v2\/product_cat?post=77453"},{"taxonomy":"product_tag","embeddable":true,"href":"https:\/\/trading.hhg.vn\/en\/wp-json\/wp\/v2\/product_tag?post=77453"}],"curies":[{"name":"wp","href":"https:\/\/api.w.org\/{rel}","templated":true}]}}