{"id":7769,"date":"2025-07-17T14:22:26","date_gmt":"2025-07-17T07:22:26","guid":{"rendered":"https:\/\/trading.hhg.vn\/?post_type=product&#038;p=7769"},"modified":"2026-01-28T07:44:00","modified_gmt":"2026-01-28T00:44:00","slug":"voi-chau-125-dong-cat-khoi-vuong-tich-hop-bo-xa-nhan","status":"publish","type":"product","link":"https:\/\/trading.hhg.vn\/en\/s\u1ea3n-ph\u1ea9m\/voi-chau-125-dong-cat-khoi-vuong-tich-hop-bo-xa-nhan\/","title":{"rendered":"V\u00f2i ch\u1eadu 125 d\u00f2ng c\u1eaft kh\u1ed1i vu\u00f4ng &#8211; t\u00edch h\u1ee3p b\u1ed9 x\u1ea3 nh\u1ea5n"},"content":{"rendered":"<p><img fetchpriority=\"high\" decoding=\"async\" class=\" wp-image-7810 aligncenter\" src=\"http:\/\/trading.hhg.vn\/wp-content\/uploads\/2025\/07\/aad00787_lowres-300x225.jpg\" alt=\"\" width=\"606\" height=\"454\" srcset=\"https:\/\/trading.hhg.vn\/wp-content\/uploads\/2025\/07\/aad00787_lowres-300x225.jpg 300w, https:\/\/trading.hhg.vn\/wp-content\/uploads\/2025\/07\/aad00787_lowres-1024x767.jpg 1024w, https:\/\/trading.hhg.vn\/wp-content\/uploads\/2025\/07\/aad00787_lowres-768x575.jpg 768w, https:\/\/trading.hhg.vn\/wp-content\/uploads\/2025\/07\/aad00787_lowres-150x112.jpg 150w, https:\/\/trading.hhg.vn\/wp-content\/uploads\/2025\/07\/aad00787_lowres.jpg 1200w\" sizes=\"(max-width: 606px) 100vw, 606px\" \/><\/p>\n<p>AXOR Citterio C t\u00e1i \u0111\u1ecbnh ngh\u0129a s\u1ef1 sang tr\u1ecdng cho ph\u00f2ng t\u1eafm hi\u1ec7n \u0111\u1ea1i: thanh m\u1ea3nh, tinh t\u1ebf v\u00e0 \u0111\u1ea7y c\u1ea3m h\u1ee9ng.<\/p>\n<p>V\u1edbi thi\u1ebft k\u1ebf t\u1ed1i gi\u1ea3n, \u0111\u01b0\u1eddng n\u00e9t m\u1ec1m m\u1ea1i v\u00e0 h\u00ecnh d\u00e1ng g\u1ee3i c\u1ea3m, chi\u1ebfc v\u00f2i n\u00e0y kh\u00f4ng ch\u1ec9 l\u00e0 m\u1ed9t s\u1ea3n ph\u1ea9m m\u00e0 c\u00f2n l\u00e0 m\u1ed9t t\u00e1c ph\u1ea9m ngh\u1ec7 thu\u1eadt, thu h\u00fat m\u1ecdi \u00e1nh nh\u00ecn. Chi ti\u1ebft \u0111\u01b0\u1eddng v\u00e1t tinh x\u1ea3o bao quanh \u0111\u1ea7u v\u00f2i v\u00e0 tay g\u1ea1t t\u1ea1o n\u00ean v\u1ebb \u0111\u1eb9p \u0111\u1ed3ng nh\u1ea5t cho to\u00e0n b\u1ed9 b\u1ed9 s\u01b0u t\u1eadp.<\/p>\n<p>N\u1ed5i b\u1eadt nh\u01b0ng kh\u00f4ng ph\u00f4 tr\u01b0\u01a1ng, AXOR Citterio C d\u1ec5 d\u00e0ng h\u00f2a quy\u1ec7n v\u00e0o m\u1ecdi kh\u00f4ng gian. \u0110\u1ec3 c\u00e1 nh\u00e2n h\u00f3a t\u1ed1i \u0111a, tay g\u1ea1t c\u00f3 s\u1eb5n v\u1edbi h\u1ecda ti\u1ebft c\u1eaft kh\u1ed1i vu\u00f4ng \u0111\u1ed9c \u0111\u00e1o c\u00f9ng nhi\u1ec1u t\u00f9y ch\u1ecdn v\u00e2n b\u1ec1 m\u1eb7t v\u00e0 m\u00e0u s\u1eafc AXOR FinishPlus, gi\u00fap b\u1ea1n ki\u1ebfn t\u1ea1o d\u1ea5u \u1ea5n ri\u00eang bi\u1ec7t.<\/p>\n","protected":false},"excerpt":{"rendered":"<p>V\u00f2i ch\u1eadu r\u1eeda <b>Axor Citterio C 3 l\u1ed7 125<\/b> n\u1ed5i b\u1eadt v\u1edbi thi\u1ebft k\u1ebf <b>c\u1eaft kh\u1ed1i vu\u00f4ng<\/b> \u0111\u1ed9c \u0111\u00e1o v\u00e0 m\u1ea1nh m\u1ebd, mang \u0111\u1ebfn v\u1ebb \u0111\u1eb9p sang tr\u1ecdng v\u00e0 hi\u1ec7n \u0111\u1ea1i cho kh\u00f4ng gian ph\u00f2ng t\u1eafm. S\u1ea3n ph\u1ea9m cho ph\u00e9p \u0111i\u1ec1u khi\u1ec3n n\u01b0\u1edbc ch\u00ednh x\u00e1c nh\u1edd c\u1ea5u tr\u00fac 3 l\u1ed7 ri\u00eang bi\u1ec7t v\u00e0 \u0111i k\u00e8m <b>b\u1ed9 x\u1ea3 nh\u1ea5n<\/b> ti\u1ec7n l\u1ee3i.<\/p>\n","protected":false},"featured_media":7782,"comment_status":"open","ping_status":"closed","template":"","meta":{"_acf_changed":false},"product_cat":[27],"product_tag":[],"class_list":{"0":"post-7769","1":"product","2":"type-product","3":"status-publish","4":"has-post-thumbnail","6":"product_cat-accessories","7":"pa_mau-sac-chrome","8":"pa_mau-sac-chrome-den-xuoc","9":"pa_mau-sac-den-mo","10":"pa_mau-sac-dong-thau-xuoc","11":"pa_mau-sac-dong-xuoc","12":"pa_mau-sac-niken-xuoc","13":"pa_mau-sac-thep-khong-gi","14":"pa_mau-sac-vang-bong","15":"pa_mau-sac-vang-hong-bong","16":"pa_mau-sac-vang-hong-xuoc","17":"pa_mau-sac-vang-xuoc","18":"pa_mau-sac-chrome-den-bong-en","20":"first","21":"instock","22":"shipping-taxable","23":"purchasable","24":"product-type-variable"},"acf":[],"featured_media_urls":{"thumbnail":["https:\/\/trading.hhg.vn\/wp-content\/uploads\/2025\/07\/Artboard-3-37-150x150.jpg",150,150,true],"medium":["https:\/\/trading.hhg.vn\/wp-content\/uploads\/2025\/07\/Artboard-3-37-263x300.jpg",263,300,true],"medium_large":["https:\/\/trading.hhg.vn\/wp-content\/uploads\/2025\/07\/Artboard-3-37-768x878.jpg",768,878,true],"large":["https:\/\/trading.hhg.vn\/wp-content\/uploads\/2025\/07\/Artboard-3-37.jpg",827,945,false],"1536x1536":["https:\/\/trading.hhg.vn\/wp-content\/uploads\/2025\/07\/Artboard-3-37.jpg",827,945,false],"2048x2048":["https:\/\/trading.hhg.vn\/wp-content\/uploads\/2025\/07\/Artboard-3-37.jpg",827,945,false],"woocommerce_thumbnail":["https:\/\/trading.hhg.vn\/wp-content\/uploads\/2025\/07\/Artboard-3-37-600x600.jpg",600,600,true],"woocommerce_single":["https:\/\/trading.hhg.vn\/wp-content\/uploads\/2025\/07\/Artboard-3-37.jpg",827,945,false],"woocommerce_gallery_thumbnail":["https:\/\/trading.hhg.vn\/wp-content\/uploads\/2025\/07\/Artboard-3-37-150x171.jpg",150,171,true],"portfolio_item-thumbnail":["https:\/\/trading.hhg.vn\/wp-content\/uploads\/2025\/07\/Artboard-3-37.jpg",350,400,false],"portfolio_item-thumbnail@2x":["https:\/\/trading.hhg.vn\/wp-content\/uploads\/2025\/07\/Artboard-3-37.jpg",700,800,false],"portfolio_item-masonry":["https:\/\/trading.hhg.vn\/wp-content\/uploads\/2025\/07\/Artboard-3-37.jpg",600,686,false],"portfolio_item-masonry@2x":["https:\/\/trading.hhg.vn\/wp-content\/uploads\/2025\/07\/Artboard-3-37.jpg",827,945,false],"portfolio_item-thumbnail_cinema":["https:\/\/trading.hhg.vn\/wp-content\/uploads\/2025\/07\/Artboard-3-37.jpg",293,335,false],"portfolio_item-thumbnail_portrait":["https:\/\/trading.hhg.vn\/wp-content\/uploads\/2025\/07\/Artboard-3-37.jpg",600,686,false],"portfolio_item-thumbnail_portrait@2x":["https:\/\/trading.hhg.vn\/wp-content\/uploads\/2025\/07\/Artboard-3-37.jpg",827,945,false],"portfolio_item-thumbnail_square":["https:\/\/trading.hhg.vn\/wp-content\/uploads\/2025\/07\/Artboard-3-37.jpg",700,800,false]},"_links":{"self":[{"href":"https:\/\/trading.hhg.vn\/en\/wp-json\/wp\/v2\/product\/7769","targetHints":{"allow":["GET"]}}],"collection":[{"href":"https:\/\/trading.hhg.vn\/en\/wp-json\/wp\/v2\/product"}],"about":[{"href":"https:\/\/trading.hhg.vn\/en\/wp-json\/wp\/v2\/types\/product"}],"replies":[{"embeddable":true,"href":"https:\/\/trading.hhg.vn\/en\/wp-json\/wp\/v2\/comments?post=7769"}],"version-history":[{"count":3,"href":"https:\/\/trading.hhg.vn\/en\/wp-json\/wp\/v2\/product\/7769\/revisions"}],"predecessor-version":[{"id":7812,"href":"https:\/\/trading.hhg.vn\/en\/wp-json\/wp\/v2\/product\/7769\/revisions\/7812"}],"wp:featuredmedia":[{"embeddable":true,"href":"https:\/\/trading.hhg.vn\/en\/wp-json\/wp\/v2\/media\/7782"}],"wp:attachment":[{"href":"https:\/\/trading.hhg.vn\/en\/wp-json\/wp\/v2\/media?parent=7769"}],"wp:term":[{"taxonomy":"product_cat","embeddable":true,"href":"https:\/\/trading.hhg.vn\/en\/wp-json\/wp\/v2\/product_cat?post=7769"},{"taxonomy":"product_tag","embeddable":true,"href":"https:\/\/trading.hhg.vn\/en\/wp-json\/wp\/v2\/product_tag?post=7769"}],"curies":[{"name":"wp","href":"https:\/\/api.w.org\/{rel}","templated":true}]}}