{"id":7813,"date":"2025-07-17T16:17:29","date_gmt":"2025-07-17T09:17:29","guid":{"rendered":"https:\/\/trading.hhg.vn\/?post_type=product&#038;p=7813"},"modified":"2026-01-28T07:46:21","modified_gmt":"2026-01-28T00:46:21","slug":"bo-porter-120-120-softsquare-voi-voi-sen-cam-tay-2-che-do-tia-va-day-sen-vai","status":"publish","type":"product","link":"https:\/\/trading.hhg.vn\/en\/s\u1ea3n-ph\u1ea9m\/bo-porter-120-120-softsquare-voi-voi-sen-cam-tay-2-che-do-tia-va-day-sen-vai\/","title":{"rendered":"B\u1ed9 Porter 120\/120 softsquare v\u1edbi v\u00f2i sen c\u1ea7m tay 2 ch\u1ebf \u0111\u1ed9 tia v\u00e0 d\u00e2y sen v\u1ea3i"},"content":{"rendered":"<p><img fetchpriority=\"high\" decoding=\"async\" class=\"wp-image-7853 aligncenter\" src=\"http:\/\/trading.hhg.vn\/wp-content\/uploads\/2025\/07\/vv-300x158.jpg\" alt=\"\" width=\"733\" height=\"386\" srcset=\"https:\/\/trading.hhg.vn\/wp-content\/uploads\/2025\/07\/vv-300x158.jpg 300w, https:\/\/trading.hhg.vn\/wp-content\/uploads\/2025\/07\/vv-1024x538.jpg 1024w, https:\/\/trading.hhg.vn\/wp-content\/uploads\/2025\/07\/vv-768x403.jpg 768w, https:\/\/trading.hhg.vn\/wp-content\/uploads\/2025\/07\/vv-150x79.jpg 150w, https:\/\/trading.hhg.vn\/wp-content\/uploads\/2025\/07\/vv.jpg 1200w\" sizes=\"(max-width: 733px) 100vw, 733px\" \/><\/p>\n<p>Trong nh\u1ecbp s\u1ed1ng h\u1ed1i h\u1ea3 ng\u00e0y nay, con ng\u01b0\u1eddi khao kh\u00e1t t\u00ecm v\u1ec1 s\u1ef1 t\u0129nh l\u1eb7ng v\u00e0 \u0111\u01a1n gi\u1ea3n. B\u1ed9 s\u01b0u t\u1eadp <strong>Axor Citterio C<\/strong> ch\u00ednh l\u00e0 hi\u1ec7n th\u00e2n c\u1ee7a tri\u1ebft l\u00fd \u1ea5y, t\u1eadp trung v\u00e0o nh\u1eefng h\u00ecnh kh\u1ed1i c\u01a1 b\u1ea3n, tinh gi\u1ea3n m\u1ecdi chi ti\u1ebft. V\u1edbi ch\u1ee9c n\u0103ng r\u00f5 r\u00e0ng v\u00e0 hi\u1ec7u \u1ee9ng thu\u1ea7n khi\u1ebft, Axor Citterio C lo\u1ea1i b\u1ecf m\u1ecdi y\u1ebfu t\u1ed1 g\u00e2y xao nh\u00e3ng, mang \u0111\u1ebfn m\u1ed9t b\u1ed9 s\u01b0u t\u1eadp ph\u00f2ng t\u1eafm v\u01b0\u1ee3t th\u1eddi gian, kh\u00f4ng bao gi\u1edd l\u1ed7i m\u1ed1t.<\/p>\n<p>Gi\u1ed1ng nh\u01b0 m\u1ed9t d\u00f2ng su\u1ed1i trong l\u00e0nh tu\u00f4n tr\u00e0o t\u1eeb l\u00f2ng \u0111\u1ea5t, Axor Citterio C m\u1eddi g\u1ecdi b\u1ea1n \u0111\u1eafm m\u00ecnh, g\u1ed9t r\u1eeda c\u01a1 th\u1ec3 v\u00e0 t\u00e2m tr\u00ed trong m\u1ed9t kh\u00f4ng gian ng\u1eadp tr\u00e0n s\u1ef1 th\u01b0 th\u00e1i v\u00e0 y\u00ean b\u00ecnh. C\u00e1c s\u1ea3n ph\u1ea9m Axor Starck c\u00f3 hai l\u1ef1a ch\u1ecdn tay c\u1ea7m \u0111\u1ed9c \u0111\u00e1o: tay c\u1ea7m d\u1ea1ng kim hi\u1ec7n \u0111\u1ea1i ho\u1eb7c tay c\u1ea7m d\u1ea1ng c\u1ea7n g\u1ea1t c\u1ed5 \u0111i\u1ec3n, gi\u00fap b\u1ea1n d\u1ec5 d\u00e0ng c\u00e1 nh\u00e2n h\u00f3a phong c\u00e1ch cho ph\u00f2ng t\u1eafm c\u1ee7a m\u00ecnh.<\/p>\n","protected":false},"excerpt":{"rendered":"<ul>\n<li><b>Thi\u1ebft k\u1ebf Axor Citterio C:<\/b> D\u00f2ng s\u1ea3n ph\u1ea9m do Antonio Citterio thi\u1ebft k\u1ebf, n\u1ed5i ti\u1ebfng v\u1edbi s\u1ef1 tinh t\u1ebf, \u0111\u01b0\u1eddng n\u00e9t s\u1eafc s\u1ea3o v\u00e0 v\u1eadt li\u1ec7u cao c\u1ea5p, t\u1ea1o n\u00ean m\u1ed9t kh\u00f4ng gian ph\u00f2ng t\u1eafm \u0111\u1eb3ng c\u1ea5p.<\/li>\n<li><b>Porter unit 120\/120:<\/b> \u0110\u1ea3m b\u1ea3o gi\u1eef v\u1eefng v\u00f2i sen c\u1ea7m tay m\u1ed9t c\u00e1ch g\u1ecdn g\u00e0ng v\u00e0 th\u1ea9m m\u1ef9, ph\u00f9 h\u1ee3p v\u1edbi m\u1ecdi kh\u00f4ng gian ph\u00f2ng t\u1eafm.<\/li>\n<li><b>Baton hand shower 2jet:<\/b> V\u00f2i sen c\u1ea7m tay d\u1ea1ng baton m\u1ea3nh mai, cung c\u1ea5p 2 ch\u1ebf \u0111\u1ed9 phun n\u01b0\u1edbc (v\u00ed d\u1ee5: phun m\u01b0a v\u00e0 phun t\u1eadp trung), cho ph\u00e9p ng\u01b0\u1eddi d\u00f9ng t\u00f9y ch\u1ec9nh tr\u1ea3i nghi\u1ec7m t\u1eafm theo s\u1edf th\u00edch.<\/li>\n<li><b>Textile shower hose:<\/b> D\u00e2y sen b\u1eb1ng v\u1ea3i d\u1ec7t kh\u00f4ng ch\u1ec9 t\u0103ng th\u00eam v\u1ebb sang tr\u1ecdng, \u1ea5m c\u00fang m\u00e0 c\u00f2n b\u1ec1n b\u1ec9 v\u00e0 d\u1ec5 d\u00e0ng v\u1ec7 sinh<\/li>\n<\/ul>\n","protected":false},"featured_media":7825,"comment_status":"open","ping_status":"closed","template":"","meta":{"_acf_changed":false},"product_cat":[695,696,69,101],"product_tag":[],"class_list":{"0":"post-7813","1":"product","2":"type-product","3":"status-publish","4":"has-post-thumbnail","6":"product_cat-ke","7":"product_cat-thung-rac","8":"product_cat-phong-tam","9":"product_cat-khu-vuc-sen-tam","10":"pa_mau-sac-chrome","11":"pa_mau-sac-chrome-den-xuoc","12":"pa_mau-sac-den-mo","13":"pa_mau-sac-dong-thau-xuoc","14":"pa_mau-sac-dong-xuoc","15":"pa_mau-sac-niken-xuoc","16":"pa_mau-sac-thep-khong-gi","17":"pa_mau-sac-vang-bong","18":"pa_mau-sac-vang-hong-bong","19":"pa_mau-sac-vang-hong-xuoc","20":"pa_mau-sac-vang-xuoc","21":"pa_mau-sac-chrome-den-bong-en","23":"first","24":"instock","25":"shipping-taxable","26":"purchasable","27":"product-type-variable"},"acf":[],"featured_media_urls":{"thumbnail":["https:\/\/trading.hhg.vn\/wp-content\/uploads\/2025\/07\/Artboard-1-6-150x150.jpg",150,150,true],"medium":["https:\/\/trading.hhg.vn\/wp-content\/uploads\/2025\/07\/Artboard-1-6-263x300.jpg",263,300,true],"medium_large":["https:\/\/trading.hhg.vn\/wp-content\/uploads\/2025\/07\/Artboard-1-6-768x878.jpg",768,878,true],"large":["https:\/\/trading.hhg.vn\/wp-content\/uploads\/2025\/07\/Artboard-1-6.jpg",827,945,false],"1536x1536":["https:\/\/trading.hhg.vn\/wp-content\/uploads\/2025\/07\/Artboard-1-6.jpg",827,945,false],"2048x2048":["https:\/\/trading.hhg.vn\/wp-content\/uploads\/2025\/07\/Artboard-1-6.jpg",827,945,false],"woocommerce_thumbnail":["https:\/\/trading.hhg.vn\/wp-content\/uploads\/2025\/07\/Artboard-1-6-600x600.jpg",600,600,true],"woocommerce_single":["https:\/\/trading.hhg.vn\/wp-content\/uploads\/2025\/07\/Artboard-1-6.jpg",827,945,false],"woocommerce_gallery_thumbnail":["https:\/\/trading.hhg.vn\/wp-content\/uploads\/2025\/07\/Artboard-1-6-150x171.jpg",150,171,true],"portfolio_item-thumbnail":["https:\/\/trading.hhg.vn\/wp-content\/uploads\/2025\/07\/Artboard-1-6.jpg",350,400,false],"portfolio_item-thumbnail@2x":["https:\/\/trading.hhg.vn\/wp-content\/uploads\/2025\/07\/Artboard-1-6.jpg",700,800,false],"portfolio_item-masonry":["https:\/\/trading.hhg.vn\/wp-content\/uploads\/2025\/07\/Artboard-1-6.jpg",600,686,false],"portfolio_item-masonry@2x":["https:\/\/trading.hhg.vn\/wp-content\/uploads\/2025\/07\/Artboard-1-6.jpg",827,945,false],"portfolio_item-thumbnail_cinema":["https:\/\/trading.hhg.vn\/wp-content\/uploads\/2025\/07\/Artboard-1-6.jpg",293,335,false],"portfolio_item-thumbnail_portrait":["https:\/\/trading.hhg.vn\/wp-content\/uploads\/2025\/07\/Artboard-1-6.jpg",600,686,false],"portfolio_item-thumbnail_portrait@2x":["https:\/\/trading.hhg.vn\/wp-content\/uploads\/2025\/07\/Artboard-1-6.jpg",827,945,false],"portfolio_item-thumbnail_square":["https:\/\/trading.hhg.vn\/wp-content\/uploads\/2025\/07\/Artboard-1-6.jpg",700,800,false]},"_links":{"self":[{"href":"https:\/\/trading.hhg.vn\/en\/wp-json\/wp\/v2\/product\/7813","targetHints":{"allow":["GET"]}}],"collection":[{"href":"https:\/\/trading.hhg.vn\/en\/wp-json\/wp\/v2\/product"}],"about":[{"href":"https:\/\/trading.hhg.vn\/en\/wp-json\/wp\/v2\/types\/product"}],"replies":[{"embeddable":true,"href":"https:\/\/trading.hhg.vn\/en\/wp-json\/wp\/v2\/comments?post=7813"}],"version-history":[{"count":3,"href":"https:\/\/trading.hhg.vn\/en\/wp-json\/wp\/v2\/product\/7813\/revisions"}],"predecessor-version":[{"id":8079,"href":"https:\/\/trading.hhg.vn\/en\/wp-json\/wp\/v2\/product\/7813\/revisions\/8079"}],"wp:featuredmedia":[{"embeddable":true,"href":"https:\/\/trading.hhg.vn\/en\/wp-json\/wp\/v2\/media\/7825"}],"wp:attachment":[{"href":"https:\/\/trading.hhg.vn\/en\/wp-json\/wp\/v2\/media?parent=7813"}],"wp:term":[{"taxonomy":"product_cat","embeddable":true,"href":"https:\/\/trading.hhg.vn\/en\/wp-json\/wp\/v2\/product_cat?post=7813"},{"taxonomy":"product_tag","embeddable":true,"href":"https:\/\/trading.hhg.vn\/en\/wp-json\/wp\/v2\/product_tag?post=7813"}],"curies":[{"name":"wp","href":"https:\/\/api.w.org\/{rel}","templated":true}]}}