{"id":79632,"date":"2025-11-26T15:10:58","date_gmt":"2025-11-26T08:10:58","guid":{"rendered":"https:\/\/trading.hhg.vn\/product\/bon-cau-treo-tuong-aquachannel-flush-kem-nap-va-be-ngoi-dong-em-thao-nhanh-gladelake-s\/"},"modified":"2025-12-07T09:38:42","modified_gmt":"2025-12-07T02:38:42","slug":"bon-cau-treo-tuong-aquachannel-flush-kem-nap-va-be-ngoi-dong-em-thao-nhanh-gladelake-s","status":"publish","type":"product","link":"https:\/\/trading.hhg.vn\/en\/s\u1ea3n-ph\u1ea9m\/bon-cau-treo-tuong-aquachannel-flush-kem-nap-va-be-ngoi-dong-em-thao-nhanh-gladelake-s\/","title":{"rendered":"B\u1ed3n c\u1ea7u treo t\u01b0\u1eddng AquaChannel Flush k\u00e8m n\u1eafp v\u00e0 b\u1ec7 ng\u1ed3i \u0111\u00f3ng \u00eam, th\u00e1o nhanh GladeLake S"},"content":{"rendered":"","protected":false},"excerpt":{"rendered":"<p>B\u1ed3n c\u1ea7u treo t\u01b0\u1eddng AquaChannel Flush, GladeLake S, ki\u1ebfn t\u1ea1o kh\u00f4ng gian t\u1ed1i gi\u1ea3n \u0111\u1ea7y tinh t\u1ebf. Thi\u1ebft k\u1ebf li\u1ec1n kh\u1ed1i sang tr\u1ecdng c\u00f9ng c\u00f4ng ngh\u1ec7 x\u1ea3 AquaChannel m\u1ea1nh m\u1ebd, cu\u1ed1n tr\u00f4i m\u1ecdi v\u1ebft b\u1ea9n. N\u1eafp v\u00e0 b\u1ec7 ng\u1ed3i \u0111\u00f3ng \u00eam \u00e1i, th\u00e1o l\u1eafp nhanh ch\u00f3ng mang \u0111\u1ebfn s\u1ef1 ti\u1ec7n nghi tuy\u1ec7t \u0111\u1ed1i, d\u1ec5 d\u00e0ng v\u1ec7 sinh, gi\u1eef tr\u1ecdn v\u1ebb \u0111\u1eb9p v\u00e0 s\u1ef1 thanh l\u1ecbch cho ph\u00f2ng t\u1eafm c\u1ee7a b\u1ea1n. Tr\u1ea3i nghi\u1ec7m s\u1ef1 giao thoa ho\u00e0n h\u1ea3o gi\u1eefa th\u1ea9m m\u1ef9 \u0111\u01b0\u01a1ng \u0111\u1ea1i v\u00e0 c\u00f4ng n\u0103ng v\u01b0\u1ee3t tr\u1ed9i.<\/p>\n","protected":false},"featured_media":51861,"comment_status":"open","ping_status":"closed","template":"","meta":{"_acf_changed":false},"product_cat":[884],"product_tag":[],"class_list":{"0":"post-79632","1":"product","2":"type-product","3":"status-publish","4":"has-post-thumbnail","6":"product_cat-bon-cau","7":"pa_mau-sac-trang","9":"first","10":"instock","11":"shipping-taxable","12":"product-type-simple"},"acf":[],"featured_media_urls":{"thumbnail":["https:\/\/trading.hhg.vn\/wp-content\/uploads\/2025\/11\/154__hpr06153_tif-150x150.png",150,150,true],"medium":["https:\/\/trading.hhg.vn\/wp-content\/uploads\/2025\/11\/154__hpr06153_tif-262x300.png",262,300,true],"medium_large":["https:\/\/trading.hhg.vn\/wp-content\/uploads\/2025\/11\/154__hpr06153_tif-768x878.png",768,878,true],"large":["https:\/\/trading.hhg.vn\/wp-content\/uploads\/2025\/11\/154__hpr06153_tif-896x1024.png",896,1024,true],"1536x1536":["https:\/\/trading.hhg.vn\/wp-content\/uploads\/2025\/11\/154__hpr06153_tif-1344x1536.png",1344,1536,true],"2048x2048":["https:\/\/trading.hhg.vn\/wp-content\/uploads\/2025\/11\/154__hpr06153_tif.png",1440,1646,false],"woocommerce_thumbnail":["https:\/\/trading.hhg.vn\/wp-content\/uploads\/2025\/11\/154__hpr06153_tif-600x600.png",600,600,true],"woocommerce_single":["https:\/\/trading.hhg.vn\/wp-content\/uploads\/2025\/11\/154__hpr06153_tif-1200x1372.png",1200,1372,true],"woocommerce_gallery_thumbnail":["https:\/\/trading.hhg.vn\/wp-content\/uploads\/2025\/11\/154__hpr06153_tif-150x171.png",150,171,true],"portfolio_item-thumbnail":["https:\/\/trading.hhg.vn\/wp-content\/uploads\/2025\/11\/154__hpr06153_tif.png",350,400,false],"portfolio_item-thumbnail@2x":["https:\/\/trading.hhg.vn\/wp-content\/uploads\/2025\/11\/154__hpr06153_tif.png",700,800,false],"portfolio_item-masonry":["https:\/\/trading.hhg.vn\/wp-content\/uploads\/2025\/11\/154__hpr06153_tif.png",600,686,false],"portfolio_item-masonry@2x":["https:\/\/trading.hhg.vn\/wp-content\/uploads\/2025\/11\/154__hpr06153_tif.png",1200,1372,false],"portfolio_item-thumbnail_cinema":["https:\/\/trading.hhg.vn\/wp-content\/uploads\/2025\/11\/154__hpr06153_tif.png",293,335,false],"portfolio_item-thumbnail_portrait":["https:\/\/trading.hhg.vn\/wp-content\/uploads\/2025\/11\/154__hpr06153_tif.png",600,686,false],"portfolio_item-thumbnail_portrait@2x":["https:\/\/trading.hhg.vn\/wp-content\/uploads\/2025\/11\/154__hpr06153_tif.png",1200,1372,false],"portfolio_item-thumbnail_square":["https:\/\/trading.hhg.vn\/wp-content\/uploads\/2025\/11\/154__hpr06153_tif.png",700,800,false]},"_links":{"self":[{"href":"https:\/\/trading.hhg.vn\/en\/wp-json\/wp\/v2\/product\/79632","targetHints":{"allow":["GET"]}}],"collection":[{"href":"https:\/\/trading.hhg.vn\/en\/wp-json\/wp\/v2\/product"}],"about":[{"href":"https:\/\/trading.hhg.vn\/en\/wp-json\/wp\/v2\/types\/product"}],"replies":[{"embeddable":true,"href":"https:\/\/trading.hhg.vn\/en\/wp-json\/wp\/v2\/comments?post=79632"}],"version-history":[{"count":1,"href":"https:\/\/trading.hhg.vn\/en\/wp-json\/wp\/v2\/product\/79632\/revisions"}],"predecessor-version":[{"id":118811,"href":"https:\/\/trading.hhg.vn\/en\/wp-json\/wp\/v2\/product\/79632\/revisions\/118811"}],"wp:featuredmedia":[{"embeddable":true,"href":"https:\/\/trading.hhg.vn\/en\/wp-json\/wp\/v2\/media\/51861"}],"wp:attachment":[{"href":"https:\/\/trading.hhg.vn\/en\/wp-json\/wp\/v2\/media?parent=79632"}],"wp:term":[{"taxonomy":"product_cat","embeddable":true,"href":"https:\/\/trading.hhg.vn\/en\/wp-json\/wp\/v2\/product_cat?post=79632"},{"taxonomy":"product_tag","embeddable":true,"href":"https:\/\/trading.hhg.vn\/en\/wp-json\/wp\/v2\/product_tag?post=79632"}],"curies":[{"name":"wp","href":"https:\/\/api.w.org\/{rel}","templated":true}]}}