{"id":80143,"date":"2025-11-26T16:12:07","date_gmt":"2025-11-26T09:12:07","guid":{"rendered":"https:\/\/trading.hhg.vn\/?post_type=product&#038;p=80143"},"modified":"2026-01-28T07:44:13","modified_gmt":"2026-01-28T00:44:13","slug":"voi-lavabo-3-lo-130-kem-bo-xa-nhan-hoa-tiet-kim-cuong-axor-edge","status":"publish","type":"product","link":"https:\/\/trading.hhg.vn\/en\/s\u1ea3n-ph\u1ea9m\/voi-lavabo-3-lo-130-kem-bo-xa-nhan-hoa-tiet-kim-cuong-axor-edge\/","title":{"rendered":"V\u00f2i lavabo 3 l\u1ed7 130 k\u00e8m b\u1ed9 x\u1ea3 nh\u1ea5n h\u1ecda ti\u1ebft kim c\u01b0\u01a1ng AXOR Edge"},"content":{"rendered":"<p><img fetchpriority=\"high\" decoding=\"async\" class=\"alignnone wp-image-7559 aligncenter\" src=\"https:\/\/trading.hhg.vn\/wp-content\/uploads\/2025\/11\/AXOR-Edge.jpg\" alt=\"\" width=\"606\" height=\"454\" \/>M\u1ed7i v\u00f2i sen AXOR Edge l\u00e0 m\u1ed9t t\u00e1c ph\u1ea9m \u0111i\u00eau kh\u1eafc t\u1eeb c\u00e1c kh\u1ed1i l\u0103ng tr\u1ee5 h\u00ecnh ch\u1eef nh\u1eadt, \u0111\u01b0\u1ee3c m\u00e0i v\u00e0 \u0111\u00e1nh b\u00f3ng b\u1eb1ng c\u00f4ng ngh\u1ec7 c\u1eaft kim c\u01b0\u01a1ng hi\u1ec7n \u0111\u1ea1i. V\u1edbi b\u1ec1 m\u1eb7t ph\u1ee7 AXOR FinishPlus \u0111\u1ed9c quy\u1ec1n , ch\u1eb3ng h\u1ea1n nh\u01b0 l\u1edbp m\u1ea1 cr\u00f4m \u0111en b\u00f3ng \u0111\u01b0\u1ee3c th\u1ec3 hi\u1ec7n \u1edf \u0111\u00e2y, AXOR Edge tr\u1edf th\u00e0nh m\u1ed9t h\u00ecnh \u1ea3nh ph\u1ea3n chi\u1ebfu c\u00e1 nh\u00e2n h\u01a1n bao gi\u1edd h\u1ebft c\u1ee7a ch\u1ee7 nh\u00e2n. M\u00f4-\u0111un \u0111i\u1ec1u ch\u1ec9nh nhi\u1ec7t \u0111\u1ed9 AXOR Edge Select mang \u0111\u1ebfn thi\u1ebft k\u1ebf ki\u1ebfn \u200b\u200btr\u00fac tinh t\u1ebf v\u00e0 l\u1edbp ho\u00e0n thi\u1ec7n c\u1eaft kim c\u01b0\u01a1ng cho v\u00f2i sen. S\u1eed d\u1ee5ng c\u00f4ng ngh\u1ec7 Select \u0111\u1ec3 \u0111i\u1ec1u khi\u1ec3n t\u1ed1i \u0111a n\u0103m ch\u1ebf \u0111\u1ed9 phun m\u1ed9t c\u00e1ch d\u1ec5 d\u00e0ng v\u00e0 tr\u1ef1c quan, m\u00f4-\u0111un n\u00e0y l\u00e0 ng\u01b0\u1eddi b\u1ea1n \u0111\u1ed3ng h\u00e0nh ho\u00e0n h\u1ea3o v\u1edbi AXOR ShowerHeaven.<\/p>\n<p>V\u1edbi quy m\u00f4 \u0111\u1ed3 s\u1ed9, h\u00ecnh d\u00e1ng ki\u1ebfn \u200b\u200btr\u00fac tinh t\u1ebf, AXOR Edge ph\u00f9 h\u1ee3p v\u1edbi c\u1ea3 phong c\u00e1ch ph\u00f2ng t\u1eafm t\u1ed1i gi\u1ea3n l\u1eabn c\u1ea7u k\u1ef3.<\/p>\n","protected":false},"excerpt":{"rendered":"<p>Axor Edge, m\u1ed9t ki\u1ec7t t\u00e1c v\u00f2i lavabo 3 l\u1ed7 130, t\u1ecfa s\u00e1ng v\u1edbi h\u1ecda ti\u1ebft kim c\u01b0\u01a1ng tinh x\u1ea3o, mang \u0111\u1ebfn v\u1ebb \u0111\u1eb9p sang tr\u1ecdng v\u00e0 \u0111\u1eb3ng c\u1ea5p cho kh\u00f4ng gian ph\u00f2ng t\u1eafm c\u1ee7a b\u1ea1n. Thi\u1ebft k\u1ebf v\u01b0\u1ee3t th\u1eddi gian n\u00e0y kh\u00f4ng ch\u1ec9 l\u00e0 m\u1ed9t m\u00f3n \u0111\u1ed3 n\u1ed9i th\u1ea5t m\u00e0 c\u00f2n l\u00e0 m\u1ed9t t\u00e1c ph\u1ea9m ngh\u1ec7 thu\u1eadt, bi\u1ebfn m\u1ed7i kho\u1ea3nh kh\u1eafc s\u1eed d\u1ee5ng th\u00e0nh tr\u1ea3i nghi\u1ec7m th\u01b0 gi\u00e3n \u0111\u00edch th\u1ef1c. B\u1ed9 x\u1ea3 nh\u1ea5n ti\u1ec7n l\u1ee3i c\u00f9ng ch\u1ea5t li\u1ec7u cao c\u1ea5p \u0111\u1ea3m b\u1ea3o s\u1ef1 b\u1ec1n b\u1ec9 v\u00e0 d\u1ec5 d\u00e0ng v\u1ec7 sinh, n\u00e2ng t\u1ea7m phong c\u00e1ch s\u1ed1ng c\u1ee7a b\u1ea1n.<\/p>\n","protected":false},"featured_media":80173,"comment_status":"open","ping_status":"closed","template":"","meta":{"_acf_changed":false},"product_cat":[883],"product_tag":[],"class_list":{"0":"post-80143","1":"product","2":"type-product","3":"status-publish","4":"has-post-thumbnail","6":"product_cat-voi-chau-2","7":"pa_mau-sac-chrome","8":"pa_mau-sac-vang-bong","9":"pa_mau-sac-vang-hong-bong","10":"pa_mau-sac-chrome-den-bong-en","11":"pa_mau-sac-dong-bong","13":"first","14":"instock","15":"shipping-taxable","16":"purchasable","17":"product-type-variable"},"acf":[],"featured_media_urls":{"thumbnail":["https:\/\/trading.hhg.vn\/wp-content\/uploads\/2025\/11\/154__apr00648_tif-150x150.png",150,150,true],"medium":["https:\/\/trading.hhg.vn\/wp-content\/uploads\/2025\/11\/154__apr00648_tif-262x300.png",262,300,true],"medium_large":["https:\/\/trading.hhg.vn\/wp-content\/uploads\/2025\/11\/154__apr00648_tif-768x878.png",768,878,true],"large":["https:\/\/trading.hhg.vn\/wp-content\/uploads\/2025\/11\/154__apr00648_tif-896x1024.png",896,1024,true],"1536x1536":["https:\/\/trading.hhg.vn\/wp-content\/uploads\/2025\/11\/154__apr00648_tif-1344x1536.png",1344,1536,true],"2048x2048":["https:\/\/trading.hhg.vn\/wp-content\/uploads\/2025\/11\/154__apr00648_tif.png",1440,1646,false],"woocommerce_thumbnail":["https:\/\/trading.hhg.vn\/wp-content\/uploads\/2025\/11\/154__apr00648_tif-600x600.png",600,600,true],"woocommerce_single":["https:\/\/trading.hhg.vn\/wp-content\/uploads\/2025\/11\/154__apr00648_tif-1200x1372.png",1200,1372,true],"woocommerce_gallery_thumbnail":["https:\/\/trading.hhg.vn\/wp-content\/uploads\/2025\/11\/154__apr00648_tif-150x171.png",150,171,true],"portfolio_item-thumbnail":["https:\/\/trading.hhg.vn\/wp-content\/uploads\/2025\/11\/154__apr00648_tif.png",350,400,false],"portfolio_item-thumbnail@2x":["https:\/\/trading.hhg.vn\/wp-content\/uploads\/2025\/11\/154__apr00648_tif.png",700,800,false],"portfolio_item-masonry":["https:\/\/trading.hhg.vn\/wp-content\/uploads\/2025\/11\/154__apr00648_tif.png",600,686,false],"portfolio_item-masonry@2x":["https:\/\/trading.hhg.vn\/wp-content\/uploads\/2025\/11\/154__apr00648_tif.png",1200,1372,false],"portfolio_item-thumbnail_cinema":["https:\/\/trading.hhg.vn\/wp-content\/uploads\/2025\/11\/154__apr00648_tif.png",293,335,false],"portfolio_item-thumbnail_portrait":["https:\/\/trading.hhg.vn\/wp-content\/uploads\/2025\/11\/154__apr00648_tif.png",600,686,false],"portfolio_item-thumbnail_portrait@2x":["https:\/\/trading.hhg.vn\/wp-content\/uploads\/2025\/11\/154__apr00648_tif.png",1200,1372,false],"portfolio_item-thumbnail_square":["https:\/\/trading.hhg.vn\/wp-content\/uploads\/2025\/11\/154__apr00648_tif.png",700,800,false]},"_links":{"self":[{"href":"https:\/\/trading.hhg.vn\/en\/wp-json\/wp\/v2\/product\/80143","targetHints":{"allow":["GET"]}}],"collection":[{"href":"https:\/\/trading.hhg.vn\/en\/wp-json\/wp\/v2\/product"}],"about":[{"href":"https:\/\/trading.hhg.vn\/en\/wp-json\/wp\/v2\/types\/product"}],"replies":[{"embeddable":true,"href":"https:\/\/trading.hhg.vn\/en\/wp-json\/wp\/v2\/comments?post=80143"}],"version-history":[{"count":2,"href":"https:\/\/trading.hhg.vn\/en\/wp-json\/wp\/v2\/product\/80143\/revisions"}],"predecessor-version":[{"id":117845,"href":"https:\/\/trading.hhg.vn\/en\/wp-json\/wp\/v2\/product\/80143\/revisions\/117845"}],"wp:featuredmedia":[{"embeddable":true,"href":"https:\/\/trading.hhg.vn\/en\/wp-json\/wp\/v2\/media\/80173"}],"wp:attachment":[{"href":"https:\/\/trading.hhg.vn\/en\/wp-json\/wp\/v2\/media?parent=80143"}],"wp:term":[{"taxonomy":"product_cat","embeddable":true,"href":"https:\/\/trading.hhg.vn\/en\/wp-json\/wp\/v2\/product_cat?post=80143"},{"taxonomy":"product_tag","embeddable":true,"href":"https:\/\/trading.hhg.vn\/en\/wp-json\/wp\/v2\/product_tag?post=80143"}],"curies":[{"name":"wp","href":"https:\/\/api.w.org\/{rel}","templated":true}]}}