{"id":80210,"date":"2025-11-26T16:16:19","date_gmt":"2025-11-26T09:16:19","guid":{"rendered":"https:\/\/trading.hhg.vn\/?post_type=product&#038;p=80210"},"modified":"2026-01-28T07:49:16","modified_gmt":"2026-01-28T00:49:16","slug":"voi-lavabo-tay-gat-doi-220-kem-bo-xa-pop-up","status":"publish","type":"product","link":"https:\/\/trading.hhg.vn\/en\/s\u1ea3n-ph\u1ea9m\/voi-lavabo-tay-gat-doi-220-kem-bo-xa-pop-up\/","title":{"rendered":"V\u00f2i lavabo tay g\u1ea1t \u0111\u00f4i 220 k\u00e8m b\u1ed9 x\u1ea3 pop-up"},"content":{"rendered":"<p><img fetchpriority=\"high\" decoding=\"async\" class=\"alignnone wp-image-7559 aligncenter\" src=\"https:\/\/trading.hhg.vn\/wp-content\/uploads\/2025\/11\/AXOR-Montreux.jpg\" alt=\"\" width=\"606\" height=\"454\" \/>L\u1ea5y c\u1ea3m h\u1ee9ng t\u1eeb nh\u1eefng ph\u00f2ng t\u1eafm ch\u00e2u \u00c2u \u0111\u1ea7u th\u1ebf k\u1ef7 20, AXOR Montreux l\u00e0 s\u1ef1 k\u1ebft h\u1ee3p ho\u00e0n h\u1ea3o gi\u1eefa phong c\u00e1ch c\u00f4ng nghi\u1ec7p c\u1ed5 \u0111i\u1ec3n v\u00e0 k\u1ef9 thu\u1eadt ch\u1ebf t\u00e1c \u0111\u01b0\u01a1ng \u0111\u1ea1i. Thi\u1ebft k\u1ebf c\u1ee7a Montreux g\u1ee3i nh\u1edb \u0111\u1ebfn c\u00e1c v\u00f2i n\u01b0\u1edbc kim lo\u1ea1i trong x\u01b0\u1edfng c\u01a1 kh\u00ed c\u1ed5, v\u1edbi \u0111\u01b0\u1eddng n\u00e9t m\u1ea1nh m\u1ebd, tay v\u1eb7n ch\u1eef th\u1eadp v\u00e0 th\u00e2n tr\u1ee5 ch\u1eafc ch\u1eafn, mang \u0111\u1ebfn v\u1ebb \u0111\u1eb9p ho\u00e0i ni\u1ec7m nh\u01b0ng v\u1eabn \u0111\u1ea7y tinh t\u1ebf.<\/p>\n<p>S\u1ea3n ph\u1ea9m \u0111\u01b0\u1ee3c ch\u1ebf t\u00e1c t\u1eeb \u0111\u1ed3ng thau nguy\u00ean kh\u1ed1i cao c\u1ea5p, tr\u1ea3i qua qu\u00e1 tr\u00ecnh \u0111\u00fac ch\u00ednh x\u00e1c v\u00e0 \u0111\u00e1nh b\u00f3ng th\u1ee7 c\u00f4ng \u0111\u1ec3 \u0111\u1ea3m b\u1ea3o \u0111\u1ed9 ho\u00e0n thi\u1ec7n ho\u00e0n h\u1ea3o. B\u1ec1 m\u1eb7t \u0111\u01b0\u1ee3c x\u1eed l\u00fd b\u1eb1ng c\u00f4ng ngh\u1ec7 AXOR FinishPlus, cho kh\u1ea3 n\u0103ng ch\u1ed1ng \u0103n m\u00f2n, ch\u1ed1ng tr\u1ea7y x\u01b0\u1edbc v\u00e0 \u0111a d\u1ea1ng t\u00f9y ch\u1ecdn m\u00e0u s\u1eafc: t\u1eeb chrome s\u00e1ng b\u00f3ng \u0111\u1ebfn brushed nickel, polished brass hay black chrome \u2013 ph\u00f9 h\u1ee3p v\u1edbi m\u1ecdi phong c\u00e1ch n\u1ed9i th\u1ea5t c\u1ed5 \u0111i\u1ec3n hay b\u00e1n c\u1ed5 \u0111i\u1ec3n.<\/p>\n","protected":false},"excerpt":{"rendered":"<p>V\u00f2i lavabo tay g\u1ea1t \u0111\u00f4i 220 c\u1ee7a ch\u00fang t\u00f4i l\u00e0 bi\u1ec3u t\u01b0\u1ee3ng c\u1ee7a s\u1ef1 tinh t\u1ebf, n\u01a1i thi\u1ebft k\u1ebf t\u1ed1i gi\u1ea3n h\u00f2a quy\u1ec7n c\u00f9ng c\u00f4ng n\u0103ng v\u01b0\u1ee3t tr\u1ed9i. M\u1ed7i \u0111\u01b0\u1eddng n\u00e9t \u0111\u1ec1u \u0111\u01b0\u1ee3c chau chu\u1ed1t t\u1ec9 m\u1ec9, t\u1ea1o n\u00ean v\u1ebb \u0111\u1eb9p thanh l\u1ecbch, sang tr\u1ecdng cho kh\u00f4ng gian ph\u00f2ng t\u1eafm. V\u1edbi hai tay g\u1ea1t ri\u00eang bi\u1ec7t, b\u1ea1n d\u1ec5 d\u00e0ng \u0111i\u1ec1u ch\u1ec9nh nhi\u1ec7t \u0111\u1ed9 v\u00e0 l\u01b0u l\u01b0\u1ee3ng n\u01b0\u1edbc, mang \u0111\u1ebfn tr\u1ea3i nghi\u1ec7m s\u1eed d\u1ee5ng linh ho\u1ea1t v\u00e0 tho\u1ea3i m\u00e1i t\u1ed1i \u0111a. B\u1ed9 x\u1ea3 pop-up t\u00edch h\u1ee3p li\u1ec1n m\u1ea1ch, kh\u00f4ng ch\u1ec9 t\u0103ng th\u00eam t\u00ednh th\u1ea9m m\u1ef9 m\u00e0 c\u00f2n \u0111\u1ea3m b\u1ea3o s\u1ef1 ti\u1ec7n l\u1ee3i, v\u1ec7 sinh, kh\u1eb3ng \u0111\u1ecbnh \u0111\u1eb3ng c\u1ea5p s\u1ed1ng tinh t\u1ebf c\u1ee7a b\u1ea1n.<\/p>\n","protected":false},"featured_media":80395,"comment_status":"open","ping_status":"closed","template":"","meta":{"_acf_changed":false},"product_cat":[883],"product_tag":[],"class_list":{"0":"post-80210","1":"product","2":"type-product","3":"status-publish","4":"has-post-thumbnail","6":"product_cat-voi-chau-2","7":"pa_mau-sac-chrome","8":"pa_mau-sac-chrome-den-xuoc","9":"pa_mau-sac-dong-thau-xuoc","10":"pa_mau-sac-dong-xuoc","11":"pa_mau-sac-niken-xuoc","12":"pa_mau-sac-thep-khong-gi","13":"pa_mau-sac-vang-bong","14":"pa_mau-sac-vang-hong-bong","15":"pa_mau-sac-vang-hong-xuoc","16":"pa_mau-sac-vang-xuoc","17":"pa_mau-sac-chrome-bong","18":"pa_mau-sac-chrome-den-bong-en","20":"first","21":"instock","22":"shipping-taxable","23":"purchasable","24":"product-type-variable"},"acf":[],"featured_media_urls":{"thumbnail":["https:\/\/trading.hhg.vn\/wp-content\/uploads\/2025\/11\/154__apa00722_tif-150x150.png",150,150,true],"medium":["https:\/\/trading.hhg.vn\/wp-content\/uploads\/2025\/11\/154__apa00722_tif-262x300.png",262,300,true],"medium_large":["https:\/\/trading.hhg.vn\/wp-content\/uploads\/2025\/11\/154__apa00722_tif-768x878.png",768,878,true],"large":["https:\/\/trading.hhg.vn\/wp-content\/uploads\/2025\/11\/154__apa00722_tif-896x1024.png",896,1024,true],"1536x1536":["https:\/\/trading.hhg.vn\/wp-content\/uploads\/2025\/11\/154__apa00722_tif.png",1285,1469,false],"2048x2048":["https:\/\/trading.hhg.vn\/wp-content\/uploads\/2025\/11\/154__apa00722_tif.png",1285,1469,false],"woocommerce_thumbnail":["https:\/\/trading.hhg.vn\/wp-content\/uploads\/2025\/11\/154__apa00722_tif-600x600.png",600,600,true],"woocommerce_single":["https:\/\/trading.hhg.vn\/wp-content\/uploads\/2025\/11\/154__apa00722_tif-1200x1372.png",1200,1372,true],"woocommerce_gallery_thumbnail":["https:\/\/trading.hhg.vn\/wp-content\/uploads\/2025\/11\/154__apa00722_tif-150x171.png",150,171,true],"portfolio_item-thumbnail":["https:\/\/trading.hhg.vn\/wp-content\/uploads\/2025\/11\/154__apa00722_tif.png",350,400,false],"portfolio_item-thumbnail@2x":["https:\/\/trading.hhg.vn\/wp-content\/uploads\/2025\/11\/154__apa00722_tif.png",700,800,false],"portfolio_item-masonry":["https:\/\/trading.hhg.vn\/wp-content\/uploads\/2025\/11\/154__apa00722_tif.png",600,686,false],"portfolio_item-masonry@2x":["https:\/\/trading.hhg.vn\/wp-content\/uploads\/2025\/11\/154__apa00722_tif.png",1200,1372,false],"portfolio_item-thumbnail_cinema":["https:\/\/trading.hhg.vn\/wp-content\/uploads\/2025\/11\/154__apa00722_tif.png",293,335,false],"portfolio_item-thumbnail_portrait":["https:\/\/trading.hhg.vn\/wp-content\/uploads\/2025\/11\/154__apa00722_tif.png",600,686,false],"portfolio_item-thumbnail_portrait@2x":["https:\/\/trading.hhg.vn\/wp-content\/uploads\/2025\/11\/154__apa00722_tif.png",1200,1372,false],"portfolio_item-thumbnail_square":["https:\/\/trading.hhg.vn\/wp-content\/uploads\/2025\/11\/154__apa00722_tif.png",700,800,false]},"_links":{"self":[{"href":"https:\/\/trading.hhg.vn\/en\/wp-json\/wp\/v2\/product\/80210","targetHints":{"allow":["GET"]}}],"collection":[{"href":"https:\/\/trading.hhg.vn\/en\/wp-json\/wp\/v2\/product"}],"about":[{"href":"https:\/\/trading.hhg.vn\/en\/wp-json\/wp\/v2\/types\/product"}],"replies":[{"embeddable":true,"href":"https:\/\/trading.hhg.vn\/en\/wp-json\/wp\/v2\/comments?post=80210"}],"version-history":[{"count":1,"href":"https:\/\/trading.hhg.vn\/en\/wp-json\/wp\/v2\/product\/80210\/revisions"}],"predecessor-version":[{"id":80397,"href":"https:\/\/trading.hhg.vn\/en\/wp-json\/wp\/v2\/product\/80210\/revisions\/80397"}],"wp:featuredmedia":[{"embeddable":true,"href":"https:\/\/trading.hhg.vn\/en\/wp-json\/wp\/v2\/media\/80395"}],"wp:attachment":[{"href":"https:\/\/trading.hhg.vn\/en\/wp-json\/wp\/v2\/media?parent=80210"}],"wp:term":[{"taxonomy":"product_cat","embeddable":true,"href":"https:\/\/trading.hhg.vn\/en\/wp-json\/wp\/v2\/product_cat?post=80210"},{"taxonomy":"product_tag","embeddable":true,"href":"https:\/\/trading.hhg.vn\/en\/wp-json\/wp\/v2\/product_tag?post=80210"}],"curies":[{"name":"wp","href":"https:\/\/api.w.org\/{rel}","templated":true}]}}