{"id":82330,"date":"2025-11-26T17:50:17","date_gmt":"2025-11-26T10:50:17","guid":{"rendered":"https:\/\/trading.hhg.vn\/product\/bon-cau-nguyen-bo-voi-ket-nuoc-am-tuong-iframe-universal-nut-nhan-xa-iframe-original-q-va-nap-bon-cau-gladelake-s\/"},"modified":"2026-01-28T07:44:22","modified_gmt":"2026-01-28T00:44:22","slug":"bon-cau-nguyen-bo-voi-ket-nuoc-am-tuong-iframe-universal-nut-nhan-xa-iframe-original-q-va-nap-bon-cau-gladelake-s","status":"publish","type":"product","link":"https:\/\/trading.hhg.vn\/en\/s\u1ea3n-ph\u1ea9m\/bon-cau-nguyen-bo-voi-ket-nuoc-am-tuong-iframe-universal-nut-nhan-xa-iframe-original-q-va-nap-bon-cau-gladelake-s\/","title":{"rendered":"B\u1ed3n c\u1ea7u nguy\u00ean b\u1ed9 v\u1edbi k\u00e9t n\u01b0\u1edbc \u00e2m t\u01b0\u1eddng iFrame universal, n\u00fat nh\u1ea5n x\u1ea3 iFrame Original Q v\u00e0 n\u1eafp b\u1ed3n c\u1ea7u GladeLake S"},"content":{"rendered":"","protected":false},"excerpt":{"rendered":"<p>Tr\u1ea3i nghi\u1ec7m s\u1ef1 tinh t\u1ebf v\u01b0\u1ee3t th\u1eddi gian v\u1edbi b\u1ed3n c\u1ea7u nguy\u00ean b\u1ed9, n\u01a1i thi\u1ebft k\u1ebf t\u1ed1i gi\u1ea3n h\u00f2a quy\u1ec7n c\u00f9ng c\u00f4ng n\u0103ng \u01b0u vi\u1ec7t. K\u00e9t n\u01b0\u1edbc \u00e2m t\u01b0\u1eddng iFrame universal bi\u1ebfn kh\u00f4ng gian ph\u00f2ng t\u1eafm th\u00e0nh t\u00e1c ph\u1ea9m ngh\u1ec7 thu\u1eadt hi\u1ec7n \u0111\u1ea1i, trong khi n\u00fat nh\u1ea5n x\u1ea3 iFrame Original Q mang \u0111\u1ebfn thao t\u00e1c nh\u1eb9 nh\u00e0ng, ch\u00ednh x\u00e1c. C\u00f9ng n\u1eafp b\u1ed3n c\u1ea7u GladeLake S, t\u1eebng kho\u1ea3nh kh\u1eafc s\u1eed d\u1ee5ng \u0111\u1ec1u l\u00e0 s\u1ef1 nu\u00f4ng chi\u1ec1u gi\u00e1c quan, n\u00e2ng t\u1ea7m tr\u1ea3i nghi\u1ec7m c\u00e1 nh\u00e2n l\u00ean m\u1ed9t t\u1ea7m cao m\u1edbi c\u1ee7a s\u1ef1 ti\u1ec7n nghi v\u00e0 sang tr\u1ecdng.<\/p>\n","protected":false},"featured_media":82328,"comment_status":"open","ping_status":"closed","template":"","meta":{"_acf_changed":false},"product_cat":[864],"product_tag":[],"class_list":{"0":"post-82330","1":"product","2":"type-product","3":"status-publish","4":"has-post-thumbnail","6":"product_cat-xa-bon-cau","7":"pa_mau-sac-trang","9":"first","10":"instock","11":"shipping-taxable","12":"product-type-simple"},"acf":[],"featured_media_urls":{"thumbnail":["https:\/\/trading.hhg.vn\/wp-content\/uploads\/2025\/11\/154__hpr08726_tif-150x150.png",150,150,true],"medium":["https:\/\/trading.hhg.vn\/wp-content\/uploads\/2025\/11\/154__hpr08726_tif-263x300.png",263,300,true],"medium_large":["https:\/\/trading.hhg.vn\/wp-content\/uploads\/2025\/11\/154__hpr08726_tif-768x878.png",768,878,true],"large":["https:\/\/trading.hhg.vn\/wp-content\/uploads\/2025\/11\/154__hpr08726_tif-896x1024.png",896,1024,true],"1536x1536":["https:\/\/trading.hhg.vn\/wp-content\/uploads\/2025\/11\/154__hpr08726_tif-1344x1536.png",1344,1536,true],"2048x2048":["https:\/\/trading.hhg.vn\/wp-content\/uploads\/2025\/11\/154__hpr08726_tif.png",1402,1602,false],"woocommerce_thumbnail":["https:\/\/trading.hhg.vn\/wp-content\/uploads\/2025\/11\/154__hpr08726_tif-600x600.png",600,600,true],"woocommerce_single":["https:\/\/trading.hhg.vn\/wp-content\/uploads\/2025\/11\/154__hpr08726_tif-1200x1371.png",1200,1371,true],"woocommerce_gallery_thumbnail":["https:\/\/trading.hhg.vn\/wp-content\/uploads\/2025\/11\/154__hpr08726_tif-150x171.png",150,171,true],"portfolio_item-thumbnail":["https:\/\/trading.hhg.vn\/wp-content\/uploads\/2025\/11\/154__hpr08726_tif.png",350,400,false],"portfolio_item-thumbnail@2x":["https:\/\/trading.hhg.vn\/wp-content\/uploads\/2025\/11\/154__hpr08726_tif.png",700,800,false],"portfolio_item-masonry":["https:\/\/trading.hhg.vn\/wp-content\/uploads\/2025\/11\/154__hpr08726_tif.png",600,686,false],"portfolio_item-masonry@2x":["https:\/\/trading.hhg.vn\/wp-content\/uploads\/2025\/11\/154__hpr08726_tif.png",1200,1371,false],"portfolio_item-thumbnail_cinema":["https:\/\/trading.hhg.vn\/wp-content\/uploads\/2025\/11\/154__hpr08726_tif.png",293,335,false],"portfolio_item-thumbnail_portrait":["https:\/\/trading.hhg.vn\/wp-content\/uploads\/2025\/11\/154__hpr08726_tif.png",600,686,false],"portfolio_item-thumbnail_portrait@2x":["https:\/\/trading.hhg.vn\/wp-content\/uploads\/2025\/11\/154__hpr08726_tif.png",1200,1371,false],"portfolio_item-thumbnail_square":["https:\/\/trading.hhg.vn\/wp-content\/uploads\/2025\/11\/154__hpr08726_tif.png",700,800,false]},"_links":{"self":[{"href":"https:\/\/trading.hhg.vn\/en\/wp-json\/wp\/v2\/product\/82330","targetHints":{"allow":["GET"]}}],"collection":[{"href":"https:\/\/trading.hhg.vn\/en\/wp-json\/wp\/v2\/product"}],"about":[{"href":"https:\/\/trading.hhg.vn\/en\/wp-json\/wp\/v2\/types\/product"}],"replies":[{"embeddable":true,"href":"https:\/\/trading.hhg.vn\/en\/wp-json\/wp\/v2\/comments?post=82330"}],"version-history":[{"count":1,"href":"https:\/\/trading.hhg.vn\/en\/wp-json\/wp\/v2\/product\/82330\/revisions"}],"predecessor-version":[{"id":118842,"href":"https:\/\/trading.hhg.vn\/en\/wp-json\/wp\/v2\/product\/82330\/revisions\/118842"}],"wp:featuredmedia":[{"embeddable":true,"href":"https:\/\/trading.hhg.vn\/en\/wp-json\/wp\/v2\/media\/82328"}],"wp:attachment":[{"href":"https:\/\/trading.hhg.vn\/en\/wp-json\/wp\/v2\/media?parent=82330"}],"wp:term":[{"taxonomy":"product_cat","embeddable":true,"href":"https:\/\/trading.hhg.vn\/en\/wp-json\/wp\/v2\/product_cat?post=82330"},{"taxonomy":"product_tag","embeddable":true,"href":"https:\/\/trading.hhg.vn\/en\/wp-json\/wp\/v2\/product_tag?post=82330"}],"curies":[{"name":"wp","href":"https:\/\/api.w.org\/{rel}","templated":true}]}}