{"id":82896,"date":"2025-11-26T18:12:43","date_gmt":"2025-11-26T11:12:43","guid":{"rendered":"https:\/\/trading.hhg.vn\/?post_type=product&#038;p=82896"},"modified":"2025-12-28T14:42:58","modified_gmt":"2025-12-28T07:42:58","slug":"bo-xi-phong-thiet-ke-flowstar-2","status":"publish","type":"product","link":"https:\/\/trading.hhg.vn\/en\/s\u1ea3n-ph\u1ea9m\/bo-xi-phong-thiet-ke-flowstar-2\/","title":{"rendered":"B\u1ed9 xi ph\u00f4ng thi\u1ebft k\u1ebf Flowstar"},"content":{"rendered":"","protected":false},"excerpt":{"rendered":"<p>Flowstar: N\u00e2ng t\u1ea7m kh\u00f4ng gian s\u1ed1ng v\u1edbi xi ph\u00f4ng thi\u1ebft k\u1ebf \u0111\u1ed9t ph\u00e1. T\u1eebng \u0111\u01b0\u1eddng n\u00e9t tinh x\u1ea3o, ch\u1ea5t li\u1ec7u cao c\u1ea5p h\u00f2a quy\u1ec7n ho\u00e0n h\u1ea3o v\u00e0o n\u1ed9i th\u1ea5t hi\u1ec7n \u0111\u1ea1i, t\u00f4 \u0111i\u1ec3m v\u1ebb \u0111\u1eb9p sang tr\u1ecdng v\u00e0 tinh t\u1ebf. Flowstar kh\u00f4ng ch\u1ec9 l\u00e0 \u0111i\u1ec3m nh\u1ea5n ki\u1ebfn tr\u00fac \u1ea5n t\u01b0\u1ee3ng, m\u00e0 c\u00f2n mang \u0111\u1ebfn tr\u1ea3i nghi\u1ec7m ti\u1ec7n nghi v\u01b0\u1ee3t tr\u1ed9i. H\u1ec7 th\u1ed1ng tho\u00e1t n\u01b0\u1edbc t\u1ed1i \u01b0u, v\u1eadn h\u00e0nh \u00eam \u00e1i, b\u1ec1n b\u1ec9 c\u00f9ng th\u1eddi gian. H\u00e3y \u0111\u1ec3 Flowstar ki\u1ebfn t\u1ea1o kh\u00f4ng gian \u0111\u1eb3ng c\u1ea5p, n\u01a1i v\u1ebb \u0111\u1eb9p v\u00e0 c\u00f4ng n\u0103ng song h\u00e0nh.<\/p>\n","protected":false},"featured_media":83074,"comment_status":"open","ping_status":"closed","template":"","meta":{"_acf_changed":false},"product_cat":[860],"product_tag":[],"class_list":{"0":"post-82896","1":"product","2":"type-product","3":"status-publish","4":"has-post-thumbnail","6":"product_cat-bo-xa-lavabo","7":"pa_mau-sac-chrome","8":"pa_mau-sac-dong-thau-xuoc","9":"pa_mau-sac-dong-xuoc","10":"pa_mau-sac-niken-xuoc","11":"pa_mau-sac-thep-khong-gi","12":"pa_mau-sac-vang-bong","13":"pa_mau-sac-vang-hong-bong","14":"pa_mau-sac-vang-hong-xuoc","15":"pa_mau-sac-vang-xuoc","17":"first","18":"instock","19":"shipping-taxable","20":"purchasable","21":"product-type-variable"},"acf":[],"featured_media_urls":{"thumbnail":["https:\/\/trading.hhg.vn\/wp-content\/uploads\/2025\/11\/154__apr11074_tif-150x150.png",150,150,true],"medium":["https:\/\/trading.hhg.vn\/wp-content\/uploads\/2025\/11\/154__apr11074_tif-262x300.png",262,300,true],"medium_large":["https:\/\/trading.hhg.vn\/wp-content\/uploads\/2025\/11\/154__apr11074_tif-768x878.png",768,878,true],"large":["https:\/\/trading.hhg.vn\/wp-content\/uploads\/2025\/11\/154__apr11074_tif-896x1024.png",896,1024,true],"1536x1536":["https:\/\/trading.hhg.vn\/wp-content\/uploads\/2025\/11\/154__apr11074_tif.png",1335,1526,false],"2048x2048":["https:\/\/trading.hhg.vn\/wp-content\/uploads\/2025\/11\/154__apr11074_tif.png",1335,1526,false],"woocommerce_thumbnail":["https:\/\/trading.hhg.vn\/wp-content\/uploads\/2025\/11\/154__apr11074_tif-600x600.png",600,600,true],"woocommerce_single":["https:\/\/trading.hhg.vn\/wp-content\/uploads\/2025\/11\/154__apr11074_tif-1200x1372.png",1200,1372,true],"woocommerce_gallery_thumbnail":["https:\/\/trading.hhg.vn\/wp-content\/uploads\/2025\/11\/154__apr11074_tif-150x171.png",150,171,true],"portfolio_item-thumbnail":["https:\/\/trading.hhg.vn\/wp-content\/uploads\/2025\/11\/154__apr11074_tif.png",350,400,false],"portfolio_item-thumbnail@2x":["https:\/\/trading.hhg.vn\/wp-content\/uploads\/2025\/11\/154__apr11074_tif.png",700,800,false],"portfolio_item-masonry":["https:\/\/trading.hhg.vn\/wp-content\/uploads\/2025\/11\/154__apr11074_tif.png",600,686,false],"portfolio_item-masonry@2x":["https:\/\/trading.hhg.vn\/wp-content\/uploads\/2025\/11\/154__apr11074_tif.png",1200,1372,false],"portfolio_item-thumbnail_cinema":["https:\/\/trading.hhg.vn\/wp-content\/uploads\/2025\/11\/154__apr11074_tif.png",293,335,false],"portfolio_item-thumbnail_portrait":["https:\/\/trading.hhg.vn\/wp-content\/uploads\/2025\/11\/154__apr11074_tif.png",600,686,false],"portfolio_item-thumbnail_portrait@2x":["https:\/\/trading.hhg.vn\/wp-content\/uploads\/2025\/11\/154__apr11074_tif.png",1200,1372,false],"portfolio_item-thumbnail_square":["https:\/\/trading.hhg.vn\/wp-content\/uploads\/2025\/11\/154__apr11074_tif.png",700,800,false]},"_links":{"self":[{"href":"https:\/\/trading.hhg.vn\/en\/wp-json\/wp\/v2\/product\/82896","targetHints":{"allow":["GET"]}}],"collection":[{"href":"https:\/\/trading.hhg.vn\/en\/wp-json\/wp\/v2\/product"}],"about":[{"href":"https:\/\/trading.hhg.vn\/en\/wp-json\/wp\/v2\/types\/product"}],"replies":[{"embeddable":true,"href":"https:\/\/trading.hhg.vn\/en\/wp-json\/wp\/v2\/comments?post=82896"}],"version-history":[{"count":1,"href":"https:\/\/trading.hhg.vn\/en\/wp-json\/wp\/v2\/product\/82896\/revisions"}],"predecessor-version":[{"id":83076,"href":"https:\/\/trading.hhg.vn\/en\/wp-json\/wp\/v2\/product\/82896\/revisions\/83076"}],"wp:featuredmedia":[{"embeddable":true,"href":"https:\/\/trading.hhg.vn\/en\/wp-json\/wp\/v2\/media\/83074"}],"wp:attachment":[{"href":"https:\/\/trading.hhg.vn\/en\/wp-json\/wp\/v2\/media?parent=82896"}],"wp:term":[{"taxonomy":"product_cat","embeddable":true,"href":"https:\/\/trading.hhg.vn\/en\/wp-json\/wp\/v2\/product_cat?post=82896"},{"taxonomy":"product_tag","embeddable":true,"href":"https:\/\/trading.hhg.vn\/en\/wp-json\/wp\/v2\/product_tag?post=82896"}],"curies":[{"name":"wp","href":"https:\/\/api.w.org\/{rel}","templated":true}]}}