{"id":83267,"date":"2025-11-26T18:55:07","date_gmt":"2025-11-26T11:55:07","guid":{"rendered":"https:\/\/trading.hhg.vn\/product\/bo-hoan-chinh-1200-lap-am-san-phang-cho-bo-hoan-thien-thoat-san-ubox-universal\/"},"modified":"2026-01-28T07:45:28","modified_gmt":"2026-01-28T00:45:28","slug":"bo-hoan-chinh-1200-lap-am-san-phang-cho-bo-hoan-thien-thoat-san-ubox-universal","status":"publish","type":"product","link":"https:\/\/trading.hhg.vn\/en\/s\u1ea3n-ph\u1ea9m\/bo-hoan-chinh-1200-lap-am-san-phang-cho-bo-hoan-thien-thoat-san-ubox-universal\/","title":{"rendered":"B\u1ed9 ho\u00e0n ch\u1ec9nh 1200 l\u1eafp \u00e2m s\u00e0n ph\u1eb3ng cho b\u1ed9 ho\u00e0n thi\u1ec7n tho\u00e1t s\u00e0n uBox universal"},"content":{"rendered":"","protected":false},"excerpt":{"rendered":"<p>Khai ph\u00f3ng v\u1ebb \u0111\u1eb9p t\u1ed1i gi\u1ea3n c\u00f9ng h\u1ec7 th\u1ed1ng tho\u00e1t s\u00e0n \u00e2m s\u00e0n \u0111\u1eb3ng c\u1ea5p. Thi\u1ebft k\u1ebf ph\u1eb3ng tuy\u1ec7t m\u1ef9, h\u00f2a quy\u1ec7n kh\u00f4ng d\u1ea5u v\u1ebft v\u00e0o kh\u00f4ng gian, mang \u0111\u1ebfn c\u1ea3m gi\u00e1c li\u1ec1n m\u1ea1ch v\u00e0 r\u1ed9ng m\u1edf. C\u00f4ng ngh\u1ec7 uBox ti\u00ean ti\u1ebfn \u0111\u1ea3m b\u1ea3o hi\u1ec7u su\u1ea5t tho\u00e1t n\u01b0\u1edbc v\u01b0\u1ee3t tr\u1ed9i, ch\u1ed1ng tr\u00e0n hi\u1ec7u qu\u1ea3, duy tr\u00ec s\u00e0n nh\u00e0 lu\u00f4n kh\u00f4 tho\u00e1ng v\u00e0 s\u1ea1ch s\u1ebd. T\u1eadn h\u01b0\u1edfng tr\u1ea3i nghi\u1ec7m th\u01b0 gi\u00e3n tuy\u1ec7t \u0111\u1ed1i trong kh\u00f4ng gian s\u1ed1ng \u0111\u01b0\u1ee3c n\u00e2ng t\u1ea7m b\u1edfi s\u1ef1 tinh t\u1ebf v\u00e0 ti\u1ec7n nghi \u0111\u1ec9nh cao.<\/p>\n","protected":false},"featured_media":83265,"comment_status":"open","ping_status":"closed","template":"","meta":{"_acf_changed":false},"product_cat":[848],"product_tag":[],"class_list":{"0":"post-83267","1":"product","2":"type-product","3":"status-publish","4":"has-post-thumbnail","6":"product_cat-thoat-san-2","8":"first","9":"instock","10":"shipping-taxable","11":"purchasable","12":"product-type-simple"},"acf":[],"featured_media_urls":{"thumbnail":["https:\/\/trading.hhg.vn\/wp-content\/uploads\/2025\/11\/154__hpr03475_tif-150x150.png",150,150,true],"medium":["https:\/\/trading.hhg.vn\/wp-content\/uploads\/2025\/11\/154__hpr03475_tif-262x300.png",262,300,true],"medium_large":["https:\/\/trading.hhg.vn\/wp-content\/uploads\/2025\/11\/154__hpr03475_tif-768x878.png",768,878,true],"large":["https:\/\/trading.hhg.vn\/wp-content\/uploads\/2025\/11\/154__hpr03475_tif-896x1024.png",896,1024,true],"1536x1536":["https:\/\/trading.hhg.vn\/wp-content\/uploads\/2025\/11\/154__hpr03475_tif-1344x1536.png",1344,1536,true],"2048x2048":["https:\/\/trading.hhg.vn\/wp-content\/uploads\/2025\/11\/154__hpr03475_tif.png",1440,1646,false],"woocommerce_thumbnail":["https:\/\/trading.hhg.vn\/wp-content\/uploads\/2025\/11\/154__hpr03475_tif-600x600.png",600,600,true],"woocommerce_single":["https:\/\/trading.hhg.vn\/wp-content\/uploads\/2025\/11\/154__hpr03475_tif-1200x1372.png",1200,1372,true],"woocommerce_gallery_thumbnail":["https:\/\/trading.hhg.vn\/wp-content\/uploads\/2025\/11\/154__hpr03475_tif-150x171.png",150,171,true],"portfolio_item-thumbnail":["https:\/\/trading.hhg.vn\/wp-content\/uploads\/2025\/11\/154__hpr03475_tif.png",350,400,false],"portfolio_item-thumbnail@2x":["https:\/\/trading.hhg.vn\/wp-content\/uploads\/2025\/11\/154__hpr03475_tif.png",700,800,false],"portfolio_item-masonry":["https:\/\/trading.hhg.vn\/wp-content\/uploads\/2025\/11\/154__hpr03475_tif.png",600,686,false],"portfolio_item-masonry@2x":["https:\/\/trading.hhg.vn\/wp-content\/uploads\/2025\/11\/154__hpr03475_tif.png",1200,1372,false],"portfolio_item-thumbnail_cinema":["https:\/\/trading.hhg.vn\/wp-content\/uploads\/2025\/11\/154__hpr03475_tif.png",293,335,false],"portfolio_item-thumbnail_portrait":["https:\/\/trading.hhg.vn\/wp-content\/uploads\/2025\/11\/154__hpr03475_tif.png",600,686,false],"portfolio_item-thumbnail_portrait@2x":["https:\/\/trading.hhg.vn\/wp-content\/uploads\/2025\/11\/154__hpr03475_tif.png",1200,1372,false],"portfolio_item-thumbnail_square":["https:\/\/trading.hhg.vn\/wp-content\/uploads\/2025\/11\/154__hpr03475_tif.png",700,800,false]},"_links":{"self":[{"href":"https:\/\/trading.hhg.vn\/en\/wp-json\/wp\/v2\/product\/83267","targetHints":{"allow":["GET"]}}],"collection":[{"href":"https:\/\/trading.hhg.vn\/en\/wp-json\/wp\/v2\/product"}],"about":[{"href":"https:\/\/trading.hhg.vn\/en\/wp-json\/wp\/v2\/types\/product"}],"replies":[{"embeddable":true,"href":"https:\/\/trading.hhg.vn\/en\/wp-json\/wp\/v2\/comments?post=83267"}],"version-history":[{"count":1,"href":"https:\/\/trading.hhg.vn\/en\/wp-json\/wp\/v2\/product\/83267\/revisions"}],"predecessor-version":[{"id":118862,"href":"https:\/\/trading.hhg.vn\/en\/wp-json\/wp\/v2\/product\/83267\/revisions\/118862"}],"wp:featuredmedia":[{"embeddable":true,"href":"https:\/\/trading.hhg.vn\/en\/wp-json\/wp\/v2\/media\/83265"}],"wp:attachment":[{"href":"https:\/\/trading.hhg.vn\/en\/wp-json\/wp\/v2\/media?parent=83267"}],"wp:term":[{"taxonomy":"product_cat","embeddable":true,"href":"https:\/\/trading.hhg.vn\/en\/wp-json\/wp\/v2\/product_cat?post=83267"},{"taxonomy":"product_tag","embeddable":true,"href":"https:\/\/trading.hhg.vn\/en\/wp-json\/wp\/v2\/product_tag?post=83267"}],"curies":[{"name":"wp","href":"https:\/\/api.w.org\/{rel}","templated":true}]}}