{"id":84879,"date":"2025-11-26T22:46:42","date_gmt":"2025-11-26T15:46:42","guid":{"rendered":"https:\/\/trading.hhg.vn\/?post_type=product&#038;p=84879"},"modified":"2026-01-28T07:48:06","modified_gmt":"2026-01-28T00:48:06","slug":"voi-lavabo-tay-gat-don-200-khong-tay-gat-cho-chau-dat-ban-kem-bo-xa-axor-uno","status":"publish","type":"product","link":"https:\/\/trading.hhg.vn\/en\/s\u1ea3n-ph\u1ea9m\/voi-lavabo-tay-gat-don-200-khong-tay-gat-cho-chau-dat-ban-kem-bo-xa-axor-uno\/","title":{"rendered":"V\u00f2i lavabo tay g\u1ea1t \u0111\u01a1n 200 kh\u00f4ng tay g\u1ea1t cho ch\u1eadu \u0111\u1eb7t b\u00e0n k\u00e8m b\u1ed9 x\u1ea3 AXOR Uno"},"content":{"rendered":"<p><img fetchpriority=\"high\" decoding=\"async\" class=\"alignnone wp-image-7559 aligncenter\" src=\"https:\/\/trading.hhg.vn\/wp-content\/uploads\/2025\/11\/AXOR-Uno.jpg\" alt=\"\" width=\"606\" height=\"454\" \/>AXOR Uno th\u1ec3 hi\u1ec7n tinh th\u1ea7n t\u1ed1i gi\u1ea3n tuy\u1ec7t \u0111\u1ed1i v\u1edbi ng\u00f4n ng\u1eef thi\u1ebft k\u1ebf h\u00ecnh tr\u1ee5 thanh m\u1ea3nh, t\u1ef7 l\u1ec7 c\u00e2n \u0111\u1ed1i v\u00e0 chi ti\u1ebft li\u1ec1n m\u1ea1ch, mang l\u1ea1i v\u1ebb \u0111\u1eb9p tinh khi\u1ebft, hi\u1ec7n \u0111\u1ea1i v\u00e0 b\u1ec1n v\u1eefng theo th\u1eddi gian. L\u1ea5y c\u1ea3m h\u1ee9ng t\u1eeb tri\u1ebft l\u00fd \u201ch\u00ecnh th\u1ee9c theo sau ch\u1ee9c n\u0103ng\u201d, d\u00f2ng s\u1ea3n ph\u1ea9m t\u1eadp trung v\u00e0o s\u1ef1 chu\u1ea9n x\u00e1c, c\u00e2n b\u1eb1ng v\u00e0 c\u1ea3m gi\u00e1c ch\u1ea1m tinh t\u1ebf.<\/p>\n","protected":false},"excerpt":{"rendered":"<p>Kh\u00e1m ph\u00e1 AXOR Uno \u2013 m\u1ed9t ki\u1ec7t t\u00e1c t\u1ed1i gi\u1ea3n d\u00e0nh cho kh\u00f4ng gian n\u1ed9i th\u1ea5t \u0111\u01b0\u01a1ng \u0111\u1ea1i. Thi\u1ebft k\u1ebf tinh gi\u1ea3n, kh\u00f4ng tay g\u1ea1t \u0111\u1ed9c \u0111\u00e1o, c\u00f9ng chi\u1ec1u cao 200mm ho\u00e0n h\u1ea3o cho ch\u1eadu \u0111\u1eb7t b\u00e0n, mang \u0111\u1ebfn s\u1ef1 thanh l\u1ecbch tuy\u1ec7t \u0111\u1ed1i. M\u1ed7i \u0111\u01b0\u1eddng n\u00e9t \u0111\u1ec1u \u0111\u01b0\u1ee3c t\u00ednh to\u00e1n t\u1ec9 m\u1ec9, kh\u00f4ng ch\u1ec9 l\u00e0 v\u00f2i n\u01b0\u1edbc m\u00e0 c\u00f2n l\u00e0 m\u1ed9t t\u00e1c ph\u1ea9m \u0111i\u00eau kh\u1eafc. Tr\u1ea3i nghi\u1ec7m s\u1ef1 ti\u1ec7n nghi v\u00e0 tinh t\u1ebf qua t\u1eebng d\u00f2ng ch\u1ea3y, kh\u1eb3ng \u0111\u1ecbnh \u0111\u1eb3ng c\u1ea5p v\u00e0 phong c\u00e1ch s\u1ed1ng ri\u00eang bi\u1ec7t c\u1ee7a b\u1ea1n. AXOR Uno kh\u00f4ng ch\u1ec9 ph\u1ee5c v\u1ee5 nhu c\u1ea7u m\u00e0 c\u00f2n n\u00e2ng t\u1ea7m tr\u1ea3i nghi\u1ec7m, bi\u1ebfn m\u1ed7i kho\u1ea3nh kh\u1eafc th\u00e0nh m\u1ed9t ni\u1ec1m vui thanh tho\u00e1t.<\/p>\n","protected":false},"featured_media":84909,"comment_status":"open","ping_status":"closed","template":"","meta":{"_acf_changed":false},"product_cat":[883],"product_tag":[],"class_list":{"0":"post-84879","1":"product","2":"type-product","3":"status-publish","4":"has-post-thumbnail","6":"product_cat-voi-chau-2","7":"pa_mau-sac-chrome","8":"pa_mau-sac-chrome-den-xuoc","9":"pa_mau-sac-dong-thau-xuoc","10":"pa_mau-sac-dong-xuoc","11":"pa_mau-sac-niken-xuoc","12":"pa_mau-sac-thep-khong-gi","13":"pa_mau-sac-vang-bong","14":"pa_mau-sac-vang-hong-bong","15":"pa_mau-sac-vang-hong-xuoc","16":"pa_mau-sac-vang-xuoc","17":"pa_mau-sac-chrome-bong","18":"pa_mau-sac-chrome-den-bong-en","20":"first","21":"instock","22":"shipping-taxable","23":"purchasable","24":"product-type-variable"},"acf":[],"featured_media_urls":{"thumbnail":["https:\/\/trading.hhg.vn\/wp-content\/uploads\/2025\/11\/154__apa00781_tif-150x150.png",150,150,true],"medium":["https:\/\/trading.hhg.vn\/wp-content\/uploads\/2025\/11\/154__apa00781_tif-263x300.png",263,300,true],"medium_large":["https:\/\/trading.hhg.vn\/wp-content\/uploads\/2025\/11\/154__apa00781_tif-768x878.png",768,878,true],"large":["https:\/\/trading.hhg.vn\/wp-content\/uploads\/2025\/11\/154__apa00781_tif-896x1024.png",896,1024,true],"1536x1536":["https:\/\/trading.hhg.vn\/wp-content\/uploads\/2025\/11\/154__apa00781_tif.png",1260,1440,false],"2048x2048":["https:\/\/trading.hhg.vn\/wp-content\/uploads\/2025\/11\/154__apa00781_tif.png",1260,1440,false],"woocommerce_thumbnail":["https:\/\/trading.hhg.vn\/wp-content\/uploads\/2025\/11\/154__apa00781_tif-600x600.png",600,600,true],"woocommerce_single":["https:\/\/trading.hhg.vn\/wp-content\/uploads\/2025\/11\/154__apa00781_tif-1200x1371.png",1200,1371,true],"woocommerce_gallery_thumbnail":["https:\/\/trading.hhg.vn\/wp-content\/uploads\/2025\/11\/154__apa00781_tif-150x171.png",150,171,true],"portfolio_item-thumbnail":["https:\/\/trading.hhg.vn\/wp-content\/uploads\/2025\/11\/154__apa00781_tif.png",350,400,false],"portfolio_item-thumbnail@2x":["https:\/\/trading.hhg.vn\/wp-content\/uploads\/2025\/11\/154__apa00781_tif.png",700,800,false],"portfolio_item-masonry":["https:\/\/trading.hhg.vn\/wp-content\/uploads\/2025\/11\/154__apa00781_tif.png",600,686,false],"portfolio_item-masonry@2x":["https:\/\/trading.hhg.vn\/wp-content\/uploads\/2025\/11\/154__apa00781_tif.png",1200,1371,false],"portfolio_item-thumbnail_cinema":["https:\/\/trading.hhg.vn\/wp-content\/uploads\/2025\/11\/154__apa00781_tif.png",293,335,false],"portfolio_item-thumbnail_portrait":["https:\/\/trading.hhg.vn\/wp-content\/uploads\/2025\/11\/154__apa00781_tif.png",600,686,false],"portfolio_item-thumbnail_portrait@2x":["https:\/\/trading.hhg.vn\/wp-content\/uploads\/2025\/11\/154__apa00781_tif.png",1200,1371,false],"portfolio_item-thumbnail_square":["https:\/\/trading.hhg.vn\/wp-content\/uploads\/2025\/11\/154__apa00781_tif.png",700,800,false]},"_links":{"self":[{"href":"https:\/\/trading.hhg.vn\/en\/wp-json\/wp\/v2\/product\/84879","targetHints":{"allow":["GET"]}}],"collection":[{"href":"https:\/\/trading.hhg.vn\/en\/wp-json\/wp\/v2\/product"}],"about":[{"href":"https:\/\/trading.hhg.vn\/en\/wp-json\/wp\/v2\/types\/product"}],"replies":[{"embeddable":true,"href":"https:\/\/trading.hhg.vn\/en\/wp-json\/wp\/v2\/comments?post=84879"}],"version-history":[{"count":2,"href":"https:\/\/trading.hhg.vn\/en\/wp-json\/wp\/v2\/product\/84879\/revisions"}],"predecessor-version":[{"id":118914,"href":"https:\/\/trading.hhg.vn\/en\/wp-json\/wp\/v2\/product\/84879\/revisions\/118914"}],"wp:featuredmedia":[{"embeddable":true,"href":"https:\/\/trading.hhg.vn\/en\/wp-json\/wp\/v2\/media\/84909"}],"wp:attachment":[{"href":"https:\/\/trading.hhg.vn\/en\/wp-json\/wp\/v2\/media?parent=84879"}],"wp:term":[{"taxonomy":"product_cat","embeddable":true,"href":"https:\/\/trading.hhg.vn\/en\/wp-json\/wp\/v2\/product_cat?post=84879"},{"taxonomy":"product_tag","embeddable":true,"href":"https:\/\/trading.hhg.vn\/en\/wp-json\/wp\/v2\/product_tag?post=84879"}],"curies":[{"name":"wp","href":"https:\/\/api.w.org\/{rel}","templated":true}]}}