{"id":85340,"date":"2025-11-27T01:50:50","date_gmt":"2025-11-26T18:50:50","guid":{"rendered":"https:\/\/trading.hhg.vn\/?post_type=product&#038;p=85340"},"modified":"2026-01-28T07:43:03","modified_gmt":"2026-01-28T00:43:03","slug":"bo-dieu-nhiet-highflow-am-tuong-dang-vuong-1-chuc-nang-kem-dau-cho-phu-axor-showerselect-id","status":"publish","type":"product","link":"https:\/\/trading.hhg.vn\/en\/s\u1ea3n-ph\u1ea9m\/bo-dieu-nhiet-highflow-am-tuong-dang-vuong-1-chuc-nang-kem-dau-cho-phu-axor-showerselect-id\/","title":{"rendered":"B\u1ed9 \u0111i\u1ec1u nhi\u1ec7t HighFlow \u00e2m t\u01b0\u1eddng d\u1ea1ng vu\u00f4ng 1 ch\u1ee9c n\u0103ng k\u00e8m \u0111\u1ea7u ch\u1edd ph\u1ee5 AXOR ShowerSelect ID"},"content":{"rendered":"<p><img fetchpriority=\"high\" decoding=\"async\" class=\"alignnone wp-image-7559 aligncenter\" src=\"https:\/\/trading.hhg.vn\/wp-content\/uploads\/2025\/11\/AXOR-ShowerSelect-ID.jpg\" alt=\"\" width=\"606\" height=\"454\" \/>AXOR ShowerSelect ID l\u00e0 \u0111\u1ec9nh cao c\u1ee7a thi\u1ebft k\u1ebf t\u00edch h\u1ee3p v\u00e0 tinh gi\u1ea3n, n\u01a1i c\u00f4ng ngh\u1ec7 \u0111i\u1ec1u khi\u1ec3n n\u01b0\u1edbc \u0111\u01b0\u1ee3c \u1ea9n ho\u00e0n to\u00e0n trong t\u01b0\u1eddng, \u0111\u1ec3 l\u1ea1i ch\u1ec9 m\u1eb7t \u0111i\u1ec1u khi\u1ec3n ph\u1eb3ng m\u1ecbn, g\u1ecdn g\u00e0ng nh\u01b0 m\u1ed9t chi ti\u1ebft ki\u1ebfn tr\u00fac. L\u1ea5y c\u1ea3m h\u1ee9ng t\u1eeb ng\u00f4n ng\u1eef thi\u1ebft k\u1ebf Minimal Architecture, d\u00f2ng s\u1ea3n ph\u1ea9m mang v\u1ebb \u0111\u1eb9p tinh t\u1ebf, thu\u1ea7n khi\u1ebft v\u00e0 c\u00e2n \u0111\u1ed1i tuy\u1ec7t \u0111\u1ed1i, h\u00f2a quy\u1ec7n tr\u1ecdn v\u1eb9n v\u1edbi kh\u00f4ng gian ph\u00f2ng t\u1eafm hi\u1ec7n \u0111\u1ea1i.<\/p>\n<p>Trung t\u00e2m c\u1ee7a s\u1ea3n ph\u1ea9m l\u00e0 c\u00f4ng ngh\u1ec7 \u0111i\u1ec1u khi\u1ec3n Select ID \u0111\u1ed9c quy\u1ec1n, cho ph\u00e9p b\u1eadt, t\u1eaft v\u00e0 \u0111i\u1ec1u ch\u1ec9nh d\u00f2ng n\u01b0\u1edbc ch\u1ec9 b\u1eb1ng m\u1ed9t ch\u1ea1m nh\u1eb9. T\u1ea5t c\u1ea3 b\u1ed9 ph\u1eadn k\u1ef9 thu\u1eadt \u0111\u01b0\u1ee3c \u1ea9n b\u00ean trong t\u01b0\u1eddng, mang l\u1ea1i b\u1ec1 m\u1eb7t ph\u1eb3ng ho\u00e0n to\u00e0n, d\u1ec5 v\u1ec7 sinh v\u00e0 t\u1ed1i \u0111a h\u00f3a s\u1ef1 tinh g\u1ecdn c\u1ee7a kh\u00f4ng gian. AXOR ShowerSelect ID l\u00e0 s\u1ef1 k\u1ebft h\u1ee3p ho\u00e0n h\u1ea3o gi\u1eefa c\u00f4ng ngh\u1ec7 ti\u00ean ti\u1ebfn, v\u1eadt li\u1ec7u cao c\u1ea5p v\u00e0 ngh\u1ec7 thu\u1eadt thi\u1ebft k\u1ebf \u0111\u01b0\u01a1ng \u0111\u1ea1i, kh\u1eb3ng \u0111\u1ecbnh \u0111\u1ec9nh cao c\u1ee7a s\u1ef1 tinh gi\u1ea3n v\u00e0 sang tr\u1ecdng trong tr\u1ea3i nghi\u1ec7m t\u1eafm.<\/p>\n","protected":false},"excerpt":{"rendered":"<p>B\u1ed9 \u0111i\u1ec1u nhi\u1ec7t HighFlow \u00e2m t\u01b0\u1eddng AXOR ShowerSelect ID l\u00e0 tuy\u00ean ng\u00f4n c\u1ee7a s\u1ef1 tinh t\u1ebf, n\u01a1i thi\u1ebft k\u1ebf vu\u00f4ng v\u1ee9c hi\u1ec7n \u0111\u1ea1i \u00f4m tr\u1ecdn c\u00f4ng n\u0103ng v\u01b0\u1ee3t tr\u1ed9i. Ch\u1ec9 m\u1ed9t thao t\u00e1c xoay nh\u1eb9, b\u1ea1n \u0111\u00e3 c\u00f3 th\u1ec3 t\u1eadn h\u01b0\u1edfng d\u00f2ng ch\u1ea3y m\u1ea1nh m\u1ebd, \u1ed5n \u0111\u1ecbnh, mang \u0111\u1ebfn tr\u1ea3i nghi\u1ec7m th\u01b0 gi\u00e3n \u0111\u00edch th\u1ef1c. \u0110\u1ea7u ch\u1edd ph\u1ee5 linh ho\u1ea1t m\u1edf ra v\u00f4 v\u00e0n kh\u1ea3 n\u0103ng k\u1ebft n\u1ed1i, bi\u1ebfn kh\u00f4ng gian t\u1eafm th\u00e0nh \u1ed1c \u0111\u1ea3o ti\u1ec7n nghi, c\u00e1 nh\u00e2n h\u00f3a \u0111\u1ebfn t\u1eebng chi ti\u1ebft. \u0110\u00e2y kh\u00f4ng ch\u1ec9 l\u00e0 thi\u1ebft b\u1ecb, m\u00e0 l\u00e0 ngh\u1ec7 thu\u1eadt s\u1ed1ng \u0111\u01b0\u1ee3c n\u00e2ng t\u1ea7m.<\/p>\n","protected":false},"featured_media":85494,"comment_status":"open","ping_status":"closed","template":"","meta":{"_acf_changed":false},"product_cat":[847],"product_tag":[],"class_list":{"0":"post-85340","1":"product","2":"type-product","3":"status-publish","4":"has-post-thumbnail","6":"product_cat-bo-dieu-nhiet-2","7":"pa_mau-sac-chrome","8":"pa_mau-sac-chrome-den-xuoc","9":"pa_mau-sac-den-mo","10":"pa_mau-sac-dong-thau-xuoc","11":"pa_mau-sac-dong-xuoc","12":"pa_mau-sac-niken-xuoc","13":"pa_mau-sac-thep-khong-gi","14":"pa_mau-sac-vang-bong","15":"pa_mau-sac-vang-hong-bong","16":"pa_mau-sac-vang-hong-xuoc","17":"pa_mau-sac-vang-xuoc","18":"pa_mau-sac-chrome-den-bong-en","20":"first","21":"instock","22":"shipping-taxable","23":"purchasable","24":"product-type-variable"},"acf":[],"featured_media_urls":{"thumbnail":["https:\/\/trading.hhg.vn\/wp-content\/uploads\/2025\/11\/154__apr11329_tif-150x150.png",150,150,true],"medium":["https:\/\/trading.hhg.vn\/wp-content\/uploads\/2025\/11\/154__apr11329_tif-263x300.png",263,300,true],"medium_large":["https:\/\/trading.hhg.vn\/wp-content\/uploads\/2025\/11\/154__apr11329_tif-768x878.png",768,878,true],"large":["https:\/\/trading.hhg.vn\/wp-content\/uploads\/2025\/11\/154__apr11329_tif-896x1024.png",896,1024,true],"1536x1536":["https:\/\/trading.hhg.vn\/wp-content\/uploads\/2025\/11\/154__apr11329_tif.png",1260,1440,false],"2048x2048":["https:\/\/trading.hhg.vn\/wp-content\/uploads\/2025\/11\/154__apr11329_tif.png",1260,1440,false],"woocommerce_thumbnail":["https:\/\/trading.hhg.vn\/wp-content\/uploads\/2025\/11\/154__apr11329_tif-600x600.png",600,600,true],"woocommerce_single":["https:\/\/trading.hhg.vn\/wp-content\/uploads\/2025\/11\/154__apr11329_tif-1200x1371.png",1200,1371,true],"woocommerce_gallery_thumbnail":["https:\/\/trading.hhg.vn\/wp-content\/uploads\/2025\/11\/154__apr11329_tif-150x171.png",150,171,true],"portfolio_item-thumbnail":["https:\/\/trading.hhg.vn\/wp-content\/uploads\/2025\/11\/154__apr11329_tif.png",350,400,false],"portfolio_item-thumbnail@2x":["https:\/\/trading.hhg.vn\/wp-content\/uploads\/2025\/11\/154__apr11329_tif.png",700,800,false],"portfolio_item-masonry":["https:\/\/trading.hhg.vn\/wp-content\/uploads\/2025\/11\/154__apr11329_tif.png",600,686,false],"portfolio_item-masonry@2x":["https:\/\/trading.hhg.vn\/wp-content\/uploads\/2025\/11\/154__apr11329_tif.png",1200,1371,false],"portfolio_item-thumbnail_cinema":["https:\/\/trading.hhg.vn\/wp-content\/uploads\/2025\/11\/154__apr11329_tif.png",293,335,false],"portfolio_item-thumbnail_portrait":["https:\/\/trading.hhg.vn\/wp-content\/uploads\/2025\/11\/154__apr11329_tif.png",600,686,false],"portfolio_item-thumbnail_portrait@2x":["https:\/\/trading.hhg.vn\/wp-content\/uploads\/2025\/11\/154__apr11329_tif.png",1200,1371,false],"portfolio_item-thumbnail_square":["https:\/\/trading.hhg.vn\/wp-content\/uploads\/2025\/11\/154__apr11329_tif.png",700,800,false]},"_links":{"self":[{"href":"https:\/\/trading.hhg.vn\/en\/wp-json\/wp\/v2\/product\/85340","targetHints":{"allow":["GET"]}}],"collection":[{"href":"https:\/\/trading.hhg.vn\/en\/wp-json\/wp\/v2\/product"}],"about":[{"href":"https:\/\/trading.hhg.vn\/en\/wp-json\/wp\/v2\/types\/product"}],"replies":[{"embeddable":true,"href":"https:\/\/trading.hhg.vn\/en\/wp-json\/wp\/v2\/comments?post=85340"}],"version-history":[{"count":2,"href":"https:\/\/trading.hhg.vn\/en\/wp-json\/wp\/v2\/product\/85340\/revisions"}],"predecessor-version":[{"id":118939,"href":"https:\/\/trading.hhg.vn\/en\/wp-json\/wp\/v2\/product\/85340\/revisions\/118939"}],"wp:featuredmedia":[{"embeddable":true,"href":"https:\/\/trading.hhg.vn\/en\/wp-json\/wp\/v2\/media\/85494"}],"wp:attachment":[{"href":"https:\/\/trading.hhg.vn\/en\/wp-json\/wp\/v2\/media?parent=85340"}],"wp:term":[{"taxonomy":"product_cat","embeddable":true,"href":"https:\/\/trading.hhg.vn\/en\/wp-json\/wp\/v2\/product_cat?post=85340"},{"taxonomy":"product_tag","embeddable":true,"href":"https:\/\/trading.hhg.vn\/en\/wp-json\/wp\/v2\/product_tag?post=85340"}],"curies":[{"name":"wp","href":"https:\/\/api.w.org\/{rel}","templated":true}]}}