{"id":85717,"date":"2025-11-27T02:38:31","date_gmt":"2025-11-26T19:38:31","guid":{"rendered":"https:\/\/trading.hhg.vn\/product\/bo-am-2-chuc-nang-rainselect\/"},"modified":"2026-01-28T07:49:20","modified_gmt":"2026-01-28T00:49:20","slug":"bo-am-2-chuc-nang-rainselect","status":"publish","type":"product","link":"https:\/\/trading.hhg.vn\/en\/s\u1ea3n-ph\u1ea9m\/bo-am-2-chuc-nang-rainselect\/","title":{"rendered":"B\u1ed9 \u00e2m 2 ch\u1ee9c n\u0103ng RainSelect"},"content":{"rendered":"<p><img fetchpriority=\"high\" decoding=\"async\" class=\"alignnone wp-image-7559 aligncenter\" src=\"https:\/\/trading.hhg.vn\/wp-content\/uploads\/2025\/11\/rainselect.png\" alt=\"\" width=\"606\" height=\"454\" \/>D\u00f2ng s\u1ea3n ph\u1ea9m Hansgrohe RainDrain mang \u0111\u1ebfn gi\u1ea3i ph\u00e1p tho\u00e1t s\u00e0n cao c\u1ea5p d\u00e0nh cho nh\u1eefng ph\u00f2ng t\u1eafm hi\u1ec7n \u0111\u1ea1i, n\u01a1i t\u1eebng chi ti\u1ebft \u0111\u1ec1u \u0111\u01b0\u1ee3c ch\u0103m ch\u00fat t\u1ec9 m\u1ec9. V\u1edbi thi\u1ebft k\u1ebf t\u1ed1i gi\u1ea3n, RainDrain kh\u00f4ng ch\u1ec9 \u0111\u1ea3m b\u1ea3o hi\u1ec7u qu\u1ea3 tho\u00e1t n\u01b0\u1edbc t\u1ed1i \u01b0u m\u00e0 c\u00f2n h\u00f2a quy\u1ec7n tinh t\u1ebf trong t\u1ed5ng th\u1ec3 kh\u00f4ng gian.<\/p>\n<p>S\u1ea3n ph\u1ea9m \u0111\u01b0\u1ee3c s\u1ea3n xu\u1ea5t theo ti\u00eau chu\u1ea9n ch\u1ea5t l\u01b0\u1ee3ng cao c\u1ee7a Hansgrohe, t\u00edch h\u1ee3p c\u00f4ng ngh\u1ec7 xi ph\u00f4ng v\u00e0 tho\u00e1t n\u01b0\u1edbc ti\u00ean ti\u1ebfn, gi\u00fap h\u1ec7 th\u1ed1ng lu\u00f4n v\u1eadn h\u00e0nh an to\u00e0n, b\u1ec1n b\u1ec9 v\u00e0 s\u1ea1ch s\u1ebd. RainDrain c\u00f3 nhi\u1ec1u k\u00edch th\u01b0\u1edbc linh ho\u1ea1t t\u1eeb 70\u2013120 cm, ph\u00f9 h\u1ee3p v\u1edbi m\u1ecdi ki\u1ec3u ph\u00f2ng t\u1eafm.<\/p>\n<p>\u0110i\u1ec3m \u0111\u1eb7c bi\u1ec7t, ng\u01b0\u1eddi d\u00f9ng c\u00f3 th\u1ec3 t\u00f9y ch\u1ecdn m\u00e0u s\u1eafc \u0111\u1ed3ng b\u1ed9 v\u1edbi v\u00f2i sen ho\u1eb7c v\u00f2i lavabo, t\u1ea1o n\u00ean s\u1ef1 nh\u1ea5t qu\u00e1n v\u00e0 sang tr\u1ecdng cho kh\u00f4ng gian. Ph\u1ea7n n\u1eafp tho\u00e1t s\u00e0n c\u00f3 th\u1ec3 \u1ed1p g\u1ea1ch, cho ph\u00e9p t\u00edch h\u1ee3p ho\u00e0n h\u1ea3o v\u00e0o s\u00e0n ph\u00f2ng t\u1eafm, mang l\u1ea1i v\u1ebb \u0111\u1eb9p li\u1ec1n m\u1ea1ch, tinh t\u1ebf \u2013 m\u1ed9t chi ti\u1ebft nh\u1ecf nh\u01b0ng th\u1ec3 hi\u1ec7n \u0111\u1eb3ng c\u1ea5p thi\u1ebft k\u1ebf chu\u1ea9n Hansgrohe.<\/p>\n","protected":false},"excerpt":{"rendered":"<p>B\u1ed9 \u0111i\u1ec1u khi\u1ec3n \u00e2m 2 ch\u1ee9c n\u0103ng RainSelect mang \u0111\u1ebfn v\u1ebb \u0111\u1eb9p t\u1ed1i gi\u1ea3n c\u00f9ng c\u00f4ng ngh\u1ec7 v\u01b0\u1ee3t tr\u1ed9i, ki\u1ebfn t\u1ea1o tr\u1ea3i nghi\u1ec7m t\u1eafm th\u01b0 gi\u00e3n ho\u00e0n h\u1ea3o. T\u1eebng \u0111\u01b0\u1eddng n\u00e9t tinh x\u1ea3o, ch\u1ea5t li\u1ec7u cao c\u1ea5p h\u00f2a quy\u1ec7n c\u00f9ng c\u00f4ng n\u0103ng linh ho\u1ea1t, cho ph\u00e9p b\u1ea1n d\u1ec5 d\u00e0ng chuy\u1ec3n \u0111\u1ed5i gi\u1eefa c\u00e1c ch\u1ebf \u0111\u1ed9 n\u01b0\u1edbc ch\u1ec9 v\u1edbi m\u1ed9t ch\u1ea1m. RainSelect kh\u00f4ng ch\u1ec9 l\u00e0 thi\u1ebft b\u1ecb m\u00e0 c\u00f2n l\u00e0 \u0111i\u1ec3m nh\u1ea5n tinh t\u1ebf, n\u00e2ng t\u1ea7m phong c\u00e1ch v\u00e0 s\u1ef1 ti\u1ec7n nghi cho kh\u00f4ng gian ph\u00f2ng t\u1eafm, mang \u0111\u1ebfn c\u1ea3m gi\u00e1c s\u1ea3ng kho\u00e1i \u0111\u00e1nh th\u1ee9c m\u1ecdi gi\u00e1c quan.<\/p>\n","protected":false},"featured_media":85715,"comment_status":"open","ping_status":"closed","template":"","meta":{"_acf_changed":false},"product_cat":[714],"product_tag":[],"class_list":{"0":"post-85717","1":"product","2":"type-product","3":"status-publish","4":"has-post-thumbnail","6":"product_cat-phu-kien-lap-dat","8":"first","9":"instock","10":"shipping-taxable","11":"purchasable","12":"product-type-simple"},"acf":[],"featured_media_urls":{"thumbnail":["https:\/\/trading.hhg.vn\/wp-content\/uploads\/2025\/11\/154__hpr00822_tif-150x150.png",150,150,true],"medium":["https:\/\/trading.hhg.vn\/wp-content\/uploads\/2025\/11\/154__hpr00822_tif-262x300.png",262,300,true],"medium_large":["https:\/\/trading.hhg.vn\/wp-content\/uploads\/2025\/11\/154__hpr00822_tif-768x878.png",768,878,true],"large":["https:\/\/trading.hhg.vn\/wp-content\/uploads\/2025\/11\/154__hpr00822_tif-896x1024.png",896,1024,true],"1536x1536":["https:\/\/trading.hhg.vn\/wp-content\/uploads\/2025\/11\/154__hpr00822_tif-1344x1536.png",1344,1536,true],"2048x2048":["https:\/\/trading.hhg.vn\/wp-content\/uploads\/2025\/11\/154__hpr00822_tif.png",1440,1646,false],"woocommerce_thumbnail":["https:\/\/trading.hhg.vn\/wp-content\/uploads\/2025\/11\/154__hpr00822_tif-600x600.png",600,600,true],"woocommerce_single":["https:\/\/trading.hhg.vn\/wp-content\/uploads\/2025\/11\/154__hpr00822_tif-1200x1372.png",1200,1372,true],"woocommerce_gallery_thumbnail":["https:\/\/trading.hhg.vn\/wp-content\/uploads\/2025\/11\/154__hpr00822_tif-150x171.png",150,171,true],"portfolio_item-thumbnail":["https:\/\/trading.hhg.vn\/wp-content\/uploads\/2025\/11\/154__hpr00822_tif.png",350,400,false],"portfolio_item-thumbnail@2x":["https:\/\/trading.hhg.vn\/wp-content\/uploads\/2025\/11\/154__hpr00822_tif.png",700,800,false],"portfolio_item-masonry":["https:\/\/trading.hhg.vn\/wp-content\/uploads\/2025\/11\/154__hpr00822_tif.png",600,686,false],"portfolio_item-masonry@2x":["https:\/\/trading.hhg.vn\/wp-content\/uploads\/2025\/11\/154__hpr00822_tif.png",1200,1372,false],"portfolio_item-thumbnail_cinema":["https:\/\/trading.hhg.vn\/wp-content\/uploads\/2025\/11\/154__hpr00822_tif.png",293,335,false],"portfolio_item-thumbnail_portrait":["https:\/\/trading.hhg.vn\/wp-content\/uploads\/2025\/11\/154__hpr00822_tif.png",600,686,false],"portfolio_item-thumbnail_portrait@2x":["https:\/\/trading.hhg.vn\/wp-content\/uploads\/2025\/11\/154__hpr00822_tif.png",1200,1372,false],"portfolio_item-thumbnail_square":["https:\/\/trading.hhg.vn\/wp-content\/uploads\/2025\/11\/154__hpr00822_tif.png",700,800,false]},"_links":{"self":[{"href":"https:\/\/trading.hhg.vn\/en\/wp-json\/wp\/v2\/product\/85717","targetHints":{"allow":["GET"]}}],"collection":[{"href":"https:\/\/trading.hhg.vn\/en\/wp-json\/wp\/v2\/product"}],"about":[{"href":"https:\/\/trading.hhg.vn\/en\/wp-json\/wp\/v2\/types\/product"}],"replies":[{"embeddable":true,"href":"https:\/\/trading.hhg.vn\/en\/wp-json\/wp\/v2\/comments?post=85717"}],"version-history":[{"count":0,"href":"https:\/\/trading.hhg.vn\/en\/wp-json\/wp\/v2\/product\/85717\/revisions"}],"wp:featuredmedia":[{"embeddable":true,"href":"https:\/\/trading.hhg.vn\/en\/wp-json\/wp\/v2\/media\/85715"}],"wp:attachment":[{"href":"https:\/\/trading.hhg.vn\/en\/wp-json\/wp\/v2\/media?parent=85717"}],"wp:term":[{"taxonomy":"product_cat","embeddable":true,"href":"https:\/\/trading.hhg.vn\/en\/wp-json\/wp\/v2\/product_cat?post=85717"},{"taxonomy":"product_tag","embeddable":true,"href":"https:\/\/trading.hhg.vn\/en\/wp-json\/wp\/v2\/product_tag?post=85717"}],"curies":[{"name":"wp","href":"https:\/\/api.w.org\/{rel}","templated":true}]}}