{"id":86012,"date":"2025-11-27T03:06:54","date_gmt":"2025-11-26T20:06:54","guid":{"rendered":"https:\/\/trading.hhg.vn\/?post_type=product&#038;p=86012"},"modified":"2025-12-17T08:11:06","modified_gmt":"2025-12-17T01:11:06","slug":"bo-dieu-nhiet-sen-tam-gan-tuong-ecostat-element","status":"publish","type":"product","link":"https:\/\/trading.hhg.vn\/en\/s\u1ea3n-ph\u1ea9m\/bo-dieu-nhiet-sen-tam-gan-tuong-ecostat-element\/","title":{"rendered":"B\u1ed9 \u0111i\u1ec1u nhi\u1ec7t sen t\u1eafm g\u1eafn t\u01b0\u1eddng Ecostat Element"},"content":{"rendered":"<p><img fetchpriority=\"high\" decoding=\"async\" class=\"alignnone wp-image-7559 aligncenter\" src=\"https:\/\/trading.hhg.vn\/wp-content\/uploads\/2025\/11\/Ecostat-FineElement.jpg\" alt=\"\" width=\"606\" height=\"454\" \/>Ecostat Fine v\u00e0 Ecostat mang tr\u1ea3i nghi\u1ec7m t\u1eafm h\u00e0ng ng\u00e0y tr\u1edf n\u00ean d\u1ec5 ch\u1ecbu v\u00e0 an to\u00e0n h\u01a1n bao gi\u1edd h\u1ebft. Hai d\u00f2ng b\u1ed9 tr\u1ed9n nhi\u1ec7t n\u1ed5i hansgrohe n\u00e0y gi\u00fap duy tr\u00ec nhi\u1ec7t \u0111\u1ed9 n\u01b0\u1edbc \u1ed5n \u0111\u1ecbnh, b\u1ea3o v\u1ec7 kh\u1ecfi nguy c\u01a1 b\u1ecfng do n\u01b0\u1edbc n\u00f3ng, \u0111\u1ed3ng th\u1eddi s\u1edf h\u1eefu thi\u1ebft k\u1ebf tinh gi\u1ea3n, hi\u1ec7n \u0111\u1ea1i v\u00e0 \u0111\u1ea7y cu\u1ed1n h\u00fat. D\u00f9 b\u1ea1n \u0111ang c\u1ea3i t\u1ea1o hay l\u1eafp \u0111\u1eb7t m\u1edbi, Ecostat v\u1eabn d\u1ec5 d\u00e0ng h\u00f2a h\u1ee3p v\u1edbi m\u1ecdi phong c\u00e1ch ph\u00f2ng t\u1eafm, mang \u0111\u1ebfn s\u1ef1 ti\u1ec7n nghi, an to\u00e0n v\u00e0 ti\u1ebft ki\u1ec7m n\u01b0\u1edbc c\u0169ng nh\u01b0 n\u0103ng l\u01b0\u1ee3ng trong t\u1eebng l\u1ea7n s\u1eed d\u1ee5ng<\/p>\n","protected":false},"excerpt":{"rendered":"<p>Ecostat Element mang \u0111\u1ebfn tr\u1ea3i nghi\u1ec7m t\u1eafm \u0111\u1ec9nh cao, n\u01a1i ngh\u1ec7 thu\u1eadt thi\u1ebft k\u1ebf t\u1ed1i gi\u1ea3n h\u00f2a quy\u1ec7n c\u00f9ng c\u00f4ng n\u0103ng v\u01b0\u1ee3t tr\u1ed9i. T\u1eebng \u0111\u01b0\u1eddng n\u00e9t tinh t\u1ebf kh\u00f4ng ch\u1ec9 l\u00e0m b\u1eebng s\u00e1ng kh\u00f4ng gian ph\u00f2ng t\u1eafm m\u00e0 c\u00f2n \u1ea9n ch\u1ee9a c\u00f4ng ngh\u1ec7 ti\u00ean ti\u1ebfn, \u0111\u1ea3m b\u1ea3o nhi\u1ec7t \u0111\u1ed9 n\u01b0\u1edbc \u1ed5n \u0111\u1ecbnh tuy\u1ec7t \u0111\u1ed1i v\u00e0 thao t\u00e1c \u0111i\u1ec1u ch\u1ec9nh m\u01b0\u1ee3t m\u00e0, tr\u1ef1c quan. Ecostat Element kh\u00f4ng ch\u1ec9 l\u00e0 m\u1ed9t thi\u1ebft b\u1ecb, m\u00e0 l\u00e0 m\u1ea3nh gh\u00e9p ho\u00e0n h\u1ea3o n\u00e2ng t\u1ea7m phong c\u00e1ch s\u1ed1ng, bi\u1ebfn m\u1ed7i kho\u1ea3nh kh\u1eafc d\u01b0\u1edbi v\u00f2i sen th\u00e0nh ph\u00fat gi\u00e2y th\u01b0 th\u00e1i, t\u00e1i t\u1ea1o n\u0103ng l\u01b0\u1ee3ng \u0111\u00edch th\u1ef1c.<\/p>\n","protected":false},"featured_media":86051,"comment_status":"open","ping_status":"closed","template":"","meta":{"_acf_changed":false},"product_cat":[852],"product_tag":[],"class_list":{"0":"post-86012","1":"product","2":"type-product","3":"status-publish","4":"has-post-thumbnail","6":"product_cat-bo-dieu-nhiet-bon-tam","7":"pa_mau-sac-chrome","8":"pa_mau-sac-den-mo","10":"first","11":"instock","12":"shipping-taxable","13":"purchasable","14":"product-type-variable"},"acf":[],"featured_media_urls":{"thumbnail":["https:\/\/trading.hhg.vn\/wp-content\/uploads\/2025\/11\/154__hpr06773_tif-150x150.png",150,150,true],"medium":["https:\/\/trading.hhg.vn\/wp-content\/uploads\/2025\/11\/154__hpr06773_tif-262x300.png",262,300,true],"medium_large":["https:\/\/trading.hhg.vn\/wp-content\/uploads\/2025\/11\/154__hpr06773_tif-768x878.png",768,878,true],"large":["https:\/\/trading.hhg.vn\/wp-content\/uploads\/2025\/11\/154__hpr06773_tif-896x1024.png",896,1024,true],"1536x1536":["https:\/\/trading.hhg.vn\/wp-content\/uploads\/2025\/11\/154__hpr06773_tif-1344x1536.png",1344,1536,true],"2048x2048":["https:\/\/trading.hhg.vn\/wp-content\/uploads\/2025\/11\/154__hpr06773_tif.png",1440,1646,false],"woocommerce_thumbnail":["https:\/\/trading.hhg.vn\/wp-content\/uploads\/2025\/11\/154__hpr06773_tif-600x600.png",600,600,true],"woocommerce_single":["https:\/\/trading.hhg.vn\/wp-content\/uploads\/2025\/11\/154__hpr06773_tif-1200x1372.png",1200,1372,true],"woocommerce_gallery_thumbnail":["https:\/\/trading.hhg.vn\/wp-content\/uploads\/2025\/11\/154__hpr06773_tif-150x171.png",150,171,true],"portfolio_item-thumbnail":["https:\/\/trading.hhg.vn\/wp-content\/uploads\/2025\/11\/154__hpr06773_tif.png",350,400,false],"portfolio_item-thumbnail@2x":["https:\/\/trading.hhg.vn\/wp-content\/uploads\/2025\/11\/154__hpr06773_tif.png",700,800,false],"portfolio_item-masonry":["https:\/\/trading.hhg.vn\/wp-content\/uploads\/2025\/11\/154__hpr06773_tif.png",600,686,false],"portfolio_item-masonry@2x":["https:\/\/trading.hhg.vn\/wp-content\/uploads\/2025\/11\/154__hpr06773_tif.png",1200,1372,false],"portfolio_item-thumbnail_cinema":["https:\/\/trading.hhg.vn\/wp-content\/uploads\/2025\/11\/154__hpr06773_tif.png",293,335,false],"portfolio_item-thumbnail_portrait":["https:\/\/trading.hhg.vn\/wp-content\/uploads\/2025\/11\/154__hpr06773_tif.png",600,686,false],"portfolio_item-thumbnail_portrait@2x":["https:\/\/trading.hhg.vn\/wp-content\/uploads\/2025\/11\/154__hpr06773_tif.png",1200,1372,false],"portfolio_item-thumbnail_square":["https:\/\/trading.hhg.vn\/wp-content\/uploads\/2025\/11\/154__hpr06773_tif.png",700,800,false]},"_links":{"self":[{"href":"https:\/\/trading.hhg.vn\/en\/wp-json\/wp\/v2\/product\/86012","targetHints":{"allow":["GET"]}}],"collection":[{"href":"https:\/\/trading.hhg.vn\/en\/wp-json\/wp\/v2\/product"}],"about":[{"href":"https:\/\/trading.hhg.vn\/en\/wp-json\/wp\/v2\/types\/product"}],"replies":[{"embeddable":true,"href":"https:\/\/trading.hhg.vn\/en\/wp-json\/wp\/v2\/comments?post=86012"}],"version-history":[{"count":1,"href":"https:\/\/trading.hhg.vn\/en\/wp-json\/wp\/v2\/product\/86012\/revisions"}],"predecessor-version":[{"id":86053,"href":"https:\/\/trading.hhg.vn\/en\/wp-json\/wp\/v2\/product\/86012\/revisions\/86053"}],"wp:featuredmedia":[{"embeddable":true,"href":"https:\/\/trading.hhg.vn\/en\/wp-json\/wp\/v2\/media\/86051"}],"wp:attachment":[{"href":"https:\/\/trading.hhg.vn\/en\/wp-json\/wp\/v2\/media?parent=86012"}],"wp:term":[{"taxonomy":"product_cat","embeddable":true,"href":"https:\/\/trading.hhg.vn\/en\/wp-json\/wp\/v2\/product_cat?post=86012"},{"taxonomy":"product_tag","embeddable":true,"href":"https:\/\/trading.hhg.vn\/en\/wp-json\/wp\/v2\/product_tag?post=86012"}],"curies":[{"name":"wp","href":"https:\/\/api.w.org\/{rel}","templated":true}]}}