{"id":86100,"date":"2025-11-27T03:20:56","date_gmt":"2025-11-26T20:20:56","guid":{"rendered":"https:\/\/trading.hhg.vn\/product\/sen-tran-240-1-duong-nuoc-ap-luc-thap-crometta-s\/"},"modified":"2026-01-28T07:40:08","modified_gmt":"2026-01-28T00:40:08","slug":"sen-tran-240-1-duong-nuoc-ap-luc-thap-crometta-s","status":"publish","type":"product","link":"https:\/\/trading.hhg.vn\/en\/s\u1ea3n-ph\u1ea9m\/sen-tran-240-1-duong-nuoc-ap-luc-thap-crometta-s\/","title":{"rendered":"Sen tr\u1ea7n 240 1 \u0111\u01b0\u1eddng n\u01b0\u1edbc \u00e1p l\u1ef1c th\u1ea5p Crometta S"},"content":{"rendered":"<p><img fetchpriority=\"high\" decoding=\"async\" class=\"alignnone wp-image-7559 aligncenter\" src=\"https:\/\/trading.hhg.vn\/wp-content\/uploads\/2025\/11\/Crometta-.jpg\" alt=\"\" width=\"606\" height=\"454\" \/>\u0110\u01b0\u1ee3c thi\u1ebft k\u1ebf \u0111\u1ec3 mang l\u1ea1i tr\u1ea3i nghi\u1ec7m t\u1eafm th\u01b0 gi\u00e3n v\u00e0 s\u1ea3ng kho\u00e1i m\u1ed7i ng\u00e0y, Crometta S k\u1ebft h\u1ee3p ho\u00e0n h\u1ea3o gi\u1eefa thi\u1ebft k\u1ebf hi\u1ec7n \u0111\u1ea1i, c\u00f4ng ngh\u1ec7 ti\u00ean ti\u1ebfn v\u00e0 t\u00ednh n\u0103ng an to\u00e0n v\u01b0\u1ee3t tr\u1ed9i. \u0110i k\u00e8m l\u00e0 sen t\u1eafm c\u1ea7m tay \u0111a n\u0103ng v\u1edbi c\u00e1c ch\u1ebf \u0111\u1ed9 phun \u0111\u1ed9c \u0111\u00e1o nh\u01b0 PowderRain (phun s\u01b0\u01a1ng m\u1ecbn m\u00e0ng), IntenseRain (phun m\u1ea1nh m\u1ebd) v\u00e0 Massage spray (phun massage), cho ph\u00e9p b\u1ea1n t\u00f9y ch\u1ec9nh tr\u1ea3i nghi\u1ec7m t\u1eafm theo s\u1edf th\u00edch, t\u1ea1o ra d\u00f2ng phun m\u01b0a \u00eam \u00e1i, bao ph\u1ee7 to\u00e0n b\u1ed9 c\u01a1 th\u1ec3, gi\u00fap b\u1ea1n th\u01b0 gi\u00e3n t\u1ed1i \u0111a. <\/p>\n<p>C\u00f3 2 ki\u1ec3u d\u00e1ng ch\u00ednh: Crometta S v\u1edbi thi\u1ebft k\u1ebf tr\u00f2n c\u1ed5 \u0111i\u1ec3n; Crometta E s\u1edf h\u1eefu d\u00e1ng vu\u00f4ng hi\u1ec7n \u0111\u1ea1i.<\/p>\n","protected":false},"excerpt":{"rendered":"<p>Sen tr\u1ea7n Crometta S 240, m\u1ed9t \u0111\u01b0\u1eddng n\u01b0\u1edbc, \u0111\u1ecbnh ngh\u0129a l\u1ea1i tr\u1ea3i nghi\u1ec7m th\u01b0 gi\u00e3n. V\u1edbi thi\u1ebft k\u1ebf tinh x\u1ea3o, m\u1ea1 crom s\u00e1ng b\u00f3ng v\u00e0 \u0111\u01b0\u1eddng k\u00ednh 240mm, s\u1ea3n ph\u1ea9m kh\u00f4ng ch\u1ec9 l\u00e0 \u0111i\u1ec3m nh\u1ea5n sang tr\u1ecdng cho ph\u00f2ng t\u1eafm m\u00e0 c\u00f2n mang \u0111\u1ebfn d\u00f2ng ch\u1ea3y \u00eam d\u1ecbu, ngay c\u1ea3 v\u1edbi \u00e1p l\u1ef1c n\u01b0\u1edbc th\u1ea5p. C\u00f4ng ngh\u1ec7 ti\u00ean ti\u1ebfn \u0111\u1ea3m b\u1ea3o t\u1eebng gi\u1ecdt n\u01b0\u1edbc \u0111\u01b0\u1ee3c ph\u00e2n b\u1ed5 \u0111\u1ec1u, \u00f4m tr\u1ecdn c\u01a1 th\u1ec3, bi\u1ebfn m\u1ed7i kho\u1ea3nh kh\u1eafc d\u01b0\u1edbi v\u00f2i sen th\u00e0nh m\u1ed9t li\u1ec7u ph\u00e1p th\u01b0 gi\u00e3n \u0111\u1eb3ng c\u1ea5p, \u0111\u00e1nh th\u1ee9c m\u1ecdi gi\u00e1c quan.<\/p>\n","protected":false},"featured_media":45005,"comment_status":"open","ping_status":"closed","template":"","meta":{"_acf_changed":false},"product_cat":[843],"product_tag":[],"class_list":{"0":"post-86100","1":"product","2":"type-product","3":"status-publish","4":"has-post-thumbnail","6":"product_cat-bat-sen-tran","7":"pa_mau-sac-chrome","9":"first","10":"instock","11":"shipping-taxable","12":"purchasable","13":"product-type-simple"},"acf":[],"featured_media_urls":{"thumbnail":["https:\/\/trading.hhg.vn\/wp-content\/uploads\/2025\/11\/154__hpa01754_tif-150x150.png",150,150,true],"medium":["https:\/\/trading.hhg.vn\/wp-content\/uploads\/2025\/11\/154__hpa01754_tif-262x300.png",262,300,true],"medium_large":["https:\/\/trading.hhg.vn\/wp-content\/uploads\/2025\/11\/154__hpa01754_tif-768x878.png",768,878,true],"large":["https:\/\/trading.hhg.vn\/wp-content\/uploads\/2025\/11\/154__hpa01754_tif-896x1024.png",896,1024,true],"1536x1536":["https:\/\/trading.hhg.vn\/wp-content\/uploads\/2025\/11\/154__hpa01754_tif-1344x1536.png",1344,1536,true],"2048x2048":["https:\/\/trading.hhg.vn\/wp-content\/uploads\/2025\/11\/154__hpa01754_tif.png",1440,1646,false],"woocommerce_thumbnail":["https:\/\/trading.hhg.vn\/wp-content\/uploads\/2025\/11\/154__hpa01754_tif-600x600.png",600,600,true],"woocommerce_single":["https:\/\/trading.hhg.vn\/wp-content\/uploads\/2025\/11\/154__hpa01754_tif-1200x1372.png",1200,1372,true],"woocommerce_gallery_thumbnail":["https:\/\/trading.hhg.vn\/wp-content\/uploads\/2025\/11\/154__hpa01754_tif-150x171.png",150,171,true],"portfolio_item-thumbnail":["https:\/\/trading.hhg.vn\/wp-content\/uploads\/2025\/11\/154__hpa01754_tif.png",350,400,false],"portfolio_item-thumbnail@2x":["https:\/\/trading.hhg.vn\/wp-content\/uploads\/2025\/11\/154__hpa01754_tif.png",700,800,false],"portfolio_item-masonry":["https:\/\/trading.hhg.vn\/wp-content\/uploads\/2025\/11\/154__hpa01754_tif.png",600,686,false],"portfolio_item-masonry@2x":["https:\/\/trading.hhg.vn\/wp-content\/uploads\/2025\/11\/154__hpa01754_tif.png",1200,1372,false],"portfolio_item-thumbnail_cinema":["https:\/\/trading.hhg.vn\/wp-content\/uploads\/2025\/11\/154__hpa01754_tif.png",293,335,false],"portfolio_item-thumbnail_portrait":["https:\/\/trading.hhg.vn\/wp-content\/uploads\/2025\/11\/154__hpa01754_tif.png",600,686,false],"portfolio_item-thumbnail_portrait@2x":["https:\/\/trading.hhg.vn\/wp-content\/uploads\/2025\/11\/154__hpa01754_tif.png",1200,1372,false],"portfolio_item-thumbnail_square":["https:\/\/trading.hhg.vn\/wp-content\/uploads\/2025\/11\/154__hpa01754_tif.png",700,800,false]},"_links":{"self":[{"href":"https:\/\/trading.hhg.vn\/en\/wp-json\/wp\/v2\/product\/86100","targetHints":{"allow":["GET"]}}],"collection":[{"href":"https:\/\/trading.hhg.vn\/en\/wp-json\/wp\/v2\/product"}],"about":[{"href":"https:\/\/trading.hhg.vn\/en\/wp-json\/wp\/v2\/types\/product"}],"replies":[{"embeddable":true,"href":"https:\/\/trading.hhg.vn\/en\/wp-json\/wp\/v2\/comments?post=86100"}],"version-history":[{"count":0,"href":"https:\/\/trading.hhg.vn\/en\/wp-json\/wp\/v2\/product\/86100\/revisions"}],"wp:featuredmedia":[{"embeddable":true,"href":"https:\/\/trading.hhg.vn\/en\/wp-json\/wp\/v2\/media\/45005"}],"wp:attachment":[{"href":"https:\/\/trading.hhg.vn\/en\/wp-json\/wp\/v2\/media?parent=86100"}],"wp:term":[{"taxonomy":"product_cat","embeddable":true,"href":"https:\/\/trading.hhg.vn\/en\/wp-json\/wp\/v2\/product_cat?post=86100"},{"taxonomy":"product_tag","embeddable":true,"href":"https:\/\/trading.hhg.vn\/en\/wp-json\/wp\/v2\/product_tag?post=86100"}],"curies":[{"name":"wp","href":"https:\/\/api.w.org\/{rel}","templated":true}]}}