{"id":86154,"date":"2025-11-27T03:25:08","date_gmt":"2025-11-26T20:25:08","guid":{"rendered":"https:\/\/trading.hhg.vn\/?post_type=product&#038;p=86154"},"modified":"2026-01-28T07:48:06","modified_gmt":"2026-01-28T00:48:06","slug":"bo-hoan-thien-thoat-san-900-voi-khung-dieu-chinh-do-cao-raindrain-match","status":"publish","type":"product","link":"https:\/\/trading.hhg.vn\/en\/s\u1ea3n-ph\u1ea9m\/bo-hoan-thien-thoat-san-900-voi-khung-dieu-chinh-do-cao-raindrain-match\/","title":{"rendered":"B\u1ed9 ho\u00e0n thi\u1ec7n tho\u00e1t s\u00e0n 900 v\u1edbi khung \u0111i\u1ec1u ch\u1ec9nh \u0111\u1ed9 cao RainDrain Match"},"content":{"rendered":"<p><img fetchpriority=\"high\" decoding=\"async\" class=\"alignnone wp-image-7559 aligncenter\" src=\"https:\/\/trading.hhg.vn\/wp-content\/uploads\/2026\/01\/RainDrain-Match.jpg\" alt=\"\" width=\"606\" height=\"454\" \/>RainDrain Match \u0111\u01b0\u1ee3c thi\u1ebft k\u1ebf theo tri\u1ebft l\u00fd ph\u1eb3ng \u2013 li\u1ec1n m\u1ea1ch, gi\u00fap h\u1ec7 th\u1ed1ng tho\u00e1t s\u00e0n h\u00f2a v\u00e0o b\u1ec1 m\u1eb7t ph\u00f2ng t\u1eafm nh\u01b0 m\u1ed9t chi ti\u1ebft ki\u1ebfn tr\u00fac tinh t\u1ebf. N\u1eafp tho\u00e1t n\u01b0\u1edbc d\u1ea1ng khe th\u1eb3ng, \u0111\u01b0\u1eddng n\u00e9t s\u1eafc g\u1ecdn, t\u1ea1o c\u1ea3m gi\u00e1c g\u1ecdn g\u00e0ng v\u00e0 hi\u1ec7n \u0111\u1ea1i. Thi\u1ebft k\u1ebf n\u00e0y \u0111\u1eb7c bi\u1ec7t ph\u00f9 h\u1ee3p v\u1edbi c\u00e1c kh\u00f4ng gian t\u1eafm walk-in, n\u01a1i y\u00eau c\u1ea7u s\u1ef1 \u0111\u1ed3ng b\u1ed9 cao gi\u1eefa s\u00e0n, g\u1ea1ch v\u00e0 ph\u1ee5 ki\u1ec7n.<\/p>\n<p>RainDrain Match s\u1eed d\u1ee5ng th\u00e9p kh\u00f4ng g\u1ec9 cao c\u1ea5p, gia c\u00f4ng ch\u00ednh x\u00e1c, \u0111\u1ea3m b\u1ea3o \u0111\u1ed9 b\u1ec1n, kh\u1ea3 n\u0103ng ch\u1ed1ng \u0103n m\u00f2n v\u00e0 ch\u1ecbu \u1ea9m l\u00e2u d\u00e0i. B\u1ec1 m\u1eb7t c\u00f3 th\u1ec3 \u1ed1p g\u1ea1ch \u0111\u1ed3ng ch\u1ea5t v\u1edbi s\u00e0n, gi\u00fap che gi\u1ea5u ho\u00e0n to\u00e0n h\u1ec7 th\u1ed1ng tho\u00e1t n\u01b0\u1edbc, ho\u1eb7c ho\u00e0n thi\u1ec7n kim lo\u1ea1i cho \u0111i\u1ec3m nh\u1ea5n tinh t\u1ebf. C\u1ea5u tr\u00fac m\u00f4-\u0111un cho ph\u00e9p l\u1eafp \u0111\u1eb7t linh ho\u1ea1t, d\u1ec5 v\u1ec7 sinh v\u00e0 b\u1ea3o tr\u00ec, ph\u1ea3n \u00e1nh ti\u00eau chu\u1ea9n k\u1ef9 thu\u1eadt \u0110\u1ee9c v\u00e0 c\u00e1ch ti\u1ebfp c\u1eadn thi\u1ebft k\u1ebf \u0111\u1ec1 cao s\u1ef1 t\u1ed1i gi\u1ea3n, ch\u00ednh x\u00e1c c\u1ee7a hansgrohe.<\/p>\n","protected":false},"excerpt":{"rendered":"<p>RainDrain Match 900 l\u00e0 bi\u1ec3u t\u01b0\u1ee3ng c\u1ee7a s\u1ef1 tinh t\u1ebf, h\u00f2a quy\u1ec7n ho\u00e0n h\u1ea3o v\u00e0o m\u1ecdi kh\u00f4ng gian ph\u00f2ng t\u1eafm \u0111\u01b0\u01a1ng \u0111\u1ea1i. Thi\u1ebft k\u1ebf t\u1ed1i gi\u1ea3n, s\u1eafc n\u00e9t c\u00f9ng khung \u0111i\u1ec1u ch\u1ec9nh \u0111\u1ed9 cao linh ho\u1ea1t kh\u00f4ng ch\u1ec9 \u0111\u1ea3m b\u1ea3o kh\u1ea3 n\u0103ng tho\u00e1t n\u01b0\u1edbc v\u01b0\u1ee3t tr\u1ed9i m\u00e0 c\u00f2n n\u00e2ng t\u1ea7m t\u00ednh th\u1ea9m m\u1ef9, cho ph\u00e9p b\u1ea1n ki\u1ebfn t\u1ea1o m\u1ed9t m\u1eb7t s\u00e0n li\u1ec1n m\u1ea1ch, kh\u00f4ng t\u00ec v\u1ebft. Tr\u1ea3i nghi\u1ec7m s\u1ef1 ti\u1ec7n nghi t\u1ed1i \u0111a c\u00f9ng v\u1ebb \u0111\u1eb9p v\u0129nh c\u1eedu, bi\u1ebfn m\u1ed7i kho\u1ea3nh kh\u1eafc trong ph\u00f2ng t\u1eafm th\u00e0nh m\u1ed9t nghi th\u1ee9c th\u01b0 gi\u00e3n v\u00e0 t\u1eadn h\u01b0\u1edfng.<\/p>\n","protected":false},"featured_media":86349,"comment_status":"open","ping_status":"closed","template":"","meta":{"_acf_changed":false},"product_cat":[848],"product_tag":[],"class_list":{"0":"post-86154","1":"product","2":"type-product","3":"status-publish","4":"has-post-thumbnail","6":"product_cat-thoat-san-2","7":"pa_mau-sac-chrome","8":"pa_mau-sac-den-mo","9":"pa_mau-sac-trang-mo","10":"pa_mau-sac-thep-khong-gi-xuoc-mo","11":"pa_mau-sac-trang","13":"first","14":"onbackorder","15":"shipping-taxable","16":"purchasable","17":"product-type-variable"},"acf":[],"featured_media_urls":{"thumbnail":["https:\/\/trading.hhg.vn\/wp-content\/uploads\/2025\/11\/154__hpr03517_tif-150x150.png",150,150,true],"medium":["https:\/\/trading.hhg.vn\/wp-content\/uploads\/2025\/11\/154__hpr03517_tif-262x300.png",262,300,true],"medium_large":["https:\/\/trading.hhg.vn\/wp-content\/uploads\/2025\/11\/154__hpr03517_tif-768x878.png",768,878,true],"large":["https:\/\/trading.hhg.vn\/wp-content\/uploads\/2025\/11\/154__hpr03517_tif-896x1024.png",896,1024,true],"1536x1536":["https:\/\/trading.hhg.vn\/wp-content\/uploads\/2025\/11\/154__hpr03517_tif-1344x1536.png",1344,1536,true],"2048x2048":["https:\/\/trading.hhg.vn\/wp-content\/uploads\/2025\/11\/154__hpr03517_tif.png",1440,1646,false],"woocommerce_thumbnail":["https:\/\/trading.hhg.vn\/wp-content\/uploads\/2025\/11\/154__hpr03517_tif-600x600.png",600,600,true],"woocommerce_single":["https:\/\/trading.hhg.vn\/wp-content\/uploads\/2025\/11\/154__hpr03517_tif-1200x1372.png",1200,1372,true],"woocommerce_gallery_thumbnail":["https:\/\/trading.hhg.vn\/wp-content\/uploads\/2025\/11\/154__hpr03517_tif-150x171.png",150,171,true],"portfolio_item-thumbnail":["https:\/\/trading.hhg.vn\/wp-content\/uploads\/2025\/11\/154__hpr03517_tif.png",350,400,false],"portfolio_item-thumbnail@2x":["https:\/\/trading.hhg.vn\/wp-content\/uploads\/2025\/11\/154__hpr03517_tif.png",700,800,false],"portfolio_item-masonry":["https:\/\/trading.hhg.vn\/wp-content\/uploads\/2025\/11\/154__hpr03517_tif.png",600,686,false],"portfolio_item-masonry@2x":["https:\/\/trading.hhg.vn\/wp-content\/uploads\/2025\/11\/154__hpr03517_tif.png",1200,1372,false],"portfolio_item-thumbnail_cinema":["https:\/\/trading.hhg.vn\/wp-content\/uploads\/2025\/11\/154__hpr03517_tif.png",293,335,false],"portfolio_item-thumbnail_portrait":["https:\/\/trading.hhg.vn\/wp-content\/uploads\/2025\/11\/154__hpr03517_tif.png",600,686,false],"portfolio_item-thumbnail_portrait@2x":["https:\/\/trading.hhg.vn\/wp-content\/uploads\/2025\/11\/154__hpr03517_tif.png",1200,1372,false],"portfolio_item-thumbnail_square":["https:\/\/trading.hhg.vn\/wp-content\/uploads\/2025\/11\/154__hpr03517_tif.png",700,800,false]},"_links":{"self":[{"href":"https:\/\/trading.hhg.vn\/en\/wp-json\/wp\/v2\/product\/86154","targetHints":{"allow":["GET"]}}],"collection":[{"href":"https:\/\/trading.hhg.vn\/en\/wp-json\/wp\/v2\/product"}],"about":[{"href":"https:\/\/trading.hhg.vn\/en\/wp-json\/wp\/v2\/types\/product"}],"replies":[{"embeddable":true,"href":"https:\/\/trading.hhg.vn\/en\/wp-json\/wp\/v2\/comments?post=86154"}],"version-history":[{"count":3,"href":"https:\/\/trading.hhg.vn\/en\/wp-json\/wp\/v2\/product\/86154\/revisions"}],"predecessor-version":[{"id":147018,"href":"https:\/\/trading.hhg.vn\/en\/wp-json\/wp\/v2\/product\/86154\/revisions\/147018"}],"wp:featuredmedia":[{"embeddable":true,"href":"https:\/\/trading.hhg.vn\/en\/wp-json\/wp\/v2\/media\/86349"}],"wp:attachment":[{"href":"https:\/\/trading.hhg.vn\/en\/wp-json\/wp\/v2\/media?parent=86154"}],"wp:term":[{"taxonomy":"product_cat","embeddable":true,"href":"https:\/\/trading.hhg.vn\/en\/wp-json\/wp\/v2\/product_cat?post=86154"},{"taxonomy":"product_tag","embeddable":true,"href":"https:\/\/trading.hhg.vn\/en\/wp-json\/wp\/v2\/product_tag?post=86154"}],"curies":[{"name":"wp","href":"https:\/\/api.w.org\/{rel}","templated":true}]}}