{"id":88240,"date":"2025-11-27T05:58:27","date_gmt":"2025-11-26T22:58:27","guid":{"rendered":"https:\/\/trading.hhg.vn\/?post_type=product&#038;p=88240"},"modified":"2026-01-28T07:41:14","modified_gmt":"2026-01-28T00:41:14","slug":"coc-dung-ban-chai-danh-rang-axor-universal-softsquare","status":"publish","type":"product","link":"https:\/\/trading.hhg.vn\/en\/s\u1ea3n-ph\u1ea9m\/coc-dung-ban-chai-danh-rang-axor-universal-softsquare\/","title":{"rendered":"C\u1ed1c \u0111\u1ef1ng b\u00e0n ch\u1ea3i \u0111\u00e1nh r\u0103ng AXOR Universal Softsquare"},"content":{"rendered":"<p><img fetchpriority=\"high\" decoding=\"async\" class=\"alignnone wp-image-7559 aligncenter\" src=\"https:\/\/trading.hhg.vn\/wp-content\/uploads\/2025\/11\/AXOR-Accessories.jpg\" alt=\"\" width=\"606\" height=\"454\" \/>AXOR Accessories l\u00e0 d\u00f2ng ph\u1ee5 ki\u1ec7n ph\u00f2ng t\u1eafm. B\u1ed9 s\u01b0u t\u1eadp bao g\u1ed3m c\u00e1c ph\u1ee5 ki\u1ec7n nh\u01b0 gi\u00e1 treo kh\u0103n, k\u1ec7 \u0111\u1ec3 \u0111\u1ed3, g\u01b0\u01a1ng, m\u00f3c \u00e1o v\u00e0 gi\u00e1 gi\u1ea5y v\u1ec7 sinh, \u0111\u01b0\u1ee3c thi\u1ebft k\u1ebf \u0111\u1ec3 k\u1ebft h\u1ee3p linh ho\u1ea1t v\u1edbi m\u1ecdi d\u00f2ng s\u1ea3n ph\u1ea9m AXOR kh\u00e1c.<\/p>\n<p>T\u1ea5t c\u1ea3 c\u00e1c chi ti\u1ebft \u0111\u1ec1u \u0111\u01b0\u1ee3c gia c\u00f4ng t\u1eeb v\u1eadt li\u1ec7u kim lo\u1ea1i cao c\u1ea5p, ho\u00e0n thi\u1ec7n b\u1eb1ng c\u00e1c l\u1edbp m\u1ea1 PVD ho\u1eb7c chrome c\u00f3 \u0111\u1ed9 b\u1ec1n v\u00e0 kh\u1ea3 n\u0103ng ch\u1ed1ng \u0103n m\u00f2n v\u01b0\u1ee3t tr\u1ed9i. AXOR Universal Circular kh\u00f4ng ch\u1ec9 mang l\u1ea1i t\u00ednh th\u1ea9m m\u1ef9 tinh gi\u1ea3n m\u00e0 c\u00f2n \u0111\u1ea3m b\u1ea3o tu\u1ed5i th\u1ecd v\u00e0 hi\u1ec7u su\u1ea5t s\u1eed d\u1ee5ng t\u1ed1i \u01b0u trong m\u1ecdi kh\u00f4ng gian ph\u00f2ng t\u1eafm cao c\u1ea5p.<\/p>\n","protected":false},"excerpt":{"rendered":"<p>C\u1ed1c \u0111\u1ef1ng b\u00e0n ch\u1ea3i AXOR Universal Softsquare l\u00e0 bi\u1ec3u t\u01b0\u1ee3ng c\u1ee7a s\u1ef1 tinh t\u1ebf v\u00e0 ti\u1ec7n nghi v\u01b0\u1ee3t th\u1eddi gian. Thi\u1ebft k\u1ebf h\u00ecnh vu\u00f4ng m\u1ec1m m\u1ea1i, c\u00e2n \u0111\u1ed1i ho\u00e0n h\u1ea3o trong t\u1eebng \u0111\u01b0\u1eddng n\u00e9t, kh\u00f4ng ch\u1ec9 l\u00e0 \u0111i\u1ec3m nh\u1ea5n sang tr\u1ecdng cho kh\u00f4ng gian ph\u00f2ng t\u1eafm m\u00e0 c\u00f2n t\u1ed1i \u01b0u h\u00f3a c\u00f4ng n\u0103ng s\u1eed d\u1ee5ng. C\u1ea3m gi\u00e1c ch\u1eafc ch\u1eafn khi ch\u1ea1m v\u00e0o, c\u00f9ng s\u1ef1 d\u1ec5 d\u00e0ng trong vi\u1ec7c v\u1ec7 sinh, mang \u0111\u1ebfn tr\u1ea3i nghi\u1ec7m cao c\u1ea5p, n\u00e2ng t\u1ea7m m\u1ecdi kho\u1ea3nh kh\u1eafc c\u00e1 nh\u00e2n th\u00e0nh nghi th\u1ee9c ch\u0103m s\u00f3c b\u1ea3n th\u00e2n \u0111\u1ea7y phong c\u00e1ch.<\/p>\n","protected":false},"featured_media":88295,"comment_status":"open","ping_status":"closed","template":"","meta":{"_acf_changed":false},"product_cat":[77],"product_tag":[],"class_list":{"0":"post-88240","1":"product","2":"type-product","3":"status-publish","4":"has-post-thumbnail","6":"product_cat-phu-kien-phong-tam","7":"pa_mau-sac-chrome","8":"pa_mau-sac-chrome-den-xuoc","9":"pa_mau-sac-den-mo","10":"pa_mau-sac-dong-thau-xuoc","11":"pa_mau-sac-dong-xuoc","12":"pa_mau-sac-niken-xuoc","13":"pa_mau-sac-thep-khong-gi","14":"pa_mau-sac-vang-bong","15":"pa_mau-sac-vang-hong-bong","16":"pa_mau-sac-vang-hong-xuoc","17":"pa_mau-sac-vang-xuoc","18":"pa_mau-sac-chrome-den-bong-en","19":"pa_mau-sac-niken-bong","21":"first","22":"instock","23":"shipping-taxable","24":"purchasable","25":"product-type-variable"},"acf":[],"featured_media_urls":{"thumbnail":["https:\/\/trading.hhg.vn\/wp-content\/uploads\/2025\/11\/154__apa00545_tif-150x150.png",150,150,true],"medium":["https:\/\/trading.hhg.vn\/wp-content\/uploads\/2025\/11\/154__apa00545_tif-262x300.png",262,300,true],"medium_large":["https:\/\/trading.hhg.vn\/wp-content\/uploads\/2025\/11\/154__apa00545_tif-768x878.png",768,878,true],"large":["https:\/\/trading.hhg.vn\/wp-content\/uploads\/2025\/11\/154__apa00545_tif-896x1024.png",896,1024,true],"1536x1536":["https:\/\/trading.hhg.vn\/wp-content\/uploads\/2025\/11\/154__apa00545_tif-1344x1536.png",1344,1536,true],"2048x2048":["https:\/\/trading.hhg.vn\/wp-content\/uploads\/2025\/11\/154__apa00545_tif.png",1440,1646,false],"woocommerce_thumbnail":["https:\/\/trading.hhg.vn\/wp-content\/uploads\/2025\/11\/154__apa00545_tif-600x600.png",600,600,true],"woocommerce_single":["https:\/\/trading.hhg.vn\/wp-content\/uploads\/2025\/11\/154__apa00545_tif-1200x1372.png",1200,1372,true],"woocommerce_gallery_thumbnail":["https:\/\/trading.hhg.vn\/wp-content\/uploads\/2025\/11\/154__apa00545_tif-150x171.png",150,171,true],"portfolio_item-thumbnail":["https:\/\/trading.hhg.vn\/wp-content\/uploads\/2025\/11\/154__apa00545_tif.png",350,400,false],"portfolio_item-thumbnail@2x":["https:\/\/trading.hhg.vn\/wp-content\/uploads\/2025\/11\/154__apa00545_tif.png",700,800,false],"portfolio_item-masonry":["https:\/\/trading.hhg.vn\/wp-content\/uploads\/2025\/11\/154__apa00545_tif.png",600,686,false],"portfolio_item-masonry@2x":["https:\/\/trading.hhg.vn\/wp-content\/uploads\/2025\/11\/154__apa00545_tif.png",1200,1372,false],"portfolio_item-thumbnail_cinema":["https:\/\/trading.hhg.vn\/wp-content\/uploads\/2025\/11\/154__apa00545_tif.png",293,335,false],"portfolio_item-thumbnail_portrait":["https:\/\/trading.hhg.vn\/wp-content\/uploads\/2025\/11\/154__apa00545_tif.png",600,686,false],"portfolio_item-thumbnail_portrait@2x":["https:\/\/trading.hhg.vn\/wp-content\/uploads\/2025\/11\/154__apa00545_tif.png",1200,1372,false],"portfolio_item-thumbnail_square":["https:\/\/trading.hhg.vn\/wp-content\/uploads\/2025\/11\/154__apa00545_tif.png",700,800,false]},"_links":{"self":[{"href":"https:\/\/trading.hhg.vn\/en\/wp-json\/wp\/v2\/product\/88240","targetHints":{"allow":["GET"]}}],"collection":[{"href":"https:\/\/trading.hhg.vn\/en\/wp-json\/wp\/v2\/product"}],"about":[{"href":"https:\/\/trading.hhg.vn\/en\/wp-json\/wp\/v2\/types\/product"}],"replies":[{"embeddable":true,"href":"https:\/\/trading.hhg.vn\/en\/wp-json\/wp\/v2\/comments?post=88240"}],"version-history":[{"count":1,"href":"https:\/\/trading.hhg.vn\/en\/wp-json\/wp\/v2\/product\/88240\/revisions"}],"predecessor-version":[{"id":88297,"href":"https:\/\/trading.hhg.vn\/en\/wp-json\/wp\/v2\/product\/88240\/revisions\/88297"}],"wp:featuredmedia":[{"embeddable":true,"href":"https:\/\/trading.hhg.vn\/en\/wp-json\/wp\/v2\/media\/88295"}],"wp:attachment":[{"href":"https:\/\/trading.hhg.vn\/en\/wp-json\/wp\/v2\/media?parent=88240"}],"wp:term":[{"taxonomy":"product_cat","embeddable":true,"href":"https:\/\/trading.hhg.vn\/en\/wp-json\/wp\/v2\/product_cat?post=88240"},{"taxonomy":"product_tag","embeddable":true,"href":"https:\/\/trading.hhg.vn\/en\/wp-json\/wp\/v2\/product_tag?post=88240"}],"curies":[{"name":"wp","href":"https:\/\/api.w.org\/{rel}","templated":true}]}}